{"id":3549,"date":"2025-05-22T23:04:11","date_gmt":"2025-05-22T23:04:11","guid":{"rendered":"https:\/\/wisecnclaser.com\/?post_type=product&#038;p=3549"},"modified":"2025-05-22T23:04:11","modified_gmt":"2025-05-22T23:04:11","slug":"four-heads-atc-nesting-cnc-router","status":"publish","type":"product","link":"https:\/\/wisecnclaser.com\/tr\/urun\/four-heads-atc-nesting-cnc-router\/","title":{"rendered":"D\u00f6rt Kafal\u0131 ATC Yerle\u015ftirme CNC Router"},"content":{"rendered":"<p>D\u00f6rt kafal\u0131 ah\u015fap kesme cnc router makinesi a\u015fa\u011f\u0131dakiler i\u00e7in uygundur: panel mobilya, dolap gard\u0131rop, ofis mobilyalar\u0131, \u00f6zel mobilyalar. Gard\u0131rop dolaplar\u0131, bilgisayar masalar\u0131, ah\u015fap hoparl\u00f6rler, ah\u015fap mutfak e\u015fyalar\u0131 ve di\u011fer tahta mobilya d\u00fczlemi kesme, frezeleme, pah a\u00e7ma, delme, oyma ve di\u011fer yard\u0131mc\u0131 i\u015flemler vb.<\/p>\n<p>D\u00f6rt kafal\u0131 yuvalama cnc router makinesi, tak\u0131mlar\u0131 otomatik olarak aktif olarak de\u011fi\u015ftirebilen bir ah\u015fap kesme makinesidir. D\u00f6rt i\u015f mili, makine k\u0131za\u011f\u0131na yan yana monte edilir, Tak\u0131m de\u011fi\u015ftirme h\u0131z\u0131 h\u0131zl\u0131d\u0131r ve tak\u0131m de\u011fi\u015ftirme 8 saniyede tamamlanabilir. D\u00f6rt i\u015flemli gard\u0131rop kesme makinesi (dolap kesme makinesi) \u00e7ift ama\u00e7l\u0131 bir ekipmand\u0131r. \u00d6zel mobilyalar i\u00e7in cnc router yuvalama olabilir ve ayr\u0131ca dolap kap\u0131s\u0131 oyma ve frezeleme i\u00e7in bir cnc router olabilir.<\/p>\n<p>D\u00f6rt kafal\u0131 cnc ah\u015fap kesme makinesinin fiyat\u0131 di\u011fer modellere g\u00f6re nispeten ekonomiktir ve k\u00fc\u00e7\u00fck \u00fcretim hacmine sahip baz\u0131 k\u00fc\u00e7\u00fck ve orta \u00f6l\u00e7ekli panel mobilya \u015firketleri i\u00e7in \u00e7ok iyi bir se\u00e7imdir.<\/p>\n<p>&nbsp;<\/p>\n<table border=\"1\">\n<tbody>\n<tr class=\"firstRow\">\n<td colspan=\"2\" valign=\"center\" width=\"662\"><strong>Tan\u0131m ve \u00d6zellikler<\/strong><strong>\u00a0d\u00f6rt kafal\u0131 pn\u00f6matik tak\u0131m de\u011fi\u015ftirme CNC Router\u00a0<\/strong><strong>:<\/strong><\/td>\n<\/tr>\n<tr>\n<td valign=\"top\" width=\"259\">X \u00c7al\u0131\u015fma Alan\u0131<\/td>\n<td valign=\"top\" width=\"403\">1300mm<\/td>\n<\/tr>\n<tr>\n<td valign=\"top\" width=\"259\">Y \u00c7al\u0131\u015fma Alan\u0131<\/td>\n<td valign=\"top\" width=\"403\">2500mm<\/td>\n<\/tr>\n<tr>\n<td valign=\"top\" width=\"259\">Z \u00c7al\u0131\u015fma Alan\u0131<\/td>\n<td valign=\"top\" width=\"403\">200mm<\/td>\n<\/tr>\n<tr>\n<td valign=\"top\" width=\"259\">Makine masas\u0131<\/td>\n<td valign=\"top\" width=\"403\">Vakum masas\u0131<\/td>\n<\/tr>\n<tr>\n<td valign=\"top\" width=\"259\">Seyahat Konumland\u0131rma Do\u011frulu\u011fu<\/td>\n<td valign=\"top\" width=\"403\">\u00b10,05 mm<\/td>\n<\/tr>\n<tr>\n<td valign=\"top\" width=\"259\">Yeniden Konumland\u0131rma Konumland\u0131rma Do\u011frulu\u011fu<\/td>\n<td valign=\"top\" width=\"403\">\u00b10,05 mm<\/td>\n<\/tr>\n<tr>\n<td valign=\"top\" width=\"259\">X,Y,Z Yap\u0131s\u0131<\/td>\n<td valign=\"top\" width=\"403\">XY di\u015fli \u00e7ark, Z vidal\u0131 mil. T\u00fcm Eksenler Kare K\u0131lavuz Tayvan TBI markas\u0131n\u0131 kullan\u0131r<\/td>\n<\/tr>\n<tr>\n<td valign=\"top\" width=\"259\">Maks. \u00c7al\u0131\u015fma H\u0131z\u0131<\/td>\n<td valign=\"top\" width=\"403\">25000 mm\/dak<\/td>\n<\/tr>\n<tr>\n<td valign=\"top\" width=\"259\">Mil<\/td>\n<td valign=\"top\" width=\"403\">4.5KW hava so\u011futma mili * 2+6kw hava so\u011futma mili *2<\/td>\n<\/tr>\n<tr>\n<td valign=\"top\" width=\"259\">\u0130\u015f Mili H\u0131z\u0131<\/td>\n<td valign=\"top\" width=\"403\">0-18000rpm<\/td>\n<\/tr>\n<tr>\n<td valign=\"top\" width=\"259\">Tahrik Motoru<\/td>\n<td valign=\"top\" width=\"403\">\u00c7in Servo S\u00fcr\u00fcc\u00fc ve Motoru<\/td>\n<\/tr>\n<tr>\n<td valign=\"top\" width=\"259\">Komuta<\/td>\n<td valign=\"top\" width=\"403\">G-code*.u00*.mmg*.plt<\/td>\n<\/tr>\n<tr>\n<td valign=\"top\" width=\"259\">\u00c7al\u0131\u015fma gerilimi<\/td>\n<td valign=\"top\" width=\"403\">3PH AC380V\/50Hz<\/td>\n<\/tr>\n<tr>\n<td valign=\"top\" width=\"259\">Kontrol Sistemi<\/td>\n<td valign=\"top\" width=\"403\">Tayvan veya \u015eangay kontrol sistemi<\/td>\n<\/tr>\n<tr>\n<td valign=\"top\" width=\"259\">K\u0131lavuz ray<\/td>\n<td valign=\"top\" width=\"403\">Tayvan Kare ray 25 boyut<\/td>\n<\/tr>\n<tr>\n<td valign=\"top\" width=\"259\">Kontrol kabini<\/td>\n<td valign=\"top\" width=\"403\">Ba\u011f\u0131ms\u0131z Kabine<\/td>\n<\/tr>\n<tr>\n<td rowspan=\"6\" valign=\"center\" width=\"259\">Yard\u0131mc\u0131 Cihaz<\/td>\n<td valign=\"top\" width=\"403\">Alet Sens\u00f6r\u00fc<\/td>\n<\/tr>\n<tr>\n<td valign=\"top\" width=\"403\">5.5KW toz toplay\u0131c\u0131<\/td>\n<\/tr>\n<tr>\n<td valign=\"top\" width=\"403\">A\u00e7\u0131l\u0131r pimler- silindir konumland\u0131rma cihaz\u0131<\/td>\n<\/tr>\n<tr>\n<td valign=\"top\" width=\"403\">7.5KW su tipi vakum pompas\u0131<\/td>\n<\/tr>\n<tr>\n<td valign=\"top\" width=\"403\">Malzeme besleme cihaz\u0131<\/td>\n<\/tr>\n<tr>\n<td valign=\"top\" width=\"403\">Malzemeyi preslemek i\u00e7in s\u0131k\u0131\u015ft\u0131rma tekerle\u011fi<\/td>\n<\/tr>\n<\/tbody>\n<\/table>","protected":false},"excerpt":{"rendered":"<p>D\u00f6rt kafal\u0131 ah\u015fap kesme cnc router makinesi a\u015fa\u011f\u0131dakiler i\u00e7in uygundur: panel mobilya, dolap gard\u0131rop, ofis mobilyalar\u0131, \u00f6zel mobilyalar. Gard\u0131rop dolaplar\u0131, bilgisayar masalar\u0131, ah\u015fap hoparl\u00f6rler, ah\u015fap mutfak e\u015fyalar\u0131 ve di\u011fer tahta mobilya d\u00fczlemi kesme, frezeleme, pah a\u00e7ma, delme, oyma ve di\u011fer yard\u0131mc\u0131 i\u015flemler vb.<\/p>\n<p>Four heads nesting cnc router machine is a wood cutting machine that can actively change tools automatically. Four spindles are installed side by side on machine gantry, The tool change speed is fast, and the tool change can be completed in 8 seconds. The four-process wardrobe cutting machine (cabinet cutting machine) is a dual-purpose equipment. It can be nesting cnc router for custom furniture, and it can also be a cnc router for cabinet door carving and milling.<\/p>\n<p>D\u00f6rt kafal\u0131 cnc ah\u015fap kesme makinesinin fiyat\u0131 di\u011fer modellere g\u00f6re nispeten ekonomiktir ve k\u00fc\u00e7\u00fck \u00fcretim hacmine sahip baz\u0131 k\u00fc\u00e7\u00fck ve orta \u00f6l\u00e7ekli panel mobilya \u015firketleri i\u00e7in \u00e7ok iyi bir se\u00e7imdir.<\/p>","protected":false},"featured_media":3552,"template":"","meta":{"_seopress_robots_primary_cat":"","_seopress_titles_title":"","_seopress_titles_desc":"","_seopress_robots_index":"","_uag_custom_page_level_css":"","site-sidebar-layout":"default","site-content-layout":"","ast-site-content-layout":"default","site-content-style":"default","site-sidebar-style":"default","ast-global-header-display":"","ast-banner-title-visibility":"","ast-main-header-display":"","ast-hfb-above-header-display":"","ast-hfb-below-header-display":"","ast-hfb-mobile-header-display":"","site-post-title":"","ast-breadcrumbs-content":"","ast-featured-img":"","footer-sml-layout":"","ast-disable-related-posts":"","theme-transparent-header-meta":"default","adv-header-id-meta":"","stick-header-meta":"default","header-above-stick-meta":"","header-main-stick-meta":"","header-below-stick-meta":"","astra-migrate-meta-layouts":"set","ast-page-background-enabled":"default","ast-page-background-meta":{"desktop":{"background-color":"","background-image":"","background-repeat":"repeat","background-position":"center center","background-size":"auto","background-attachment":"scroll","background-type":"","background-media":"","overlay-type":"","overlay-color":"","overlay-opacity":"","overlay-gradient":""},"tablet":{"background-color":"","background-image":"","background-repeat":"repeat","background-position":"center center","background-size":"auto","background-attachment":"scroll","background-type":"","background-media":"","overlay-type":"","overlay-color":"","overlay-opacity":"","overlay-gradient":""},"mobile":{"background-color":"","background-image":"","background-repeat":"repeat","background-position":"center center","background-size":"auto","background-attachment":"scroll","background-type":"","background-media":"","overlay-type":"","overlay-color":"","overlay-opacity":"","overlay-gradient":""}},"ast-content-background-meta":{"desktop":{"background-color":"var(--ast-global-color-5)","background-image":"","background-repeat":"repeat","background-position":"center center","background-size":"auto","background-attachment":"scroll","background-type":"","background-media":"","overlay-type":"","overlay-color":"","overlay-opacity":"","overlay-gradient":""},"tablet":{"background-color":"var(--ast-global-color-5)","background-image":"","background-repeat":"repeat","background-position":"center center","background-size":"auto","background-attachment":"scroll","background-type":"","background-media":"","overlay-type":"","overlay-color":"","overlay-opacity":"","overlay-gradient":""},"mobile":{"background-color":"var(--ast-global-color-5)","background-image":"","background-repeat":"repeat","background-position":"center center","background-size":"auto","background-attachment":"scroll","background-type":"","background-media":"","overlay-type":"","overlay-color":"","overlay-opacity":"","overlay-gradient":""}}},"product_brand":[],"product_cat":[34],"product_tag":[],"class_list":{"0":"post-3549","1":"product","2":"type-product","3":"status-publish","4":"has-post-thumbnail","6":"product_cat-nesting","7":"desktop-align-left","8":"tablet-align-left","9":"mobile-align-left","10":"ast-product-gallery-layout-horizontal-slider","11":"ast-product-tabs-layout-horizontal","13":"first","14":"instock","15":"shipping-taxable","16":"product-type-simple"},"uagb_featured_image_src":{"full":["https:\/\/wisecnclaser.com\/wp-content\/uploads\/2025\/05\/dc9666ec36de9e9f1d816c309fb0cbe1.jpg",800,800,false],"thumbnail":["https:\/\/wisecnclaser.com\/wp-content\/uploads\/2025\/05\/dc9666ec36de9e9f1d816c309fb0cbe1-150x150.jpg",150,150,true],"medium":["https:\/\/wisecnclaser.com\/wp-content\/uploads\/2025\/05\/dc9666ec36de9e9f1d816c309fb0cbe1-300x300.jpg",300,300,true],"medium_large":["https:\/\/wisecnclaser.com\/wp-content\/uploads\/2025\/05\/dc9666ec36de9e9f1d816c309fb0cbe1-768x768.jpg",768,768,true],"large":["https:\/\/wisecnclaser.com\/wp-content\/uploads\/2025\/05\/dc9666ec36de9e9f1d816c309fb0cbe1.jpg",800,800,false],"1536x1536":["https:\/\/wisecnclaser.com\/wp-content\/uploads\/2025\/05\/dc9666ec36de9e9f1d816c309fb0cbe1.jpg",800,800,false],"2048x2048":["https:\/\/wisecnclaser.com\/wp-content\/uploads\/2025\/05\/dc9666ec36de9e9f1d816c309fb0cbe1.jpg",800,800,false],"trp-custom-language-flag":["https:\/\/wisecnclaser.com\/wp-content\/uploads\/2025\/05\/dc9666ec36de9e9f1d816c309fb0cbe1-12x12.jpg",12,12,true],"woocommerce_thumbnail":["https:\/\/wisecnclaser.com\/wp-content\/uploads\/2025\/05\/dc9666ec36de9e9f1d816c309fb0cbe1-300x300.jpg",300,300,true],"woocommerce_single":["https:\/\/wisecnclaser.com\/wp-content\/uploads\/2025\/05\/dc9666ec36de9e9f1d816c309fb0cbe1-600x600.jpg",600,600,true],"woocommerce_gallery_thumbnail":["https:\/\/wisecnclaser.com\/wp-content\/uploads\/2025\/05\/dc9666ec36de9e9f1d816c309fb0cbe1-100x100.jpg",100,100,true]},"uagb_author_info":{"display_name":"jinxing6611@gmail.com","author_link":"https:\/\/wisecnclaser.com\/tr\/author\/"},"uagb_comment_info":0,"uagb_excerpt":"The four heads wood cutting cnc router machine is suitable for: panel furniture, cabinet wardrobe, office furniture, custom furniture. Wardrobe cabinets, computer desks, wooden speakers, wooden kitchen utensils and other board furniture plane cutting, milling, beveling, punching, carving and other auxiliary processing, etc. Four heads nesting cnc router machine is a wood cutting machine that&hellip;","_links":{"self":[{"href":"https:\/\/wisecnclaser.com\/tr\/wp-json\/wp\/v2\/product\/3549","targetHints":{"allow":["GET"]}}],"collection":[{"href":"https:\/\/wisecnclaser.com\/tr\/wp-json\/wp\/v2\/product"}],"about":[{"href":"https:\/\/wisecnclaser.com\/tr\/wp-json\/wp\/v2\/types\/product"}],"wp:featuredmedia":[{"embeddable":true,"href":"https:\/\/wisecnclaser.com\/tr\/wp-json\/wp\/v2\/media\/3552"}],"wp:attachment":[{"href":"https:\/\/wisecnclaser.com\/tr\/wp-json\/wp\/v2\/media?parent=3549"}],"wp:term":[{"taxonomy":"product_brand","embeddable":true,"href":"https:\/\/wisecnclaser.com\/tr\/wp-json\/wp\/v2\/product_brand?post=3549"},{"taxonomy":"product_cat","embeddable":true,"href":"https:\/\/wisecnclaser.com\/tr\/wp-json\/wp\/v2\/product_cat?post=3549"},{"taxonomy":"product_tag","embeddable":true,"href":"https:\/\/wisecnclaser.com\/tr\/wp-json\/wp\/v2\/product_tag?post=3549"}],"curies":[{"name":"wp","href":"https:\/\/api.w.org\/{rel}","templated":true}]}}