{"id":3569,"date":"2025-05-22T23:11:23","date_gmt":"2025-05-22T23:11:23","guid":{"rendered":"https:\/\/wisecnclaser.com\/?post_type=product&#038;p=3569"},"modified":"2025-05-22T23:11:23","modified_gmt":"2025-05-22T23:11:23","slug":"advanced-sliding-table-saw-with-auto-lifting","status":"publish","type":"product","link":"https:\/\/wisecnclaser.com\/tr\/urun\/advanced-sliding-table-saw-with-auto-lifting\/","title":{"rendered":"Otomatik Kald\u0131rmal\u0131 Geli\u015fmi\u015f Kayar Tabla Testere"},"content":{"rendered":"<p><strong>Geli\u015fmi\u015f panel testerenin \u00f6zellikleri:<\/strong><\/p>\n<p>1. Avrupa ad\u0131m ad\u0131m kilit, \u00e7ift katmanl\u0131 kal\u0131nla\u015ft\u0131r\u0131lm\u0131\u015f yuvarlak \u00e7ubuk krom kaplama k\u0131lavuz ray\u0131, y\u00fcksek bas\u0131n\u00e7l\u0131 yatak, daha do\u011fru kesme plakas\u0131, t\u00fcm makinenin \u00f6mr\u00fcn\u00fc ve do\u011frulu\u011funu art\u0131r\u0131r. Y\u00fcksek mukavemetli ekstr\u00fczyon itme-\u00e7ekme \u00e7ift katmanl\u0131 geni\u015fletilmi\u015f i\u00e7 yuvarlak \u00e7ubuk k\u0131lavuz yap\u0131s\u0131, t\u00fcm makinenin dengesini ve hassasiyetini art\u0131r\u0131r.<\/p>\n<p>2. B\u00fcy\u00fck Avrupa cetvele ba\u011fl\u0131d\u0131r, sabittir ve kaymaz.<\/p>\n<p>Y\u00fcksek g\u00fc\u00e7l\u00fc saf bak\u0131r motor, y\u00fckseltme ana testere g\u00fcc\u00fc 5.5KW, k\u00fc\u00e7\u00fck testere 1.1KW, g\u00fc\u00e7l\u00fc g\u00fc\u00e7 ve uzun servis \u00f6mr\u00fc.<\/p>\n<p>3. \u00c7ift testere b\u0131\u00e7a\u011f\u0131 yap\u0131s\u0131, net i\u015f b\u00f6l\u00fcm\u00fc, k\u00fc\u00e7\u00fck kesme ve \u00e7izme, b\u00fcy\u00fck kesme ve a\u00e7ma, plakalar\u0131, \u00e7apaklar\u0131 ve tala\u015flar\u0131 ortadan kald\u0131rma.<\/p>\n<p>4. Deforme olmayan d\u00f6kme demir tezgah.<\/p>\n<p>5. Kendinden y\u00fcklemeli ya\u011flay\u0131c\u0131, manuel ya\u011f doldurma, makinenin i\u00e7 yap\u0131s\u0131n\u0131n ya\u011flanmas\u0131, bak\u0131m\u0131 kolay.<\/p>\n<p><strong>Teknik Parametre:<\/strong><\/p>\n<table border=\"1\">\n<tbody>\n<tr class=\"firstRow\">\n<td valign=\"top\" width=\"280\">Kayar tabla boyutlar\u0131<\/td>\n<td valign=\"top\" width=\"362\">2800*375mm &amp; 3000*375mm &amp; 3200*375mm<\/td>\n<\/tr>\n<tr>\n<td valign=\"top\" width=\"280\">Maksimum kesme kapasitesi<\/td>\n<td valign=\"top\" width=\"362\">2800mm &amp; 3000mm &amp; 3200mm<\/td>\n<\/tr>\n<tr>\n<td valign=\"top\" width=\"280\">Maksimum kesme geni\u015fli\u011fi (Testere b\u0131\u00e7a\u011f\u0131 ile y\u0131rtma \u00e7iti aras\u0131ndaki kesme geni\u015fli\u011fi)<\/td>\n<td valign=\"top\" width=\"362\">1250mm<\/td>\n<\/tr>\n<tr>\n<td valign=\"top\" width=\"280\">Testere b\u0131\u00e7a\u011f\u0131 \u00e7ap\u0131<\/td>\n<td valign=\"top\" width=\"362\">300mm<\/td>\n<\/tr>\n<tr>\n<td valign=\"top\" width=\"280\">Maksimum kesme kal\u0131nl\u0131\u011f\u0131<\/td>\n<td valign=\"top\" width=\"362\">75 mm<\/td>\n<\/tr>\n<tr>\n<td valign=\"top\" width=\"280\">Ana testere milinin h\u0131z\u0131<\/td>\n<td valign=\"top\" width=\"362\">4000\/6000\/dk<\/td>\n<\/tr>\n<tr>\n<td valign=\"top\" width=\"280\">Ana testere mili \u00e7ap\u0131<\/td>\n<td valign=\"top\" width=\"362\">30mm<\/td>\n<\/tr>\n<tr>\n<td valign=\"top\" width=\"280\"><strong>Ana testere g\u00fcc\u00fc<\/strong><\/td>\n<td valign=\"top\" width=\"362\"><strong>5.5KW<\/strong><\/td>\n<\/tr>\n<tr>\n<td valign=\"top\" width=\"280\">Testere b\u0131\u00e7a\u011f\u0131 \u00e7ap\u0131<\/td>\n<td valign=\"top\" width=\"362\">120 mm<\/td>\n<\/tr>\n<tr>\n<td valign=\"top\" width=\"280\">Testere b\u0131\u00e7a\u011f\u0131 h\u0131z\u0131<\/td>\n<td valign=\"top\" width=\"362\">8000<\/td>\n<\/tr>\n<tr>\n<td valign=\"top\" width=\"280\">\u0130kincil testere \u00e7ap\u0131<\/td>\n<td valign=\"top\" width=\"362\">120 mm<\/td>\n<\/tr>\n<tr>\n<td valign=\"top\" width=\"280\">\u0130kincil testere milinin h\u0131z\u0131<\/td>\n<td valign=\"top\" width=\"362\">8000\/dk<\/td>\n<\/tr>\n<tr>\n<td valign=\"top\" width=\"280\"><strong>ikincil skorlama motoru<\/strong><\/td>\n<td valign=\"top\" width=\"362\"><strong>1.1KW<\/strong><\/td>\n<\/tr>\n<tr>\n<td valign=\"top\" width=\"280\">Devrilebilir testere b\u0131\u00e7a\u011f\u0131<\/td>\n<td valign=\"top\" width=\"362\">0-45 derece<\/td>\n<\/tr>\n<tr>\n<td valign=\"top\" width=\"280\">Net A\u011f\u0131rl\u0131k<\/td>\n<td valign=\"top\" width=\"362\">650kg<\/td>\n<\/tr>\n<tr>\n<td valign=\"top\" width=\"280\">Makine genel boyutu<\/td>\n<td valign=\"top\" width=\"362\">2800*2600*950mm<\/td>\n<\/tr>\n<tr>\n<td valign=\"top\" width=\"280\">Makine paket boyutu<\/td>\n<td valign=\"top\" width=\"362\">2800*1100*950mm<\/td>\n<\/tr>\n<tr>\n<td valign=\"top\" width=\"280\">G\u00fc\u00e7<\/td>\n<td valign=\"top\" width=\"362\">380V\/220V<\/td>\n<\/tr>\n<tr>\n<td valign=\"top\" width=\"280\">Yard\u0131mc\u0131 Par\u00e7alar veya aksesuarlar<\/td>\n<td valign=\"top\" width=\"362\">G\u00fcvenlik Maskesi, A\u00e7\u0131 cetveli, Kesme testeresi 1 set<\/td>\n<\/tr>\n<\/tbody>\n<\/table>\n<p>&nbsp;<\/p>","protected":false},"excerpt":{"rendered":"<p>Geli\u015fmi\u015f panel testerenin \u00f6zellikleri:\u00a0<\/p>\n<p>1. Avrupa ad\u0131m ad\u0131m kilit, \u00e7ift katmanl\u0131 kal\u0131nla\u015ft\u0131r\u0131lm\u0131\u015f yuvarlak \u00e7ubuk krom kaplama k\u0131lavuz ray\u0131, y\u00fcksek bas\u0131n\u00e7l\u0131 yatak, daha do\u011fru kesme plakas\u0131, t\u00fcm makinenin \u00f6mr\u00fcn\u00fc ve do\u011frulu\u011funu art\u0131r\u0131r. Y\u00fcksek mukavemetli ekstr\u00fczyon itme-\u00e7ekme \u00e7ift katmanl\u0131 geni\u015fletilmi\u015f i\u00e7 yuvarlak \u00e7ubuk k\u0131lavuz yap\u0131s\u0131, t\u00fcm makinenin dengesini ve hassasiyetini art\u0131r\u0131r.<\/p>\n<p>2. B\u00fcy\u00fck Avrupa cetvele ba\u011fl\u0131d\u0131r, sabittir ve kaymaz.<\/p>\n<p>Y\u00fcksek g\u00fc\u00e7l\u00fc saf bak\u0131r motor, y\u00fckseltme ana testere g\u00fcc\u00fc 5.5KW, k\u00fc\u00e7\u00fck testere 1.1KW, g\u00fc\u00e7l\u00fc g\u00fc\u00e7 ve uzun servis \u00f6mr\u00fc.<\/p>\n<p>3. \u00c7ift testere b\u0131\u00e7a\u011f\u0131 yap\u0131s\u0131, net i\u015f b\u00f6l\u00fcm\u00fc, k\u00fc\u00e7\u00fck kesme ve \u00e7izme, b\u00fcy\u00fck kesme ve a\u00e7ma, plakalar\u0131, \u00e7apaklar\u0131 ve tala\u015flar\u0131 ortadan kald\u0131rma.<\/p>\n<p>4. Deforme olmayan d\u00f6kme demir tezgah.<\/p>\n<p>5. Kendinden y\u00fcklemeli ya\u011flay\u0131c\u0131, manuel ya\u011f doldurma, makinenin i\u00e7 yap\u0131s\u0131n\u0131n ya\u011flanmas\u0131, bak\u0131m\u0131 kolay.<\/p>","protected":false},"featured_media":3572,"template":"","meta":{"_seopress_robots_primary_cat":"","_seopress_titles_title":"","_seopress_titles_desc":"","_seopress_robots_index":"","_uag_custom_page_level_css":"","site-sidebar-layout":"default","site-content-layout":"","ast-site-content-layout":"default","site-content-style":"default","site-sidebar-style":"default","ast-global-header-display":"","ast-banner-title-visibility":"","ast-main-header-display":"","ast-hfb-above-header-display":"","ast-hfb-below-header-display":"","ast-hfb-mobile-header-display":"","site-post-title":"","ast-breadcrumbs-content":"","ast-featured-img":"","footer-sml-layout":"","ast-disable-related-posts":"","theme-transparent-header-meta":"default","adv-header-id-meta":"","stick-header-meta":"default","header-above-stick-meta":"","header-main-stick-meta":"","header-below-stick-meta":"","astra-migrate-meta-layouts":"set","ast-page-background-enabled":"default","ast-page-background-meta":{"desktop":{"background-color":"","background-image":"","background-repeat":"repeat","background-position":"center center","background-size":"auto","background-attachment":"scroll","background-type":"","background-media":"","overlay-type":"","overlay-color":"","overlay-opacity":"","overlay-gradient":""},"tablet":{"background-color":"","background-image":"","background-repeat":"repeat","background-position":"center center","background-size":"auto","background-attachment":"scroll","background-type":"","background-media":"","overlay-type":"","overlay-color":"","overlay-opacity":"","overlay-gradient":""},"mobile":{"background-color":"","background-image":"","background-repeat":"repeat","background-position":"center center","background-size":"auto","background-attachment":"scroll","background-type":"","background-media":"","overlay-type":"","overlay-color":"","overlay-opacity":"","overlay-gradient":""}},"ast-content-background-meta":{"desktop":{"background-color":"var(--ast-global-color-5)","background-image":"","background-repeat":"repeat","background-position":"center center","background-size":"auto","background-attachment":"scroll","background-type":"","background-media":"","overlay-type":"","overlay-color":"","overlay-opacity":"","overlay-gradient":""},"tablet":{"background-color":"var(--ast-global-color-5)","background-image":"","background-repeat":"repeat","background-position":"center center","background-size":"auto","background-attachment":"scroll","background-type":"","background-media":"","overlay-type":"","overlay-color":"","overlay-opacity":"","overlay-gradient":""},"mobile":{"background-color":"var(--ast-global-color-5)","background-image":"","background-repeat":"repeat","background-position":"center center","background-size":"auto","background-attachment":"scroll","background-type":"","background-media":"","overlay-type":"","overlay-color":"","overlay-opacity":"","overlay-gradient":""}}},"product_brand":[],"product_cat":[39],"product_tag":[],"class_list":{"0":"post-3569","1":"product","2":"type-product","3":"status-publish","4":"has-post-thumbnail","6":"product_cat-cuttingsaw","7":"desktop-align-left","8":"tablet-align-left","9":"mobile-align-left","10":"ast-product-gallery-layout-horizontal-slider","11":"ast-product-gallery-with-no-image","12":"ast-product-tabs-layout-horizontal","14":"first","15":"instock","16":"shipping-taxable","17":"product-type-simple"},"uagb_featured_image_src":{"full":["https:\/\/wisecnclaser.com\/wp-content\/uploads\/2025\/05\/132c266c1f4e680efd22400ee3f1f6db.jpg",800,800,false],"thumbnail":["https:\/\/wisecnclaser.com\/wp-content\/uploads\/2025\/05\/132c266c1f4e680efd22400ee3f1f6db-150x150.jpg",150,150,true],"medium":["https:\/\/wisecnclaser.com\/wp-content\/uploads\/2025\/05\/132c266c1f4e680efd22400ee3f1f6db-300x300.jpg",300,300,true],"medium_large":["https:\/\/wisecnclaser.com\/wp-content\/uploads\/2025\/05\/132c266c1f4e680efd22400ee3f1f6db-768x768.jpg",768,768,true],"large":["https:\/\/wisecnclaser.com\/wp-content\/uploads\/2025\/05\/132c266c1f4e680efd22400ee3f1f6db.jpg",800,800,false],"1536x1536":["https:\/\/wisecnclaser.com\/wp-content\/uploads\/2025\/05\/132c266c1f4e680efd22400ee3f1f6db.jpg",800,800,false],"2048x2048":["https:\/\/wisecnclaser.com\/wp-content\/uploads\/2025\/05\/132c266c1f4e680efd22400ee3f1f6db.jpg",800,800,false],"trp-custom-language-flag":["https:\/\/wisecnclaser.com\/wp-content\/uploads\/2025\/05\/132c266c1f4e680efd22400ee3f1f6db-12x12.jpg",12,12,true],"woocommerce_thumbnail":["https:\/\/wisecnclaser.com\/wp-content\/uploads\/2025\/05\/132c266c1f4e680efd22400ee3f1f6db-300x300.jpg",300,300,true],"woocommerce_single":["https:\/\/wisecnclaser.com\/wp-content\/uploads\/2025\/05\/132c266c1f4e680efd22400ee3f1f6db-600x600.jpg",600,600,true],"woocommerce_gallery_thumbnail":["https:\/\/wisecnclaser.com\/wp-content\/uploads\/2025\/05\/132c266c1f4e680efd22400ee3f1f6db-100x100.jpg",100,100,true]},"uagb_author_info":{"display_name":"jinxing6611@gmail.com","author_link":"https:\/\/wisecnclaser.com\/tr\/author\/"},"uagb_comment_info":0,"uagb_excerpt":"Features of advanced panel saw:\u00a0 1.European step-by-step lock, double-layer thickened round bar chrome-plated guide rail, high pressure bearing, more accurate cutting plate, improve the life and accuracy of the whole machine. The high-strength extrusion push-pull double-layer widened inner round bar guide structure improves the stability and precision of the whole machine. 2. Big Europe depends&hellip;","_links":{"self":[{"href":"https:\/\/wisecnclaser.com\/tr\/wp-json\/wp\/v2\/product\/3569","targetHints":{"allow":["GET"]}}],"collection":[{"href":"https:\/\/wisecnclaser.com\/tr\/wp-json\/wp\/v2\/product"}],"about":[{"href":"https:\/\/wisecnclaser.com\/tr\/wp-json\/wp\/v2\/types\/product"}],"wp:featuredmedia":[{"embeddable":true,"href":"https:\/\/wisecnclaser.com\/tr\/wp-json\/wp\/v2\/media\/3572"}],"wp:attachment":[{"href":"https:\/\/wisecnclaser.com\/tr\/wp-json\/wp\/v2\/media?parent=3569"}],"wp:term":[{"taxonomy":"product_brand","embeddable":true,"href":"https:\/\/wisecnclaser.com\/tr\/wp-json\/wp\/v2\/product_brand?post=3569"},{"taxonomy":"product_cat","embeddable":true,"href":"https:\/\/wisecnclaser.com\/tr\/wp-json\/wp\/v2\/product_cat?post=3569"},{"taxonomy":"product_tag","embeddable":true,"href":"https:\/\/wisecnclaser.com\/tr\/wp-json\/wp\/v2\/product_tag?post=3569"}],"curies":[{"name":"wp","href":"https:\/\/api.w.org\/{rel}","templated":true}]}}