{"id":3577,"date":"2025-05-22T23:16:10","date_gmt":"2025-05-22T23:16:10","guid":{"rendered":"https:\/\/wisecnclaser.com\/?post_type=product&#038;p=3577"},"modified":"2025-05-22T23:16:10","modified_gmt":"2025-05-22T23:16:10","slug":"hot-selling-1325-cnc-router","status":"publish","type":"product","link":"https:\/\/wisecnclaser.com\/tr\/urun\/hot-selling-1325-cnc-router\/","title":{"rendered":"S\u0131cak Sat\u0131\u015f 1325 CNC Router"},"content":{"rendered":"<table border=\"1\" width=\"662\">\n<tbody>\n<tr class=\"firstRow\">\n<td colspan=\"2\" valign=\"center\" width=\"662\"><strong>Tan\u0131m ve \u00d6zellikler:<\/strong><\/td>\n<\/tr>\n<tr>\n<td valign=\"top\" width=\"331\">X \u00c7al\u0131\u015fma Alan\u0131<\/td>\n<td valign=\"top\" width=\"331\">1300mm<\/td>\n<\/tr>\n<tr>\n<td valign=\"top\" width=\"331\">Y \u00c7al\u0131\u015fma Alan\u0131<\/td>\n<td valign=\"top\" width=\"331\">2500mm<\/td>\n<\/tr>\n<tr>\n<td valign=\"top\" width=\"331\">Z \u00c7al\u0131\u015fma Alan\u0131<\/td>\n<td valign=\"top\" width=\"331\">200mm<\/td>\n<\/tr>\n<tr>\n<td valign=\"top\" width=\"331\">Makine masas\u0131<\/td>\n<td valign=\"top\" width=\"331\">T yuvas\u0131<\/td>\n<\/tr>\n<tr>\n<td valign=\"top\" width=\"331\">Seyahat Konumland\u0131rma Do\u011frulu\u011fu<\/td>\n<td valign=\"top\" width=\"331\">\u00b10,05 mm<\/td>\n<\/tr>\n<tr>\n<td valign=\"top\" width=\"331\">Yeniden Konumland\u0131rma Konumland\u0131rma Do\u011frulu\u011fu<\/td>\n<td valign=\"top\" width=\"331\">\u00b10,02 mm<\/td>\n<\/tr>\n<tr>\n<td valign=\"top\" width=\"331\">X,Y,Z Yap\u0131s\u0131<\/td>\n<td valign=\"top\" width=\"331\">XY Di\u015fli \u00c7ark Z vidal\u0131 mil<\/td>\n<\/tr>\n<tr>\n<td valign=\"top\" width=\"331\">Maks. G\u00fc\u00e7 T\u00fcketimi (\u0130\u015f mili olmadan)<\/td>\n<td valign=\"top\" width=\"331\">0.8KW<\/td>\n<\/tr>\n<tr>\n<td valign=\"top\" width=\"331\">Maks. H\u0131zl\u0131 Seyahat H\u0131z\u0131<\/td>\n<td valign=\"top\" width=\"331\">25000 mm\/dak<\/td>\n<\/tr>\n<tr>\n<td valign=\"top\" width=\"331\">Maks. \u00c7al\u0131\u015fma H\u0131z\u0131<\/td>\n<td valign=\"top\" width=\"331\">15000 mm\/dak<\/td>\n<\/tr>\n<tr>\n<td valign=\"top\" width=\"331\">Mil<\/td>\n<td valign=\"top\" width=\"331\">3kw su so\u011futmal\u0131 i\u015f mili<\/td>\n<\/tr>\n<tr>\n<td valign=\"top\" width=\"331\">\u0130\u015f Mili H\u0131z\u0131<\/td>\n<td valign=\"top\" width=\"331\">0-24000rpm<\/td>\n<\/tr>\n<tr>\n<td valign=\"top\" width=\"331\">Tahrik Motoru<\/td>\n<td valign=\"top\" width=\"331\">Step<\/td>\n<\/tr>\n<tr>\n<td valign=\"top\" width=\"331\">Komuta<\/td>\n<td valign=\"top\" width=\"331\">G-code*.u00*.mmg*.plt<\/td>\n<\/tr>\n<tr>\n<td valign=\"top\" width=\"331\">\u00c7al\u0131\u015fma gerilimi<\/td>\n<td valign=\"top\" width=\"331\">AC220V\/50HZ veya AC380V\/50HZ<\/td>\n<\/tr>\n<tr>\n<td valign=\"top\" width=\"331\">Kontrol Sistemi<\/td>\n<td valign=\"top\" width=\"331\">Dsp \u00e7evrimd\u0131\u015f\u0131<\/td>\n<\/tr>\n<tr>\n<td valign=\"top\" width=\"331\">Kontrol kabini<\/td>\n<td valign=\"top\" width=\"331\">Ba\u011f\u0131ms\u0131z kontrol kutusu<\/td>\n<\/tr>\n<\/tbody>\n<\/table>\n<p>A\u00e7\u0131klama  S\u0131cak sat\u0131\u015f Tek kafa ah\u015fap oyma makinesi 1325 cnc router makinesi<\/p>\n<p>\u00dcr\u00fcn Ad\u0131: cnc router<\/p>\n<p>S\u00fcr\u00fc\u015f sistemi: Step\/Servo<\/p>\n<p>\u0130\u015f Mili G\u00fc\u00e7 Motoru: 3.0KW, 4.5KW, 6KW<\/p>\n<p>Komut Dili G kodu<\/p>\n<p>\u015eanz\u0131man: di\u015fli ve tekerlek, kremayer pinyon<\/p>\n<p>Kontrol sistemi:ncstudio\/dsp<\/p>\n<p>Makine tablas\u0131:T-slot\/Vakum tablas\u0131<\/p>\n<p>Makine \u00e7er\u00e7evesi: a\u011f\u0131r hizmet tipi \u00e7elik yap\u0131<\/p>\n<p>Garanti: 1 y\u0131l<\/p>\n<p>Renk: mavi ve beyaz\/\u00f6zelle\u015ftirilmi\u015f<\/p>\n<p>\u0130\u015f mili so\u011futma modu: su so\u011futma\/hava so\u011futma<\/p>\n<p>Collet: ER11, ER16, ER20, ER25<\/p>\n<p>Uygulama:<\/p>\n<p>Esas olarak ah\u015fap kap\u0131, dolap kap\u0131s\u0131, sanat ve zanaat kap\u0131s\u0131, MDF kesme, ah\u015fap tahta kesme, ah\u015fap s\u00fctun oyma ve di\u011fer ametal malzemelerin i\u015flenmesi gibi ah\u015fap mobilya end\u00fcstrisi i\u00e7in kullan\u0131l\u0131r.<\/p>\n<p>\u00d6zellik:<\/p>\n<p>1. \u0130thal d\u00fcz \u00e7izgi parti tipi k\u0131lavuz ray\u0131, \u00e7ift s\u0131ral\u0131 d\u00f6rt s\u0131ral\u0131 bilyal\u0131 k\u0131zak blo\u011fu, y\u00fckleme<\/p>\n<p>kapasite, d\u00fczg\u00fcn \u00e7al\u0131\u015fma, y\u00fcksek hassasiyet, uzun \u00f6m\u00fcr. vidal\u0131 milin y\u00fcksek hassasiyetle ithal edilmesi.<\/p>\n<p>2. Japonya'n\u0131n y\u00fcksek h\u0131zl\u0131 su so\u011futmal\u0131 motorundan ithal edilen NSK rulmanlar\u0131n\u0131 se\u00e7mek i\u00e7in e\u015fle\u015ftirme. 6KW hava so\u011futmal\u0131 i\u015f mili 3.0 KW ana i\u015f mili b\u00fcy\u00fck g\u00fc\u00e7, istikrarl\u0131 performans.<\/p>\n<p>3. Benzersiz ak\u0131ll\u0131 b\u00fct\u00e7e kurallar\u0131n\u0131 benimseyen \u00e7evrimi\u00e7i bilgisayar yaz\u0131l\u0131 makro kontrol sistemi, motor potansiyeline tam oyun verir ve y\u00fcksek h\u0131zl\u0131 i\u015fleme, \u015fark\u0131 do\u011frusal senkron, e\u011fri daha m\u00fckemmel elde eder.<\/p>\n<p>4. Yaz\u0131l\u0131m uyumlulu\u011fu ve uyumlu tip3 \/ Actcam \/ Castmate \/ Wentai olabilir ve bu nedenle bir\u00e7ok CAD \/ CAM tasar\u0131m yaz\u0131l\u0131m\u0131 yoktur.<\/p>\n<p>5. Alt\u0131 b\u00f6lmeli vakumlu adsorpsiyon mesa, farkl\u0131 boyuttaki adsorpsiyon malzemelerinde etkili olabilir.<\/p>\n<p>6. Y\u00fcksek h\u0131zl\u0131 tahrik kademeli motor ve tahrik kullanarak, Y ekseni \u00e7ift motor tahrikini benimser, bo\u015f hat h\u0131z\u0131n\u0131n 25 m \/ nokta \u00fczerinde y\u00fcksek h\u0131zl\u0131 \u00e7al\u0131\u015fma yapar, g\u00fc\u00e7l\u00fc kesme mili ile heykel h\u0131z\u0131n\u0131 daha da art\u0131rabilir.<\/p>","protected":false},"excerpt":{"rendered":"<p>A\u00e7\u0131klama  S\u0131cak sat\u0131\u015f Tek kafa ah\u015fap oyma makinesi 1325 cnc router makinesi<\/p>\n<p>\u00dcr\u00fcn Ad\u0131: cnc router<\/p>\n<p>S\u00fcr\u00fc\u015f sistemi: Step\/Servo<\/p>\n<p>\u0130\u015f Mili G\u00fc\u00e7 Motoru: 3.0KW, 4.5KW, 6KW<\/p>\n<p>Komut Dili G kodu<\/p>\n<p>\u015eanz\u0131man: di\u015fli ve tekerlek, kremayer pinyon<\/p>\n<p>Kontrol sistemi:ncstudio\/dsp<\/p>\n<p>Makine tablas\u0131:T-slot\/Vakum tablas\u0131<\/p>\n<p>Makine \u00e7er\u00e7evesi: a\u011f\u0131r hizmet tipi \u00e7elik yap\u0131<\/p>\n<p>Garanti: 1 y\u0131l<\/p>\n<p>Renk: mavi ve beyaz\/\u00f6zelle\u015ftirilmi\u015f<\/p>\n<p>\u0130\u015f mili so\u011futma modu: su so\u011futma\/hava so\u011futma<\/p>\n<p>Collet: ER11, ER16, ER20, ER25<\/p>","protected":false},"featured_media":3580,"template":"","meta":{"_seopress_robots_primary_cat":"","_seopress_titles_title":"","_seopress_titles_desc":"","_seopress_robots_index":"","_uag_custom_page_level_css":"","site-sidebar-layout":"default","site-content-layout":"","ast-site-content-layout":"default","site-content-style":"default","site-sidebar-style":"default","ast-global-header-display":"","ast-banner-title-visibility":"","ast-main-header-display":"","ast-hfb-above-header-display":"","ast-hfb-below-header-display":"","ast-hfb-mobile-header-display":"","site-post-title":"","ast-breadcrumbs-content":"","ast-featured-img":"","footer-sml-layout":"","ast-disable-related-posts":"","theme-transparent-header-meta":"default","adv-header-id-meta":"","stick-header-meta":"default","header-above-stick-meta":"","header-main-stick-meta":"","header-below-stick-meta":"","astra-migrate-meta-layouts":"set","ast-page-background-enabled":"default","ast-page-background-meta":{"desktop":{"background-color":"","background-image":"","background-repeat":"repeat","background-position":"center center","background-size":"auto","background-attachment":"scroll","background-type":"","background-media":"","overlay-type":"","overlay-color":"","overlay-opacity":"","overlay-gradient":""},"tablet":{"background-color":"","background-image":"","background-repeat":"repeat","background-position":"center center","background-size":"auto","background-attachment":"scroll","background-type":"","background-media":"","overlay-type":"","overlay-color":"","overlay-opacity":"","overlay-gradient":""},"mobile":{"background-color":"","background-image":"","background-repeat":"repeat","background-position":"center center","background-size":"auto","background-attachment":"scroll","background-type":"","background-media":"","overlay-type":"","overlay-color":"","overlay-opacity":"","overlay-gradient":""}},"ast-content-background-meta":{"desktop":{"background-color":"var(--ast-global-color-5)","background-image":"","background-repeat":"repeat","background-position":"center center","background-size":"auto","background-attachment":"scroll","background-type":"","background-media":"","overlay-type":"","overlay-color":"","overlay-opacity":"","overlay-gradient":""},"tablet":{"background-color":"var(--ast-global-color-5)","background-image":"","background-repeat":"repeat","background-position":"center center","background-size":"auto","background-attachment":"scroll","background-type":"","background-media":"","overlay-type":"","overlay-color":"","overlay-opacity":"","overlay-gradient":""},"mobile":{"background-color":"var(--ast-global-color-5)","background-image":"","background-repeat":"repeat","background-position":"center center","background-size":"auto","background-attachment":"scroll","background-type":"","background-media":"","overlay-type":"","overlay-color":"","overlay-opacity":"","overlay-gradient":""}}},"product_brand":[],"product_cat":[42],"product_tag":[],"class_list":{"0":"post-3577","1":"product","2":"type-product","3":"status-publish","4":"has-post-thumbnail","6":"product_cat-normal","7":"desktop-align-left","8":"tablet-align-left","9":"mobile-align-left","10":"ast-product-gallery-layout-horizontal-slider","11":"ast-product-gallery-with-no-image","12":"ast-product-tabs-layout-horizontal","14":"first","15":"instock","16":"shipping-taxable","17":"product-type-simple"},"uagb_featured_image_src":{"full":["https:\/\/wisecnclaser.com\/wp-content\/uploads\/2025\/05\/01cab26fb6b0fa27ea006a60b821cacb.png",800,800,false],"thumbnail":["https:\/\/wisecnclaser.com\/wp-content\/uploads\/2025\/05\/01cab26fb6b0fa27ea006a60b821cacb-150x150.png",150,150,true],"medium":["https:\/\/wisecnclaser.com\/wp-content\/uploads\/2025\/05\/01cab26fb6b0fa27ea006a60b821cacb-300x300.png",300,300,true],"medium_large":["https:\/\/wisecnclaser.com\/wp-content\/uploads\/2025\/05\/01cab26fb6b0fa27ea006a60b821cacb-768x768.png",768,768,true],"large":["https:\/\/wisecnclaser.com\/wp-content\/uploads\/2025\/05\/01cab26fb6b0fa27ea006a60b821cacb.png",800,800,false],"1536x1536":["https:\/\/wisecnclaser.com\/wp-content\/uploads\/2025\/05\/01cab26fb6b0fa27ea006a60b821cacb.png",800,800,false],"2048x2048":["https:\/\/wisecnclaser.com\/wp-content\/uploads\/2025\/05\/01cab26fb6b0fa27ea006a60b821cacb.png",800,800,false],"trp-custom-language-flag":["https:\/\/wisecnclaser.com\/wp-content\/uploads\/2025\/05\/01cab26fb6b0fa27ea006a60b821cacb-12x12.png",12,12,true],"woocommerce_thumbnail":["https:\/\/wisecnclaser.com\/wp-content\/uploads\/2025\/05\/01cab26fb6b0fa27ea006a60b821cacb-300x300.png",300,300,true],"woocommerce_single":["https:\/\/wisecnclaser.com\/wp-content\/uploads\/2025\/05\/01cab26fb6b0fa27ea006a60b821cacb-600x600.png",600,600,true],"woocommerce_gallery_thumbnail":["https:\/\/wisecnclaser.com\/wp-content\/uploads\/2025\/05\/01cab26fb6b0fa27ea006a60b821cacb-100x100.png",100,100,true]},"uagb_author_info":{"display_name":"jinxing6611@gmail.com","author_link":"https:\/\/wisecnclaser.com\/tr\/author\/"},"uagb_comment_info":0,"uagb_excerpt":"Description:\u00a0 Hot sales Single head wood engraving machine 1325 cnc router machine Product Name:\u00a0 cnc router Driving system:\u00a0Stepper\/Servo Spindle Power Motor: 3.0KW,4.5KW,6KW Command Language\u00a0 G-code Transmission:gear and wheel, rack pinion Control system:ncstudio\/dsp Machine table:T-slot\/Vacuum table Machine frame: heavy duty steel structure Warranty: 1 year Color: blue and white\/customized Spindle cooling mode: water cooling\/air cooling Collet:&hellip;","_links":{"self":[{"href":"https:\/\/wisecnclaser.com\/tr\/wp-json\/wp\/v2\/product\/3577","targetHints":{"allow":["GET"]}}],"collection":[{"href":"https:\/\/wisecnclaser.com\/tr\/wp-json\/wp\/v2\/product"}],"about":[{"href":"https:\/\/wisecnclaser.com\/tr\/wp-json\/wp\/v2\/types\/product"}],"wp:featuredmedia":[{"embeddable":true,"href":"https:\/\/wisecnclaser.com\/tr\/wp-json\/wp\/v2\/media\/3580"}],"wp:attachment":[{"href":"https:\/\/wisecnclaser.com\/tr\/wp-json\/wp\/v2\/media?parent=3577"}],"wp:term":[{"taxonomy":"product_brand","embeddable":true,"href":"https:\/\/wisecnclaser.com\/tr\/wp-json\/wp\/v2\/product_brand?post=3577"},{"taxonomy":"product_cat","embeddable":true,"href":"https:\/\/wisecnclaser.com\/tr\/wp-json\/wp\/v2\/product_cat?post=3577"},{"taxonomy":"product_tag","embeddable":true,"href":"https:\/\/wisecnclaser.com\/tr\/wp-json\/wp\/v2\/product_tag?post=3577"}],"curies":[{"name":"wp","href":"https:\/\/api.w.org\/{rel}","templated":true}]}}