{"id":3594,"date":"2025-05-22T23:25:24","date_gmt":"2025-05-22T23:25:24","guid":{"rendered":"https:\/\/wisecnclaser.com\/?post_type=product&#038;p=3594"},"modified":"2025-05-23T02:49:52","modified_gmt":"2025-05-23T02:49:52","slug":"mfz360d-automatic-edge-banding-machine","status":"publish","type":"product","link":"https:\/\/wisecnclaser.com\/tr\/urun\/mfz360d-automatic-edge-banding-machine\/","title":{"rendered":"MFZ360D Otomatik Kenar Bantlama Makinesi"},"content":{"rendered":"<p><strong>MFZ360D Otomatik Kenar Bantlama Makinesinin \u00d6zellikleri:<\/strong><\/p>\n<p>Otomatik kenar bantlama makinesi, panel mobilyalar\u0131n otomatik kenar bantlamas\u0131 i\u00e7in bir i\u015fleme ekipman\u0131d\u0131r, i\u015f\u00e7ilik ve zamandan tasarruf sa\u011flar, m\u00fckemmel kenar bantlama ve geli\u015fmi\u015f<\/p>\n<p>Konfig\u00fcrasyon ve makul tasar\u0131m, i\u015fin zorlu\u011funu azalt\u0131r, kalifiye i\u015f\u00e7ilere olan ba\u011f\u0131ml\u0131l\u0131\u011f\u0131 azalt\u0131r ve \u00fcr\u00fcn\u00fcn kalitesini b\u00fcy\u00fck \u00f6l\u00e7\u00fcde art\u0131r\u0131r.<\/p>\n<p>Makine, dolaplar, gard\u0131roplar, \u00f6zel panel mobilyalar ve di\u011fer end\u00fcstrilerde yayg\u0131n olarak kullan\u0131lmaktad\u0131r.<\/p>\n<p><strong>\u00a0<\/strong><\/p>\n<p><strong>Teknik Parametreler:<\/strong><\/p>\n<table border=\"1\" width=\"662\">\n<tbody>\n<tr class=\"firstRow\">\n<td colspan=\"2\" valign=\"center\" width=\"662\"><strong>Otomatik kenar bantlama makinesinin tan\u0131m\u0131 ve \u00f6zellikleri:<\/strong><\/td>\n<\/tr>\n<tr>\n<td valign=\"top\" width=\"331\">Model<\/td>\n<td valign=\"top\" width=\"331\">MFZ360D<\/td>\n<\/tr>\n<tr>\n<td valign=\"top\" width=\"331\">Motor g\u00fcc\u00fc<\/td>\n<td valign=\"top\" width=\"331\">10.44kw<\/td>\n<\/tr>\n<tr>\n<td valign=\"top\" width=\"331\">Genel boyut<\/td>\n<td valign=\"top\" width=\"331\">4700\u00d71100\u00d71600mm<\/td>\n<\/tr>\n<tr>\n<td valign=\"top\" width=\"331\">Besleme h\u0131z\u0131<\/td>\n<td valign=\"top\" width=\"331\">12-20m\/dak<\/td>\n<\/tr>\n<tr>\n<td valign=\"top\" width=\"331\">Panel kal\u0131nl\u0131\u011f\u0131<\/td>\n<td valign=\"top\" width=\"331\">9-60mm<\/td>\n<\/tr>\n<tr>\n<td valign=\"top\" width=\"331\">Kenar kal\u0131nl\u0131\u011f\u0131<\/td>\n<td valign=\"top\" width=\"331\">0.4-3mm<\/td>\n<\/tr>\n<tr>\n<td valign=\"top\" width=\"331\">Panel geni\u015fli\u011fi<\/td>\n<td valign=\"top\" width=\"331\">\u226540mm<\/td>\n<\/tr>\n<tr>\n<td valign=\"top\" width=\"331\">\u00c7al\u0131\u015fma bas\u0131nc\u0131<\/td>\n<td valign=\"top\" width=\"331\">6kg<\/td>\n<\/tr>\n<tr>\n<td valign=\"top\" width=\"331\">A\u011f\u0131rl\u0131k<\/td>\n<td valign=\"top\" width=\"331\">1900kg<\/td>\n<\/tr>\n<tr>\n<td valign=\"top\" width=\"331\"><strong>Makine Cihaz\u0131<\/strong><\/td>\n<td valign=\"top\" width=\"331\">&nbsp;<\/p>\n<p>PLC TAYVAN DELTA<\/p>\n<p>\u0130NVERTER AISET<\/p>\n<p>ELEKTRI\u0307K PAR\u00c7ALARI FRANCESCHNEIDER<\/p>\n<p>SICAKLIK KONTROL \u00d6L\u00c7ER: KORE AUTONICS<\/p>\n<p>LIMIT ANAHTARI KORE HONEYWELL<\/p>\n<p>KONVEY\u00d6R MOTORU HAOLI<\/p>\n<p>D\u00dcZELTME MOTORU CC<\/p>\n<p>D\u00d6N\u00dc\u015eT\u00dcR\u00dcC\u00dc WANXIN<\/p>\n<p>ELEKTRON MANYETI\u0307K VALF AIRTAC<\/p>\n<p>Yuvarlanma k\u0131lavuzu CSK<\/p>\n<p>SILINDIR GEASUN<\/p>\n<p>&nbsp;<\/td>\n<\/tr>\n<\/tbody>\n<\/table>\n<p>&nbsp;<\/p>\n<p><strong>Fonksiyonlar:<\/strong><\/p>\n<table border=\"1\">\n<tbody>\n<tr class=\"firstRow\">\n<td valign=\"top\" width=\"278\">\u00d6n frezeleme<\/td>\n<td valign=\"top\" width=\"509\">\/<\/td>\n<\/tr>\n<tr>\n<td valign=\"top\" width=\"278\">Yap\u0131\u015ft\u0131rma<\/td>\n<td valign=\"top\" width=\"519\">\u25cf<\/td>\n<\/tr>\n<tr>\n<td valign=\"top\" width=\"278\">U\u00e7 d\u00fczeltme<\/td>\n<td valign=\"top\" width=\"519\">\u25cf<\/td>\n<\/tr>\n<tr>\n<td valign=\"top\" width=\"278\">Kaba d\u00fczeltme<\/td>\n<td valign=\"top\" width=\"519\">\u25cf<\/td>\n<\/tr>\n<tr>\n<td valign=\"top\" width=\"278\">\u0130nce d\u00fczeltme<\/td>\n<td valign=\"top\" width=\"519\">\u25cf<\/td>\n<\/tr>\n<tr>\n<td valign=\"top\" width=\"278\">Profilleme \u00fcnitesi<\/td>\n<td valign=\"top\" width=\"519\">\/<\/td>\n<\/tr>\n<tr>\n<td valign=\"top\" width=\"278\">Kaz\u0131ma<\/td>\n<td valign=\"top\" width=\"519\">\u25cf<\/td>\n<\/tr>\n<tr>\n<td valign=\"top\" width=\"278\">Parlat\u0131c\u0131<\/td>\n<td valign=\"top\" width=\"519\">\u25cf<\/td>\n<\/tr>\n<tr>\n<td valign=\"top\" width=\"278\">Kanal a\u00e7ma<\/td>\n<td valign=\"top\" width=\"519\">\/<\/td>\n<\/tr>\n<\/tbody>\n<\/table>\n<p>&nbsp;<\/p>","protected":false},"excerpt":{"rendered":"<p>MFZ360D Otomatik Kenar Bantlama Makinesinin \u00d6zellikleri:<\/p>\n<p>Otomatik kenar bantlama makinesi, panel mobilyalar\u0131n otomatik kenar bantlamas\u0131 i\u00e7in bir i\u015fleme ekipman\u0131d\u0131r, i\u015f\u00e7ilik ve zamandan tasarruf sa\u011flar, m\u00fckemmel kenar bantlama ve geli\u015fmi\u015f<\/p>\n<p>Konfig\u00fcrasyon ve makul tasar\u0131m, i\u015fin zorlu\u011funu azalt\u0131r, kalifiye i\u015f\u00e7ilere olan ba\u011f\u0131ml\u0131l\u0131\u011f\u0131 azalt\u0131r ve \u00fcr\u00fcn\u00fcn kalitesini b\u00fcy\u00fck \u00f6l\u00e7\u00fcde art\u0131r\u0131r.<\/p>\n<p>Makine, dolaplar, gard\u0131roplar, \u00f6zel panel mobilyalar ve di\u011fer end\u00fcstrilerde yayg\u0131n olarak kullan\u0131lmaktad\u0131r.<\/p>","protected":false},"featured_media":3597,"template":"","meta":{"_seopress_robots_primary_cat":"","_seopress_titles_title":"","_seopress_titles_desc":"","_seopress_robots_index":"","_uag_custom_page_level_css":"","site-sidebar-layout":"default","site-content-layout":"","ast-site-content-layout":"default","site-content-style":"default","site-sidebar-style":"default","ast-global-header-display":"","ast-banner-title-visibility":"","ast-main-header-display":"","ast-hfb-above-header-display":"","ast-hfb-below-header-display":"","ast-hfb-mobile-header-display":"","site-post-title":"","ast-breadcrumbs-content":"","ast-featured-img":"","footer-sml-layout":"","ast-disable-related-posts":"","theme-transparent-header-meta":"default","adv-header-id-meta":"","stick-header-meta":"default","header-above-stick-meta":"","header-main-stick-meta":"","header-below-stick-meta":"","astra-migrate-meta-layouts":"set","ast-page-background-enabled":"default","ast-page-background-meta":{"desktop":{"background-color":"","background-image":"","background-repeat":"repeat","background-position":"center center","background-size":"auto","background-attachment":"scroll","background-type":"","background-media":"","overlay-type":"","overlay-color":"","overlay-opacity":"","overlay-gradient":""},"tablet":{"background-color":"","background-image":"","background-repeat":"repeat","background-position":"center center","background-size":"auto","background-attachment":"scroll","background-type":"","background-media":"","overlay-type":"","overlay-color":"","overlay-opacity":"","overlay-gradient":""},"mobile":{"background-color":"","background-image":"","background-repeat":"repeat","background-position":"center center","background-size":"auto","background-attachment":"scroll","background-type":"","background-media":"","overlay-type":"","overlay-color":"","overlay-opacity":"","overlay-gradient":""}},"ast-content-background-meta":{"desktop":{"background-color":"var(--ast-global-color-5)","background-image":"","background-repeat":"repeat","background-position":"center center","background-size":"auto","background-attachment":"scroll","background-type":"","background-media":"","overlay-type":"","overlay-color":"","overlay-opacity":"","overlay-gradient":""},"tablet":{"background-color":"var(--ast-global-color-5)","background-image":"","background-repeat":"repeat","background-position":"center center","background-size":"auto","background-attachment":"scroll","background-type":"","background-media":"","overlay-type":"","overlay-color":"","overlay-opacity":"","overlay-gradient":""},"mobile":{"background-color":"var(--ast-global-color-5)","background-image":"","background-repeat":"repeat","background-position":"center center","background-size":"auto","background-attachment":"scroll","background-type":"","background-media":"","overlay-type":"","overlay-color":"","overlay-opacity":"","overlay-gradient":""}}},"product_brand":[],"product_cat":[35],"product_tag":[],"class_list":{"0":"post-3594","1":"product","2":"type-product","3":"status-publish","4":"has-post-thumbnail","6":"product_cat-banding","7":"desktop-align-left","8":"tablet-align-left","9":"mobile-align-left","10":"ast-product-gallery-layout-horizontal-slider","11":"ast-product-gallery-with-no-image","12":"ast-product-tabs-layout-horizontal","14":"first","15":"instock","16":"featured","17":"shipping-taxable","18":"product-type-simple"},"uagb_featured_image_src":{"full":["https:\/\/wisecnclaser.com\/wp-content\/uploads\/2025\/05\/0c516e517e6729a6066d62453b6d07dd.jpg",800,800,false],"thumbnail":["https:\/\/wisecnclaser.com\/wp-content\/uploads\/2025\/05\/0c516e517e6729a6066d62453b6d07dd-150x150.jpg",150,150,true],"medium":["https:\/\/wisecnclaser.com\/wp-content\/uploads\/2025\/05\/0c516e517e6729a6066d62453b6d07dd-300x300.jpg",300,300,true],"medium_large":["https:\/\/wisecnclaser.com\/wp-content\/uploads\/2025\/05\/0c516e517e6729a6066d62453b6d07dd-768x768.jpg",768,768,true],"large":["https:\/\/wisecnclaser.com\/wp-content\/uploads\/2025\/05\/0c516e517e6729a6066d62453b6d07dd.jpg",800,800,false],"1536x1536":["https:\/\/wisecnclaser.com\/wp-content\/uploads\/2025\/05\/0c516e517e6729a6066d62453b6d07dd.jpg",800,800,false],"2048x2048":["https:\/\/wisecnclaser.com\/wp-content\/uploads\/2025\/05\/0c516e517e6729a6066d62453b6d07dd.jpg",800,800,false],"trp-custom-language-flag":["https:\/\/wisecnclaser.com\/wp-content\/uploads\/2025\/05\/0c516e517e6729a6066d62453b6d07dd-12x12.jpg",12,12,true],"woocommerce_thumbnail":["https:\/\/wisecnclaser.com\/wp-content\/uploads\/2025\/05\/0c516e517e6729a6066d62453b6d07dd-300x300.jpg",300,300,true],"woocommerce_single":["https:\/\/wisecnclaser.com\/wp-content\/uploads\/2025\/05\/0c516e517e6729a6066d62453b6d07dd-600x600.jpg",600,600,true],"woocommerce_gallery_thumbnail":["https:\/\/wisecnclaser.com\/wp-content\/uploads\/2025\/05\/0c516e517e6729a6066d62453b6d07dd-100x100.jpg",100,100,true]},"uagb_author_info":{"display_name":"jinxing6611@gmail.com","author_link":"https:\/\/wisecnclaser.com\/tr\/author\/"},"uagb_comment_info":0,"uagb_excerpt":"Features of MFZ360D Automatic Edge Banding Machine: The automatic edge banding machine is a processing equipment for automatic edge banding of panel furniture, saving labor and time, perfect edge banding, and advanced The configuration and reasonable design reduce the difficulty of work, reduce the dependence on skilled workers, and greatly improve the quality of the&hellip;","_links":{"self":[{"href":"https:\/\/wisecnclaser.com\/tr\/wp-json\/wp\/v2\/product\/3594","targetHints":{"allow":["GET"]}}],"collection":[{"href":"https:\/\/wisecnclaser.com\/tr\/wp-json\/wp\/v2\/product"}],"about":[{"href":"https:\/\/wisecnclaser.com\/tr\/wp-json\/wp\/v2\/types\/product"}],"wp:featuredmedia":[{"embeddable":true,"href":"https:\/\/wisecnclaser.com\/tr\/wp-json\/wp\/v2\/media\/3597"}],"wp:attachment":[{"href":"https:\/\/wisecnclaser.com\/tr\/wp-json\/wp\/v2\/media?parent=3594"}],"wp:term":[{"taxonomy":"product_brand","embeddable":true,"href":"https:\/\/wisecnclaser.com\/tr\/wp-json\/wp\/v2\/product_brand?post=3594"},{"taxonomy":"product_cat","embeddable":true,"href":"https:\/\/wisecnclaser.com\/tr\/wp-json\/wp\/v2\/product_cat?post=3594"},{"taxonomy":"product_tag","embeddable":true,"href":"https:\/\/wisecnclaser.com\/tr\/wp-json\/wp\/v2\/product_tag?post=3594"}],"curies":[{"name":"wp","href":"https:\/\/api.w.org\/{rel}","templated":true}]}}