{"id":3614,"date":"2025-05-22T23:33:10","date_gmt":"2025-05-22T23:33:10","guid":{"rendered":"https:\/\/wisecnclaser.com\/?post_type=product&#038;p=3614"},"modified":"2025-05-22T23:33:10","modified_gmt":"2025-05-22T23:33:10","slug":"mfz360-fully-automatic-edge-banding-machine","status":"publish","type":"product","link":"https:\/\/wisecnclaser.com\/tr\/urun\/mfz360-fully-automatic-edge-banding-machine\/","title":{"rendered":"MFZ360 Tam Otomatik Kenar Bantlama Makinesi"},"content":{"rendered":"<p><strong>Fe<\/strong><strong>MFZ260 Otomatik Kenar Bantlama Makinesi'nin \u00f6zellikleri:<\/strong><\/p>\n<p>1. Bu makine masif ah\u015fap yonga levha, masif ah\u015fap \u00e7ok katmanl\u0131 levha, yo\u011funluk tahtas\u0131, masif ah\u015fap ve di\u011fer plaka i\u015f par\u00e7alar\u0131n\u0131n do\u011frusal kenar s\u0131zd\u0131rmazl\u0131\u011f\u0131 i\u00e7in uygundur.<\/p>\n<p>2. Kenar band\u0131n\u0131n malzemesi PVC kaplama \u015feridi vb. olarak kullan\u0131labilir.<\/p>\n<p>3. \u00d6n \u0131s\u0131tma, Yap\u0131\u015ft\u0131rma, U\u00e7 Kesme, Kaba D\u00fczeltme, \u0130nce D\u00fczeltme, Kaz\u0131ma ve Parlatma gibi i\u015flevler.<\/p>\n<p><strong>\u00a0<\/strong><\/p>\n<p><strong>Teknik Parametreler:<\/strong><\/p>\n<table border=\"1\" width=\"662\">\n<tbody>\n<tr class=\"firstRow\">\n<td colspan=\"2\" valign=\"center\" width=\"662\"><strong>Otomatik kenar bantlama makinesinin tan\u0131m\u0131 ve \u00f6zellikleri:<\/strong><\/td>\n<\/tr>\n<tr>\n<td valign=\"top\" width=\"331\">Model<\/td>\n<td valign=\"top\" width=\"331\">MFZ360<\/td>\n<\/tr>\n<tr>\n<td valign=\"top\" width=\"331\">Motor g\u00fcc\u00fc<\/td>\n<td valign=\"top\" width=\"331\">8.94kw<\/td>\n<\/tr>\n<tr>\n<td valign=\"top\" width=\"331\">Genel boyut<\/td>\n<td valign=\"top\" width=\"331\">4320\u00d71100\u00d71600mm<\/td>\n<\/tr>\n<tr>\n<td valign=\"top\" width=\"331\">Besleme h\u0131z\u0131<\/td>\n<td valign=\"top\" width=\"331\">12-20m\/dak<\/td>\n<\/tr>\n<tr>\n<td valign=\"top\" width=\"331\">Panel kal\u0131nl\u0131\u011f\u0131<\/td>\n<td valign=\"top\" width=\"331\">10-60mm<\/td>\n<\/tr>\n<tr>\n<td valign=\"top\" width=\"331\">Kenar kal\u0131nl\u0131\u011f\u0131<\/td>\n<td valign=\"top\" width=\"331\">0.4-3mm<\/td>\n<\/tr>\n<tr>\n<td valign=\"top\" width=\"331\">Panel geni\u015fli\u011fi<\/td>\n<td valign=\"top\" width=\"331\">\u226580mm<\/td>\n<\/tr>\n<tr>\n<td valign=\"top\" width=\"331\">\u00c7al\u0131\u015fma bas\u0131nc\u0131<\/td>\n<td valign=\"top\" width=\"331\">6kg<\/td>\n<\/tr>\n<tr>\n<td valign=\"top\" width=\"331\">A\u011f\u0131rl\u0131k<\/td>\n<td valign=\"top\" width=\"331\">1900kgs<\/td>\n<\/tr>\n<\/tbody>\n<\/table>\n<p><strong>Fonksiyon:<\/strong><\/p>\n<table border=\"1\">\n<tbody>\n<tr class=\"firstRow\">\n<td valign=\"top\" width=\"111\">\u00d6n frezeleme<\/td>\n<td valign=\"top\" width=\"153\">\/<\/td>\n<\/tr>\n<tr>\n<td valign=\"top\" width=\"111\">Yap\u0131\u015ft\u0131rma<\/td>\n<td valign=\"top\" width=\"153\">\u25cf<\/td>\n<\/tr>\n<tr>\n<td valign=\"top\" width=\"111\">U\u00e7 kesme<\/td>\n<td valign=\"top\" width=\"153\">\u25cf<\/td>\n<\/tr>\n<tr>\n<td valign=\"top\" width=\"111\">Kaba d\u00fczeltme<\/td>\n<td valign=\"top\" width=\"153\">\/<\/td>\n<\/tr>\n<tr>\n<td valign=\"top\" width=\"111\">\u0130nce d\u00fczeltme<\/td>\n<td valign=\"top\" width=\"153\">\u25cf<\/td>\n<\/tr>\n<tr>\n<td valign=\"top\" width=\"111\">Profilleme \u00fcnitesi<\/td>\n<td valign=\"top\" width=\"153\">\/<\/td>\n<\/tr>\n<tr>\n<td valign=\"top\" width=\"111\">Kaz\u0131ma<\/td>\n<td valign=\"top\" width=\"153\">\u25cf<\/td>\n<\/tr>\n<tr>\n<td valign=\"top\" width=\"111\">Parlat\u0131c\u0131<\/td>\n<td valign=\"top\" width=\"153\">\u25cf<\/td>\n<\/tr>\n<tr>\n<td valign=\"top\" width=\"111\">Kanal a\u00e7ma<\/td>\n<td valign=\"top\" width=\"153\">\/<\/td>\n<\/tr>\n<\/tbody>\n<\/table>\n<p><strong>\u00a0<\/strong><\/p>","protected":false},"excerpt":{"rendered":"<p><strong>Fe<\/strong><strong>MFZ260 Otomatik Kenar Bantlama Makinesi'nin \u00f6zellikleri:<\/strong><\/p>\n<p>1. Bu makine masif ah\u015fap yonga levha, masif ah\u015fap \u00e7ok katmanl\u0131 levha, yo\u011funluk tahtas\u0131, masif ah\u015fap ve di\u011fer plaka i\u015f par\u00e7alar\u0131n\u0131n do\u011frusal kenar s\u0131zd\u0131rmazl\u0131\u011f\u0131 i\u00e7in uygundur.<\/p>\n<p>2. Kenar band\u0131n\u0131n malzemesi PVC kaplama \u015feridi vb. olarak kullan\u0131labilir.<\/p>\n<p>3. \u00d6n \u0131s\u0131tma, Yap\u0131\u015ft\u0131rma, U\u00e7 Kesme, Kaba D\u00fczeltme, \u0130nce D\u00fczeltme, Kaz\u0131ma ve Parlatma gibi i\u015flevler.<\/p>","protected":false},"featured_media":3617,"template":"","meta":{"_seopress_robots_primary_cat":"","_seopress_titles_title":"","_seopress_titles_desc":"","_seopress_robots_index":"","_uag_custom_page_level_css":"","site-sidebar-layout":"default","site-content-layout":"","ast-site-content-layout":"default","site-content-style":"default","site-sidebar-style":"default","ast-global-header-display":"","ast-banner-title-visibility":"","ast-main-header-display":"","ast-hfb-above-header-display":"","ast-hfb-below-header-display":"","ast-hfb-mobile-header-display":"","site-post-title":"","ast-breadcrumbs-content":"","ast-featured-img":"","footer-sml-layout":"","ast-disable-related-posts":"","theme-transparent-header-meta":"default","adv-header-id-meta":"","stick-header-meta":"default","header-above-stick-meta":"","header-main-stick-meta":"","header-below-stick-meta":"","astra-migrate-meta-layouts":"set","ast-page-background-enabled":"default","ast-page-background-meta":{"desktop":{"background-color":"","background-image":"","background-repeat":"repeat","background-position":"center center","background-size":"auto","background-attachment":"scroll","background-type":"","background-media":"","overlay-type":"","overlay-color":"","overlay-opacity":"","overlay-gradient":""},"tablet":{"background-color":"","background-image":"","background-repeat":"repeat","background-position":"center center","background-size":"auto","background-attachment":"scroll","background-type":"","background-media":"","overlay-type":"","overlay-color":"","overlay-opacity":"","overlay-gradient":""},"mobile":{"background-color":"","background-image":"","background-repeat":"repeat","background-position":"center center","background-size":"auto","background-attachment":"scroll","background-type":"","background-media":"","overlay-type":"","overlay-color":"","overlay-opacity":"","overlay-gradient":""}},"ast-content-background-meta":{"desktop":{"background-color":"var(--ast-global-color-5)","background-image":"","background-repeat":"repeat","background-position":"center center","background-size":"auto","background-attachment":"scroll","background-type":"","background-media":"","overlay-type":"","overlay-color":"","overlay-opacity":"","overlay-gradient":""},"tablet":{"background-color":"var(--ast-global-color-5)","background-image":"","background-repeat":"repeat","background-position":"center center","background-size":"auto","background-attachment":"scroll","background-type":"","background-media":"","overlay-type":"","overlay-color":"","overlay-opacity":"","overlay-gradient":""},"mobile":{"background-color":"var(--ast-global-color-5)","background-image":"","background-repeat":"repeat","background-position":"center center","background-size":"auto","background-attachment":"scroll","background-type":"","background-media":"","overlay-type":"","overlay-color":"","overlay-opacity":"","overlay-gradient":""}}},"product_brand":[],"product_cat":[35],"product_tag":[],"class_list":{"0":"post-3614","1":"product","2":"type-product","3":"status-publish","4":"has-post-thumbnail","6":"product_cat-banding","7":"desktop-align-left","8":"tablet-align-left","9":"mobile-align-left","10":"ast-product-gallery-layout-horizontal-slider","11":"ast-product-gallery-with-no-image","12":"ast-product-tabs-layout-horizontal","14":"first","15":"instock","16":"shipping-taxable","17":"product-type-simple"},"uagb_featured_image_src":{"full":["https:\/\/wisecnclaser.com\/wp-content\/uploads\/2025\/05\/9b1b1fc1ad11da5c96ab3d4855f0e29a.jpg",800,800,false],"thumbnail":["https:\/\/wisecnclaser.com\/wp-content\/uploads\/2025\/05\/9b1b1fc1ad11da5c96ab3d4855f0e29a-150x150.jpg",150,150,true],"medium":["https:\/\/wisecnclaser.com\/wp-content\/uploads\/2025\/05\/9b1b1fc1ad11da5c96ab3d4855f0e29a-300x300.jpg",300,300,true],"medium_large":["https:\/\/wisecnclaser.com\/wp-content\/uploads\/2025\/05\/9b1b1fc1ad11da5c96ab3d4855f0e29a-768x768.jpg",768,768,true],"large":["https:\/\/wisecnclaser.com\/wp-content\/uploads\/2025\/05\/9b1b1fc1ad11da5c96ab3d4855f0e29a.jpg",800,800,false],"1536x1536":["https:\/\/wisecnclaser.com\/wp-content\/uploads\/2025\/05\/9b1b1fc1ad11da5c96ab3d4855f0e29a.jpg",800,800,false],"2048x2048":["https:\/\/wisecnclaser.com\/wp-content\/uploads\/2025\/05\/9b1b1fc1ad11da5c96ab3d4855f0e29a.jpg",800,800,false],"trp-custom-language-flag":["https:\/\/wisecnclaser.com\/wp-content\/uploads\/2025\/05\/9b1b1fc1ad11da5c96ab3d4855f0e29a-12x12.jpg",12,12,true],"woocommerce_thumbnail":["https:\/\/wisecnclaser.com\/wp-content\/uploads\/2025\/05\/9b1b1fc1ad11da5c96ab3d4855f0e29a-300x300.jpg",300,300,true],"woocommerce_single":["https:\/\/wisecnclaser.com\/wp-content\/uploads\/2025\/05\/9b1b1fc1ad11da5c96ab3d4855f0e29a-600x600.jpg",600,600,true],"woocommerce_gallery_thumbnail":["https:\/\/wisecnclaser.com\/wp-content\/uploads\/2025\/05\/9b1b1fc1ad11da5c96ab3d4855f0e29a-100x100.jpg",100,100,true]},"uagb_author_info":{"display_name":"jinxing6611@gmail.com","author_link":"https:\/\/wisecnclaser.com\/tr\/author\/"},"uagb_comment_info":0,"uagb_excerpt":"Features of MFZ260 Automatic Edge Banding Machine: 1. This machine is suitable for linear edge sealing of solid wood particle board, solid wood multilayer board, density board, solid wood and other plate work pieces. 2. The material of edge band can be used as PVC veneer strip, etc. 3. Functions including Pre-heating, Gluing, End Cutting,&hellip;","_links":{"self":[{"href":"https:\/\/wisecnclaser.com\/tr\/wp-json\/wp\/v2\/product\/3614","targetHints":{"allow":["GET"]}}],"collection":[{"href":"https:\/\/wisecnclaser.com\/tr\/wp-json\/wp\/v2\/product"}],"about":[{"href":"https:\/\/wisecnclaser.com\/tr\/wp-json\/wp\/v2\/types\/product"}],"wp:featuredmedia":[{"embeddable":true,"href":"https:\/\/wisecnclaser.com\/tr\/wp-json\/wp\/v2\/media\/3617"}],"wp:attachment":[{"href":"https:\/\/wisecnclaser.com\/tr\/wp-json\/wp\/v2\/media?parent=3614"}],"wp:term":[{"taxonomy":"product_brand","embeddable":true,"href":"https:\/\/wisecnclaser.com\/tr\/wp-json\/wp\/v2\/product_brand?post=3614"},{"taxonomy":"product_cat","embeddable":true,"href":"https:\/\/wisecnclaser.com\/tr\/wp-json\/wp\/v2\/product_cat?post=3614"},{"taxonomy":"product_tag","embeddable":true,"href":"https:\/\/wisecnclaser.com\/tr\/wp-json\/wp\/v2\/product_tag?post=3614"}],"curies":[{"name":"wp","href":"https:\/\/api.w.org\/{rel}","templated":true}]}}