{"id":3618,"date":"2025-05-23T00:22:21","date_gmt":"2025-05-23T00:22:21","guid":{"rendered":"https:\/\/wisecnclaser.com\/?post_type=product&#038;p=3618"},"modified":"2025-05-23T00:22:22","modified_gmt":"2025-05-23T00:22:22","slug":"nesting-software","status":"publish","type":"product","link":"https:\/\/wisecnclaser.com\/tr\/urun\/nesting-software\/","title":{"rendered":"Yerle\u015ftirme Yaz\u0131l\u0131m\u0131"},"content":{"rendered":"<p>Tamamen \u0130ngilizce Mobilya Tasar\u0131m Yaz\u0131l\u0131m\u0131-Y\u00fcksek H\u0131zl\u0131 4.0 S\u00fcr\u00fcm\u00fc<\/p>\n<p>1. \u00d6zel \u015fekillerin elle \u00e7izilmesi, herhangi bir karma\u015f\u0131k \u00f6zel \u015fekil edit\u00f6r\u00fc veya kod form\u00fcl\u00fc kullan\u0131lmadan iste\u011fe ba\u011fl\u0131 olarak yap\u0131labilir. Operat\u00f6r\u00fcn kendi takdirine ba\u011fl\u0131 olarak \u00e7izdi\u011fi \u00f6zel \u015fekiller, yerel veritaban\u0131na parametrelendirilmi\u015f bir mod\u00fcl olarak kaydedilebilir ve plaka parametreleri otomatik olarak hesaplanabilir ve bir dahaki sefere do\u011frudan, rahat ve an\u0131nda \u00e7a\u011fr\u0131labilir<\/p>\n<p>2. Tersine modelleme Tersine modelleme, tek t\u0131kla kaydetme ve do\u011frudan \u00e7a\u011f\u0131rma olana\u011f\u0131 sa\u011flar. Plakalarla olu\u015fturulan kabin, tek bir tu\u015fla veritaban\u0131na bir mod\u00fcl olarak kaydedilebilir, bu da mod\u00fcl\u00fcn yoktan varl\u0131\u011fa ve karma\u015f\u0131kl\u0131ktan basitli\u011fe s\u00fcrecini ger\u00e7ekten ger\u00e7ekle\u015ftirir. Bir sonraki \u00e7a\u011f\u0131rma s\u0131ras\u0131nda, boyut, plaka kal\u0131nl\u0131\u011f\u0131, \u00f6l\u00e7eklendirme vb. tek bir tu\u015fla de\u011fi\u015ftirilebilir ve \u00e7izim h\u0131zl\u0131 bir \u015fekilde tamamlanabilir<\/p>\n<p>3. QR kodu takma i\u015flevi Montajlar\u0131n ve i\u00e7 yap\u0131lar\u0131n bir bak\u0131\u015fta netle\u015fti\u011fi, hata oran\u0131n\u0131 azaltabilen ve kurulum i\u00e7in uygun olan kabinin patlay\u0131c\u0131 bir g\u00f6r\u00fcn\u00fcm\u00fc olu\u015fturulabilir. Olu\u015fturulan iki boyutlu kod, patlay\u0131c\u0131 g\u00f6r\u00fcn\u00fcm\u00fc olu\u015fturmak i\u00e7in cep telefonu taraf\u0131ndan taranabilir. Cep telefonunun kurulum \u015femas\u0131, barkod etiketine tek tek kar\u015f\u0131l\u0131k gelir ve ger\u00e7ekten \"\u015femas\u0131z\" bir kurulum ger\u00e7ekle\u015ftirir.<\/p>\n<p>4. Alt\u0131 tarafl\u0131 \u00e7izim giri\u015fimi ger\u00e7ek \u00fc\u00e7 boyutlu alt\u0131 tarafl\u0131 grafik ve \u00e7ok tarafl\u0131 \u00e7izim, L \u015feklindeki vestiyer ve U \u015feklindeki dolab\u0131n \u00e7izimlerini yapmak i\u00e7in kullan\u0131labilir. Farkl\u0131 g\u00f6r\u00fcn\u00fcmler se\u00e7ilebilir ve plakalar, \u00e7ekmece bile\u015fenleri vb. iste\u011fe ba\u011fl\u0131 olarak eklenebilir. Farkl\u0131 g\u00f6r\u00fcn\u00fcmler resmi \u00e7izimlere d\u00f6n\u00fc\u015ft\u00fcr\u00fclebilir, sekt\u00f6rdeki \u00f6nemli bir sorunu \u00e7\u00f6zebilir ve t\u00fcm evin \u00f6zelle\u015ftirilmesini sa\u011flayabilir<\/p>\n<p>5. \u00c7ift \u00e7ekirdekli veritaban\u0131nda ger\u00e7ek zamanl\u0131 g\u00fcncelleme Bulut ve yerel \u00e7ift \u00e7ekirdekli veritabanlar\u0131 s\u00fcrekli olarak geni\u015fletilir ve yerel veritaban\u0131 s\u00fcrekli olarak kaydedilirken bulut veritaban\u0131 ger\u00e7ek zamanl\u0131 olarak g\u00fcncellenir. Bu, veritaban\u0131n\u0131z\u0131 gittik\u00e7e b\u00fcy\u00fctecek ve tasar\u0131mc\u0131lar\u0131n t\u00fcm dolaplar\u0131 bulmas\u0131na ve t\u00fcm i\u015f\u00e7ili\u011fi uygulamas\u0131na olanak tan\u0131yacakt\u0131r.<\/p>\n<p>6. CAD \u0130\u00e7e ve D\u0131\u015fa Aktarma CAD bile\u015fenleri i\u00e7e aktar\u0131labilir ve alana otomatik olarak uyarlanabilir. \u0130\u00e7e aktar\u0131lan bile\u015fenler bir mod\u00fcl olarak kaydedilebilir ve yerel veritaban\u0131na y\u00fcklenebilir ve boyut, \u00f6l\u00e7eklendirme vb. bir sonraki \u00e7a\u011fr\u0131 s\u0131ras\u0131nda otomatik olarak de\u011fi\u015ftirilebilir. Ayr\u0131ca, CAD \u00f6zel \u015fekilli plakalar i\u00e7e aktar\u0131labilir, CAD d\u00fczlemi, \u00fc\u00e7 boyutlu \u00e7izimler vb. tek bir tu\u015fla i\u00e7e ve d\u0131\u015fa aktar\u0131labilir<\/p>\n<p>7. Boyut kombinasyonu kabin \u00e7a\u011fr\u0131labilir, plakalar\u0131n yeri de\u011fi\u015ftirilebilir ve alandaki plakalar otomatik olarak yukar\u0131 veya a\u015fa\u011f\u0131 \u00f6l\u00e7eklendirilebilir. \u00c7izimden sonra, alan\u0131n boyutu iste\u011fe ba\u011fl\u0131 olarak de\u011fi\u015ftirilebilir. Bu, tasar\u0131mda s\u0131k s\u0131k silme, de\u011fi\u015ftirme ve hesaplamay\u0131 \u00f6nleyecek ve tasar\u0131m\u0131n\u0131z\u0131 esnek hale getirecektir.<\/p>\n<p>8. Tek tu\u015fla e\u011fim verme Standart dolab\u0131n tek tu\u015fla e\u011fimi mevcuttur. E\u011fimli ve merdiven \u015feklindeki dolap tek seferde olu\u015fturulabilir. Kabin, deliklerin konumu ve e\u011fim a\u00e7\u0131s\u0131 otomatik olarak olu\u015fturulabilir ve e\u011fim plakalar\u0131 otomatik olarak hesaplanabilir.<\/p>\n<p>9. Kombinasyon K\u00f6\u015fe Kesimi geleneksel dolaplar do\u011frudan otomatik pahlama i\u00e7in \u00e7a\u011fr\u0131labilir, pahlama tipi ve derinli\u011fi serbest\u00e7e se\u00e7ilebilir, yatay ve dikey pahlama serbest\u00e7e birle\u015ftirilebilir ve \u00e7oklu pahlama i\u015flemleri serbest\u00e7e se\u00e7ilebilir. Daha \u00e7al\u0131\u015ft\u0131r\u0131labilirdir ve \u00e7e\u015fitli ev tiplerine uyarlanabilir. \u00dcst ve alt veya sol ve sa\u011f pah a\u00e7man\u0131n iste\u011fe ba\u011fl\u0131 kombinasyonu sizi dolap pah a\u00e7ma zahmetinden kurtaracakt\u0131r.<\/p>\n<p>10. \u015earap kasas\u0131 tek bir tu\u015fla \u00fcretilirken, se\u00e7ilen alanda tek bir tu\u015fla d\u00f6rt tip \u015farap kasas\u0131 (yatay-dikey, yar\u0131m a\u00e7\u0131l\u0131 ve tam a\u00e7\u0131l\u0131 tip gibi) \u00fcretilebilir. \u015earap kasas\u0131n\u0131n kenar band\u0131, \u00e7entik marj\u0131, boyutu vb. serbest\u00e7e ayarlanabilir ve \u015farap kasas\u0131n\u0131n bo\u015flu\u011fu ger\u00e7ek zamanl\u0131 olarak hesaplanabilir<\/p>\n<p>11. Parametre ayar\u0131 Kayar ray, tutamak, mente\u015fe ve ta\u015f\u0131ma ray\u0131 borusu gibi \u00e7e\u015fitli aksesuarlar tek bir tu\u015fla otomatik olarak eklenebilir. Aksesuarlar \u00fczerindeki deliklerin konumu otomatik olarak olu\u015fturulabilir ve gerekti\u011fi gibi ayarlanabilir<\/p>\n<p>12. Tek bir t\u0131klama ile raporlar\u0131 d\u0131\u015fa aktar\u0131n Yaz\u0131l\u0131m olu\u015fturabilir\u2460Tahta boyutu ve delik bilgileri\u2461Tahta malzeme listesi\u2462Par\u00e7a listesi\u2463 Donan\u0131m listesi\u2464Elektronik testere listesi\u2465Teklif\u2466Kurulum \u00e7izimleri\u2467CAD \u00e7izimi<\/p>\n<p>13. S\u00fcper Rendering S\u00fcper 3D render, \u00f6zelle\u015ftirilmi\u015f ev tipi, 720 derece panoramik ve \u00e7ok y\u00f6nl\u00fc i\u00e7 mekan sahne dola\u015f\u0131m\u0131 ve eklenen ayd\u0131nlatma efekti, mobilyalar\u0131n rengini ger\u00e7ekten geri kazand\u0131r\u0131r ve terminal ma\u011fazalar\u0131n\u0131n sat\u0131\u015f g\u00fcc\u00fcn\u00fc art\u0131r\u0131r<\/p>\n<p>&nbsp;<\/p>\n<p>Ah\u015fap mobilya yap\u0131m\u0131 i\u00e7in Speed serisi yuvalama mobilya yaz\u0131l\u0131m\u0131 (\u00dcretim)<\/p>\n<p>1. G\u00f6r\u00fcnmez konekt\u00f6r \u00c7e\u015fitli g\u00f6r\u00fcnmez konekt\u00f6rleri destekler, sizin i\u00e7in \u00f6zel bir entegre kabin olu\u015fturur, geleneksel donan\u0131m\u0131n yerini al\u0131r, her tarafta g\u00f6r\u00fcnmez, kesintisiz patchwork, sa\u011flam ve dayan\u0131kl\u0131, basit kurulum. 1 Lamello\u2461U konekt\u00f6r\u2462Mod-eez<\/p>\n<p>2. Y\u00fcksek malzeme kullan\u0131m oran\u0131 Otomatik dizgi hesaplamas\u0131, farkl\u0131 kal\u0131nl\u0131klara ve farkl\u0131 panel renklerine g\u00f6re ayr\u0131 dizgi, \u00c7oklu sipari\u015f \u00fcretimi rahat ve h\u0131zl\u0131d\u0131r, kullan\u0131m oran\u0131 95% kadar y\u00fcksek olabilir. Malzemelerin maksimum kullan\u0131m\u0131n\u0131 sa\u011flamak i\u00e7in otomatik hesaplamadan sonra manuel olarak ayarlanabilir. Daha iyi i\u015fleme y\u00f6ntemleri, daha sorunsuz hesaplama s\u00fcreci, malzeme ve zamandan tasarruf sa\u011flar.<\/p>\n<p>3. \u015eekilli tahta i\u00e7 i\u00e7e dizgi, yerle\u015fim etkisini ak\u0131ll\u0131ca optimize eder, makul ve verimli. Optimum kesme ve delme yolu, ortak kenarlar kesmeyi h\u0131zland\u0131rmak, tekrarlanan ge\u00e7i\u015fleri ve bo\u015f program\u0131 \u00f6nlemek, kesme verimlili\u011fini iki kat\u0131na \u00e7\u0131karmak i\u00e7in ayarlanabilir. Yivli k\u00f6\u015felerin ve ark dizgisinin bo\u015f alan\u0131, yerden tasarruf sa\u011flar, tornalama plakas\u0131n\u0131 azalt\u0131r, i\u015flem s\u00fcresini k\u0131salt\u0131r ve plakan\u0131n kullan\u0131m oran\u0131n\u0131 b\u00fcy\u00fck \u00f6l\u00e7\u00fcde iyile\u015ftirir.<\/p>\n<p>4. B\u00fcy\u00fck tahta otomatik olarak sol \u00fcst k\u00f6\u015fede d\u00fczenlenir \u0130\u015fleme s\u0131ras\u0131n\u0131 e\u015fle\u015ftirin, D\u00fczeni otomatik hesaplay\u0131n, ak\u0131ll\u0131 i\u015fleme, \u00e7al\u0131\u015fan tahtadan ka\u00e7\u0131n\u0131n.<\/p>\n<p>5. Optimizasyondan sonra, ekipman i\u015fleme ve elektronik testere, otomatik etiketleme makinesi, i\u015fleme merkezi, PTP ve be\u015f tarafl\u0131 matkap gibi \u00e7e\u015fitli ekipman t\u00fcrlerinin sorunsuz ba\u011flant\u0131s\u0131 i\u00e7in gerekli \u00e7e\u015fitli belgeleri do\u011frudan olu\u015fturabilir.<\/p>\n<p>6. Etiket Yazd\u0131rma Etiket ka\u011f\u0131d\u0131, \u00fcretim ve i\u015fleme i\u00e7in gerekli olan ayr\u0131nt\u0131l\u0131 sipari\u015f bilgileri, yerle\u015fim \u00e7izimi, plaka bilgileri ve yan delik y\u00f6n\u00fc gibi bilgileri g\u00f6rsel olarak g\u00f6r\u00fcnt\u00fcleyebilir, b\u00f6ylece \u00e7al\u0131\u015fanlar\u0131n plakalar\u0131 s\u0131ralama s\u00fcresini k\u0131saltabilir.<\/p>\n<p>7. Tak\u0131m \u00f6n ba\u015flatma, sat\u0131r say\u0131s\u0131 \u00f6n ba\u015flatma i\u00e7in \u00f6nceden sat\u0131r say\u0131s\u0131 ayarlanabilir, \u00f6nceden h\u0131za ula\u015fabilir, \u00fcretim verimlili\u011fini art\u0131rabilir.<\/p>\n<p>8. Plaka \u00e7arp\u0131\u015fma tespiti \u0130\u015fleme hatalar\u0131n\u0131 \u00f6nlemek i\u00e7in \u00e7arp\u0131\u015fma tespitini kullan\u0131n, plakalar\u0131n \u00fcst \u00fcste binmesini ve plakalar aras\u0131ndaki k\u00fc\u00e7\u00fck bo\u015flu\u011fu vb. tespit edin.<\/p>\n<p>9. Dinlenme malzemesi, depo y\u00f6netimi \u2460Dinlenme malzemesinin birle\u015fik y\u00f6netimi, \u00f6ncelikli kullan\u0131m, israf\u0131 \u00f6nleme ve maliyet tasarrufu. \u2461Malzeme y\u00f6netimi zekas\u0131, ger\u00e7ek zamanl\u0131 envanter g\u00fcncellemesi<\/p>","protected":false},"excerpt":{"rendered":"<p>Tamamen \u0130ngilizce Mobilya Tasar\u0131m Yaz\u0131l\u0131m\u0131-Y\u00fcksek H\u0131zl\u0131 4.0 S\u00fcr\u00fcm\u00fc<\/p>\n<p>1. \u00d6zel \u015fekillerin elle \u00e7izilmesi, herhangi bir karma\u015f\u0131k \u00f6zel \u015fekil edit\u00f6r\u00fc veya kod form\u00fcl\u00fc kullan\u0131lmadan iste\u011fe ba\u011fl\u0131 olarak yap\u0131labilir. Operat\u00f6r\u00fcn kendi takdirine ba\u011fl\u0131 olarak \u00e7izdi\u011fi \u00f6zel \u015fekiller, yerel veritaban\u0131na parametrelendirilmi\u015f bir mod\u00fcl olarak kaydedilebilir ve plaka parametreleri otomatik olarak hesaplanabilir ve bir dahaki sefere do\u011frudan, rahat ve an\u0131nda \u00e7a\u011fr\u0131labilir<\/p>\n<p>2. Tersine modelleme Tersine modelleme, tek t\u0131kla kaydetme ve do\u011frudan \u00e7a\u011f\u0131rma olana\u011f\u0131 sa\u011flar. Plakalarla olu\u015fturulan kabin, tek bir tu\u015fla veritaban\u0131na bir mod\u00fcl olarak kaydedilebilir, bu da mod\u00fcl\u00fcn yoktan varl\u0131\u011fa ve karma\u015f\u0131kl\u0131ktan basitli\u011fe s\u00fcrecini ger\u00e7ekten ger\u00e7ekle\u015ftirir. Bir sonraki \u00e7a\u011f\u0131rma s\u0131ras\u0131nda, boyut, plaka kal\u0131nl\u0131\u011f\u0131, \u00f6l\u00e7eklendirme vb. tek bir tu\u015fla de\u011fi\u015ftirilebilir ve \u00e7izim h\u0131zl\u0131 bir \u015fekilde tamamlanabilir<\/p>\n<p>3. QR kodu takma i\u015flevi Montajlar\u0131n ve i\u00e7 yap\u0131lar\u0131n bir bak\u0131\u015fta netle\u015fti\u011fi, hata oran\u0131n\u0131 azaltabilen ve kurulum i\u00e7in uygun olan kabinin patlay\u0131c\u0131 bir g\u00f6r\u00fcn\u00fcm\u00fc olu\u015fturulabilir. Olu\u015fturulan iki boyutlu kod, patlay\u0131c\u0131 g\u00f6r\u00fcn\u00fcm\u00fc olu\u015fturmak i\u00e7in cep telefonu taraf\u0131ndan taranabilir. Cep telefonunun kurulum \u015femas\u0131, barkod etiketine tek tek kar\u015f\u0131l\u0131k gelir ve ger\u00e7ekten \"\u015femas\u0131z\" bir kurulum ger\u00e7ekle\u015ftirir.<\/p>\n<p>4. Alt\u0131 tarafl\u0131 \u00e7izim giri\u015fimi ger\u00e7ek \u00fc\u00e7 boyutlu alt\u0131 tarafl\u0131 grafik ve \u00e7ok tarafl\u0131 \u00e7izim, L \u015feklindeki vestiyer ve U \u015feklindeki dolab\u0131n \u00e7izimlerini yapmak i\u00e7in kullan\u0131labilir. Farkl\u0131 g\u00f6r\u00fcn\u00fcmler se\u00e7ilebilir ve plakalar, \u00e7ekmece bile\u015fenleri vb. iste\u011fe ba\u011fl\u0131 olarak eklenebilir. Farkl\u0131 g\u00f6r\u00fcn\u00fcmler resmi \u00e7izimlere d\u00f6n\u00fc\u015ft\u00fcr\u00fclebilir, sekt\u00f6rdeki \u00f6nemli bir sorunu \u00e7\u00f6zebilir ve t\u00fcm evin \u00f6zelle\u015ftirilmesini sa\u011flayabilir<\/p>\n<p>5. \u00c7ift \u00e7ekirdekli veritaban\u0131nda ger\u00e7ek zamanl\u0131 g\u00fcncelleme Bulut ve yerel \u00e7ift \u00e7ekirdekli veritabanlar\u0131 s\u00fcrekli olarak geni\u015fletilir ve yerel veritaban\u0131 s\u00fcrekli olarak kaydedilirken bulut veritaban\u0131 ger\u00e7ek zamanl\u0131 olarak g\u00fcncellenir. Bu, veritaban\u0131n\u0131z\u0131 gittik\u00e7e b\u00fcy\u00fctecek ve tasar\u0131mc\u0131lar\u0131n t\u00fcm dolaplar\u0131 bulmas\u0131na ve t\u00fcm i\u015f\u00e7ili\u011fi uygulamas\u0131na olanak tan\u0131yacakt\u0131r.<\/p>\n<p>6. CAD \u0130\u00e7e ve D\u0131\u015fa Aktarma CAD bile\u015fenleri i\u00e7e aktar\u0131labilir ve alana otomatik olarak uyarlanabilir. \u0130\u00e7e aktar\u0131lan bile\u015fenler bir mod\u00fcl olarak kaydedilebilir ve yerel veritaban\u0131na y\u00fcklenebilir ve boyut, \u00f6l\u00e7eklendirme vb. bir sonraki \u00e7a\u011fr\u0131 s\u0131ras\u0131nda otomatik olarak de\u011fi\u015ftirilebilir. Ayr\u0131ca, CAD \u00f6zel \u015fekilli plakalar i\u00e7e aktar\u0131labilir, CAD d\u00fczlemi, \u00fc\u00e7 boyutlu \u00e7izimler vb. tek bir tu\u015fla i\u00e7e ve d\u0131\u015fa aktar\u0131labilir<\/p>","protected":false},"featured_media":3621,"template":"","meta":{"_seopress_robots_primary_cat":"","_seopress_titles_title":"","_seopress_titles_desc":"","_seopress_robots_index":"","_uag_custom_page_level_css":"","site-sidebar-layout":"default","site-content-layout":"","ast-site-content-layout":"default","site-content-style":"default","site-sidebar-style":"default","ast-global-header-display":"","ast-banner-title-visibility":"","ast-main-header-display":"","ast-hfb-above-header-display":"","ast-hfb-below-header-display":"","ast-hfb-mobile-header-display":"","site-post-title":"","ast-breadcrumbs-content":"","ast-featured-img":"","footer-sml-layout":"","ast-disable-related-posts":"","theme-transparent-header-meta":"default","adv-header-id-meta":"","stick-header-meta":"default","header-above-stick-meta":"","header-main-stick-meta":"","header-below-stick-meta":"","astra-migrate-meta-layouts":"set","ast-page-background-enabled":"default","ast-page-background-meta":{"desktop":{"background-color":"","background-image":"","background-repeat":"repeat","background-position":"center center","background-size":"auto","background-attachment":"scroll","background-type":"","background-media":"","overlay-type":"","overlay-color":"","overlay-opacity":"","overlay-gradient":""},"tablet":{"background-color":"","background-image":"","background-repeat":"repeat","background-position":"center center","background-size":"auto","background-attachment":"scroll","background-type":"","background-media":"","overlay-type":"","overlay-color":"","overlay-opacity":"","overlay-gradient":""},"mobile":{"background-color":"","background-image":"","background-repeat":"repeat","background-position":"center center","background-size":"auto","background-attachment":"scroll","background-type":"","background-media":"","overlay-type":"","overlay-color":"","overlay-opacity":"","overlay-gradient":""}},"ast-content-background-meta":{"desktop":{"background-color":"var(--ast-global-color-5)","background-image":"","background-repeat":"repeat","background-position":"center center","background-size":"auto","background-attachment":"scroll","background-type":"","background-media":"","overlay-type":"","overlay-color":"","overlay-opacity":"","overlay-gradient":""},"tablet":{"background-color":"var(--ast-global-color-5)","background-image":"","background-repeat":"repeat","background-position":"center center","background-size":"auto","background-attachment":"scroll","background-type":"","background-media":"","overlay-type":"","overlay-color":"","overlay-opacity":"","overlay-gradient":""},"mobile":{"background-color":"var(--ast-global-color-5)","background-image":"","background-repeat":"repeat","background-position":"center center","background-size":"auto","background-attachment":"scroll","background-type":"","background-media":"","overlay-type":"","overlay-color":"","overlay-opacity":"","overlay-gradient":""}}},"product_brand":[],"product_cat":[56],"product_tag":[],"class_list":{"0":"post-3618","1":"product","2":"type-product","3":"status-publish","4":"has-post-thumbnail","6":"product_cat-nestings","7":"desktop-align-left","8":"tablet-align-left","9":"mobile-align-left","10":"ast-product-gallery-layout-horizontal-slider","11":"ast-product-gallery-with-no-image","12":"ast-product-tabs-layout-horizontal","14":"first","15":"instock","16":"shipping-taxable","17":"product-type-simple"},"uagb_featured_image_src":{"full":["https:\/\/wisecnclaser.com\/wp-content\/uploads\/2025\/05\/5c334ffccd4741cd55d803fd1f1f8abf.png",800,800,false],"thumbnail":["https:\/\/wisecnclaser.com\/wp-content\/uploads\/2025\/05\/5c334ffccd4741cd55d803fd1f1f8abf-150x150.png",150,150,true],"medium":["https:\/\/wisecnclaser.com\/wp-content\/uploads\/2025\/05\/5c334ffccd4741cd55d803fd1f1f8abf-300x300.png",300,300,true],"medium_large":["https:\/\/wisecnclaser.com\/wp-content\/uploads\/2025\/05\/5c334ffccd4741cd55d803fd1f1f8abf-768x768.png",768,768,true],"large":["https:\/\/wisecnclaser.com\/wp-content\/uploads\/2025\/05\/5c334ffccd4741cd55d803fd1f1f8abf.png",800,800,false],"1536x1536":["https:\/\/wisecnclaser.com\/wp-content\/uploads\/2025\/05\/5c334ffccd4741cd55d803fd1f1f8abf.png",800,800,false],"2048x2048":["https:\/\/wisecnclaser.com\/wp-content\/uploads\/2025\/05\/5c334ffccd4741cd55d803fd1f1f8abf.png",800,800,false],"trp-custom-language-flag":["https:\/\/wisecnclaser.com\/wp-content\/uploads\/2025\/05\/5c334ffccd4741cd55d803fd1f1f8abf-12x12.png",12,12,true],"woocommerce_thumbnail":["https:\/\/wisecnclaser.com\/wp-content\/uploads\/2025\/05\/5c334ffccd4741cd55d803fd1f1f8abf-300x300.png",300,300,true],"woocommerce_single":["https:\/\/wisecnclaser.com\/wp-content\/uploads\/2025\/05\/5c334ffccd4741cd55d803fd1f1f8abf-600x600.png",600,600,true],"woocommerce_gallery_thumbnail":["https:\/\/wisecnclaser.com\/wp-content\/uploads\/2025\/05\/5c334ffccd4741cd55d803fd1f1f8abf-100x100.png",100,100,true]},"uagb_author_info":{"display_name":"jinxing6611@gmail.com","author_link":"https:\/\/wisecnclaser.com\/tr\/author\/"},"uagb_comment_info":0,"uagb_excerpt":"Fully English language Furniture\u00a0Design Software\u2014High Speed 4.0 Version 1.\u00a0Alien drawn by hand drawing special shapes by hand can be done at discretion without use of any complex special shape editors or code formulas. The special shapes that are drawn by the operator at his own discretion can be saved as a parameterized module to the&hellip;","_links":{"self":[{"href":"https:\/\/wisecnclaser.com\/tr\/wp-json\/wp\/v2\/product\/3618","targetHints":{"allow":["GET"]}}],"collection":[{"href":"https:\/\/wisecnclaser.com\/tr\/wp-json\/wp\/v2\/product"}],"about":[{"href":"https:\/\/wisecnclaser.com\/tr\/wp-json\/wp\/v2\/types\/product"}],"wp:featuredmedia":[{"embeddable":true,"href":"https:\/\/wisecnclaser.com\/tr\/wp-json\/wp\/v2\/media\/3621"}],"wp:attachment":[{"href":"https:\/\/wisecnclaser.com\/tr\/wp-json\/wp\/v2\/media?parent=3618"}],"wp:term":[{"taxonomy":"product_brand","embeddable":true,"href":"https:\/\/wisecnclaser.com\/tr\/wp-json\/wp\/v2\/product_brand?post=3618"},{"taxonomy":"product_cat","embeddable":true,"href":"https:\/\/wisecnclaser.com\/tr\/wp-json\/wp\/v2\/product_cat?post=3618"},{"taxonomy":"product_tag","embeddable":true,"href":"https:\/\/wisecnclaser.com\/tr\/wp-json\/wp\/v2\/product_tag?post=3618"}],"curies":[{"name":"wp","href":"https:\/\/api.w.org\/{rel}","templated":true}]}}