{"id":3631,"date":"2025-05-23T00:31:03","date_gmt":"2025-05-23T00:31:03","guid":{"rendered":"https:\/\/wisecnclaser.com\/?post_type=product&#038;p=3631"},"modified":"2025-05-23T00:31:03","modified_gmt":"2025-05-23T00:31:03","slug":"wise48-heavy-duty-atc-cnc-router","status":"publish","type":"product","link":"https:\/\/wisecnclaser.com\/tr\/urun\/wise48-heavy-duty-atc-cnc-router\/","title":{"rendered":"WISE48 A\u011f\u0131r Hizmet ATC CNC Router"},"content":{"rendered":"<p>\u00d6zellikler:<\/p>\n<p>1. t\u00fcm makine g\u00f6vdesi 8MM \u00e7elik diki\u015fsiz kaynak temperleme ya\u015flanma tedavisi, sert, hi\u00e7bir deformasyon yap\u0131l\u0131r.<\/p>\n<p>2. Servo motor, y\u00fcksek hassasiyet ve y\u00fcksek h\u0131z.<\/p>\n<p>3. Tayvan 30 kare ray k\u0131lavuzu, d\u00fczg\u00fcn \u00e7al\u0131\u015fma, daha kararl\u0131 y\u00fcksek hassasiyet, uzun \u00f6m\u00fcr.<\/p>\n<p>4. 9KW hava so\u011futmal\u0131 ATC i\u015f mili, uzun g\u00fc\u00e7 \u00f6mr\u00fc, 18000 r \/ dk'ya kadar h\u0131z, oyulmu\u015f p\u00fcr\u00fczs\u00fcz y\u00fczey.<\/p>\n<p>5. Ayr\u0131 bir kabin ile donat\u0131lm\u0131\u015f b\u00fcy\u00fck, dokunmatik ekran kullan\u0131m\u0131, basit ve kullan\u0131\u015fl\u0131, \u00f6\u011frenmesi kolay.<\/p>\n<p>6. \u00c7ift katmanl\u0131 vakum tablas\u0131 ile, vakum tablas\u0131 \u00fczerinde \u00e7apraz kesim yap\u0131n, daha iyi emme etkisi. Vakum sistemi, masay\u0131 temiz tutmak ve ekipman\u0131n dolayl\u0131 bak\u0131m\u0131n\u0131 sa\u011flamak i\u00e7in tala\u015f ve d\u00f6k\u00fcnt\u00fclerin i\u015flenmesi s\u00fcrecinde emilebilir.<\/p>\n<p>7.12 do\u011frusal ATC ara\u00e7lar\u0131, servo s\u00fcr\u00fc\u015f<\/p>\n<p>8. Ah\u015fap kesme, oyma, frezeleme, delik kesme i\u00e7in kullan\u0131l\u0131r, panel mobilya, giysi dolab\u0131 ve geli\u015fmi\u015f dolap kap\u0131s\u0131 yap\u0131m\u0131nda uygulan\u0131r<\/p>\n<p>&nbsp;<\/p>\n<p>Uygulama:<\/p>\n<p>Marangozluk, ah\u015fap kap\u0131lar, mobilyalar, dolaplar, kal\u0131plar, panel mobilyalar vb. i\u00e7in uygundur.<\/p>\n<p>&nbsp;<\/p>\n<table border=\"1\" width=\"666\">\n<tbody>\n<tr class=\"firstRow\">\n<td colspan=\"2\" width=\"662\">A\u011f\u0131r Hizmet ATC CNC Router'\u0131n Tan\u0131m\u0131 ve \u00d6zellikleri:<\/td>\n<\/tr>\n<tr>\n<td valign=\"top\" width=\"217\">Model<\/td>\n<td valign=\"top\" width=\"446\">WISE48<\/td>\n<\/tr>\n<tr>\n<td valign=\"top\" width=\"217\">X \u00c7al\u0131\u015fma Alan\u0131<\/td>\n<td valign=\"top\" width=\"446\">1300mm<\/td>\n<\/tr>\n<tr>\n<td valign=\"top\" width=\"217\">Y \u00c7al\u0131\u015fma Alan\u0131<\/td>\n<td valign=\"top\" width=\"446\">2500mm<\/td>\n<\/tr>\n<tr>\n<td valign=\"top\" width=\"217\">Z \u00c7al\u0131\u015fma Alan\u0131<\/td>\n<td valign=\"top\" width=\"446\">300mm<\/td>\n<\/tr>\n<tr>\n<td valign=\"top\" width=\"217\">Makine masas\u0131<\/td>\n<td valign=\"top\" width=\"446\">\u00c7ift katmanl\u0131 vakum tablas\u0131<\/td>\n<\/tr>\n<tr>\n<td valign=\"top\" width=\"217\">Seyahat Konumland\u0131rma Do\u011frulu\u011fu<\/td>\n<td valign=\"top\" width=\"446\">\u00b10,05 mm<\/td>\n<\/tr>\n<tr>\n<td valign=\"top\" width=\"217\">Yeniden Konumland\u0131rma Konumland\u0131rma Do\u011frulu\u011fu<\/td>\n<td valign=\"top\" width=\"446\">\u00b10,05 mm<\/td>\n<\/tr>\n<tr>\n<td valign=\"top\" width=\"217\">X,Y,Z Yap\u0131s\u0131<\/td>\n<td valign=\"top\" width=\"446\">XY Tayvan 2.0M di\u015fli \u00e7ark, Z Tayvan vidal\u0131 mil. T\u00fcm Eksenler Kare K\u0131lavuz kullan\u0131r<\/td>\n<\/tr>\n<tr>\n<td valign=\"top\" width=\"217\">ATC ARA\u00c7LARI<\/td>\n<td valign=\"top\" width=\"446\">S\u0131rada 12 ARA\u00c7<\/td>\n<\/tr>\n<tr>\n<td valign=\"top\" width=\"217\">Maks. H\u0131zl\u0131 Seyahat H\u0131z\u0131<\/td>\n<td valign=\"top\" width=\"446\">50000mm\/dak<\/td>\n<\/tr>\n<tr>\n<td valign=\"top\" width=\"217\">Maks. \u00c7al\u0131\u015fma H\u0131z\u0131<\/td>\n<td valign=\"top\" width=\"446\">25000 mm\/dak<\/td>\n<\/tr>\n<tr>\n<td valign=\"top\" width=\"217\">Mil<\/td>\n<td valign=\"top\" width=\"446\">9KW ATC i\u015f mili<\/td>\n<\/tr>\n<tr>\n<td valign=\"top\" width=\"217\">\u0130\u015f Mili H\u0131z\u0131<\/td>\n<td valign=\"top\" width=\"446\">0-18000rpm<\/td>\n<\/tr>\n<tr>\n<td valign=\"top\" width=\"217\">Tahrik Motoru<\/td>\n<td valign=\"top\" width=\"446\">\u00c7in servosu<\/td>\n<\/tr>\n<tr>\n<td valign=\"top\" width=\"217\">Komuta<\/td>\n<td valign=\"top\" width=\"446\">G-code*.u00*.mmg*.plt<\/td>\n<\/tr>\n<tr>\n<td valign=\"top\" width=\"217\">\u00c7al\u0131\u015fma gerilimi<\/td>\n<td valign=\"top\" width=\"446\">3PH AC380V\/50Hz<\/td>\n<\/tr>\n<tr>\n<td valign=\"top\" width=\"217\">Kontrol Sistemi<\/td>\n<td valign=\"top\" width=\"446\">Tayvan LNC Kontrol sistemi<\/td>\n<\/tr>\n<tr>\n<td valign=\"top\" width=\"217\">K\u0131lavuz ray<\/td>\n<td valign=\"top\" width=\"446\">Tayvan 30 kare ray<\/td>\n<\/tr>\n<tr>\n<td valign=\"top\" width=\"217\">Kontrol kabini<\/td>\n<td valign=\"top\" width=\"446\">ekranl\u0131 dokunmatik kabin<\/td>\n<\/tr>\n<tr>\n<td valign=\"top\" width=\"217\">Ya\u011flama sistemi<\/td>\n<td valign=\"top\" width=\"446\">Otomatik ya\u011flama sistemi<\/td>\n<\/tr>\n<tr>\n<td valign=\"top\" width=\"217\">Yard\u0131mc\u0131 cihaz<\/td>\n<td valign=\"top\" width=\"446\">Malzemeyi do\u011fru yere sabitlemek i\u00e7in a\u00e7\u0131l\u0131r pimler, her tak\u0131m\u0131n ayn\u0131 Z ekseni y\u00fcksekli\u011fini kalibre etmek i\u00e7in tak\u0131m sens\u00f6r\u00fc, 5.5kw toz toplay\u0131c\u0131, 7.5kw vakum pompas\u0131<\/td>\n<\/tr>\n<\/tbody>\n<\/table>","protected":false},"excerpt":{"rendered":"<p>tool magazine of 12 tools linear atc cnc router\u00a0can move with the gantry, which can not only change different tool heads at any time according to the processing requirements, but also has a fast tool change speed and high processing efficiency.<\/p>\n<p>One machine can basically cut 70-90 sheets wood panel a day, and the processing efficiency is very high. The board utilization rate is as high as 98%, which greatly reduces the cost of raw materials.<\/p>\n<p>Application:Panel furniture, cabinet wardrobe, office furniture, custom furniture, computer desks,\u00a0 wooden speakers, wooden kitchen utensils and other board furniture flat cutting, milling, beveling, punching, carving and other auxiliary processing<\/p>","protected":false},"featured_media":3634,"template":"","meta":{"_seopress_robots_primary_cat":"","_seopress_titles_title":"","_seopress_titles_desc":"","_seopress_robots_index":"","_uag_custom_page_level_css":"","site-sidebar-layout":"default","site-content-layout":"","ast-site-content-layout":"default","site-content-style":"default","site-sidebar-style":"default","ast-global-header-display":"","ast-banner-title-visibility":"","ast-main-header-display":"","ast-hfb-above-header-display":"","ast-hfb-below-header-display":"","ast-hfb-mobile-header-display":"","site-post-title":"","ast-breadcrumbs-content":"","ast-featured-img":"","footer-sml-layout":"","ast-disable-related-posts":"","theme-transparent-header-meta":"default","adv-header-id-meta":"","stick-header-meta":"default","header-above-stick-meta":"","header-main-stick-meta":"","header-below-stick-meta":"","astra-migrate-meta-layouts":"set","ast-page-background-enabled":"default","ast-page-background-meta":{"desktop":{"background-color":"","background-image":"","background-repeat":"repeat","background-position":"center center","background-size":"auto","background-attachment":"scroll","background-type":"","background-media":"","overlay-type":"","overlay-color":"","overlay-opacity":"","overlay-gradient":""},"tablet":{"background-color":"","background-image":"","background-repeat":"repeat","background-position":"center center","background-size":"auto","background-attachment":"scroll","background-type":"","background-media":"","overlay-type":"","overlay-color":"","overlay-opacity":"","overlay-gradient":""},"mobile":{"background-color":"","background-image":"","background-repeat":"repeat","background-position":"center center","background-size":"auto","background-attachment":"scroll","background-type":"","background-media":"","overlay-type":"","overlay-color":"","overlay-opacity":"","overlay-gradient":""}},"ast-content-background-meta":{"desktop":{"background-color":"var(--ast-global-color-5)","background-image":"","background-repeat":"repeat","background-position":"center center","background-size":"auto","background-attachment":"scroll","background-type":"","background-media":"","overlay-type":"","overlay-color":"","overlay-opacity":"","overlay-gradient":""},"tablet":{"background-color":"var(--ast-global-color-5)","background-image":"","background-repeat":"repeat","background-position":"center center","background-size":"auto","background-attachment":"scroll","background-type":"","background-media":"","overlay-type":"","overlay-color":"","overlay-opacity":"","overlay-gradient":""},"mobile":{"background-color":"var(--ast-global-color-5)","background-image":"","background-repeat":"repeat","background-position":"center center","background-size":"auto","background-attachment":"scroll","background-type":"","background-media":"","overlay-type":"","overlay-color":"","overlay-opacity":"","overlay-gradient":""}}},"product_brand":[],"product_cat":[34],"product_tag":[],"class_list":{"0":"post-3631","1":"product","2":"type-product","3":"status-publish","4":"has-post-thumbnail","6":"product_cat-nesting","7":"desktop-align-left","8":"tablet-align-left","9":"mobile-align-left","10":"ast-product-gallery-layout-horizontal-slider","11":"ast-product-tabs-layout-horizontal","13":"first","14":"instock","15":"shipping-taxable","16":"product-type-simple"},"uagb_featured_image_src":{"full":["https:\/\/wisecnclaser.com\/wp-content\/uploads\/2025\/05\/36752d094c7c1891c401876f4adde1b7.png",800,800,false],"thumbnail":["https:\/\/wisecnclaser.com\/wp-content\/uploads\/2025\/05\/36752d094c7c1891c401876f4adde1b7-150x150.png",150,150,true],"medium":["https:\/\/wisecnclaser.com\/wp-content\/uploads\/2025\/05\/36752d094c7c1891c401876f4adde1b7-300x300.png",300,300,true],"medium_large":["https:\/\/wisecnclaser.com\/wp-content\/uploads\/2025\/05\/36752d094c7c1891c401876f4adde1b7-768x768.png",768,768,true],"large":["https:\/\/wisecnclaser.com\/wp-content\/uploads\/2025\/05\/36752d094c7c1891c401876f4adde1b7.png",800,800,false],"1536x1536":["https:\/\/wisecnclaser.com\/wp-content\/uploads\/2025\/05\/36752d094c7c1891c401876f4adde1b7.png",800,800,false],"2048x2048":["https:\/\/wisecnclaser.com\/wp-content\/uploads\/2025\/05\/36752d094c7c1891c401876f4adde1b7.png",800,800,false],"trp-custom-language-flag":["https:\/\/wisecnclaser.com\/wp-content\/uploads\/2025\/05\/36752d094c7c1891c401876f4adde1b7-12x12.png",12,12,true],"woocommerce_thumbnail":["https:\/\/wisecnclaser.com\/wp-content\/uploads\/2025\/05\/36752d094c7c1891c401876f4adde1b7-300x300.png",300,300,true],"woocommerce_single":["https:\/\/wisecnclaser.com\/wp-content\/uploads\/2025\/05\/36752d094c7c1891c401876f4adde1b7-600x600.png",600,600,true],"woocommerce_gallery_thumbnail":["https:\/\/wisecnclaser.com\/wp-content\/uploads\/2025\/05\/36752d094c7c1891c401876f4adde1b7-100x100.png",100,100,true]},"uagb_author_info":{"display_name":"jinxing6611@gmail.com","author_link":"https:\/\/wisecnclaser.com\/tr\/author\/"},"uagb_comment_info":0,"uagb_excerpt":"tool magazine of 12 tools linear atc cnc router\u00a0can move with the gantry, which can not only change different tool heads at any time according to the processing requirements, but also has a fast tool change speed and high processing efficiency. One machine can basically cut 70-90 sheets wood panel a day, and the processing&hellip;","_links":{"self":[{"href":"https:\/\/wisecnclaser.com\/tr\/wp-json\/wp\/v2\/product\/3631","targetHints":{"allow":["GET"]}}],"collection":[{"href":"https:\/\/wisecnclaser.com\/tr\/wp-json\/wp\/v2\/product"}],"about":[{"href":"https:\/\/wisecnclaser.com\/tr\/wp-json\/wp\/v2\/types\/product"}],"wp:featuredmedia":[{"embeddable":true,"href":"https:\/\/wisecnclaser.com\/tr\/wp-json\/wp\/v2\/media\/3634"}],"wp:attachment":[{"href":"https:\/\/wisecnclaser.com\/tr\/wp-json\/wp\/v2\/media?parent=3631"}],"wp:term":[{"taxonomy":"product_brand","embeddable":true,"href":"https:\/\/wisecnclaser.com\/tr\/wp-json\/wp\/v2\/product_brand?post=3631"},{"taxonomy":"product_cat","embeddable":true,"href":"https:\/\/wisecnclaser.com\/tr\/wp-json\/wp\/v2\/product_cat?post=3631"},{"taxonomy":"product_tag","embeddable":true,"href":"https:\/\/wisecnclaser.com\/tr\/wp-json\/wp\/v2\/product_tag?post=3631"}],"curies":[{"name":"wp","href":"https:\/\/api.w.org\/{rel}","templated":true}]}}