{"id":3659,"date":"2025-05-23T00:57:22","date_gmt":"2025-05-23T00:57:22","guid":{"rendered":"https:\/\/wisecnclaser.com\/?post_type=product&#038;p=3659"},"modified":"2025-05-23T00:57:23","modified_gmt":"2025-05-23T00:57:23","slug":"handheld-laser-welding-machine","status":"publish","type":"product","link":"https:\/\/wisecnclaser.com\/tr\/urun\/handheld-laser-welding-machine\/","title":{"rendered":"El Tipi Lazer Kaynak Makinesi"},"content":{"rendered":"<p><b>G\u0130R\u0130\u015e<\/b><\/p>\n<p>\u00d8 Lazer kayna\u011f\u0131, malzemeleri kaynaklamak i\u00e7in \u0131s\u0131 kayna\u011f\u0131 olarak y\u00fcksek enerji yo\u011funluklu lazer \u0131\u015f\u0131n\u0131 kullanan bir t\u00fcr i\u015fleme y\u00f6ntemidir.<\/p>\n<p>\u00d8 Son y\u0131llarda, malzemelerin, teknolojinin ve s\u00fcrecin s\u00fcrekli geli\u015fmesi ve ilerlemesi nedeniyle lazer, plastiklerin, metallerin vb. kaynak ve lehimlemesinde yayg\u0131n olarak kullan\u0131lmaktad\u0131r ve otomobil, sens\u00f6r, elektronik ve di\u011fer end\u00fcstrilerde argon ark kayna\u011f\u0131 gibi geleneksel kaynak y\u00f6ntemlerinin yerini almaya devam edecektir.<\/p>\n<p>\u00d8 Elde tutulan kaynak kafal\u0131 lazer kaynak makinesi, argon ark kayna\u011f\u0131na benzer, esnek ve basit kullan\u0131m, \u00fcr\u00fcn tutarl\u0131l\u0131\u011f\u0131 i\u00e7in d\u00fc\u015f\u00fck gereksinimleri olan k\u00fc\u00e7\u00fck parti ve b\u00fcy\u00fck parti sipari\u015fleri i\u00e7in uygundur<\/p>\n<p>\u00d8 Dolap, mutfak ve banyo, merdiven asans\u00f6r\u00fc, raf, f\u0131r\u0131n, paslanmaz \u00e7elik kap\u0131 ve pencere korkulu\u011fu, da\u011f\u0131t\u0131m kutusu, paslanmaz \u00e7elik ev ve di\u011fer end\u00fcstrilerin karma\u015f\u0131k ve d\u00fczensiz kaynak i\u015flemlerinde yayg\u0131n olarak kullan\u0131labilir.<\/p>\n<p><b>\u00d6ZELLI\u0307KLER VE AVANTAJLAR<\/b><\/p>\n<p>\u00d8 Kaynak h\u0131z\u0131 h\u0131zl\u0131d\u0131r, geleneksel kaynaktan 2-3 kat daha h\u0131zl\u0131d\u0131r<\/p>\n<p>\u00d8 Kaynak sarf malzemeleri daha az, uzun \u00f6m\u00fcrl\u00fc, daha g\u00fcvenli ve \u00e7evre korumal\u0131d\u0131r<\/p>\n<p>\u00d8 P\u00fcr\u00fczs\u00fcz ve g\u00fczel kaynak, ikincil i\u015flem gerektirmez, zaman ve maliyet tasarrufu sa\u011flar<\/p>\n<p>\u00d8 Kaynak i\u015f par\u00e7as\u0131 \u00e7ok az termal etkiye sahiptir ve deformasyon olmaz<\/p>\n<p>\u00d8 Lazer kafas\u0131n\u0131 sallay\u0131n, \u0131\u015f\u0131n 0,5-6 mm ayarlanabilir, bu da lazer kayna\u011f\u0131n\u0131n k\u00fc\u00e7\u00fck noktas\u0131n\u0131n dezavantaj\u0131n\u0131 telafi eder, i\u015fleme par\u00e7alar\u0131n\u0131n tolerans aral\u0131\u011f\u0131n\u0131 ve kaynak geni\u015fli\u011fini geni\u015fletir ve daha iyi kaynak \u015fekillendirme elde eder.<\/p>\n<p><strong>PARAMETRE DETAYLARI<\/strong><\/p>\n<table width=\"666\">\n<tbody>\n<tr>\n<td width=\"254\">\u00d6\u011eELER<\/td>\n<td colspan=\"3\" width=\"439\">PARAMETRE<\/td>\n<\/tr>\n<tr>\n<td width=\"254\">Model<\/td>\n<td width=\"124\">WS-1000<\/td>\n<td width=\"141\">WS-1500<\/td>\n<td width=\"174\">WS-2000<\/td>\n<\/tr>\n<tr>\n<td width=\"254\">Lazer G\u00fcc\u00fc<\/td>\n<td width=\"124\">1000W<\/td>\n<td width=\"141\">1500W<\/td>\n<td width=\"174\">2000W<\/td>\n<\/tr>\n<tr>\n<td width=\"254\">\u00c7al\u0131\u015fma Gerilimi<\/td>\n<td width=\"124\">220V<\/td>\n<td width=\"141\">220V<\/td>\n<td width=\"174\">220V\/380V<\/td>\n<\/tr>\n<tr>\n<td width=\"254\">Lazer Dalga Boyu<\/td>\n<td colspan=\"3\" width=\"439\">1080nm<\/td>\n<\/tr>\n<tr>\n<td width=\"254\">\u0130letim Tipi<\/td>\n<td colspan=\"3\" width=\"439\">Fiber lazer<\/td>\n<\/tr>\n<tr>\n<td width=\"254\">Kaynak H\u0131z Aral\u0131\u011f\u0131<\/td>\n<td colspan=\"3\" width=\"439\">0~120 mm\/s<\/td>\n<\/tr>\n<tr>\n<td width=\"254\">Su So\u011futucu<\/td>\n<td colspan=\"3\" width=\"439\">End\u00fcstriyel sabit s\u0131cakl\u0131k su deposu<\/td>\n<\/tr>\n<tr>\n<td width=\"254\">\u00c7al\u0131\u015fma Ortam\u0131 S\u0131cakl\u0131k Aral\u0131\u011f\u0131<\/td>\n<td colspan=\"3\" width=\"439\">10~40 \u2103<\/td>\n<\/tr>\n<tr>\n<td width=\"254\">\u00c7al\u0131\u015fma Ortam\u0131n\u0131n Nem Aral\u0131\u011f\u0131<\/td>\n<td colspan=\"3\" width=\"439\">&lt; 70% Yo\u011fu\u015fma yok<\/td>\n<\/tr>\n<tr>\n<td width=\"254\">Kaynak Yetene\u011fi<\/td>\n<td width=\"124\">Paslanmaz \u00e7elik 4mm<\/p>\n<p>Karbon \u00e7eli\u011fi 4mm<\/p>\n<p>Al\u00fcminyum 2mm<\/td>\n<td width=\"141\">Paslanmaz \u00e7elik 5mm<\/p>\n<p>karbon \u00e7eli\u011fi 5mm<\/p>\n<p>al\u00fcminyum 3mm<\/td>\n<td width=\"174\">Paslanmaz \u00e7elik 6mm<\/p>\n<p>Karbon \u00e7eli\u011fi 6mm<\/p>\n<p>Al\u00fcminyum 4mm<\/td>\n<\/tr>\n<tr>\n<td width=\"254\">Kaynak Diki\u015fi Gereksinimleri<\/td>\n<td colspan=\"3\" width=\"439\">\u22640,5 mm<\/td>\n<\/tr>\n<\/tbody>\n<\/table>\n<p><b>\u00a0<\/b><\/p>\n<p><b>KAR\u015eILA\u015eTIRMA: LAZER KAYNAK &amp; GELENEKSEL KAYNAK<\/b><\/p>\n<table width=\"666\">\n<tbody>\n<tr>\n<td width=\"260\"><b>KAR\u015eILA\u015eTIRMA \u00d6\u011eELERI<\/b><\/td>\n<td width=\"200\"><b>GELENEKSEL KAYNAK<\/b><\/td>\n<td width=\"230\"><b>LAZER KAYNAK<\/b><\/td>\n<\/tr>\n<tr>\n<td width=\"260\">\u0130\u015f par\u00e7as\u0131na \u0131s\u0131 giri\u015fi<\/td>\n<td width=\"200\">\u00c7ok y\u00fcksek<\/td>\n<td width=\"230\">D\u00fc\u015f\u00fck<\/td>\n<\/tr>\n<tr>\n<td width=\"260\">\u0130\u015f par\u00e7as\u0131n\u0131n deformasyonu ve alttan kesilmesi<\/td>\n<td width=\"200\">B\u00fcy\u00fck<\/td>\n<td width=\"230\">K\u00fc\u00e7\u00fck<\/td>\n<\/tr>\n<tr>\n<td width=\"260\">Ana metal ile yap\u0131\u015fma mukavemeti<\/td>\n<td width=\"200\">Genelde<\/td>\n<td width=\"230\">\u00c7ok g\u00fczel<\/td>\n<\/tr>\n<tr>\n<td width=\"260\">Tedavi takibi<\/td>\n<td width=\"200\">Leh\u00e7e<\/td>\n<td width=\"230\">Ta\u015flama yok veya \u00e7ok az ta\u015flama var<\/td>\n<\/tr>\n<tr>\n<td width=\"260\">Kaynak H\u0131z\u0131<\/td>\n<td width=\"200\">Genelde<\/td>\n<td width=\"230\">Argon ark kayna\u011f\u0131n\u0131n 2 kat\u0131ndan fazla<\/td>\n<\/tr>\n<tr>\n<td width=\"260\">Uygulanabilir malzemeler<\/td>\n<td width=\"200\">Paslanmaz \u00e7elik, karbon \u00e7eli\u011fi, galvanizli sac<\/td>\n<td width=\"230\">Paslanmaz \u00e7elik, karbon \u00e7eli\u011fi, galvanizli sac<\/td>\n<\/tr>\n<tr>\n<td width=\"260\">Sarf Malzemeleri<\/td>\n<td width=\"200\">Bir\u00e7ok sarf malzemesi<\/td>\n<td width=\"230\">Daha az sarf malzemesi<\/td>\n<\/tr>\n<tr>\n<td width=\"260\">Operasyon zorlu\u011fu<\/td>\n<td width=\"200\">Kompleks<\/td>\n<td width=\"230\">Basit<\/td>\n<\/tr>\n<tr>\n<td width=\"260\">Operat\u00f6r g\u00fcvenli\u011fi<\/td>\n<td width=\"200\">G\u00fcvensiz<\/td>\n<td width=\"230\">G\u00fcvenli<\/td>\n<\/tr>\n<tr>\n<td width=\"260\">\u00c7evresel etki<\/td>\n<td width=\"200\">\u00c7evresel de\u011fil<\/td>\n<td width=\"230\">\u00c7evresel<\/td>\n<\/tr>\n<tr>\n<td width=\"260\">Kaynak hata tolerans\u0131<\/td>\n<td width=\"200\">\u0130yi<\/td>\n<td width=\"230\">\u0130yi<\/td>\n<\/tr>\n<tr>\n<td width=\"260\">Sal\u0131ncak kayna\u011f\u0131<\/td>\n<td width=\"200\">-<\/td>\n<td width=\"230\">Evet<\/td>\n<\/tr>\n<tr>\n<td width=\"260\">Spot geni\u015fli\u011fi ayarlanabilir<\/td>\n<td width=\"200\">-<\/td>\n<td width=\"230\">Evet<\/td>\n<\/tr>\n<tr>\n<td width=\"260\">Kaynak kalitesi kar\u015f\u0131la\u015ft\u0131rmas\u0131<\/td>\n<td width=\"200\">K\u00f6t\u00fc<\/td>\n<td width=\"230\">\u00c7ok iyi<\/td>\n<\/tr>\n<\/tbody>\n<\/table>","protected":false},"excerpt":{"rendered":"<p><b>G\u0130R\u0130\u015e<\/b><\/p>\n<p>\u00d8 Lazer kayna\u011f\u0131, malzemeleri kaynaklamak i\u00e7in \u0131s\u0131 kayna\u011f\u0131 olarak y\u00fcksek enerji yo\u011funluklu lazer \u0131\u015f\u0131n\u0131 kullanan bir t\u00fcr i\u015fleme y\u00f6ntemidir.<\/p>\n<p>\u00d8 Son y\u0131llarda, malzemelerin, teknolojinin ve s\u00fcrecin s\u00fcrekli geli\u015fmesi ve ilerlemesi nedeniyle lazer, plastiklerin, metallerin vb. kaynak ve lehimlemesinde yayg\u0131n olarak kullan\u0131lmaktad\u0131r ve otomobil, sens\u00f6r, elektronik ve di\u011fer end\u00fcstrilerde argon ark kayna\u011f\u0131 gibi geleneksel kaynak y\u00f6ntemlerinin yerini almaya devam edecektir.<\/p>\n<p>\u00d8 Elde tutulan kaynak kafal\u0131 lazer kaynak makinesi, argon ark kayna\u011f\u0131na benzer, esnek ve basit kullan\u0131m, \u00fcr\u00fcn tutarl\u0131l\u0131\u011f\u0131 i\u00e7in d\u00fc\u015f\u00fck gereksinimleri olan k\u00fc\u00e7\u00fck parti ve b\u00fcy\u00fck parti sipari\u015fleri i\u00e7in uygundur<\/p>\n<p>\u00d8 Dolap, mutfak ve banyo, merdiven asans\u00f6r\u00fc, raf, f\u0131r\u0131n, paslanmaz \u00e7elik kap\u0131 ve pencere korkulu\u011fu, da\u011f\u0131t\u0131m kutusu, paslanmaz \u00e7elik ev ve di\u011fer end\u00fcstrilerin karma\u015f\u0131k ve d\u00fczensiz kaynak i\u015flemlerinde yayg\u0131n olarak kullan\u0131labilir.<\/p>","protected":false},"featured_media":3662,"template":"","meta":{"_seopress_robots_primary_cat":"","_seopress_titles_title":"","_seopress_titles_desc":"","_seopress_robots_index":"","_uag_custom_page_level_css":"","site-sidebar-layout":"default","site-content-layout":"","ast-site-content-layout":"default","site-content-style":"default","site-sidebar-style":"default","ast-global-header-display":"","ast-banner-title-visibility":"","ast-main-header-display":"","ast-hfb-above-header-display":"","ast-hfb-below-header-display":"","ast-hfb-mobile-header-display":"","site-post-title":"","ast-breadcrumbs-content":"","ast-featured-img":"","footer-sml-layout":"","ast-disable-related-posts":"","theme-transparent-header-meta":"default","adv-header-id-meta":"","stick-header-meta":"default","header-above-stick-meta":"","header-main-stick-meta":"","header-below-stick-meta":"","astra-migrate-meta-layouts":"set","ast-page-background-enabled":"default","ast-page-background-meta":{"desktop":{"background-color":"","background-image":"","background-repeat":"repeat","background-position":"center center","background-size":"auto","background-attachment":"scroll","background-type":"","background-media":"","overlay-type":"","overlay-color":"","overlay-opacity":"","overlay-gradient":""},"tablet":{"background-color":"","background-image":"","background-repeat":"repeat","background-position":"center center","background-size":"auto","background-attachment":"scroll","background-type":"","background-media":"","overlay-type":"","overlay-color":"","overlay-opacity":"","overlay-gradient":""},"mobile":{"background-color":"","background-image":"","background-repeat":"repeat","background-position":"center center","background-size":"auto","background-attachment":"scroll","background-type":"","background-media":"","overlay-type":"","overlay-color":"","overlay-opacity":"","overlay-gradient":""}},"ast-content-background-meta":{"desktop":{"background-color":"var(--ast-global-color-5)","background-image":"","background-repeat":"repeat","background-position":"center center","background-size":"auto","background-attachment":"scroll","background-type":"","background-media":"","overlay-type":"","overlay-color":"","overlay-opacity":"","overlay-gradient":""},"tablet":{"background-color":"var(--ast-global-color-5)","background-image":"","background-repeat":"repeat","background-position":"center center","background-size":"auto","background-attachment":"scroll","background-type":"","background-media":"","overlay-type":"","overlay-color":"","overlay-opacity":"","overlay-gradient":""},"mobile":{"background-color":"var(--ast-global-color-5)","background-image":"","background-repeat":"repeat","background-position":"center center","background-size":"auto","background-attachment":"scroll","background-type":"","background-media":"","overlay-type":"","overlay-color":"","overlay-opacity":"","overlay-gradient":""}}},"product_brand":[],"product_cat":[61],"product_tag":[],"class_list":{"0":"post-3659","1":"product","2":"type-product","3":"status-publish","4":"has-post-thumbnail","6":"product_cat-handheld","7":"desktop-align-left","8":"tablet-align-left","9":"mobile-align-left","10":"ast-product-gallery-layout-horizontal-slider","11":"ast-product-gallery-with-no-image","12":"ast-product-tabs-layout-horizontal","14":"first","15":"instock","16":"shipping-taxable","17":"product-type-simple"},"uagb_featured_image_src":{"full":["https:\/\/wisecnclaser.com\/wp-content\/uploads\/2025\/05\/3ce9e574f8d1ce165d0fbd8ee94018cd.png",800,800,false],"thumbnail":["https:\/\/wisecnclaser.com\/wp-content\/uploads\/2025\/05\/3ce9e574f8d1ce165d0fbd8ee94018cd-150x150.png",150,150,true],"medium":["https:\/\/wisecnclaser.com\/wp-content\/uploads\/2025\/05\/3ce9e574f8d1ce165d0fbd8ee94018cd-300x300.png",300,300,true],"medium_large":["https:\/\/wisecnclaser.com\/wp-content\/uploads\/2025\/05\/3ce9e574f8d1ce165d0fbd8ee94018cd-768x768.png",768,768,true],"large":["https:\/\/wisecnclaser.com\/wp-content\/uploads\/2025\/05\/3ce9e574f8d1ce165d0fbd8ee94018cd.png",800,800,false],"1536x1536":["https:\/\/wisecnclaser.com\/wp-content\/uploads\/2025\/05\/3ce9e574f8d1ce165d0fbd8ee94018cd.png",800,800,false],"2048x2048":["https:\/\/wisecnclaser.com\/wp-content\/uploads\/2025\/05\/3ce9e574f8d1ce165d0fbd8ee94018cd.png",800,800,false],"trp-custom-language-flag":["https:\/\/wisecnclaser.com\/wp-content\/uploads\/2025\/05\/3ce9e574f8d1ce165d0fbd8ee94018cd-12x12.png",12,12,true],"woocommerce_thumbnail":["https:\/\/wisecnclaser.com\/wp-content\/uploads\/2025\/05\/3ce9e574f8d1ce165d0fbd8ee94018cd-300x300.png",300,300,true],"woocommerce_single":["https:\/\/wisecnclaser.com\/wp-content\/uploads\/2025\/05\/3ce9e574f8d1ce165d0fbd8ee94018cd-600x600.png",600,600,true],"woocommerce_gallery_thumbnail":["https:\/\/wisecnclaser.com\/wp-content\/uploads\/2025\/05\/3ce9e574f8d1ce165d0fbd8ee94018cd-100x100.png",100,100,true]},"uagb_author_info":{"display_name":"jinxing6611@gmail.com","author_link":"https:\/\/wisecnclaser.com\/tr\/author\/"},"uagb_comment_info":0,"uagb_excerpt":"INTRODUCTION \u00d8\u00a0\u00a0Laser welding is a kind of processing method which uses high energy density laser beam as heat source to weld materials. \u00d8\u00a0\u00a0In recent years, due to the continuous development and progress of materials, technology and process, laser has been widely used in the welding and brazing of plastics, metals, etc., and will continue to&hellip;","_links":{"self":[{"href":"https:\/\/wisecnclaser.com\/tr\/wp-json\/wp\/v2\/product\/3659","targetHints":{"allow":["GET"]}}],"collection":[{"href":"https:\/\/wisecnclaser.com\/tr\/wp-json\/wp\/v2\/product"}],"about":[{"href":"https:\/\/wisecnclaser.com\/tr\/wp-json\/wp\/v2\/types\/product"}],"wp:featuredmedia":[{"embeddable":true,"href":"https:\/\/wisecnclaser.com\/tr\/wp-json\/wp\/v2\/media\/3662"}],"wp:attachment":[{"href":"https:\/\/wisecnclaser.com\/tr\/wp-json\/wp\/v2\/media?parent=3659"}],"wp:term":[{"taxonomy":"product_brand","embeddable":true,"href":"https:\/\/wisecnclaser.com\/tr\/wp-json\/wp\/v2\/product_brand?post=3659"},{"taxonomy":"product_cat","embeddable":true,"href":"https:\/\/wisecnclaser.com\/tr\/wp-json\/wp\/v2\/product_cat?post=3659"},{"taxonomy":"product_tag","embeddable":true,"href":"https:\/\/wisecnclaser.com\/tr\/wp-json\/wp\/v2\/product_tag?post=3659"}],"curies":[{"name":"wp","href":"https:\/\/api.w.org\/{rel}","templated":true}]}}