{"id":3663,"date":"2025-05-23T00:59:06","date_gmt":"2025-05-23T00:59:06","guid":{"rendered":"https:\/\/wisecnclaser.com\/?post_type=product&#038;p=3663"},"modified":"2025-05-23T00:59:06","modified_gmt":"2025-05-23T00:59:06","slug":"3w-5w-uv-laser-marking-machine","status":"publish","type":"product","link":"https:\/\/wisecnclaser.com\/tr\/urun\/3w-5w-uv-laser-marking-machine\/","title":{"rendered":"3W 5W UV Lazer \u0130\u015faretleme Makinesi"},"content":{"rendered":"<p>UV lazer markalama makinesi esas olarak, \u00f6zellikle ultra ince i\u015fleme, kozmetik, ila\u00e7, g\u0131da ve di\u011fer polimer malzemelerin ambalaj \u015fi\u015felerinin y\u00fczeyini ince efektler ve net ve sa\u011flam i\u015faretlerle i\u015faretleyen \u00fcst d\u00fczey pazar i\u00e7in uygun olan benzersiz d\u00fc\u015f\u00fck g\u00fc\u00e7l\u00fc lazer \u0131\u015f\u0131n\u0131na dayanmaktad\u0131r. M\u00fcrekkep p\u00fcsk\u00fcrtmeli kodlamadan daha iyi ve kirlilik yok; esnek pcb kart\u0131 i\u015faretleme ve kaz\u0131ma; silikon gofret mikro delik ve k\u00f6r delik i\u015fleme; LCD s\u0131v\u0131 kristal cam iki boyutlu kod i\u015faretleme, cam e\u015fya y\u00fczey delme, metal y\u00fczey kaplama i\u015faretleme, Plastik d\u00fc\u011fmeler, elektronik bile\u015fenler, hediyeler, ileti\u015fim ekipmanlar\u0131, yap\u0131 malzemeleri vb.<\/p>\n<p>&nbsp;<\/p>\n<table border=\"1\" width=\"1163\">\n<tbody>\n<tr class=\"firstRow\">\n<td colspan=\"2\" width=\"775\">UV Lazer \u0130\u015faretleme Makinesi teknik \u00f6zellikleri<\/td>\n<\/tr>\n<tr>\n<td width=\"328\">Model<\/td>\n<td width=\"447\">WS-UV3W WS-UV 5W<\/td>\n<\/tr>\n<tr>\n<td width=\"328\">Lazerin dalga uzunlu\u011fu<\/td>\n<td width=\"447\">355nm<\/td>\n<\/tr>\n<tr>\n<td width=\"328\">Lazer \u00e7\u0131k\u0131\u015f g\u00fcc\u00fc<\/td>\n<td width=\"447\">3W 5W<\/td>\n<\/tr>\n<tr>\n<td width=\"328\">\u0130\u015faretleme h\u0131z\u0131<\/td>\n<td width=\"447\">Saniyede 400 karakter<\/td>\n<\/tr>\n<tr>\n<td width=\"328\">I\u015f\u0131n kalitesi<\/td>\n<td width=\"447\">&lt;1.1<\/td>\n<\/tr>\n<tr>\n<td width=\"328\">Tekrarlanan do\u011fruluk<\/td>\n<td width=\"447\">\u00b10.001mm<\/td>\n<\/tr>\n<tr>\n<td width=\"328\">\u00c7al\u0131\u015fma alan\u0131<\/td>\n<td width=\"447\">110*110mm<\/td>\n<\/tr>\n<tr>\n<td width=\"328\">Makine g\u00fcc\u00fc<\/td>\n<td width=\"447\">800W<\/td>\n<\/tr>\n<tr>\n<td width=\"328\">Minimal karakter<\/td>\n<td width=\"447\">0.1mm<\/td>\n<\/tr>\n<tr>\n<td width=\"328\">So\u011futma yollar\u0131<\/td>\n<td width=\"447\">Kuvvet-hava So\u011futma<\/td>\n<\/tr>\n<tr>\n<td width=\"328\">G\u00fc\u00e7 kayna\u011f\u0131<\/td>\n<td width=\"447\">AC220V\/ 50Hz\/2kVA<\/td>\n<\/tr>\n<tr>\n<td width=\"328\">Minimum \u00e7izgi geni\u015fli\u011fi<\/td>\n<td width=\"447\">0,015 mm<\/td>\n<\/tr>\n<tr>\n<td width=\"328\">Destek format\u0131<\/td>\n<td width=\"447\">PLT, BMP, DXF, JPG, TIF, AI vb.<\/td>\n<\/tr>\n<tr>\n<td width=\"328\">So\u011futma sistemi<\/td>\n<td width=\"447\">Su so\u011futma<\/td>\n<\/tr>\n<tr>\n<td width=\"328\">Darbe geni\u015fli\u011fi<\/td>\n<td width=\"447\">4-200ns<\/td>\n<\/tr>\n<tr>\n<td width=\"328\">Ba\u015fvuru malzemeleri<\/td>\n<td width=\"447\">Elektrikli bile\u015fenler, entegre \u00e7ipler, elektrikli cihazlar, ileti\u015fim ekipmanlar\u0131, aletler,<\/p>\n<p>hassas makineler, cam \u00e7er\u00e7eveler, saat ve saat aksesuarlar\u0131, otomotiv aksesuarlar\u0131,<\/p>\n<p>sahte ge\u00e7irmez, i\u015faretleme, plastik d\u00fc\u011fmeler, in\u015faat malzemesi, ambalaj, PVC borular ve t\u0131bbi<\/p>\n<p>enstr\u00fcman i\u0307\u015fleme ve \u00fcreti\u0307mi\u0307<\/td>\n<\/tr>\n<\/tbody>\n<\/table>\n<p>&nbsp;<\/p>","protected":false},"excerpt":{"rendered":"<p>The ultraviolet laser marking machine is a series of laser marking machines, so the principle is similar to that of the laser marking machine, and the laser beam is used to make permanent marks on the surface of various materials. The effect of marking is to directly break the molecular chain of the substance through the short-wavelength laser (different from the evaporation of the surface substance produced by the long-wave laser to expose the deep substance) to reveal the pattern and text to be etched.<\/p>","protected":false},"featured_media":3666,"template":"","meta":{"_seopress_robots_primary_cat":"","_seopress_titles_title":"","_seopress_titles_desc":"","_seopress_robots_index":"","_uag_custom_page_level_css":"","site-sidebar-layout":"default","site-content-layout":"","ast-site-content-layout":"default","site-content-style":"default","site-sidebar-style":"default","ast-global-header-display":"","ast-banner-title-visibility":"","ast-main-header-display":"","ast-hfb-above-header-display":"","ast-hfb-below-header-display":"","ast-hfb-mobile-header-display":"","site-post-title":"","ast-breadcrumbs-content":"","ast-featured-img":"","footer-sml-layout":"","ast-disable-related-posts":"","theme-transparent-header-meta":"default","adv-header-id-meta":"","stick-header-meta":"default","header-above-stick-meta":"","header-main-stick-meta":"","header-below-stick-meta":"","astra-migrate-meta-layouts":"set","ast-page-background-enabled":"default","ast-page-background-meta":{"desktop":{"background-color":"","background-image":"","background-repeat":"repeat","background-position":"center center","background-size":"auto","background-attachment":"scroll","background-type":"","background-media":"","overlay-type":"","overlay-color":"","overlay-opacity":"","overlay-gradient":""},"tablet":{"background-color":"","background-image":"","background-repeat":"repeat","background-position":"center center","background-size":"auto","background-attachment":"scroll","background-type":"","background-media":"","overlay-type":"","overlay-color":"","overlay-opacity":"","overlay-gradient":""},"mobile":{"background-color":"","background-image":"","background-repeat":"repeat","background-position":"center center","background-size":"auto","background-attachment":"scroll","background-type":"","background-media":"","overlay-type":"","overlay-color":"","overlay-opacity":"","overlay-gradient":""}},"ast-content-background-meta":{"desktop":{"background-color":"var(--ast-global-color-5)","background-image":"","background-repeat":"repeat","background-position":"center center","background-size":"auto","background-attachment":"scroll","background-type":"","background-media":"","overlay-type":"","overlay-color":"","overlay-opacity":"","overlay-gradient":""},"tablet":{"background-color":"var(--ast-global-color-5)","background-image":"","background-repeat":"repeat","background-position":"center center","background-size":"auto","background-attachment":"scroll","background-type":"","background-media":"","overlay-type":"","overlay-color":"","overlay-opacity":"","overlay-gradient":""},"mobile":{"background-color":"var(--ast-global-color-5)","background-image":"","background-repeat":"repeat","background-position":"center center","background-size":"auto","background-attachment":"scroll","background-type":"","background-media":"","overlay-type":"","overlay-color":"","overlay-opacity":"","overlay-gradient":""}}},"product_brand":[],"product_cat":[60],"product_tag":[],"class_list":{"0":"post-3663","1":"product","2":"type-product","3":"status-publish","4":"has-post-thumbnail","6":"product_cat-uvlaser","7":"desktop-align-left","8":"tablet-align-left","9":"mobile-align-left","10":"ast-product-gallery-layout-horizontal-slider","11":"ast-product-gallery-with-no-image","12":"ast-product-tabs-layout-horizontal","14":"first","15":"instock","16":"shipping-taxable","17":"product-type-simple"},"uagb_featured_image_src":{"full":["https:\/\/wisecnclaser.com\/wp-content\/uploads\/2025\/05\/9d8ba12f74b088ff66b03c5b2451e9f8.jpg",800,800,false],"thumbnail":["https:\/\/wisecnclaser.com\/wp-content\/uploads\/2025\/05\/9d8ba12f74b088ff66b03c5b2451e9f8-150x150.jpg",150,150,true],"medium":["https:\/\/wisecnclaser.com\/wp-content\/uploads\/2025\/05\/9d8ba12f74b088ff66b03c5b2451e9f8-300x300.jpg",300,300,true],"medium_large":["https:\/\/wisecnclaser.com\/wp-content\/uploads\/2025\/05\/9d8ba12f74b088ff66b03c5b2451e9f8-768x768.jpg",768,768,true],"large":["https:\/\/wisecnclaser.com\/wp-content\/uploads\/2025\/05\/9d8ba12f74b088ff66b03c5b2451e9f8.jpg",800,800,false],"1536x1536":["https:\/\/wisecnclaser.com\/wp-content\/uploads\/2025\/05\/9d8ba12f74b088ff66b03c5b2451e9f8.jpg",800,800,false],"2048x2048":["https:\/\/wisecnclaser.com\/wp-content\/uploads\/2025\/05\/9d8ba12f74b088ff66b03c5b2451e9f8.jpg",800,800,false],"trp-custom-language-flag":["https:\/\/wisecnclaser.com\/wp-content\/uploads\/2025\/05\/9d8ba12f74b088ff66b03c5b2451e9f8-12x12.jpg",12,12,true],"woocommerce_thumbnail":["https:\/\/wisecnclaser.com\/wp-content\/uploads\/2025\/05\/9d8ba12f74b088ff66b03c5b2451e9f8-300x300.jpg",300,300,true],"woocommerce_single":["https:\/\/wisecnclaser.com\/wp-content\/uploads\/2025\/05\/9d8ba12f74b088ff66b03c5b2451e9f8-600x600.jpg",600,600,true],"woocommerce_gallery_thumbnail":["https:\/\/wisecnclaser.com\/wp-content\/uploads\/2025\/05\/9d8ba12f74b088ff66b03c5b2451e9f8-100x100.jpg",100,100,true]},"uagb_author_info":{"display_name":"jinxing6611@gmail.com","author_link":"https:\/\/wisecnclaser.com\/tr\/author\/"},"uagb_comment_info":0,"uagb_excerpt":"The ultraviolet laser marking machine is a series of laser marking machines, so the principle is similar to that of the laser marking machine, and the laser beam is used to make permanent marks on the surface of various materials. The effect of marking is to directly break the molecular chain of the substance through&hellip;","_links":{"self":[{"href":"https:\/\/wisecnclaser.com\/tr\/wp-json\/wp\/v2\/product\/3663","targetHints":{"allow":["GET"]}}],"collection":[{"href":"https:\/\/wisecnclaser.com\/tr\/wp-json\/wp\/v2\/product"}],"about":[{"href":"https:\/\/wisecnclaser.com\/tr\/wp-json\/wp\/v2\/types\/product"}],"wp:featuredmedia":[{"embeddable":true,"href":"https:\/\/wisecnclaser.com\/tr\/wp-json\/wp\/v2\/media\/3666"}],"wp:attachment":[{"href":"https:\/\/wisecnclaser.com\/tr\/wp-json\/wp\/v2\/media?parent=3663"}],"wp:term":[{"taxonomy":"product_brand","embeddable":true,"href":"https:\/\/wisecnclaser.com\/tr\/wp-json\/wp\/v2\/product_brand?post=3663"},{"taxonomy":"product_cat","embeddable":true,"href":"https:\/\/wisecnclaser.com\/tr\/wp-json\/wp\/v2\/product_cat?post=3663"},{"taxonomy":"product_tag","embeddable":true,"href":"https:\/\/wisecnclaser.com\/tr\/wp-json\/wp\/v2\/product_tag?post=3663"}],"curies":[{"name":"wp","href":"https:\/\/api.w.org\/{rel}","templated":true}]}}