{"id":3667,"date":"2025-05-23T01:09:22","date_gmt":"2025-05-23T01:09:22","guid":{"rendered":"https:\/\/wisecnclaser.com\/?post_type=product&#038;p=3667"},"modified":"2025-05-23T01:09:22","modified_gmt":"2025-05-23T01:09:22","slug":"cnc-pneumatic-knife-cutting-machine","status":"publish","type":"product","link":"https:\/\/wisecnclaser.com\/tr\/urun\/cnc-pneumatic-knife-cutting-machine\/","title":{"rendered":"CNC Pn\u00f6matik B\u0131\u00e7ak Kesme Makinesi"},"content":{"rendered":"<p>Uygulama: CNC Pn\u00f6matik B\u0131\u00e7ak Kesme Makinesi esas olarak EVA, PE K\u00f6p\u00fck, kau\u00e7uk Conta, Asbest Levha vb. gibi kal\u0131n malzemeleri kesmek i\u00e7in kullan\u0131l\u0131r.<\/p>\n<p><strong>\u00a0Cnc pn\u00f6matik b\u0131\u00e7ak kal\u0131n eva pe k\u00f6p\u00fck kesme makinesinin Tan\u0131m\u0131 ve \u00d6zellikleri:<\/strong><\/p>\n<table border=\"1\">\n<tbody>\n<tr class=\"firstRow\">\n<td colspan=\"2\" width=\"662\"><\/td>\n<\/tr>\n<tr>\n<td valign=\"top\" width=\"158\">X \u00e7al\u0131\u015fma boyutu<\/td>\n<td valign=\"top\" width=\"504\">1600mm<\/td>\n<\/tr>\n<tr>\n<td valign=\"top\" width=\"158\">Y \u00e7al\u0131\u015fma boyutu<\/td>\n<td valign=\"top\" width=\"504\">2500mm<\/td>\n<\/tr>\n<tr>\n<td valign=\"top\" width=\"158\">Z \u00e7al\u0131\u015fma boyutu<\/td>\n<td valign=\"top\" width=\"504\">80mm max 50-80mm max pe k\u00f6p\u00fck kesebilir<\/td>\n<\/tr>\n<tr>\n<td valign=\"top\" width=\"158\">Kesme kafas\u0131<\/td>\n<td valign=\"top\" width=\"504\">cnc pn\u00f6mati\u0307k bi\u00e7ak kesme kafasi<\/td>\n<\/tr>\n<tr>\n<td valign=\"top\" width=\"158\">G\u00f6r\u00fcnt\u00fcleme yolu<\/td>\n<td valign=\"top\" width=\"504\">\u0130ngilizce LED dokunmatik ekran<\/td>\n<\/tr>\n<tr>\n<td valign=\"top\" width=\"158\">Makine masas\u0131<\/td>\n<td valign=\"top\" width=\"504\">Al\u00fcminyum k\u00f6r\u00fckl\u00fc 9 emi\u015f b\u00f6lgeli Emme Tablas\u0131<\/td>\n<\/tr>\n<tr>\n<td valign=\"top\" width=\"158\">Veri aktar\u0131m yolu<\/td>\n<td valign=\"top\" width=\"504\">Intel<\/td>\n<\/tr>\n<tr>\n<td valign=\"top\" width=\"158\">Vakum pompas\u0131<\/td>\n<td valign=\"top\" width=\"504\">9KW hava tipi vakum pompas\u0131<\/td>\n<\/tr>\n<tr>\n<td valign=\"top\" width=\"158\">S\u00fcr\u00fc\u015f sistemi<\/td>\n<td valign=\"top\" width=\"504\">Tayvan delta servo s\u00fcr\u00fcc\u00fc ve motor<\/td>\n<\/tr>\n<tr>\n<td valign=\"top\" width=\"158\">Kontrol sistemi<\/td>\n<td valign=\"top\" width=\"504\">RD kontrol sistemi<\/td>\n<\/tr>\n<tr>\n<td valign=\"top\" width=\"158\">Rehberlik sistemi<\/td>\n<td valign=\"top\" width=\"504\">Tayvan TBI kare ray<\/td>\n<\/tr>\n<tr>\n<td valign=\"top\" width=\"158\">Alet sens\u00f6r\u00fc<\/td>\n<td valign=\"top\" width=\"504\">K\u0131rm\u0131z\u0131 nokta ile<\/td>\n<\/tr>\n<tr>\n<td valign=\"top\" width=\"158\">\u015eanz\u0131man<\/td>\n<td valign=\"top\" width=\"504\">Y kremayer pinyonu, XZ senkron \u00e7elik kay\u0131\u015f<\/td>\n<\/tr>\n<tr>\n<td valign=\"top\" width=\"158\">Kesme h\u0131z\u0131<\/td>\n<td valign=\"top\" width=\"504\">30m\/dak<\/td>\n<\/tr>\n<tr>\n<td valign=\"top\" width=\"158\">Seyahat h\u0131z\u0131<\/td>\n<td valign=\"top\" width=\"504\">50m\/dak<\/td>\n<\/tr>\n<tr>\n<td width=\"158\">A\u011f\u0131rl\u0131k<\/td>\n<td valign=\"top\" width=\"504\">Yakla\u015f\u0131k 600kgs<\/td>\n<\/tr>\n<tr>\n<td valign=\"top\" width=\"158\">Boyut<\/td>\n<td valign=\"top\" width=\"504\">2250*3300*1650mm<\/td>\n<\/tr>\n<tr>\n<td valign=\"top\" width=\"158\">G\u00fc\u00e7<\/td>\n<td valign=\"top\" width=\"504\">380V 50HZ<\/td>\n<\/tr>\n<tr>\n<td valign=\"top\" width=\"158\">Yaz\u0131l\u0131m<\/td>\n<td valign=\"top\" width=\"504\">vcutworks, makinede bu yaz\u0131l\u0131m var, dxf, plt format\u0131ndaki dosyalar\u0131 destekliyor<\/td>\n<\/tr>\n<\/tbody>\n<\/table>\n<div style=\"width: 960px;\" class=\"wp-video\"><video class=\"wp-video-shortcode\" id=\"video-3667-1\" width=\"960\" height=\"540\" preload=\"metadata\" controls=\"controls\"><source type=\"video\/mp4\" src=\"https:\/\/wisecnclaser.com\/wp-content\/uploads\/2025\/05\/1625187921256970.mp4?_=1\" \/><a href=\"https:\/\/wisecnclaser.com\/wp-content\/uploads\/2025\/05\/1625187921256970.mp4\">https:\/\/wisecnclaser.com\/wp-content\/uploads\/2025\/05\/1625187921256970.mp4<\/a><\/video><\/div>","protected":false},"excerpt":{"rendered":"<p>Pneumatic cutting knife. Used for cutting material with<strong>\u00a0thickness more than 10mm, driven by pneumatic, can cut 50-80mm max pe foam<\/strong><\/p>\n<p><strong>24000 vibrating frequency<\/strong><\/p>","protected":false},"featured_media":3671,"template":"","meta":{"_seopress_robots_primary_cat":"","_seopress_titles_title":"","_seopress_titles_desc":"","_seopress_robots_index":"","_uag_custom_page_level_css":"","site-sidebar-layout":"default","site-content-layout":"","ast-site-content-layout":"default","site-content-style":"default","site-sidebar-style":"default","ast-global-header-display":"","ast-banner-title-visibility":"","ast-main-header-display":"","ast-hfb-above-header-display":"","ast-hfb-below-header-display":"","ast-hfb-mobile-header-display":"","site-post-title":"","ast-breadcrumbs-content":"","ast-featured-img":"","footer-sml-layout":"","ast-disable-related-posts":"","theme-transparent-header-meta":"default","adv-header-id-meta":"","stick-header-meta":"default","header-above-stick-meta":"","header-main-stick-meta":"","header-below-stick-meta":"","astra-migrate-meta-layouts":"set","ast-page-background-enabled":"default","ast-page-background-meta":{"desktop":{"background-color":"","background-image":"","background-repeat":"repeat","background-position":"center center","background-size":"auto","background-attachment":"scroll","background-type":"","background-media":"","overlay-type":"","overlay-color":"","overlay-opacity":"","overlay-gradient":""},"tablet":{"background-color":"","background-image":"","background-repeat":"repeat","background-position":"center center","background-size":"auto","background-attachment":"scroll","background-type":"","background-media":"","overlay-type":"","overlay-color":"","overlay-opacity":"","overlay-gradient":""},"mobile":{"background-color":"","background-image":"","background-repeat":"repeat","background-position":"center center","background-size":"auto","background-attachment":"scroll","background-type":"","background-media":"","overlay-type":"","overlay-color":"","overlay-opacity":"","overlay-gradient":""}},"ast-content-background-meta":{"desktop":{"background-color":"var(--ast-global-color-5)","background-image":"","background-repeat":"repeat","background-position":"center center","background-size":"auto","background-attachment":"scroll","background-type":"","background-media":"","overlay-type":"","overlay-color":"","overlay-opacity":"","overlay-gradient":""},"tablet":{"background-color":"var(--ast-global-color-5)","background-image":"","background-repeat":"repeat","background-position":"center center","background-size":"auto","background-attachment":"scroll","background-type":"","background-media":"","overlay-type":"","overlay-color":"","overlay-opacity":"","overlay-gradient":""},"mobile":{"background-color":"var(--ast-global-color-5)","background-image":"","background-repeat":"repeat","background-position":"center center","background-size":"auto","background-attachment":"scroll","background-type":"","background-media":"","overlay-type":"","overlay-color":"","overlay-opacity":"","overlay-gradient":""}}},"product_brand":[],"product_cat":[21],"product_tag":[],"class_list":{"0":"post-3667","1":"product","2":"type-product","3":"status-publish","4":"has-post-thumbnail","6":"product_cat-oscillating","7":"desktop-align-left","8":"tablet-align-left","9":"mobile-align-left","10":"ast-product-gallery-layout-horizontal-slider","11":"ast-product-gallery-with-no-image","12":"ast-product-tabs-layout-horizontal","14":"first","15":"instock","16":"shipping-taxable","17":"product-type-simple"},"uagb_featured_image_src":{"full":["https:\/\/wisecnclaser.com\/wp-content\/uploads\/2025\/05\/20b09ef79ee54f7d9fdfb04134e4e7c1.jpg",800,800,false],"thumbnail":["https:\/\/wisecnclaser.com\/wp-content\/uploads\/2025\/05\/20b09ef79ee54f7d9fdfb04134e4e7c1-150x150.jpg",150,150,true],"medium":["https:\/\/wisecnclaser.com\/wp-content\/uploads\/2025\/05\/20b09ef79ee54f7d9fdfb04134e4e7c1-300x300.jpg",300,300,true],"medium_large":["https:\/\/wisecnclaser.com\/wp-content\/uploads\/2025\/05\/20b09ef79ee54f7d9fdfb04134e4e7c1-768x768.jpg",768,768,true],"large":["https:\/\/wisecnclaser.com\/wp-content\/uploads\/2025\/05\/20b09ef79ee54f7d9fdfb04134e4e7c1.jpg",800,800,false],"1536x1536":["https:\/\/wisecnclaser.com\/wp-content\/uploads\/2025\/05\/20b09ef79ee54f7d9fdfb04134e4e7c1.jpg",800,800,false],"2048x2048":["https:\/\/wisecnclaser.com\/wp-content\/uploads\/2025\/05\/20b09ef79ee54f7d9fdfb04134e4e7c1.jpg",800,800,false],"trp-custom-language-flag":["https:\/\/wisecnclaser.com\/wp-content\/uploads\/2025\/05\/20b09ef79ee54f7d9fdfb04134e4e7c1-12x12.jpg",12,12,true],"woocommerce_thumbnail":["https:\/\/wisecnclaser.com\/wp-content\/uploads\/2025\/05\/20b09ef79ee54f7d9fdfb04134e4e7c1-300x300.jpg",300,300,true],"woocommerce_single":["https:\/\/wisecnclaser.com\/wp-content\/uploads\/2025\/05\/20b09ef79ee54f7d9fdfb04134e4e7c1-600x600.jpg",600,600,true],"woocommerce_gallery_thumbnail":["https:\/\/wisecnclaser.com\/wp-content\/uploads\/2025\/05\/20b09ef79ee54f7d9fdfb04134e4e7c1-100x100.jpg",100,100,true]},"uagb_author_info":{"display_name":"jinxing6611@gmail.com","author_link":"https:\/\/wisecnclaser.com\/tr\/author\/"},"uagb_comment_info":0,"uagb_excerpt":"Pneumatic cutting knife. Used for cutting material with\u00a0thickness more than 10mm, driven by pneumatic, can cut 50-80mm max pe foam 24000 vibrating frequency","_links":{"self":[{"href":"https:\/\/wisecnclaser.com\/tr\/wp-json\/wp\/v2\/product\/3667","targetHints":{"allow":["GET"]}}],"collection":[{"href":"https:\/\/wisecnclaser.com\/tr\/wp-json\/wp\/v2\/product"}],"about":[{"href":"https:\/\/wisecnclaser.com\/tr\/wp-json\/wp\/v2\/types\/product"}],"wp:featuredmedia":[{"embeddable":true,"href":"https:\/\/wisecnclaser.com\/tr\/wp-json\/wp\/v2\/media\/3671"}],"wp:attachment":[{"href":"https:\/\/wisecnclaser.com\/tr\/wp-json\/wp\/v2\/media?parent=3667"}],"wp:term":[{"taxonomy":"product_brand","embeddable":true,"href":"https:\/\/wisecnclaser.com\/tr\/wp-json\/wp\/v2\/product_brand?post=3667"},{"taxonomy":"product_cat","embeddable":true,"href":"https:\/\/wisecnclaser.com\/tr\/wp-json\/wp\/v2\/product_cat?post=3667"},{"taxonomy":"product_tag","embeddable":true,"href":"https:\/\/wisecnclaser.com\/tr\/wp-json\/wp\/v2\/product_tag?post=3667"}],"curies":[{"name":"wp","href":"https:\/\/api.w.org\/{rel}","templated":true}]}}