{"id":3672,"date":"2025-05-23T01:11:50","date_gmt":"2025-05-23T01:11:50","guid":{"rendered":"https:\/\/wisecnclaser.com\/?post_type=product&#038;p=3672"},"modified":"2025-05-23T01:11:50","modified_gmt":"2025-05-23T01:11:50","slug":"ws1612-flatbed-cardboard-cutter-plotter","status":"publish","type":"product","link":"https:\/\/wisecnclaser.com\/tr\/urun\/ws1612-flatbed-cardboard-cutter-plotter\/","title":{"rendered":"WS1612 D\u00fcz Yatakl\u0131 Karton Kesici Plotter"},"content":{"rendered":"<p><strong>Uygulama:<\/strong><\/p>\n<p>Karton kutu numune yap\u0131m\u0131, oluklu kutu kesme ve katlama, tabela ve grafik end\u00fcstrisi i\u00e7in kullan\u0131l\u0131r<\/p>\n<table class=\"has-title hight-light-first-column all magic-19\" width=\"NaN\">\n<tbody>\n<tr class=\"firstRow\">\n<td colspan=\"5\" rowspan=\"1\">\n<div class=\"magic-20\">D\u00fcz Yatakl\u0131 Karton Kesim Plotter Makinesi Teknik Parametreleri<\/div>\n<\/td>\n<\/tr>\n<tr>\n<td colspan=\"1\" rowspan=\"1\">\n<div class=\"magic-25\">Model<\/div>\n<\/td>\n<td colspan=\"4\" rowspan=\"1\">\n<div class=\"magic-26\">WS1612<\/div>\n<\/td>\n<\/tr>\n<tr>\n<td colspan=\"1\" rowspan=\"1\">\n<div class=\"magic-23\">\u00c7al\u0131\u015fma boyutu<\/div>\n<\/td>\n<td colspan=\"4\" rowspan=\"1\">\n<div class=\"magic-26\">1550*1200mm<\/div>\n<\/td>\n<\/tr>\n<tr>\n<td colspan=\"1\" rowspan=\"1\">\n<div class=\"magic-23\">Kesme y\u00fcksekli\u011fi<\/div>\n<\/td>\n<td colspan=\"4\" rowspan=\"1\">\n<div class=\"magic-26\">Titre\u015fimli b\u0131\u00e7akla maksimum 10 mm (kal\u0131n malzeme kesilirse, katlan\u0131r k\u00f6\u015fede 45 derecelik a\u00e7\u0131 kesmek i\u00e7in vcut aleti kullan\u0131labilir)<\/div>\n<\/td>\n<\/tr>\n<tr>\n<td colspan=\"1\" rowspan=\"1\">\n<div class=\"magic-23\">Kesme kafas\u0131<\/div>\n<\/td>\n<td colspan=\"4\" rowspan=\"1\">\n<div class=\"magic-26\">Sal\u0131n\u0131ml\u0131 b\u0131\u00e7ak + buru\u015fturma tekerle\u011fi (kal\u0131n karton kesimi i\u00e7in v kesim ara\u00e7lar\u0131 ve bas\u0131l\u0131 g\u00f6r\u00fcnt\u00fc kesimi i\u00e7in ccd ekleyebilir)<\/div>\n<\/td>\n<\/tr>\n<tr>\n<td colspan=\"1\" rowspan=\"1\">\n<div class=\"magic-23\">Makine masas\u0131<\/div>\n<\/td>\n<td colspan=\"4\" rowspan=\"1\">\n<div class=\"magic-26\">Al\u00fcminyum k\u00f6r\u00fckl\u00fc 9 emi\u015f b\u00f6lgeli emi\u015f tablas\u0131<\/div>\n<\/td>\n<\/tr>\n<tr>\n<td colspan=\"1\" rowspan=\"1\">\n<div class=\"magic-23\">Vakum pompas\u0131<\/div>\n<\/td>\n<td colspan=\"4\" rowspan=\"1\">\n<div class=\"magic-26\">9kw hava so\u011futmal\u0131 vakum pompas\u0131<\/div>\n<\/td>\n<\/tr>\n<tr>\n<td colspan=\"1\" rowspan=\"1\">\n<div class=\"magic-23\">S\u00fcr\u00fc\u015f sistemi<\/div>\n<\/td>\n<td colspan=\"4\" rowspan=\"1\">\n<div class=\"magic-26\">Tayvan delta servo motor ve s\u00fcr\u00fcc\u00fc<\/div>\n<\/td>\n<\/tr>\n<tr>\n<td colspan=\"1\" rowspan=\"1\">\n<div class=\"magic-23\">Kontrol sistemi<\/div>\n<\/td>\n<td colspan=\"4\" rowspan=\"1\">\n<div class=\"magic-26\">Ruida kontrol\u00f6r<\/div>\n<\/td>\n<\/tr>\n<tr>\n<td colspan=\"1\" rowspan=\"1\">\n<div class=\"magic-23\">Yaz\u0131l\u0131m<\/div>\n<\/td>\n<td colspan=\"4\" rowspan=\"1\">\n<div class=\"magic-26\">Vcutworks<\/div>\n<\/td>\n<\/tr>\n<tr>\n<td colspan=\"1\" rowspan=\"1\">\n<div class=\"magic-23\">\u015eanz\u0131man<\/div>\n<\/td>\n<td colspan=\"4\" rowspan=\"1\">\n<div class=\"magic-26\">Helisel kremayer di\u015flisi<\/div>\n<\/td>\n<\/tr>\n<tr>\n<td colspan=\"1\" rowspan=\"1\">\n<div class=\"magic-23\">Kesme h\u0131z\u0131<\/div>\n<\/td>\n<td colspan=\"4\" rowspan=\"1\">\n<div class=\"magic-26\">30m\/dak<\/div>\n<\/td>\n<\/tr>\n<tr>\n<td colspan=\"1\" rowspan=\"1\">\n<div class=\"magic-23\">Seyahat h\u0131z\u0131<\/div>\n<\/td>\n<td colspan=\"4\" rowspan=\"1\">\n<div class=\"magic-26\">50m\/dak<\/div>\n<\/td>\n<\/tr>\n<tr>\n<td colspan=\"1\" rowspan=\"1\">\n<div class=\"magic-23\">\u00c7al\u0131\u015fma g\u00fcc\u00fc<\/div>\n<\/td>\n<td colspan=\"4\" rowspan=\"1\">\n<div class=\"magic-26\">380V 3 faz 50HZ<\/div>\n<\/td>\n<\/tr>\n<tr>\n<td colspan=\"1\" rowspan=\"1\">\n<div class=\"magic-23\">Makine a\u011f\u0131rl\u0131\u011f\u0131<\/div>\n<\/td>\n<td colspan=\"4\" rowspan=\"1\">\n<div class=\"magic-26\">800kgs<\/div>\n<\/td>\n<\/tr>\n<tr>\n<td colspan=\"1\" rowspan=\"1\">\n<div class=\"magic-23\">G\u00fcvenlik anahtar\u0131<\/div>\n<\/td>\n<td colspan=\"4\" rowspan=\"1\">\n<div class=\"magic-26\">operat\u00f6r g\u00fcvenli\u011fini garanti etmek i\u00e7in d\u00f6rt g\u00fcvenlik sens\u00f6r\u00fc anahtar\u0131 ile<\/div>\n<\/td>\n<\/tr>\n<\/tbody>\n<\/table>\n<div style=\"width: 640px;\" class=\"wp-video\"><video class=\"wp-video-shortcode\" id=\"video-3672-1\" width=\"640\" height=\"368\" preload=\"metadata\" controls=\"controls\"><source type=\"video\/mp4\" src=\"https:\/\/wisecnclaser.com\/wp-content\/uploads\/2025\/05\/1625189228148691.mp4?_=1\" \/><a href=\"https:\/\/wisecnclaser.com\/wp-content\/uploads\/2025\/05\/1625189228148691.mp4\">https:\/\/wisecnclaser.com\/wp-content\/uploads\/2025\/05\/1625189228148691.mp4<\/a><\/video><\/div>","protected":false},"excerpt":{"rendered":"<h3 class=\"magic-2\">Platform Flatbed Cardboard Carton Corrugated Box Paper Automatic Cutting Creasing Machine for Sale<\/h3>\n<div class=\"magic-4\">\n<div class=\"magic-5\">\n<div class=\"magic-6\">CNC oscillating knife cutting machine with creasing wheel is used for packaging, carton box making, display, stands etc.<\/p>\n<div>If cutting material is heavy duty and very thick corrugated cardboard, can use v cut tool to cut 45 degree angle.<\/div>\n<div>if want to cut printed carton paperboard, can add ccd camera. It will cut out layout of printed image on paperboard.<\/div>\n<div>Uygulama:<br \/>\nEsas olarak karton kutu yap\u0131m\u0131, karton ambalaj, \u00e7ift ve \u00fc\u00e7 duvarl\u0131 oluklu mukavvay\u0131 i\u015flemek i\u00e7in, karton kutu yap\u0131m\u0131na uygulan\u0131r<\/div>\n<div>\nCutting Materials: corrugated cardboard, paper board, plastic wave board, honeycomb cardboard, paper card<\/div>\n<\/div>\n<\/div>\n<\/div>","protected":false},"featured_media":3675,"template":"","meta":{"_seopress_robots_primary_cat":"","_seopress_titles_title":"","_seopress_titles_desc":"","_seopress_robots_index":"","_uag_custom_page_level_css":"","site-sidebar-layout":"default","site-content-layout":"","ast-site-content-layout":"default","site-content-style":"default","site-sidebar-style":"default","ast-global-header-display":"","ast-banner-title-visibility":"","ast-main-header-display":"","ast-hfb-above-header-display":"","ast-hfb-below-header-display":"","ast-hfb-mobile-header-display":"","site-post-title":"","ast-breadcrumbs-content":"","ast-featured-img":"","footer-sml-layout":"","ast-disable-related-posts":"","theme-transparent-header-meta":"default","adv-header-id-meta":"","stick-header-meta":"default","header-above-stick-meta":"","header-main-stick-meta":"","header-below-stick-meta":"","astra-migrate-meta-layouts":"set","ast-page-background-enabled":"default","ast-page-background-meta":{"desktop":{"background-color":"","background-image":"","background-repeat":"repeat","background-position":"center center","background-size":"auto","background-attachment":"scroll","background-type":"","background-media":"","overlay-type":"","overlay-color":"","overlay-opacity":"","overlay-gradient":""},"tablet":{"background-color":"","background-image":"","background-repeat":"repeat","background-position":"center center","background-size":"auto","background-attachment":"scroll","background-type":"","background-media":"","overlay-type":"","overlay-color":"","overlay-opacity":"","overlay-gradient":""},"mobile":{"background-color":"","background-image":"","background-repeat":"repeat","background-position":"center center","background-size":"auto","background-attachment":"scroll","background-type":"","background-media":"","overlay-type":"","overlay-color":"","overlay-opacity":"","overlay-gradient":""}},"ast-content-background-meta":{"desktop":{"background-color":"var(--ast-global-color-5)","background-image":"","background-repeat":"repeat","background-position":"center center","background-size":"auto","background-attachment":"scroll","background-type":"","background-media":"","overlay-type":"","overlay-color":"","overlay-opacity":"","overlay-gradient":""},"tablet":{"background-color":"var(--ast-global-color-5)","background-image":"","background-repeat":"repeat","background-position":"center center","background-size":"auto","background-attachment":"scroll","background-type":"","background-media":"","overlay-type":"","overlay-color":"","overlay-opacity":"","overlay-gradient":""},"mobile":{"background-color":"var(--ast-global-color-5)","background-image":"","background-repeat":"repeat","background-position":"center center","background-size":"auto","background-attachment":"scroll","background-type":"","background-media":"","overlay-type":"","overlay-color":"","overlay-opacity":"","overlay-gradient":""}}},"product_brand":[],"product_cat":[21],"product_tag":[],"class_list":{"0":"post-3672","1":"product","2":"type-product","3":"status-publish","4":"has-post-thumbnail","6":"product_cat-oscillating","7":"desktop-align-left","8":"tablet-align-left","9":"mobile-align-left","10":"ast-product-gallery-layout-horizontal-slider","11":"ast-product-gallery-with-no-image","12":"ast-product-tabs-layout-horizontal","14":"first","15":"instock","16":"shipping-taxable","17":"product-type-simple"},"uagb_featured_image_src":{"full":["https:\/\/wisecnclaser.com\/wp-content\/uploads\/2025\/05\/5033a6054c5a613761f1a5f8abca5073.jpg",750,750,false],"thumbnail":["https:\/\/wisecnclaser.com\/wp-content\/uploads\/2025\/05\/5033a6054c5a613761f1a5f8abca5073-150x150.jpg",150,150,true],"medium":["https:\/\/wisecnclaser.com\/wp-content\/uploads\/2025\/05\/5033a6054c5a613761f1a5f8abca5073-300x300.jpg",300,300,true],"medium_large":["https:\/\/wisecnclaser.com\/wp-content\/uploads\/2025\/05\/5033a6054c5a613761f1a5f8abca5073.jpg",750,750,false],"large":["https:\/\/wisecnclaser.com\/wp-content\/uploads\/2025\/05\/5033a6054c5a613761f1a5f8abca5073.jpg",750,750,false],"1536x1536":["https:\/\/wisecnclaser.com\/wp-content\/uploads\/2025\/05\/5033a6054c5a613761f1a5f8abca5073.jpg",750,750,false],"2048x2048":["https:\/\/wisecnclaser.com\/wp-content\/uploads\/2025\/05\/5033a6054c5a613761f1a5f8abca5073.jpg",750,750,false],"trp-custom-language-flag":["https:\/\/wisecnclaser.com\/wp-content\/uploads\/2025\/05\/5033a6054c5a613761f1a5f8abca5073-12x12.jpg",12,12,true],"woocommerce_thumbnail":["https:\/\/wisecnclaser.com\/wp-content\/uploads\/2025\/05\/5033a6054c5a613761f1a5f8abca5073-300x300.jpg",300,300,true],"woocommerce_single":["https:\/\/wisecnclaser.com\/wp-content\/uploads\/2025\/05\/5033a6054c5a613761f1a5f8abca5073-600x600.jpg",600,600,true],"woocommerce_gallery_thumbnail":["https:\/\/wisecnclaser.com\/wp-content\/uploads\/2025\/05\/5033a6054c5a613761f1a5f8abca5073-100x100.jpg",100,100,true]},"uagb_author_info":{"display_name":"jinxing6611@gmail.com","author_link":"https:\/\/wisecnclaser.com\/tr\/author\/"},"uagb_comment_info":0,"uagb_excerpt":"Platform Flatbed Cardboard Carton Corrugated Box Paper Automatic Cutting Creasing Machine for Sale CNC oscillating knife cutting machine with creasing wheel is used for packaging, carton box making, display, stands etc. If cutting material is heavy duty and very thick corrugated cardboard, can use v cut tool to cut 45 degree angle. if want to&hellip;","_links":{"self":[{"href":"https:\/\/wisecnclaser.com\/tr\/wp-json\/wp\/v2\/product\/3672","targetHints":{"allow":["GET"]}}],"collection":[{"href":"https:\/\/wisecnclaser.com\/tr\/wp-json\/wp\/v2\/product"}],"about":[{"href":"https:\/\/wisecnclaser.com\/tr\/wp-json\/wp\/v2\/types\/product"}],"wp:featuredmedia":[{"embeddable":true,"href":"https:\/\/wisecnclaser.com\/tr\/wp-json\/wp\/v2\/media\/3675"}],"wp:attachment":[{"href":"https:\/\/wisecnclaser.com\/tr\/wp-json\/wp\/v2\/media?parent=3672"}],"wp:term":[{"taxonomy":"product_brand","embeddable":true,"href":"https:\/\/wisecnclaser.com\/tr\/wp-json\/wp\/v2\/product_brand?post=3672"},{"taxonomy":"product_cat","embeddable":true,"href":"https:\/\/wisecnclaser.com\/tr\/wp-json\/wp\/v2\/product_cat?post=3672"},{"taxonomy":"product_tag","embeddable":true,"href":"https:\/\/wisecnclaser.com\/tr\/wp-json\/wp\/v2\/product_tag?post=3672"}],"curies":[{"name":"wp","href":"https:\/\/api.w.org\/{rel}","templated":true}]}}