{"id":3677,"date":"2025-05-23T01:15:58","date_gmt":"2025-05-23T01:15:58","guid":{"rendered":"https:\/\/wisecnclaser.com\/?post_type=product&#038;p=3677"},"modified":"2025-05-23T01:15:58","modified_gmt":"2025-05-23T01:15:58","slug":"double-gantry-flat-bed-cutting-machine-table","status":"publish","type":"product","link":"https:\/\/wisecnclaser.com\/tr\/urun\/double-gantry-flat-bed-cutting-machine-table\/","title":{"rendered":"\u00c7ift Portal D\u00fcz Yatakl\u0131 Kesim Makinesi Masas\u0131"},"content":{"rendered":"<table border=\"1\">\n<tbody>\n<tr class=\"firstRow\" style=\";height: 38px;\">\n<td style=\"border-width: 1px; border-style: solid; border-color: #9bbb59 #666666 #666666 #9bbb59; border-image: initial; background: white; padding: 5px; word-break: break-all;\" colspan=\"2\" width=\"662\">\n<p style=\"line-height: 16px;\"><span style=\"font-family: arial, helvetica, sans-serif; font-size: 16px;\"><strong><span style=\"font-family: arial, helvetica, sans-serif; color: green;\">Y\u00fcksek hassasiyetli \u00e7ift kafal\u0131 d\u00fcz yatakl\u0131 kesme makinesi tablas\u0131n\u0131n Tan\u0131m\u0131 ve \u00d6zellikleri:<\/span><\/strong><\/span><\/p>\n<\/td>\n<\/tr>\n<tr>\n<td style=\"border-left: 1px solid #9bbb59; border-image: initial; border-top: none; background: #d7e3bc; border-bottom: 1px solid #666666; border-right: 1px solid #666666; padding: 5px;\" valign=\"top\" width=\"158\">\n<p style=\"line-height: 16px;\"><span style=\"color: black; font-family: arial, helvetica, sans-serif; font-size: 16px;\">X \u00e7al\u0131\u015fma boyutu<\/span><\/p>\n<\/td>\n<td style=\"border-top: none; border-left: none; background: #d7e3bc; border-bottom: 1px solid #666666; border-right: 1px solid #666666; padding: 5px; word-break: break-all;\" valign=\"top\" width=\"504\">\n<p style=\"line-height: 16px;\"><span style=\"color: black; font-family: arial, helvetica, sans-serif; font-size: 16px;\">1600 mm iki kafa toplam \u00e7al\u0131\u015fma geni\u015fli\u011fi<\/span><\/p>\n<\/td>\n<\/tr>\n<tr>\n<td style=\"border-left: 1px solid #9bbb59; border-image: initial; border-top: none; background: white; border-bottom: 1px solid #666666; border-right: 1px solid #666666; padding: 5px;\" valign=\"top\" width=\"158\">\n<p style=\"line-height: 16px;\"><span style=\"color: black; font-family: arial, helvetica, sans-serif; font-size: 16px;\">Y \u00e7al\u0131\u015fma boyutu<\/span><\/p>\n<\/td>\n<td style=\"border-top: none; border-left: none; background: white; border-bottom: 1px solid #666666; border-right: 1px solid #666666; padding: 5px;\" valign=\"top\" width=\"504\">\n<p style=\"line-height: 16px;\"><span style=\"color: black; font-family: arial, helvetica, sans-serif; font-size: 16px;\">2500mm<\/span><\/p>\n<\/td>\n<\/tr>\n<tr>\n<td style=\"border-left: 1px solid #9bbb59; border-image: initial; border-top: none; background: #d7e3bc; border-bottom: 1px solid #666666; border-right: 1px solid #666666; padding: 5px;\" valign=\"top\" width=\"158\">\n<p style=\"line-height: 16px;\"><span style=\"color: black; font-family: arial, helvetica, sans-serif; font-size: 16px;\">Z \u00e7al\u0131\u015fma boyutu<\/span><\/p>\n<\/td>\n<td style=\"border-top: none; border-left: none; background: #d7e3bc; border-bottom: 1px solid #666666; border-right: 1px solid #666666; padding: 5px; word-break: break-all;\" valign=\"top\" width=\"504\">\n<p style=\"line-height: 16px;\"><span style=\"color: black; font-family: arial, helvetica, sans-serif; font-size: 16px;\">\u00a0Malzemenin maksimum kesme kal\u0131nl\u0131\u011f\u0131 50 mm'dir, makinenin \u00f6zelle\u015ftirilmesi gerekir, <\/span><\/p>\n<p style=\"line-height: 16px;\"><span style=\"color: black; font-family: arial, helvetica, sans-serif; font-size: 16px;\">standart makine kesim kal\u0131nl\u0131\u011f\u0131 10 mm'den azd\u0131r<\/span><\/p>\n<\/td>\n<\/tr>\n<tr>\n<td style=\"border-left: 1px solid #9bbb59; border-image: initial; border-top: none; border-bottom: 1px solid #666666; border-right: 1px solid #666666; padding: 5px;\" valign=\"top\" width=\"158\">\n<p style=\"line-height: 16px;\"><span style=\"color: black; font-family: arial, helvetica, sans-serif; font-size: 16px;\">Kesme kafas\u0131<\/span><\/p>\n<\/td>\n<td style=\"border-top: none; border-left: none; border-bottom: 1px solid #666666; border-right: 1px solid #666666; padding: 5px; word-break: break-all;\" valign=\"top\" width=\"504\">\n<p style=\"line-height: 16px;\"><span style=\"color: black; font-family: arial, helvetica, sans-serif; font-size: 16px;\">cnc sal\u0131n\u0131ml\u0131 b\u0131\u00e7ak kesme kafas\u0131 (farkl\u0131 malzeme kesimi i\u00e7in kafay\u0131 pn\u00f6matik b\u0131\u00e7ak, yuvarlak b\u0131\u00e7ak vb. olarak de\u011fi\u015ftirebilir)<\/span><\/p>\n<\/td>\n<\/tr>\n<tr>\n<td style=\"border-left: 1px solid #9bbb59; border-image: initial; border-top: none; background: #d7e3bc; border-bottom: 1px solid #666666; border-right: 1px solid #666666; padding: 5px;\" valign=\"top\" width=\"158\">\n<p style=\"line-height: 16px;\"><span style=\"color: black; font-family: arial, helvetica, sans-serif; font-size: 16px;\">G\u00f6r\u00fcnt\u00fcleme yolu<\/span><\/p>\n<\/td>\n<td style=\"border-top: none; border-left: none; background: #d7e3bc; border-bottom: 1px solid #666666; border-right: 1px solid #666666; padding: 5px;\" valign=\"top\" width=\"504\">\n<p style=\"line-height: 16px;\"><span style=\"color: black; font-family: arial, helvetica, sans-serif; font-size: 16px;\">\u0130ngilizce LED dokunmatik ekran<\/span><\/p>\n<\/td>\n<\/tr>\n<tr>\n<td style=\"border-left: 1px solid #9bbb59; border-image: initial; border-top: none; background: white; border-bottom: 1px solid #666666; border-right: 1px solid #666666; padding: 5px;\" valign=\"top\" width=\"158\">\n<p style=\"line-height: 16px;\"><span style=\"color: black; font-family: arial, helvetica, sans-serif; font-size: 16px;\">Makine masas\u0131<\/span><\/p>\n<\/td>\n<td style=\"border-top: none; border-left: none; background: white; border-bottom: 1px solid #666666; border-right: 1px solid #666666; padding: 5px;\" valign=\"top\" width=\"504\">\n<p style=\"line-height: 16px;\"><span style=\"color: black; font-family: arial, helvetica, sans-serif; font-size: 16px;\">Al\u00fcminyum k\u00f6r\u00fckl\u00fc 9 emi\u015f b\u00f6lgeli Emme Tablas\u0131<\/span><\/p>\n<\/td>\n<\/tr>\n<tr>\n<td style=\"border-left: 1px solid #9bbb59; border-image: initial; border-top: none; background: #d7e3bc; border-bottom: 1px solid #666666; border-right: 1px solid #666666; padding: 5px;\" valign=\"top\" width=\"158\">\n<p style=\"line-height: 16px;\"><span style=\"color: black; font-family: arial, helvetica, sans-serif; font-size: 16px;\">Veri aktar\u0131m yolu<\/span><\/p>\n<\/td>\n<td style=\"border-top: none; border-left: none; background: #d7e3bc; border-bottom: 1px solid #666666; border-right: 1px solid #666666; padding: 5px;\" valign=\"top\" width=\"504\">\n<p style=\"line-height: 16px;\"><span style=\"color: black; font-family: arial, helvetica, sans-serif; font-size: 16px;\">Intel<\/span><\/p>\n<\/td>\n<\/tr>\n<tr>\n<td style=\"border-left: 1px solid #9bbb59; border-image: initial; border-top: none; background: white; border-bottom: 1px solid #666666; border-right: 1px solid #666666; padding: 5px;\" valign=\"top\" width=\"158\">\n<p style=\"line-height: 16px;\"><span style=\"color: black; font-family: arial, helvetica, sans-serif; font-size: 16px;\">Vakum pompas\u0131<\/span><\/p>\n<\/td>\n<td style=\"border-top: none; border-left: none; background: white; border-bottom: 1px solid #666666; border-right: 1px solid #666666; padding: 5px;\" valign=\"top\" width=\"504\">\n<p style=\"line-height: 16px;\"><span style=\"color: black; font-family: arial, helvetica, sans-serif; font-size: 16px;\">9KW hava tipi vakum pompas\u0131<\/span><\/p>\n<\/td>\n<\/tr>\n<tr>\n<td style=\"border-left: 1px solid #9bbb59; border-image: initial; border-top: none; background: #d7e3bc; border-bottom: 1px solid #666666; border-right: 1px solid #666666; padding: 5px;\" valign=\"top\" width=\"158\">\n<p style=\"text-align: left; line-height: 16px;\"><span style=\"color: black; font-family: arial, helvetica, sans-serif; font-size: 16px;\">S\u00fcr\u00fc\u015f sistemi<\/span><\/p>\n<\/td>\n<td style=\"border-top: none; border-left: none; background: #d7e3bc; border-bottom: 1px solid #666666; border-right: 1px solid #666666; padding: 5px;\" valign=\"top\" width=\"504\">\n<p style=\"text-align: left; line-height: 16px;\"><span style=\"color: black; font-family: arial, helvetica, sans-serif; font-size: 16px;\">Tayvan delta servo s\u00fcr\u00fcc\u00fc ve motor<\/span><\/p>\n<\/td>\n<\/tr>\n<tr>\n<td style=\"border-left: 1px solid #9bbb59; border-image: initial; border-top: none; background: white; border-bottom: 1px solid #666666; border-right: 1px solid #666666; padding: 5px;\" valign=\"top\" width=\"158\">\n<p style=\"text-align: left; line-height: 16px;\"><span style=\"color: black; font-family: arial, helvetica, sans-serif; font-size: 16px;\">Kontrol sistemi<\/span><\/p>\n<\/td>\n<td style=\"border-top: none; border-left: none; background: white; border-bottom: 1px solid #666666; border-right: 1px solid #666666; padding: 5px;\" valign=\"top\" width=\"504\">\n<p style=\"text-align: left; line-height: 16px;\"><span style=\"color: black; font-family: arial, helvetica, sans-serif; font-size: 16px;\">RD kontrol sistemi<\/span><\/p>\n<\/td>\n<\/tr>\n<tr>\n<td style=\"border-left: 1px solid #9bbb59; border-image: initial; border-top: none; background: #d7e3bc; border-bottom: 1px solid #666666; border-right: 1px solid #666666; padding: 5px;\" valign=\"top\" width=\"158\">\n<p style=\"text-align: left; line-height: 16px;\"><span style=\"color: black; font-family: arial, helvetica, sans-serif; font-size: 16px;\">Rehberlik sistemi<\/span><\/p>\n<\/td>\n<td style=\"border-top: none; border-left: none; background: #d7e3bc; border-bottom: 1px solid #666666; border-right: 1px solid #666666; padding: 5px;\" valign=\"top\" width=\"504\">\n<p style=\"text-align: left; line-height: 16px;\"><span style=\"color: black; font-family: arial, helvetica, sans-serif; font-size: 16px;\">Tayvan TBI kare ray<\/span><\/p>\n<\/td>\n<\/tr>\n<tr>\n<td style=\"border-left: 1px solid #9bbb59; border-image: initial; border-top: none; background: #d7e3bc; border-bottom: 1px solid #666666; border-right: 1px solid #666666; padding: 5px;\" valign=\"top\" width=\"158\">\n<p style=\"text-align: left; line-height: 16px;\"><span style=\"color: black; font-family: arial, helvetica, sans-serif; font-size: 16px;\">Alet sens\u00f6r\u00fc<\/span><\/p>\n<\/td>\n<td style=\"border-top: none; border-left: none; background: #d7e3bc; border-bottom: 1px solid #666666; border-right: 1px solid #666666; padding: 5px;\" valign=\"top\" width=\"504\">\n<p style=\"text-align: left; line-height: 16px;\"><span style=\"color: black; font-family: arial, helvetica, sans-serif; font-size: 16px;\">K\u0131rm\u0131z\u0131 nokta ile<\/span><\/p>\n<\/td>\n<\/tr>\n<tr>\n<td style=\"border-left: 1px solid #9bbb59; border-image: initial; border-top: none; background: white; border-bottom: 1px solid #666666; border-right: 1px solid #666666; padding: 5px;\" valign=\"top\" width=\"158\">\n<p style=\"text-align: left; line-height: 16px;\"><span style=\"color: black; font-family: arial, helvetica, sans-serif; font-size: 16px;\">\u015eanz\u0131man \u00a0 <\/span><\/p>\n<\/td>\n<td style=\"border-top: none; border-left: none; background: white; border-bottom: 1px solid #666666; border-right: 1px solid #666666; padding: 5px;\" valign=\"top\" width=\"504\">\n<p style=\"line-height: 18px; background: white; text-autospace: ideograph-other;\"><span style=\"color: black; font-family: arial, helvetica, sans-serif; font-size: 16px;\">Y kremayer pinyonu, XZ senkron \u00e7elik kay\u0131\u015f<\/span><\/p>\n<\/td>\n<\/tr>\n<tr>\n<td style=\"border-left: 1px solid #9bbb59; border-image: initial; border-top: none; background: #d7e3bc; border-bottom: 1px solid #666666; border-right: 1px solid #666666; padding: 5px;\" valign=\"top\" width=\"158\">\n<p style=\"text-align: left; line-height: 16px;\"><span style=\"color: black; font-family: arial, helvetica, sans-serif; font-size: 16px;\">Kesme h\u0131z\u0131 <\/span><\/p>\n<\/td>\n<td style=\"border-top: none; border-left: none; background: #d7e3bc; border-bottom: 1px solid #666666; border-right: 1px solid #666666; padding: 5px;\" valign=\"top\" width=\"504\">\n<p style=\"text-align: left; line-height: 16px;\"><span style=\"color: black; font-family: arial, helvetica, sans-serif; font-size: 16px;\">30m\/dak<\/span><\/p>\n<\/td>\n<\/tr>\n<tr>\n<td style=\"border-top: none; border-left: 1px solid #9bbb59; background: white; border-bottom: 1px solid #666666; border-right: 1px solid #666666; padding: 5px;\" valign=\"top\" width=\"158\">\n<p style=\"text-align: left; line-height: 16px;\"><span style=\"color: black; font-family: arial, helvetica, sans-serif; font-size: 16px;\">Seyahat h\u0131z\u0131 <\/span><\/p>\n<\/td>\n<td style=\"border-top: none; border-left: none; background: white; border-bottom: 1px solid #666666; border-right: 1px solid #666666; padding: 5px;\" valign=\"top\" width=\"504\">\n<p style=\"text-align: left; line-height: 16px;\"><span style=\"color: black; font-family: arial, helvetica, sans-serif; font-size: 16px;\">50m\/dak<\/span><\/p>\n<\/td>\n<\/tr>\n<tr>\n<td style=\"border-left: 1px solid #99cc00; border-image: initial; border-top: none; background: white; border-bottom: 1px solid #666666; border-right: 1px solid #666666; padding: 5px;\" width=\"158\">\n<p style=\"text-align: left; line-height: 16px;\"><span style=\"color: black; font-family: arial, helvetica, sans-serif; font-size: 16px;\">A\u011f\u0131rl\u0131k <\/span><\/p>\n<\/td>\n<td style=\"border-top: none; border-left: none; background: white; border-bottom: 1px solid #666666; border-right: 1px solid #666666; padding: 5px; word-break: break-all;\" valign=\"top\" width=\"504\">\n<p style=\"text-align: left; line-height: 16px;\"><span style=\"color: black; font-family: arial, helvetica, sans-serif; font-size: 16px;\">Yakla\u015f\u0131k 900kgs<\/span><\/p>\n<\/td>\n<\/tr>\n<tr>\n<td style=\"border-left: 1px solid #99cc00; border-image: initial; border-top: none; background: white; border-bottom: 1px solid #666666; border-right: 1px solid #666666; padding: 5px;\" valign=\"top\" width=\"158\">\n<p style=\"text-align: left; line-height: 16px;\"><span style=\"color: black; font-family: arial, helvetica, sans-serif; font-size: 16px;\">Boyut <\/span><\/p>\n<\/td>\n<td style=\"border-top: none; border-left: none; background: white; border-bottom: 1px solid #666666; border-right: 1px solid #666666; padding: 5px;\" valign=\"top\" width=\"504\">\n<p style=\"text-align: left; line-height: 16px;\"><span style=\"color: black; font-family: arial, helvetica, sans-serif; font-size: 16px;\">2250*3300*1650mm<\/span><\/p>\n<\/td>\n<\/tr>\n<tr>\n<td style=\"border-left: 1px solid #99cc00; border-image: initial; border-top: none; background: white; border-bottom: 1px solid #666666; border-right: 1px solid #666666; padding: 5px;\" valign=\"top\" width=\"158\">\n<p style=\"text-align: left; line-height: 16px;\"><span style=\"color: black; font-family: arial, helvetica, sans-serif; font-size: 16px;\">G\u00fc\u00e7 <\/span><\/p>\n<\/td>\n<td style=\"border-top: none; border-left: none; background: white; border-bottom: 1px solid #666666; border-right: 1px solid #666666; padding: 5px;\" valign=\"top\" width=\"504\">\n<p style=\"text-align: left; line-height: 16px;\"><span style=\"color: black; font-family: arial, helvetica, sans-serif; font-size: 16px;\">380V 50HZ <\/span><\/p>\n<\/td>\n<\/tr>\n<tr>\n<td style=\"border-left: 1px solid #99cc00; border-image: initial; border-top: none; background: white; border-bottom: 1px solid #666666; border-right: 1px solid #666666; padding: 5px;\" valign=\"top\" width=\"158\">\n<p style=\"text-align: left; line-height: 16px;\"><span style=\"color: black; font-family: arial, helvetica, sans-serif; font-size: 16px;\">Yaz\u0131l\u0131m \u00a0 <\/span><\/p>\n<\/td>\n<td style=\"border-top: none; border-left: none; background: white; border-bottom: 1px solid #666666; border-right: 1px solid #666666; padding: 5px;\" valign=\"top\" width=\"504\">\n<p style=\"text-align: left; line-height: 16px;\"><span style=\"color: black; font-family: arial, helvetica, sans-serif; font-size: 16px;\">vcutworks, makinede bu yaz\u0131l\u0131m var, dxf, plt format\u0131ndaki dosyalar\u0131 destekliyor<\/span><\/p>\n<\/td>\n<\/tr>\n<\/tbody>\n<\/table>\n<div style=\"width: 640px;\" class=\"wp-video\"><video class=\"wp-video-shortcode\" id=\"video-3677-1\" width=\"640\" height=\"368\" preload=\"metadata\" controls=\"controls\"><source type=\"video\/mp4\" src=\"https:\/\/wisecnclaser.com\/wp-content\/uploads\/2025\/05\/1625190024688267.mp4?_=1\" \/><a href=\"https:\/\/wisecnclaser.com\/wp-content\/uploads\/2025\/05\/1625190024688267.mp4\">https:\/\/wisecnclaser.com\/wp-content\/uploads\/2025\/05\/1625190024688267.mp4<\/a><\/video><\/div>","protected":false},"excerpt":{"rendered":"<p><strong>Features of flatbed cutting plotter machine:<\/strong><\/p>\n<p>1.This is double gantry machine, machine working size is 160*250cm, you can make a design with size 160*250cm, use two gantry to finish one big design, and each gantry do half design cutting at same time, then can save half time of one sheet cutting.<\/p>\n<p>2, you can also make 2 small design, double gantry work together to get 2 same pieces of work at same time.<\/p>\n<p>3, each gantry can work separately, it can do different design cutting at same time.<\/p>\n<p>&nbsp;<\/p>","protected":false},"featured_media":3681,"template":"","meta":{"_seopress_robots_primary_cat":"","_seopress_titles_title":"","_seopress_titles_desc":"","_seopress_robots_index":"","_uag_custom_page_level_css":"","site-sidebar-layout":"default","site-content-layout":"","ast-site-content-layout":"default","site-content-style":"default","site-sidebar-style":"default","ast-global-header-display":"","ast-banner-title-visibility":"","ast-main-header-display":"","ast-hfb-above-header-display":"","ast-hfb-below-header-display":"","ast-hfb-mobile-header-display":"","site-post-title":"","ast-breadcrumbs-content":"","ast-featured-img":"","footer-sml-layout":"","ast-disable-related-posts":"","theme-transparent-header-meta":"default","adv-header-id-meta":"","stick-header-meta":"default","header-above-stick-meta":"","header-main-stick-meta":"","header-below-stick-meta":"","astra-migrate-meta-layouts":"set","ast-page-background-enabled":"default","ast-page-background-meta":{"desktop":{"background-color":"","background-image":"","background-repeat":"repeat","background-position":"center center","background-size":"auto","background-attachment":"scroll","background-type":"","background-media":"","overlay-type":"","overlay-color":"","overlay-opacity":"","overlay-gradient":""},"tablet":{"background-color":"","background-image":"","background-repeat":"repeat","background-position":"center center","background-size":"auto","background-attachment":"scroll","background-type":"","background-media":"","overlay-type":"","overlay-color":"","overlay-opacity":"","overlay-gradient":""},"mobile":{"background-color":"","background-image":"","background-repeat":"repeat","background-position":"center center","background-size":"auto","background-attachment":"scroll","background-type":"","background-media":"","overlay-type":"","overlay-color":"","overlay-opacity":"","overlay-gradient":""}},"ast-content-background-meta":{"desktop":{"background-color":"var(--ast-global-color-5)","background-image":"","background-repeat":"repeat","background-position":"center center","background-size":"auto","background-attachment":"scroll","background-type":"","background-media":"","overlay-type":"","overlay-color":"","overlay-opacity":"","overlay-gradient":""},"tablet":{"background-color":"var(--ast-global-color-5)","background-image":"","background-repeat":"repeat","background-position":"center center","background-size":"auto","background-attachment":"scroll","background-type":"","background-media":"","overlay-type":"","overlay-color":"","overlay-opacity":"","overlay-gradient":""},"mobile":{"background-color":"var(--ast-global-color-5)","background-image":"","background-repeat":"repeat","background-position":"center center","background-size":"auto","background-attachment":"scroll","background-type":"","background-media":"","overlay-type":"","overlay-color":"","overlay-opacity":"","overlay-gradient":""}}},"product_brand":[],"product_cat":[21],"product_tag":[],"class_list":{"0":"post-3677","1":"product","2":"type-product","3":"status-publish","4":"has-post-thumbnail","6":"product_cat-oscillating","7":"desktop-align-left","8":"tablet-align-left","9":"mobile-align-left","10":"ast-product-gallery-layout-horizontal-slider","11":"ast-product-gallery-with-no-image","12":"ast-product-tabs-layout-horizontal","14":"first","15":"instock","16":"shipping-taxable","17":"product-type-simple"},"uagb_featured_image_src":{"full":["https:\/\/wisecnclaser.com\/wp-content\/uploads\/2025\/05\/3ef35dc036d22d63bece946a5144ef8d.jpg",750,750,false],"thumbnail":["https:\/\/wisecnclaser.com\/wp-content\/uploads\/2025\/05\/3ef35dc036d22d63bece946a5144ef8d-150x150.jpg",150,150,true],"medium":["https:\/\/wisecnclaser.com\/wp-content\/uploads\/2025\/05\/3ef35dc036d22d63bece946a5144ef8d-300x300.jpg",300,300,true],"medium_large":["https:\/\/wisecnclaser.com\/wp-content\/uploads\/2025\/05\/3ef35dc036d22d63bece946a5144ef8d.jpg",750,750,false],"large":["https:\/\/wisecnclaser.com\/wp-content\/uploads\/2025\/05\/3ef35dc036d22d63bece946a5144ef8d.jpg",750,750,false],"1536x1536":["https:\/\/wisecnclaser.com\/wp-content\/uploads\/2025\/05\/3ef35dc036d22d63bece946a5144ef8d.jpg",750,750,false],"2048x2048":["https:\/\/wisecnclaser.com\/wp-content\/uploads\/2025\/05\/3ef35dc036d22d63bece946a5144ef8d.jpg",750,750,false],"trp-custom-language-flag":["https:\/\/wisecnclaser.com\/wp-content\/uploads\/2025\/05\/3ef35dc036d22d63bece946a5144ef8d-12x12.jpg",12,12,true],"woocommerce_thumbnail":["https:\/\/wisecnclaser.com\/wp-content\/uploads\/2025\/05\/3ef35dc036d22d63bece946a5144ef8d-300x300.jpg",300,300,true],"woocommerce_single":["https:\/\/wisecnclaser.com\/wp-content\/uploads\/2025\/05\/3ef35dc036d22d63bece946a5144ef8d-600x600.jpg",600,600,true],"woocommerce_gallery_thumbnail":["https:\/\/wisecnclaser.com\/wp-content\/uploads\/2025\/05\/3ef35dc036d22d63bece946a5144ef8d-100x100.jpg",100,100,true]},"uagb_author_info":{"display_name":"jinxing6611@gmail.com","author_link":"https:\/\/wisecnclaser.com\/tr\/author\/"},"uagb_comment_info":0,"uagb_excerpt":"Features of flatbed cutting plotter machine: 1.This is double gantry machine, machine working size is 160*250cm, you can make a design with size 160*250cm, use two gantry to finish one big design, and each gantry do half design cutting at same time, then can save half time of one sheet cutting. 2, you can also&hellip;","_links":{"self":[{"href":"https:\/\/wisecnclaser.com\/tr\/wp-json\/wp\/v2\/product\/3677","targetHints":{"allow":["GET"]}}],"collection":[{"href":"https:\/\/wisecnclaser.com\/tr\/wp-json\/wp\/v2\/product"}],"about":[{"href":"https:\/\/wisecnclaser.com\/tr\/wp-json\/wp\/v2\/types\/product"}],"wp:featuredmedia":[{"embeddable":true,"href":"https:\/\/wisecnclaser.com\/tr\/wp-json\/wp\/v2\/media\/3681"}],"wp:attachment":[{"href":"https:\/\/wisecnclaser.com\/tr\/wp-json\/wp\/v2\/media?parent=3677"}],"wp:term":[{"taxonomy":"product_brand","embeddable":true,"href":"https:\/\/wisecnclaser.com\/tr\/wp-json\/wp\/v2\/product_brand?post=3677"},{"taxonomy":"product_cat","embeddable":true,"href":"https:\/\/wisecnclaser.com\/tr\/wp-json\/wp\/v2\/product_cat?post=3677"},{"taxonomy":"product_tag","embeddable":true,"href":"https:\/\/wisecnclaser.com\/tr\/wp-json\/wp\/v2\/product_tag?post=3677"}],"curies":[{"name":"wp","href":"https:\/\/api.w.org\/{rel}","templated":true}]}}