{"id":3687,"date":"2025-05-23T01:20:07","date_gmt":"2025-05-23T01:20:07","guid":{"rendered":"https:\/\/wisecnclaser.com\/?post_type=product&#038;p=3687"},"modified":"2025-05-23T01:20:07","modified_gmt":"2025-05-23T01:20:07","slug":"ws1325-ccd-cnc-router-with-vibrating-knife-tool","status":"publish","type":"product","link":"https:\/\/wisecnclaser.com\/tr\/urun\/ws1325-ccd-cnc-router-with-vibrating-knife-tool\/","title":{"rendered":"WS1325 Titre\u015fimli B\u0131\u00e7ak Tak\u0131ml\u0131 CCD CNC Router"},"content":{"rendered":"<table border=\"1\">\n<tbody>\n<tr class=\"firstRow\" style=\";height: 38px;\">\n<td style=\"border-width: 1px; border-style: solid; border-color: #9bbb59 #666666 #666666 #9bbb59; border-image: initial; background: white; padding: 5px; word-break: break-all;\" colspan=\"2\" width=\"662\">\n<p style=\"line-height: 16px;\"><span style=\"font-family: arial, helvetica, sans-serif; font-size: 16px;\"><strong><span style=\"font-family: arial, helvetica, sans-serif; color: green;\">WS1325 CCD titre\u015fimli b\u0131\u00e7ak tak\u0131ml\u0131 cnc router'\u0131n Tan\u0131m\u0131 ve \u00d6zellikleri:<\/span><\/strong><\/span><\/p>\n<\/td>\n<\/tr>\n<tr>\n<td style=\"border-left: 1px solid #9bbb59; border-image: initial; border-top: none; background: #d7e3bc; border-bottom: 1px solid #666666; border-right: 1px solid #666666; padding: 5px;\" valign=\"top\" width=\"287\">\n<p style=\"line-height: 16px;\"><span style=\"color: black; font-family: arial, helvetica, sans-serif; font-size: 16px;\">X \u00c7al\u0131\u015fma Alan\u0131<\/span><\/p>\n<\/td>\n<td style=\"border-top: none; border-left: none; background: #d7e3bc; border-bottom: 1px solid #666666; border-right: 1px solid #666666; padding: 5px;\" valign=\"top\" width=\"375\">\n<p style=\"line-height: 16px;\"><span style=\"color: black; font-family: arial, helvetica, sans-serif; font-size: 16px;\">1300mm<\/span><\/p>\n<\/td>\n<\/tr>\n<tr>\n<td style=\"border-left: 1px solid #9bbb59; border-image: initial; border-top: none; background: white; border-bottom: 1px solid #666666; border-right: 1px solid #666666; padding: 5px;\" valign=\"top\" width=\"287\">\n<p style=\"line-height: 16px;\"><span style=\"color: black; font-family: arial, helvetica, sans-serif; font-size: 16px;\">Y \u00c7al\u0131\u015fma Alan\u0131<\/span><\/p>\n<\/td>\n<td style=\"border-top: none; border-left: none; background: white; border-bottom: 1px solid #666666; border-right: 1px solid #666666; padding: 5px;\" valign=\"top\" width=\"375\">\n<p style=\"line-height: 16px;\"><span style=\"color: black; font-family: arial, helvetica, sans-serif; font-size: 16px;\">2500mm <\/span><\/p>\n<\/td>\n<\/tr>\n<tr>\n<td style=\"border-left: 1px solid #9bbb59; border-image: initial; border-top: none; background: #d7e3bc; border-bottom: 1px solid #666666; border-right: 1px solid #666666; padding: 5px;\" valign=\"top\" width=\"287\">\n<p style=\"line-height: 16px;\"><span style=\"color: black; font-family: arial, helvetica, sans-serif; font-size: 16px;\">Z \u00c7al\u0131\u015fma Alan\u0131<\/span><\/p>\n<\/td>\n<td style=\"border-top: none; border-left: none; background: #d7e3bc; border-bottom: 1px solid #666666; border-right: 1px solid #666666; padding: 5px;\" valign=\"top\" width=\"375\">\n<p style=\"line-height: 16px;\"><span style=\"color: black; font-family: arial, helvetica, sans-serif; font-size: 16px;\">200mm <\/span><\/p>\n<\/td>\n<\/tr>\n<tr>\n<td style=\"border-left: 1px solid #9bbb59; border-image: initial; border-top: none; background: white; border-bottom: 1px solid #666666; border-right: 1px solid #666666; padding: 5px;\" valign=\"top\" width=\"287\">\n<p style=\"line-height: 16px;\"><span style=\"font-family: arial, helvetica, sans-serif; font-size: 16px;\">Makine masas\u0131<\/span><\/p>\n<\/td>\n<td style=\"border-top: none; border-left: none; background: white; border-bottom: 1px solid #666666; border-right: 1px solid #666666; padding: 5px;\" valign=\"top\" width=\"375\">\n<p style=\"line-height: 16px;\"><span style=\"font-family: arial, helvetica, sans-serif; font-size: 16px;\">Vakum tablas\u0131+T yuvas\u0131<\/span><\/p>\n<\/td>\n<\/tr>\n<tr>\n<td style=\"border-left: 1px solid #9bbb59; border-image: initial; border-top: none; background: #d7e3bc; border-bottom: 1px solid #666666; border-right: 1px solid #666666; padding: 5px;\" valign=\"top\" width=\"287\">\n<p style=\"line-height: 16px;\"><span style=\"color: black; font-family: arial, helvetica, sans-serif; font-size: 16px;\">Seyahat Konumland\u0131rma Do\u011frulu\u011fu<\/span><\/p>\n<\/td>\n<td style=\"border-top: none; border-left: none; background: #d7e3bc; border-bottom: 1px solid #666666; border-right: 1px solid #666666; padding: 5px;\" valign=\"top\" width=\"375\">\n<p style=\"line-height: 16px;\"><span style=\"color: black; font-family: arial, helvetica, sans-serif; font-size: 16px;\">\u00b10,05 mm<\/span><\/p>\n<\/td>\n<\/tr>\n<tr>\n<td style=\"border-left: 1px solid #9bbb59; border-image: initial; border-top: none; background: white; border-bottom: 1px solid #666666; border-right: 1px solid #666666; padding: 5px;\" valign=\"top\" width=\"287\">\n<p style=\"line-height: 16px;\"><span style=\"color: black; font-family: arial, helvetica, sans-serif; font-size: 16px;\">Yeniden Konumland\u0131rma Konumland\u0131rma Do\u011frulu\u011fu<\/span><\/p>\n<\/td>\n<td style=\"border-top: none; border-left: none; background: white; border-bottom: 1px solid #666666; border-right: 1px solid #666666; padding: 5px;\" valign=\"top\" width=\"375\">\n<p style=\"line-height: 16px;\"><span style=\"color: black; font-family: arial, helvetica, sans-serif; font-size: 16px;\">\u00b10,02 mm<\/span><\/p>\n<\/td>\n<\/tr>\n<tr>\n<td style=\"border-left: 1px solid #9bbb59; border-image: initial; border-top: none; background: white; border-bottom: 1px solid #666666; border-right: 1px solid #666666; padding: 5px;\" valign=\"top\" width=\"287\">\n<p style=\"line-height: 16px;\"><span style=\"color: black; font-family: arial, helvetica, sans-serif; font-size: 16px;\">X,Y,Z Yap\u0131s\u0131<\/span><\/p>\n<\/td>\n<td style=\"border-top: none; border-left: none; background: white; border-bottom: 1px solid #666666; border-right: 1px solid #666666; padding: 5px;\" valign=\"top\" width=\"375\">\n<p style=\"line-height: 16px;\"><span style=\"color: black; font-family: arial, helvetica, sans-serif; font-size: 16px;\">XY Di\u015fli \u00c7ark Z vidal\u0131 mil<\/span><\/p>\n<\/td>\n<\/tr>\n<tr>\n<td style=\"border-left: 1px solid #9bbb59; border-image: initial; border-top: none; background: #d7e3bc; border-bottom: 1px solid #666666; border-right: 1px solid #666666; padding: 5px;\" valign=\"top\" width=\"287\">\n<p style=\"line-height: 16px;\"><span style=\"color: black; font-family: arial, helvetica, sans-serif; font-size: 16px;\">Maks. G\u00fc\u00e7 T\u00fcketimi (\u0130\u015f mili olmadan)<\/span><\/p>\n<\/td>\n<td style=\"border-top: none; border-left: none; background: #d7e3bc; border-bottom: 1px solid #666666; border-right: 1px solid #666666; padding: 5px;\" valign=\"top\" width=\"375\">\n<p style=\"line-height: 16px;\"><span style=\"color: black; font-family: arial, helvetica, sans-serif; font-size: 16px;\">0.8KW<\/span><\/p>\n<\/td>\n<\/tr>\n<tr>\n<td style=\"border-left: 1px solid #9bbb59; border-image: initial; border-top: none; background: white; border-bottom: 1px solid #666666; border-right: 1px solid #666666; padding: 5px;\" valign=\"top\" width=\"287\">\n<p style=\"line-height: 16px;\"><span style=\"color: black; font-family: arial, helvetica, sans-serif; font-size: 16px;\">Maks. H\u0131zl\u0131 Seyahat H\u0131z\u0131<\/span><\/p>\n<\/td>\n<td style=\"border-top: none; border-left: none; background: white; border-bottom: 1px solid #666666; border-right: 1px solid #666666; padding: 5px;\" valign=\"top\" width=\"375\">\n<p style=\"line-height: 16px;\"><span style=\"color: black; font-family: arial, helvetica, sans-serif; font-size: 16px;\">20000 mm\/dak<\/span><\/p>\n<\/td>\n<\/tr>\n<tr>\n<td style=\"border-left: 1px solid #9bbb59; border-image: initial; border-top: none; background: #d7e3bc; border-bottom: 1px solid #666666; border-right: 1px solid #666666; padding: 5px;\" valign=\"top\" width=\"287\">\n<p style=\"line-height: 16px;\"><span style=\"font-family: arial, helvetica, sans-serif; font-size: 16px;\">Maks. \u00c7al\u0131\u015fma H\u0131z\u0131<\/span><\/p>\n<\/td>\n<td style=\"border-top: none; border-left: none; background: #d7e3bc; border-bottom: 1px solid #666666; border-right: 1px solid #666666; padding: 5px;\" valign=\"top\" width=\"375\"><span style=\"font-family: arial, helvetica, sans-serif; font-size: 16px;\">15000 mm\/dak<\/span><\/td>\n<\/tr>\n<tr>\n<td style=\"border-left: 1px solid #9bbb59; border-image: initial; border-top: none; background: white; border-bottom: 1px solid #666666; border-right: 1px solid #666666; padding: 5px;\" valign=\"top\" width=\"287\">\n<p style=\"line-height: 16px;\"><span style=\"font-family: arial, helvetica, sans-serif; font-size: 16px;\">Makine Kafa<\/span><\/p>\n<\/td>\n<td style=\"border-top: none; border-left: none; background: white; border-bottom: 1px solid #666666; border-right: 1px solid #666666; padding: 5px;\" valign=\"top\" width=\"375\">\n<p style=\"line-height: 16px;\"><span style=\"font-family: arial, helvetica, sans-serif; font-size: 16px;\">Mil+sal\u0131n\u0131ml\u0131 b\u0131\u00e7ak+ccd kamera<\/span><\/p>\n<\/td>\n<\/tr>\n<tr>\n<td style=\"border-left: 1px solid #9bbb59; border-image: initial; border-top: none; background: white; border-bottom: 1px solid #666666; border-right: 1px solid #666666; padding: 5px;\" valign=\"top\" width=\"287\">\n<p style=\"line-height: 16px;\"><span style=\"font-family: arial, helvetica, sans-serif; font-size: 16px;\">Mil<\/span><\/p>\n<\/td>\n<td style=\"border-top: none; border-left: none; background: white; border-bottom: 1px solid #666666; border-right: 1px solid #666666; padding: 5px;\" valign=\"top\" width=\"375\">\n<p style=\"line-height: 16px;\"><span style=\"font-family: arial, helvetica, sans-serif; font-size: 16px;\">3KW su so\u011futmal\u0131 i\u015f mili<\/span><\/p>\n<\/td>\n<\/tr>\n<tr>\n<td style=\"border-left: 1px solid #9bbb59; border-image: initial; border-top: none; background: #d7e3bc; border-bottom: 1px solid #666666; border-right: 1px solid #666666; padding: 5px;\" valign=\"top\" width=\"287\">\n<p style=\"line-height: 16px;\"><span style=\"color: black; font-family: arial, helvetica, sans-serif; font-size: 16px;\">\u0130\u015f Mili H\u0131z\u0131<\/span><\/p>\n<\/td>\n<td style=\"border-top: none; border-left: none; background: #d7e3bc; border-bottom: 1px solid #666666; border-right: 1px solid #666666; padding: 5px;\" valign=\"top\" width=\"375\">\n<p style=\"line-height: 16px;\"><span style=\"color: black; font-family: arial, helvetica, sans-serif; font-size: 16px;\">0-24000rpm<\/span><\/p>\n<\/td>\n<\/tr>\n<tr>\n<td style=\"border-left: 1px solid #9bbb59; border-image: initial; border-top: none; background: white; border-bottom: 1px solid #666666; border-right: 1px solid #666666; padding: 5px;\" valign=\"top\" width=\"287\">\n<p style=\"line-height: 16px;\"><span style=\"font-family: arial, helvetica, sans-serif; font-size: 16px;\">Tahrik Motoru<\/span><\/p>\n<\/td>\n<td style=\"border-top: none; border-left: none; background: white; border-bottom: 1px solid #666666; border-right: 1px solid #666666; padding: 5px;\" valign=\"top\" width=\"375\">\n<p style=\"line-height: 16px;\"><span style=\"font-family: arial, helvetica, sans-serif; font-size: 16px;\">\u00c7in kapal\u0131 d\u00f6ng\u00fc servo-LEADSHINE MARKA hibrit servo 2206 modeli<\/span><\/p>\n<\/td>\n<\/tr>\n<tr>\n<td style=\"border-left: 1px solid #9bbb59; border-image: initial; border-top: none; background: #d7e3bc; border-bottom: 1px solid #666666; border-right: 1px solid #666666; padding: 5px;\" valign=\"top\" width=\"287\">\n<p style=\"text-align: left; line-height: 16px;\"><span style=\"color: black; font-family: arial, helvetica, sans-serif; font-size: 16px;\">K\u0131lavuz Ray<\/span><\/p>\n<\/td>\n<td style=\"border-top: none; border-left: none; background: #d7e3bc; border-bottom: 1px solid #666666; border-right: 1px solid #666666; padding: 5px;\" valign=\"top\" width=\"375\">\n<p style=\"text-align: left; line-height: 16px;\"><span style=\"color: black; font-family: arial, helvetica, sans-serif; font-size: 16px;\">Hiwin 20 kare ray<\/span><\/p>\n<\/td>\n<\/tr>\n<tr>\n<td style=\"border-left: 1px solid #9bbb59; border-image: initial; border-top: none; background: white; border-bottom: 1px solid #666666; border-right: 1px solid #666666; padding: 5px;\" valign=\"top\" width=\"287\">\n<p style=\"text-align: left; line-height: 16px;\"><span style=\"color: black; font-family: arial, helvetica, sans-serif; font-size: 16px;\">\u00c7al\u0131\u015fma gerilimi<\/span><\/p>\n<\/td>\n<td style=\"border-top: none; border-left: none; background: white; border-bottom: 1px solid #666666; border-right: 1px solid #666666; padding: 5px;\" valign=\"top\" width=\"375\">\n<p style=\"text-align: left; line-height: 16px;\"><span style=\"color: black; font-family: arial, helvetica, sans-serif; font-size: 16px;\">A380V\/50Hz-60HZ 3 fazl\u0131<\/span><\/p>\n<\/td>\n<\/tr>\n<tr>\n<td style=\"border-left: 1px solid #9bbb59; border-image: initial; border-top: none; background: #d7e3bc; border-bottom: 1px solid #666666; border-right: 1px solid #666666; padding: 5px;\" valign=\"top\" width=\"287\">\n<p style=\"text-align: left; line-height: 16px;\"><span style=\"font-family: arial, helvetica, sans-serif; font-size: 16px;\">Kontrol Sistemi<\/span><\/p>\n<\/td>\n<td style=\"border-top: none; border-left: none; background: #d7e3bc; border-bottom: 1px solid #666666; border-right: 1px solid #666666; padding: 5px;\" valign=\"top\" width=\"375\">\n<p style=\"text-align: left; line-height: 16px;\"><span style=\"font-family: arial, helvetica, sans-serif; font-size: 16px;\">CCD kameral\u0131 Xingduowei kontrol\u00f6r<\/span><\/p>\n<\/td>\n<\/tr>\n<tr>\n<td style=\"border-left: 1px solid #9bbb59; border-image: initial; border-top: none; background: white; border-bottom: 1px solid #666666; border-right: 1px solid #666666; padding: 5px;\" valign=\"top\" width=\"287\">\n<p style=\"text-align: left; line-height: 16px;\"><span style=\"color: black; font-family: arial, helvetica, sans-serif; font-size: 16px;\">Kontrol kabini<\/span><\/p>\n<\/td>\n<td style=\"border-top: none; border-left: none; background: white; border-bottom: 1px solid #666666; border-right: 1px solid #666666; padding: 5px;\" valign=\"top\" width=\"375\">\n<p style=\"text-align: left; line-height: 16px;\"><span style=\"color: black; font-family: arial, helvetica, sans-serif; font-size: 16px;\">Ba\u011f\u0131ms\u0131z kontrol kutusu<\/span><\/p>\n<\/td>\n<\/tr>\n<tr>\n<td style=\"border-left: 1px solid #9bbb59; border-image: initial; border-top: none; background: #d7e3bc; border-bottom: 1px solid #666666; border-right: 1px solid #666666; padding: 5px;\" valign=\"top\" width=\"287\">\n<p style=\"text-align: left; line-height: 16px;\"><span style=\"color: black; font-family: arial, helvetica, sans-serif; font-size: 16px;\">Yard\u0131mc\u0131 cihaz<\/span><\/p>\n<\/td>\n<td style=\"border-top: none; border-left: none; background: #d7e3bc; border-bottom: 1px solid #666666; border-right: 1px solid #666666; padding: 5px;\" valign=\"top\" width=\"375\">\n<p style=\"text-align: left; line-height: 16px;\"><span style=\"color: black; font-family: arial, helvetica, sans-serif; font-size: 16px;\">5.5KW Vakum pompas\u0131 380V, ya\u011flama sistemi<\/span><\/p>\n<p style=\"text-align: left; line-height: 16px;\"><span style=\"color: black; font-family: arial, helvetica, sans-serif; font-size: 16px;\">Sal\u0131n\u0131ml\u0131 b\u0131\u00e7ak kesimi i\u00e7in kullan\u0131lan hal\u0131<\/span><\/p>\n<p style=\"text-align: left; line-height: 16px;\"><span style=\"color: black; font-family: arial, helvetica, sans-serif; font-size: 16px;\">\u00c7ift torbal\u0131 3kw toz toplay\u0131c\u0131<\/span><\/p>\n<p style=\"text-align: left; line-height: 16px;\"><span style=\"color: black; font-family: arial, helvetica, sans-serif; font-size: 16px;\">Su pompas\u0131<\/span><\/p>\n<p style=\"text-align: left; line-height: 16px;\"><span style=\"color: black; font-family: arial, helvetica, sans-serif; font-size: 16px;\">Fuling invert\u00f6r<\/span><\/p>\n<\/td>\n<\/tr>\n<\/tbody>\n<\/table>\n<p style=\"text-align: left; line-height: 36px; background: #F8F9FA;\"><span style=\"font-family: Arial, sans-serif; color: #202124; font-size: 16px;\">Performans \u00f6zellikleri:<\/span><\/p>\n<p style=\"text-align: left; line-height: 36px; background: #F8F9FA;\"><span style=\"font-family: Arial, sans-serif; color: #202124; font-size: 16px;\">1. Ak\u0131ll\u0131 kenar devriye kesme makinesi, yaln\u0131zca geleneksel d\u00fczlem kesme, 3D kabartma vb. i\u015flevlere sahip olmakla kalmay\u0131p ayn\u0131 zamanda tan\u0131mlama i\u015faretlerinin devriye kesme makinesi ve m\u00fcrekkep p\u00fcsk\u00fcrtmeli g\u00f6r\u00fcnt\u00fcn\u00fcn g\u00f6r\u00fcnt\u00fc konturu i\u00e7in de uygun olan Xingduowei hareket kontrol\u00f6r\u00fcn\u00fcn kontrol modunu benimser; KT levhalar\u0131 ve PVC'yi i\u015fleyebilir. Akrilik ve di\u011fer orta sertlikteki plakalar, titre\u015fim b\u0131\u00e7a\u011f\u0131 kesme KT plakas\u0131, pvc, mekanik mil kesme \u00e7apaklar\u0131 sorununu \u00e7\u00f6zer.<\/span><\/p>\n<p style=\"text-align: left; line-height: 36px; background: #F8F9FA;\"><span style=\"font-family: Arial, sans-serif; color: #202124; font-size: 16px;\">2. Ak\u0131ll\u0131 yan devriye makinesi g\u00fc\u00e7l\u00fc anti-parazit yetene\u011fine, h\u0131zl\u0131 tan\u0131ma h\u0131z\u0131na ve y\u00fcksek verimlili\u011fe sahiptir. Ticari markalar, resimler ve ak\u0131ll\u0131 tan\u0131ma ve kesme gerektiren di\u011fer durumlar i\u00e7in uygundur. Tan\u0131ma ve kesme h\u0131z\u0131 h\u0131zl\u0131d\u0131r ve i\u015flem basit ve kullan\u0131\u015fl\u0131d\u0131r. Zaman al\u0131c\u0131 ve zahmetli olan ve tahta sapmas\u0131 nedeniyle geleneksel manuel konumland\u0131rman\u0131n neden oldu\u011fu at\u0131k \u00fcr\u00fcn sorununu \u00e7\u00f6z\u00fcn;<\/span><\/p>\n<p style=\"text-align: left; line-height: 36px; background: #F8F9FA;\"><span style=\"font-family: Arial, sans-serif; color: #202124; font-size: 16px;\">3. Geni\u015f alanl\u0131 grafikleri tan\u0131yabilir ve kesebilir ve bir ki\u015fi ayn\u0131 anda birden fazla cihaza bakabilir, bu da \u00e7ok fazla i\u015f\u00e7ilik, elektrik ve alan tasarrufu sa\u011flar ve y\u00fcksek kapsaml\u0131 bir maliyet etkinli\u011fine sahiptir;<\/span><\/p>\n<p style=\"text-align: left; line-height: 36px; background: #F8F9FA;\"><span style=\"font-family: Arial, sans-serif; color: #202124; font-size: 16px;\">4. Otomatik kenar tan\u0131ma, grav\u00fcr yolunun \u00e7\u0131kt\u0131s\u0131n\u0131 almaya gerek yok, \u015fablon kesme, bulmaca kesme, g\u00fc\u00e7l\u00fc tan\u0131ma yetene\u011fi, h\u0131zl\u0131 konumland\u0131rma h\u0131z\u0131 ve y\u00fcksek konumland\u0131rma do\u011frulu\u011fu;<\/span><\/p>\n<p style=\"text-align: left; line-height: 36px; background: #F8F9FA;\"><span style=\"font-family: Arial, sans-serif; color: #202124; font-size: 16px;\">5. \u00d6zellik e\u015fle\u015ftirme, iki noktal\u0131 konumland\u0131rma, \u00e7oklu plaka konumland\u0131rma ve kontur \u00e7\u0131karma gibi \u00e7oklu konumland\u0131rma y\u00f6ntemlerini destekler;<\/span><\/p>\n<p style=\"text-align: left; line-height: 36px; background: #F8F9FA;\"><span style=\"font-family: Arial, sans-serif; color: #202124; font-size: 16px;\">6. Grafik d\u00fczenleme, dizgi, kontrol ve \u00e7\u0131kt\u0131 tek bir durakta tamamlan\u0131r;<\/span><\/p>\n<p style=\"text-align: left; line-height: 36px; background: #F8F9FA;\"><span style=\"font-family: Arial, sans-serif; color: #202124; font-size: 16px;\">7. \u00c7ok kaynakl\u0131 veri formatlar\u0131n\u0131 destekler: BMP, AL, PLT, DXF, DST, vb.<\/span><\/p>\n<p>&nbsp;<\/p>","protected":false},"excerpt":{"rendered":"<p>Sal\u0131n\u0131ml\u0131 b\u0131\u00e7akl\u0131 ccd cnc router'\u0131n \u00c7ok Fonksiyonlu:<\/p>\n<ol class=\"list-paddingleft-2\">\n<li>ccd kamera, bas\u0131l\u0131 g\u00f6r\u00fcnt\u00fc d\u00fczenini h\u0131zl\u0131 bir \u015fekilde tarayabilir. Malzeme sayfas\u0131 i\u015faretleme noktalar\u0131 ile i\u015faretlenmelidir<\/li>\n<li>Ah\u015fap, akrilik, kal\u0131n PVC geni\u015fletilmi\u015f levha, MDF levha vb. gibi kal\u0131n ve sert malzemeleri kesmek i\u00e7in kullan\u0131lan mil.<\/li>\n<li>Sal\u0131n\u0131ml\u0131 B\u0131\u00e7ak, vinil araba etiketi, ince kt levha ve pvc geni\u015fletilmi\u015f levha vb. gibi ince ve yumu\u015fak malzemeleri kesebilir.<\/li>\n<\/ol>","protected":false},"featured_media":3690,"template":"","meta":{"_seopress_robots_primary_cat":"","_seopress_titles_title":"","_seopress_titles_desc":"","_seopress_robots_index":"","_uag_custom_page_level_css":"","site-sidebar-layout":"default","site-content-layout":"","ast-site-content-layout":"default","site-content-style":"default","site-sidebar-style":"default","ast-global-header-display":"","ast-banner-title-visibility":"","ast-main-header-display":"","ast-hfb-above-header-display":"","ast-hfb-below-header-display":"","ast-hfb-mobile-header-display":"","site-post-title":"","ast-breadcrumbs-content":"","ast-featured-img":"","footer-sml-layout":"","ast-disable-related-posts":"","theme-transparent-header-meta":"default","adv-header-id-meta":"","stick-header-meta":"default","header-above-stick-meta":"","header-main-stick-meta":"","header-below-stick-meta":"","astra-migrate-meta-layouts":"set","ast-page-background-enabled":"default","ast-page-background-meta":{"desktop":{"background-color":"","background-image":"","background-repeat":"repeat","background-position":"center center","background-size":"auto","background-attachment":"scroll","background-type":"","background-media":"","overlay-type":"","overlay-color":"","overlay-opacity":"","overlay-gradient":""},"tablet":{"background-color":"","background-image":"","background-repeat":"repeat","background-position":"center center","background-size":"auto","background-attachment":"scroll","background-type":"","background-media":"","overlay-type":"","overlay-color":"","overlay-opacity":"","overlay-gradient":""},"mobile":{"background-color":"","background-image":"","background-repeat":"repeat","background-position":"center center","background-size":"auto","background-attachment":"scroll","background-type":"","background-media":"","overlay-type":"","overlay-color":"","overlay-opacity":"","overlay-gradient":""}},"ast-content-background-meta":{"desktop":{"background-color":"var(--ast-global-color-5)","background-image":"","background-repeat":"repeat","background-position":"center center","background-size":"auto","background-attachment":"scroll","background-type":"","background-media":"","overlay-type":"","overlay-color":"","overlay-opacity":"","overlay-gradient":""},"tablet":{"background-color":"var(--ast-global-color-5)","background-image":"","background-repeat":"repeat","background-position":"center center","background-size":"auto","background-attachment":"scroll","background-type":"","background-media":"","overlay-type":"","overlay-color":"","overlay-opacity":"","overlay-gradient":""},"mobile":{"background-color":"var(--ast-global-color-5)","background-image":"","background-repeat":"repeat","background-position":"center center","background-size":"auto","background-attachment":"scroll","background-type":"","background-media":"","overlay-type":"","overlay-color":"","overlay-opacity":"","overlay-gradient":""}}},"product_brand":[],"product_cat":[42],"product_tag":[],"class_list":{"0":"post-3687","1":"product","2":"type-product","3":"status-publish","4":"has-post-thumbnail","6":"product_cat-normal","7":"desktop-align-left","8":"tablet-align-left","9":"mobile-align-left","10":"ast-product-gallery-layout-horizontal-slider","11":"ast-product-gallery-with-no-image","12":"ast-product-tabs-layout-horizontal","14":"first","15":"instock","16":"shipping-taxable","17":"product-type-simple"},"uagb_featured_image_src":{"full":["https:\/\/wisecnclaser.com\/wp-content\/uploads\/2025\/05\/c387fa03be9db1de9a00a7ee3d459962.jpg",800,600,false],"thumbnail":["https:\/\/wisecnclaser.com\/wp-content\/uploads\/2025\/05\/c387fa03be9db1de9a00a7ee3d459962-150x150.jpg",150,150,true],"medium":["https:\/\/wisecnclaser.com\/wp-content\/uploads\/2025\/05\/c387fa03be9db1de9a00a7ee3d459962-300x225.jpg",300,225,true],"medium_large":["https:\/\/wisecnclaser.com\/wp-content\/uploads\/2025\/05\/c387fa03be9db1de9a00a7ee3d459962-768x576.jpg",768,576,true],"large":["https:\/\/wisecnclaser.com\/wp-content\/uploads\/2025\/05\/c387fa03be9db1de9a00a7ee3d459962.jpg",800,600,false],"1536x1536":["https:\/\/wisecnclaser.com\/wp-content\/uploads\/2025\/05\/c387fa03be9db1de9a00a7ee3d459962.jpg",800,600,false],"2048x2048":["https:\/\/wisecnclaser.com\/wp-content\/uploads\/2025\/05\/c387fa03be9db1de9a00a7ee3d459962.jpg",800,600,false],"trp-custom-language-flag":["https:\/\/wisecnclaser.com\/wp-content\/uploads\/2025\/05\/c387fa03be9db1de9a00a7ee3d459962-16x12.jpg",16,12,true],"woocommerce_thumbnail":["https:\/\/wisecnclaser.com\/wp-content\/uploads\/2025\/05\/c387fa03be9db1de9a00a7ee3d459962-300x300.jpg",300,300,true],"woocommerce_single":["https:\/\/wisecnclaser.com\/wp-content\/uploads\/2025\/05\/c387fa03be9db1de9a00a7ee3d459962-600x450.jpg",600,450,true],"woocommerce_gallery_thumbnail":["https:\/\/wisecnclaser.com\/wp-content\/uploads\/2025\/05\/c387fa03be9db1de9a00a7ee3d459962-100x100.jpg",100,100,true]},"uagb_author_info":{"display_name":"jinxing6611@gmail.com","author_link":"https:\/\/wisecnclaser.com\/tr\/author\/"},"uagb_comment_info":0,"uagb_excerpt":"Multi Functions of ccd cnc router with oscillating knife: ccd camera, can scan printed image layout with fast speed. The material sheet should be marked by marking dots spindle used to cut thick and hard material such as wood, acrylic, thick PVC expanded sheet, MDF sheet etc. Oscillating Knife can cut thin and soft material&hellip;","_links":{"self":[{"href":"https:\/\/wisecnclaser.com\/tr\/wp-json\/wp\/v2\/product\/3687","targetHints":{"allow":["GET"]}}],"collection":[{"href":"https:\/\/wisecnclaser.com\/tr\/wp-json\/wp\/v2\/product"}],"about":[{"href":"https:\/\/wisecnclaser.com\/tr\/wp-json\/wp\/v2\/types\/product"}],"wp:featuredmedia":[{"embeddable":true,"href":"https:\/\/wisecnclaser.com\/tr\/wp-json\/wp\/v2\/media\/3690"}],"wp:attachment":[{"href":"https:\/\/wisecnclaser.com\/tr\/wp-json\/wp\/v2\/media?parent=3687"}],"wp:term":[{"taxonomy":"product_brand","embeddable":true,"href":"https:\/\/wisecnclaser.com\/tr\/wp-json\/wp\/v2\/product_brand?post=3687"},{"taxonomy":"product_cat","embeddable":true,"href":"https:\/\/wisecnclaser.com\/tr\/wp-json\/wp\/v2\/product_cat?post=3687"},{"taxonomy":"product_tag","embeddable":true,"href":"https:\/\/wisecnclaser.com\/tr\/wp-json\/wp\/v2\/product_tag?post=3687"}],"curies":[{"name":"wp","href":"https:\/\/api.w.org\/{rel}","templated":true}]}}