{"id":3691,"date":"2025-05-23T01:31:12","date_gmt":"2025-05-23T01:31:12","guid":{"rendered":"https:\/\/wisecnclaser.com\/?post_type=product&#038;p=3691"},"modified":"2026-01-26T08:08:23","modified_gmt":"2026-01-26T08:08:23","slug":"ws3300-standard-cnc-beam-saw","status":"publish","type":"product","link":"https:\/\/wisecnclaser.com\/tr\/urun\/ws3300-standard-cnc-beam-saw\/","title":{"rendered":"WS3300 Standart CNC Kiri\u015f Testere"},"content":{"rendered":"<p><strong>\u00d6zellikler:<\/strong><\/p>\n<p>\u00d6nden y\u00fcklemeli elektronik kesme testeresi, ev fabrikalar\u0131, elektrikli ev aletleri fabrikalar\u0131, konfeksiyon fabrikalar\u0131, oyuncak fabrikalar\u0131, h\u0131rdavat fabrikalar\u0131 vb. i\u00e7in yayg\u0131n olarak kullan\u0131lan ah\u015fap esasl\u0131 paneller, al\u00fcminyum paneller, Pleksiglas ve orta fiberglas panel, MDF, Sunta, ABS levha, PVC levha, masif ah\u015fap vb. levhalar\u0131n hassas kesimi i\u00e7in uygundur.<\/p>\n<p>1. Hava ile y\u00fczen tezgahlar, i\u015f\u00e7ilerin emek yo\u011funlu\u011funu azaltabilir ve alt tahtadaki \u00e7izikleri \u00f6nleyebilir.<\/p>\n<p>2. Y\u00fcksek kaliteli kremayer ve pinyon \u015fanz\u0131man sistemi h\u0131zl\u0131 i\u015fleme ve yumu\u015fak hareket sa\u011flar. 3. Ana testere motoru, testerenin do\u011frulu\u011funu ve dengesini sa\u011flamak i\u00e7in \u00e7ok yivli bir kay\u0131\u015fla tahrik edilir. 4. Testere stroku, seyahat s\u00fcresini azaltmak ve i\u015f verimlili\u011fini art\u0131rmak i\u00e7in farkl\u0131 testere uzunluklar\u0131na g\u00f6re otomatik olarak ayarlanabilir.<\/p>\n<p>5. Testere b\u0131\u00e7a\u011f\u0131 kolayca tak\u0131l\u0131r ve \u00e7\u0131kar\u0131l\u0131r<\/p>\n<p>6. Ana testere ve kanal testeresi, do\u011frusal k\u0131lavuzlar kullan\u0131larak ba\u011f\u0131ms\u0131z olarak kald\u0131r\u0131l\u0131r ve indirilir. Sistem, i\u015fleme hassasiyetini ve yap\u0131sal mukavemeti garanti eder ve y\u00fcksek kesim kalitesi sa\u011flar<\/p>\n<p>&nbsp;<\/p>\n<p><strong>Teknik Parametreler:<\/strong><\/p>\n<table border=\"1\">\n<tbody>\n<tr class=\"firstRow\">\n<td colspan=\"2\" width=\"662\"><strong>Tan\u0131m ve \u00d6zellikler:<\/strong><\/td>\n<\/tr>\n<tr>\n<td valign=\"top\" width=\"331\">Maksimum kesme uzunlu\u011fu<\/td>\n<td valign=\"top\" width=\"331\">3300mm<\/td>\n<\/tr>\n<tr>\n<td valign=\"top\" width=\"331\">Maksimum kesme geni\u015fli\u011fi<\/td>\n<td valign=\"top\" width=\"331\">3300mm<\/td>\n<\/tr>\n<tr>\n<td valign=\"top\" width=\"331\">Maksimum kesme y\u00fcksekli\u011fi<\/td>\n<td valign=\"top\" width=\"331\">120 mm<\/td>\n<\/tr>\n<tr>\n<td valign=\"top\" width=\"331\">Maksimum testere y\u00fcksekli\u011fi<\/td>\n<td valign=\"top\" width=\"331\">125 mm<\/td>\n<\/tr>\n<tr>\n<td valign=\"top\" width=\"331\">Min panel kesim boyutu<\/td>\n<td valign=\"top\" width=\"331\">50*50mm<\/td>\n<\/tr>\n<tr>\n<td valign=\"top\" width=\"331\">Ana testere motor g\u00fcc\u00fc<\/td>\n<td valign=\"top\" width=\"331\">15kw<\/td>\n<\/tr>\n<tr>\n<td valign=\"top\" width=\"331\">Ana testere \u00e7ap\u0131<\/td>\n<td valign=\"top\" width=\"331\">450 mm<\/td>\n<\/tr>\n<tr>\n<td valign=\"top\" width=\"331\">Testere mili \u00e7ap\u0131<\/td>\n<td valign=\"top\" width=\"331\">75 mm<\/td>\n<\/tr>\n<tr>\n<td valign=\"top\" width=\"331\">\u0130\u015f mili d\u00f6n\u00fc\u015f h\u0131z\u0131<\/td>\n<td valign=\"top\" width=\"331\">4000rpm<\/td>\n<\/tr>\n<tr>\n<td valign=\"top\" width=\"331\">K\u00fc\u00e7\u00fck testere motor g\u00fcc\u00fc<\/td>\n<td valign=\"top\" width=\"331\">2.2kw<\/td>\n<\/tr>\n<tr>\n<td valign=\"top\" width=\"331\">K\u00fc\u00e7\u00fck testere \u00e7ap\u0131<\/td>\n<td valign=\"top\" width=\"331\">200mm<\/td>\n<\/tr>\n<tr>\n<td valign=\"top\" width=\"331\">K\u00fc\u00e7\u00fck testere mili \u00e7ap\u0131<\/td>\n<td valign=\"top\" width=\"331\">50mm<\/td>\n<\/tr>\n<tr>\n<td valign=\"top\" width=\"331\">K\u00fc\u00e7\u00fck testere mili d\u00f6n\u00fc\u015f h\u0131z\u0131<\/td>\n<td valign=\"top\" width=\"331\">6000rpm<\/td>\n<\/tr>\n<tr>\n<td valign=\"top\" width=\"331\">Malzeme \u0130tme sistemi tahrik motoru<\/td>\n<td valign=\"top\" width=\"331\">1.8kw<\/td>\n<\/tr>\n<tr>\n<td valign=\"top\" width=\"331\">Malzeme \u0130tme sistemi itme h\u0131z\u0131<\/td>\n<td valign=\"top\" width=\"331\">5-100m\/dak<\/td>\n<\/tr>\n<tr>\n<td valign=\"top\" width=\"331\">Malzeme itme sistemi \u00e7ekme h\u0131z\u0131<\/td>\n<td valign=\"top\" width=\"331\">5-100m\/dak<\/td>\n<\/tr>\n<tr>\n<td valign=\"top\" width=\"331\">Y\u00fcksek bas\u0131n\u00e7l\u0131 fan motoru<\/td>\n<td valign=\"top\" width=\"331\">5HP \/ 3KW<\/td>\n<\/tr>\n<tr>\n<td valign=\"top\" width=\"331\">Yandan vitesli motor<\/td>\n<td valign=\"top\" width=\"331\">90w<\/td>\n<\/tr>\n<tr>\n<td valign=\"top\" width=\"331\">Testere taban\u0131 tahrik motoru<\/td>\n<td valign=\"top\" width=\"331\">3.4kw<\/td>\n<\/tr>\n<tr>\n<td valign=\"top\" width=\"331\">\u0130leri h\u0131z<\/td>\n<td valign=\"top\" width=\"331\">0-120m\/dak<\/td>\n<\/tr>\n<tr>\n<td valign=\"top\" width=\"331\">Geri d\u00f6n\u00fc\u015f h\u0131z\u0131<\/td>\n<td valign=\"top\" width=\"331\">120m\/dak<\/td>\n<\/tr>\n<tr>\n<td valign=\"top\" width=\"331\">Makine tablas\u0131n\u0131n yerden y\u00fcksekli\u011fi<\/td>\n<td valign=\"top\" width=\"331\">970mm<\/td>\n<\/tr>\n<tr>\n<td valign=\"top\" width=\"331\">Kelep\u00e7e<\/td>\n<td valign=\"top\" width=\"331\">8 grup<\/td>\n<\/tr>\n<tr>\n<td valign=\"top\" width=\"331\">Makine boyutlar\u0131<\/td>\n<td valign=\"top\" width=\"331\">6950*7400*2000mm<\/td>\n<\/tr>\n<tr>\n<td valign=\"top\" width=\"331\">Makine a\u011f\u0131rl\u0131\u011f\u0131<\/td>\n<td valign=\"top\" width=\"331\">5800kgs<\/td>\n<\/tr>\n<tr>\n<td valign=\"top\" width=\"331\">Yaz\u0131l\u0131m<\/td>\n<td valign=\"top\" width=\"331\">Otomatik testere<\/td>\n<\/tr>\n<\/tbody>\n<\/table>\n<div style=\"width: 654px;\" class=\"wp-video\"><video class=\"wp-video-shortcode\" id=\"video-3691-1\" width=\"654\" height=\"368\" preload=\"metadata\" controls=\"controls\"><source type=\"video\/mp4\" src=\"https:\/\/wisecnclaser.com\/wp-content\/uploads\/2025\/05\/1643180959780656.mp4?_=1\" \/><a href=\"https:\/\/wisecnclaser.com\/wp-content\/uploads\/2025\/05\/1643180959780656.mp4\">https:\/\/wisecnclaser.com\/wp-content\/uploads\/2025\/05\/1643180959780656.mp4<\/a><\/video><\/div>","protected":false},"excerpt":{"rendered":"<p>Electronic sizing saw (CNC Beam Saw), also known as computer panel saw, is an upgraded product of hand-push sliding table panel saw and reciprocating saw. It only needs 1-2 operators. The electronic cutting saw has high cutting accuracy, efficient panel cutting, novice operation, labor-saving, fool-type cutting, man-machine integrated operation, input the data to be cut on the touch screen or PC, and start the board by itself. Precision machining.<\/p>","protected":false},"featured_media":4377,"template":"","meta":{"_seopress_robots_primary_cat":"none","_seopress_titles_title":"","_seopress_titles_desc":"","_seopress_robots_index":"","_uag_custom_page_level_css":"","site-sidebar-layout":"default","site-content-layout":"","ast-site-content-layout":"default","site-content-style":"default","site-sidebar-style":"default","ast-global-header-display":"","ast-banner-title-visibility":"","ast-main-header-display":"","ast-hfb-above-header-display":"","ast-hfb-below-header-display":"","ast-hfb-mobile-header-display":"","site-post-title":"","ast-breadcrumbs-content":"","ast-featured-img":"","footer-sml-layout":"","ast-disable-related-posts":"","theme-transparent-header-meta":"default","adv-header-id-meta":"","stick-header-meta":"default","header-above-stick-meta":"","header-main-stick-meta":"","header-below-stick-meta":"","astra-migrate-meta-layouts":"set","ast-page-background-enabled":"default","ast-page-background-meta":{"desktop":{"background-color":"","background-image":"","background-repeat":"repeat","background-position":"center center","background-size":"auto","background-attachment":"scroll","background-type":"","background-media":"","overlay-type":"","overlay-color":"","overlay-opacity":"","overlay-gradient":""},"tablet":{"background-color":"","background-image":"","background-repeat":"repeat","background-position":"center center","background-size":"auto","background-attachment":"scroll","background-type":"","background-media":"","overlay-type":"","overlay-color":"","overlay-opacity":"","overlay-gradient":""},"mobile":{"background-color":"","background-image":"","background-repeat":"repeat","background-position":"center center","background-size":"auto","background-attachment":"scroll","background-type":"","background-media":"","overlay-type":"","overlay-color":"","overlay-opacity":"","overlay-gradient":""}},"ast-content-background-meta":{"desktop":{"background-color":"var(--ast-global-color-5)","background-image":"","background-repeat":"repeat","background-position":"center center","background-size":"auto","background-attachment":"scroll","background-type":"","background-media":"","overlay-type":"","overlay-color":"","overlay-opacity":"","overlay-gradient":""},"tablet":{"background-color":"var(--ast-global-color-5)","background-image":"","background-repeat":"repeat","background-position":"center center","background-size":"auto","background-attachment":"scroll","background-type":"","background-media":"","overlay-type":"","overlay-color":"","overlay-opacity":"","overlay-gradient":""},"mobile":{"background-color":"var(--ast-global-color-5)","background-image":"","background-repeat":"repeat","background-position":"center center","background-size":"auto","background-attachment":"scroll","background-type":"","background-media":"","overlay-type":"","overlay-color":"","overlay-opacity":"","overlay-gradient":""}}},"product_brand":[],"product_cat":[39],"product_tag":[95,93,178],"class_list":{"0":"post-3691","1":"product","2":"type-product","3":"status-publish","4":"has-post-thumbnail","6":"product_cat-cuttingsaw","7":"product_tag-beam-saw-machine","8":"product_tag-cnc-beam-saw","9":"product_tag-computer-panel-saw","10":"desktop-align-left","11":"tablet-align-left","12":"mobile-align-left","13":"ast-product-gallery-layout-horizontal-slider","14":"ast-product-gallery-with-no-image","15":"ast-product-tabs-layout-horizontal","17":"first","18":"instock","19":"featured","20":"shipping-taxable","21":"product-type-simple"},"uagb_featured_image_src":{"full":["https:\/\/wisecnclaser.com\/wp-content\/uploads\/2025\/05\/3300\u6807\u914d-\u524d\u4e0a\u6599-\u4e0d\u542b\u4fa7\u9760.png",800,800,false],"thumbnail":["https:\/\/wisecnclaser.com\/wp-content\/uploads\/2025\/05\/3300\u6807\u914d-\u524d\u4e0a\u6599-\u4e0d\u542b\u4fa7\u9760-150x150.png",150,150,true],"medium":["https:\/\/wisecnclaser.com\/wp-content\/uploads\/2025\/05\/3300\u6807\u914d-\u524d\u4e0a\u6599-\u4e0d\u542b\u4fa7\u9760-300x300.png",300,300,true],"medium_large":["https:\/\/wisecnclaser.com\/wp-content\/uploads\/2025\/05\/3300\u6807\u914d-\u524d\u4e0a\u6599-\u4e0d\u542b\u4fa7\u9760-768x768.png",768,768,true],"large":["https:\/\/wisecnclaser.com\/wp-content\/uploads\/2025\/05\/3300\u6807\u914d-\u524d\u4e0a\u6599-\u4e0d\u542b\u4fa7\u9760.png",800,800,false],"1536x1536":["https:\/\/wisecnclaser.com\/wp-content\/uploads\/2025\/05\/3300\u6807\u914d-\u524d\u4e0a\u6599-\u4e0d\u542b\u4fa7\u9760.png",800,800,false],"2048x2048":["https:\/\/wisecnclaser.com\/wp-content\/uploads\/2025\/05\/3300\u6807\u914d-\u524d\u4e0a\u6599-\u4e0d\u542b\u4fa7\u9760.png",800,800,false],"trp-custom-language-flag":["https:\/\/wisecnclaser.com\/wp-content\/uploads\/2025\/05\/3300\u6807\u914d-\u524d\u4e0a\u6599-\u4e0d\u542b\u4fa7\u9760-12x12.png",12,12,true],"woocommerce_thumbnail":["https:\/\/wisecnclaser.com\/wp-content\/uploads\/2025\/05\/3300\u6807\u914d-\u524d\u4e0a\u6599-\u4e0d\u542b\u4fa7\u9760-300x300.png",300,300,true],"woocommerce_single":["https:\/\/wisecnclaser.com\/wp-content\/uploads\/2025\/05\/3300\u6807\u914d-\u524d\u4e0a\u6599-\u4e0d\u542b\u4fa7\u9760-600x600.png",600,600,true],"woocommerce_gallery_thumbnail":["https:\/\/wisecnclaser.com\/wp-content\/uploads\/2025\/05\/3300\u6807\u914d-\u524d\u4e0a\u6599-\u4e0d\u542b\u4fa7\u9760-100x100.png",100,100,true]},"uagb_author_info":{"display_name":"jinxing6611@gmail.com","author_link":"https:\/\/wisecnclaser.com\/tr\/author\/"},"uagb_comment_info":0,"uagb_excerpt":"Electronic sizing saw (CNC Beam Saw), also known as computer panel saw, is an upgraded product of hand-push sliding table panel saw and reciprocating saw. It only needs 1-2 operators. The electronic cutting saw has high cutting accuracy, efficient panel cutting, novice operation, labor-saving, fool-type cutting, man-machine integrated operation, input the data to be cut&hellip;","_links":{"self":[{"href":"https:\/\/wisecnclaser.com\/tr\/wp-json\/wp\/v2\/product\/3691","targetHints":{"allow":["GET"]}}],"collection":[{"href":"https:\/\/wisecnclaser.com\/tr\/wp-json\/wp\/v2\/product"}],"about":[{"href":"https:\/\/wisecnclaser.com\/tr\/wp-json\/wp\/v2\/types\/product"}],"wp:featuredmedia":[{"embeddable":true,"href":"https:\/\/wisecnclaser.com\/tr\/wp-json\/wp\/v2\/media\/4377"}],"wp:attachment":[{"href":"https:\/\/wisecnclaser.com\/tr\/wp-json\/wp\/v2\/media?parent=3691"}],"wp:term":[{"taxonomy":"product_brand","embeddable":true,"href":"https:\/\/wisecnclaser.com\/tr\/wp-json\/wp\/v2\/product_brand?post=3691"},{"taxonomy":"product_cat","embeddable":true,"href":"https:\/\/wisecnclaser.com\/tr\/wp-json\/wp\/v2\/product_cat?post=3691"},{"taxonomy":"product_tag","embeddable":true,"href":"https:\/\/wisecnclaser.com\/tr\/wp-json\/wp\/v2\/product_tag?post=3691"}],"curies":[{"name":"wp","href":"https:\/\/api.w.org\/{rel}","templated":true}]}}