{"id":3696,"date":"2025-05-23T01:33:40","date_gmt":"2025-05-23T01:33:40","guid":{"rendered":"https:\/\/wisecnclaser.com\/?post_type=product&#038;p=3696"},"modified":"2026-03-11T03:42:51","modified_gmt":"2026-03-11T03:42:51","slug":"5-axis-cnc-foam-carving-machine","status":"publish","type":"product","link":"https:\/\/wisecnclaser.com\/tr\/urun\/5-axis-cnc-foam-carving-machine\/","title":{"rendered":"5 eksenli cnc 3d k\u00f6p\u00fck oyma kesme makinas\u0131"},"content":{"rendered":"<p><strong>5 EKSENLI CNC 3D K\u00d6P\u00dcK OYMA MAKINESININ ANA PAR\u00c7ALARI<\/strong><\/p>\n<p>1. Kontrol sistemi: Taiyuan be\u015f eksenli kontrol sistemi<\/p>\n<p>2. Tahrik sistemi: \u00e7in servo motor ve destekleyici s\u00fcr\u00fcc\u00fc<\/p>\n<p>3. Tahrik red\u00fckt\u00f6r\u00fc: hassas planet red\u00fckt\u00f6r<\/p>\n<p>4. Destek ray\u0131: Tayvan y\u00fcksek hassasiyetli 30# kare ray<\/p>\n<p>5. Z ekseni vidas\u0131: Tayvan TBI bilyal\u0131 yap\u0131<\/p>\n<p>6. \u015eanz\u0131man raf\u0131: y\u00fcksek hassasiyetli 1,5 m helisel raf<\/p>\n<p>7. Frekans d\u00f6n\u00fc\u015ft\u00fcr\u00fcc\u00fc: Fuling 7.5KW frekans d\u00f6n\u00fc\u015ft\u00fcr\u00fcc\u00fc<\/p>\n<p>8. \u0130\u015f mili motoru: \u00c7\u0130N 6KW hava so\u011futmal\u0131 i\u015f mili<\/p>\n<p>9. Elektrik dolab\u0131: dikey klasik ba\u011f\u0131ms\u0131z dolap<\/p>\n<p>10. Motor hatt\u0131: servo orijinal motor kodlama hatt\u0131<\/p>\n<p>11. \u0130letim kablosu: CNC \u00f6zel y\u00fcksek esneklikli blendajl\u0131 kablo<\/p>\n<p>12. Koruma: XYZ ekseni toz ge\u00e7irmez<\/p>\n<p>13. Ya\u011f enjeksiyon sistemi: elektrikli kantitatif da\u011f\u0131t\u0131m tipi ya\u011f enjeksiyonu<\/p>\n<p>14. Ana elektrikli ev aletleri: tan\u0131nm\u0131\u015f yerli markalar<\/p>\n<p>15. Aksesuarlar: k\u00f6p\u00fck heykel i\u00e7in \u00f6zel aletler<\/p>\n<p>&nbsp;<\/p>\n<p><strong>5 eksenli cnc k\u00f6p\u00fck oyma makinesinin UYGULAMASI<\/strong><\/p>\n<p>3d k\u00f6p\u00fck heykel veya k\u00f6p\u00fck heykel yap\u0131m\u0131<\/p>\n<table border=\"1\">\n<tbody>\n<tr class=\"firstRow\">\n<td width=\"195\">\u0130sim<\/td>\n<td width=\"435\">5 eksenli k\u00f6p\u00fck oyma makinesi<\/td>\n<\/tr>\n<tr>\n<td width=\"195\">\u00c7al\u0131\u015fma y\u00fcksekli\u011fi (x ekseni)<\/td>\n<td width=\"435\">2500mm<\/td>\n<\/tr>\n<tr>\n<td width=\"195\">\u00c7al\u0131\u015fma \u00e7ap\u0131 (y ekseni)<\/td>\n<td width=\"435\">1500mm<\/td>\n<\/tr>\n<tr>\n<td width=\"195\">Tablo hareketli<\/td>\n<td width=\"435\">1500mm<\/td>\n<\/tr>\n<tr>\n<td width=\"195\">D\u00f6ner \u00e7ap<\/td>\n<td width=\"435\">1500mm<\/td>\n<\/tr>\n<tr>\n<td width=\"195\">D\u00f6nme h\u0131z\u0131<\/td>\n<td width=\"435\">3000-18000 rpm<\/td>\n<\/tr>\n<tr>\n<td width=\"195\">Besleme h\u0131z\u0131<\/td>\n<td width=\"435\">1-6000 mm \/ dak<\/td>\n<\/tr>\n<tr>\n<td width=\"195\">H\u0131zl\u0131 besleme h\u0131z\u0131 \uff08XYZ\uff09<\/td>\n<td width=\"435\">6000 mm\/dak<\/td>\n<\/tr>\n<tr>\n<td width=\"195\">Sistem dpi<\/td>\n<td width=\"435\">\u00b10.001<\/td>\n<\/tr>\n<tr>\n<td width=\"195\">Desteklenen komut<\/td>\n<td width=\"435\">G kodu<\/td>\n<\/tr>\n<tr>\n<td width=\"195\">S\u00fcr\u00fc\u015f sistemi<\/td>\n<td width=\"435\">Servo s\u00fcr\u00fcc\u00fc ve motor<\/td>\n<\/tr>\n<tr>\n<td width=\"195\">Makine \u00e7er\u00e7evesi<\/td>\n<td width=\"435\">A\u011f\u0131r hizmet tipi kaynakl\u0131 \u00e7elik \u00e7er\u00e7eve<\/td>\n<\/tr>\n<tr>\n<td width=\"195\">\u00c7al\u0131\u015fma g\u00fcc\u00fc<\/td>\n<td width=\"435\">AC380V 3 faz 50HZ<\/td>\n<\/tr>\n<\/tbody>\n<\/table>\n<p>5 Eksenli 3d K\u00f6p\u00fck Heykel Makinesi \u00c7al\u0131\u015fma Videolar\u0131:<\/p>\n<div class=\"ast-oembed-container\" style=\"height: 100%;\"><iframe title=\"5 eksenli 3d k\u00f6p\u00fck heykel makinesi, 5 eksenli k\u00f6p\u00fck heykel freze cnc makinesi, 3d k\u00f6p\u00fck y\u00f6nlendirici cnc\" width=\"500\" height=\"281\" src=\"https:\/\/www.youtube.com\/embed\/Uj26JZEQQCY?feature=oembed\" frameborder=\"0\" allow=\"accelerometer; autoplay; clipboard-write; encrypted-media; gyroscope; picture-in-picture; web-share\" referrerpolicy=\"strict-origin-when-cross-origin\" allowfullscreen><\/iframe><\/div>","protected":false},"excerpt":{"rendered":"<p>MAIN PARTS OF 5 AXIS CNC 3D FOAM CARVING MACHINE 1. Control system: Taiyuan five-axis control system 2. Drive system: china servo motor and supporting drive 3. Drive reducer: precision planetary reducer 4. Support rail: Taiwan high precision 30# square rail 5. Z-axis screw: Taiwan TBI ball structure 6. Transmission rack: high precision 1.5m helical [&hellip;]<\/p>\n","protected":false},"featured_media":3699,"template":"","meta":{"_seopress_robots_primary_cat":"none","_seopress_titles_title":"","_seopress_titles_desc":"","_seopress_robots_index":"","_uag_custom_page_level_css":"","site-sidebar-layout":"default","site-content-layout":"","ast-site-content-layout":"default","site-content-style":"default","site-sidebar-style":"default","ast-global-header-display":"","ast-banner-title-visibility":"","ast-main-header-display":"","ast-hfb-above-header-display":"","ast-hfb-below-header-display":"","ast-hfb-mobile-header-display":"","site-post-title":"","ast-breadcrumbs-content":"","ast-featured-img":"","footer-sml-layout":"","ast-disable-related-posts":"","theme-transparent-header-meta":"default","adv-header-id-meta":"","stick-header-meta":"default","header-above-stick-meta":"","header-main-stick-meta":"","header-below-stick-meta":"","astra-migrate-meta-layouts":"set","ast-page-background-enabled":"default","ast-page-background-meta":{"desktop":{"background-color":"","background-image":"","background-repeat":"repeat","background-position":"center center","background-size":"auto","background-attachment":"scroll","background-type":"","background-media":"","overlay-type":"","overlay-color":"","overlay-opacity":"","overlay-gradient":""},"tablet":{"background-color":"","background-image":"","background-repeat":"repeat","background-position":"center center","background-size":"auto","background-attachment":"scroll","background-type":"","background-media":"","overlay-type":"","overlay-color":"","overlay-opacity":"","overlay-gradient":""},"mobile":{"background-color":"","background-image":"","background-repeat":"repeat","background-position":"center center","background-size":"auto","background-attachment":"scroll","background-type":"","background-media":"","overlay-type":"","overlay-color":"","overlay-opacity":"","overlay-gradient":""}},"ast-content-background-meta":{"desktop":{"background-color":"var(--ast-global-color-5)","background-image":"","background-repeat":"repeat","background-position":"center center","background-size":"auto","background-attachment":"scroll","background-type":"","background-media":"","overlay-type":"","overlay-color":"","overlay-opacity":"","overlay-gradient":""},"tablet":{"background-color":"var(--ast-global-color-5)","background-image":"","background-repeat":"repeat","background-position":"center center","background-size":"auto","background-attachment":"scroll","background-type":"","background-media":"","overlay-type":"","overlay-color":"","overlay-opacity":"","overlay-gradient":""},"mobile":{"background-color":"var(--ast-global-color-5)","background-image":"","background-repeat":"repeat","background-position":"center center","background-size":"auto","background-attachment":"scroll","background-type":"","background-media":"","overlay-type":"","overlay-color":"","overlay-opacity":"","overlay-gradient":""}}},"product_brand":[],"product_cat":[43],"product_tag":[],"class_list":{"0":"post-3696","1":"product","2":"type-product","3":"status-publish","4":"has-post-thumbnail","6":"product_cat-foam","7":"desktop-align-left","8":"tablet-align-left","9":"mobile-align-left","10":"ast-product-gallery-layout-horizontal-slider","11":"ast-product-gallery-with-no-image","12":"ast-product-tabs-layout-horizontal","14":"first","15":"instock","16":"featured","17":"shipping-taxable","18":"product-type-simple"},"uagb_featured_image_src":{"full":["https:\/\/wisecnclaser.com\/wp-content\/uploads\/2025\/05\/3f43e563345327845a650b685be9bca0.png",571,800,false],"thumbnail":["https:\/\/wisecnclaser.com\/wp-content\/uploads\/2025\/05\/3f43e563345327845a650b685be9bca0-150x150.png",150,150,true],"medium":["https:\/\/wisecnclaser.com\/wp-content\/uploads\/2025\/05\/3f43e563345327845a650b685be9bca0-214x300.png",214,300,true],"medium_large":["https:\/\/wisecnclaser.com\/wp-content\/uploads\/2025\/05\/3f43e563345327845a650b685be9bca0.png",571,800,false],"large":["https:\/\/wisecnclaser.com\/wp-content\/uploads\/2025\/05\/3f43e563345327845a650b685be9bca0.png",571,800,false],"1536x1536":["https:\/\/wisecnclaser.com\/wp-content\/uploads\/2025\/05\/3f43e563345327845a650b685be9bca0.png",571,800,false],"2048x2048":["https:\/\/wisecnclaser.com\/wp-content\/uploads\/2025\/05\/3f43e563345327845a650b685be9bca0.png",571,800,false],"trp-custom-language-flag":["https:\/\/wisecnclaser.com\/wp-content\/uploads\/2025\/05\/3f43e563345327845a650b685be9bca0-9x12.png",9,12,true],"woocommerce_thumbnail":["https:\/\/wisecnclaser.com\/wp-content\/uploads\/2025\/05\/3f43e563345327845a650b685be9bca0-300x300.png",300,300,true],"woocommerce_single":["https:\/\/wisecnclaser.com\/wp-content\/uploads\/2025\/05\/3f43e563345327845a650b685be9bca0.png",571,800,false],"woocommerce_gallery_thumbnail":["https:\/\/wisecnclaser.com\/wp-content\/uploads\/2025\/05\/3f43e563345327845a650b685be9bca0-100x100.png",100,100,true]},"uagb_author_info":{"display_name":"jinxing6611@gmail.com","author_link":"https:\/\/wisecnclaser.com\/tr\/author\/"},"uagb_comment_info":0,"uagb_excerpt":"MAIN PARTS OF 5 AXIS CNC 3D FOAM CARVING MACHINE 1. Control system: Taiyuan five-axis control system 2. Drive system: china servo motor and supporting drive 3. Drive reducer: precision planetary reducer 4. Support rail: Taiwan high precision 30# square rail 5. Z-axis screw: Taiwan TBI ball structure 6. Transmission rack: high precision 1.5m helical&hellip;","_links":{"self":[{"href":"https:\/\/wisecnclaser.com\/tr\/wp-json\/wp\/v2\/product\/3696","targetHints":{"allow":["GET"]}}],"collection":[{"href":"https:\/\/wisecnclaser.com\/tr\/wp-json\/wp\/v2\/product"}],"about":[{"href":"https:\/\/wisecnclaser.com\/tr\/wp-json\/wp\/v2\/types\/product"}],"wp:featuredmedia":[{"embeddable":true,"href":"https:\/\/wisecnclaser.com\/tr\/wp-json\/wp\/v2\/media\/3699"}],"wp:attachment":[{"href":"https:\/\/wisecnclaser.com\/tr\/wp-json\/wp\/v2\/media?parent=3696"}],"wp:term":[{"taxonomy":"product_brand","embeddable":true,"href":"https:\/\/wisecnclaser.com\/tr\/wp-json\/wp\/v2\/product_brand?post=3696"},{"taxonomy":"product_cat","embeddable":true,"href":"https:\/\/wisecnclaser.com\/tr\/wp-json\/wp\/v2\/product_cat?post=3696"},{"taxonomy":"product_tag","embeddable":true,"href":"https:\/\/wisecnclaser.com\/tr\/wp-json\/wp\/v2\/product_tag?post=3696"}],"curies":[{"name":"wp","href":"https:\/\/api.w.org\/{rel}","templated":true}]}}