{"id":3708,"date":"2025-05-23T01:37:55","date_gmt":"2025-05-23T01:37:55","guid":{"rendered":"https:\/\/wisecnclaser.com\/?post_type=product&#038;p=3708"},"modified":"2025-05-23T01:37:55","modified_gmt":"2025-05-23T01:37:55","slug":"ws1325m-mixed-co2-laser-cutting-machine-for-metal-and-nonmetal","status":"publish","type":"product","link":"https:\/\/wisecnclaser.com\/tr\/urun\/ws1325m-mixed-co2-laser-cutting-machine-for-metal-and-nonmetal\/","title":{"rendered":"WS1325M Metal ve Ametal i\u00e7in Karma CO2 Lazer Kesim Makinesi"},"content":{"rendered":"<table border=\"1\">\n<tbody>\n<tr class=\"firstRow\">\n<td colspan=\"8\" width=\"663\">Uygulanabilir Malzeme<\/td>\n<\/tr>\n<tr>\n<td colspan=\"4\" width=\"346\">Lazer G\u00fcc\u00fc<\/td>\n<td colspan=\"4\" width=\"317\">150W<\/td>\n<\/tr>\n<tr>\n<td width=\"138\">Malzeme<\/td>\n<td colspan=\"2\" width=\"138\">Akrilik<\/td>\n<td colspan=\"2\" width=\"138\">MDF<\/td>\n<td colspan=\"2\" width=\"138\">Paslanmaz \u00c7elik<\/td>\n<td width=\"109\">Karbon \u00c7elik<\/td>\n<\/tr>\n<tr>\n<td width=\"138\">Kesim Kal\u0131nl\u0131\u011f\u0131<\/td>\n<td colspan=\"2\" width=\"138\">30mm<\/td>\n<td colspan=\"2\" width=\"138\">10mm<\/td>\n<td colspan=\"2\" width=\"138\">1,5 mm<\/td>\n<td width=\"109\">1,5 mm<\/td>\n<\/tr>\n<tr>\n<td colspan=\"8\" width=\"663\">150W Kesme h\u0131z\u0131:<\/td>\n<\/tr>\n<tr>\n<td colspan=\"2\" width=\"231\">Malzeme<\/td>\n<td colspan=\"4\" width=\"231\">Kesim Kal\u0131nl\u0131\u011f\u0131<\/td>\n<td colspan=\"2\" width=\"202\">Kesme H\u0131z\u0131 (mm\/dak)<\/td>\n<\/tr>\n<tr>\n<td colspan=\"2\" width=\"231\">Paslanmaz \u00c7elik<\/td>\n<td colspan=\"4\" width=\"231\">0,5 mm<\/td>\n<td colspan=\"2\" width=\"202\">2700<\/td>\n<\/tr>\n<tr>\n<td colspan=\"2\" width=\"231\"><\/td>\n<td colspan=\"4\" width=\"231\">1mm<\/td>\n<td colspan=\"2\" width=\"202\">1800<\/td>\n<\/tr>\n<tr>\n<td colspan=\"2\" width=\"231\"><\/td>\n<td colspan=\"4\" width=\"231\">1,5 mm<\/td>\n<td colspan=\"2\" width=\"202\">1000-1200<\/td>\n<\/tr>\n<tr>\n<td colspan=\"2\" width=\"231\">Karbon \u00c7elik<\/td>\n<td colspan=\"4\" width=\"231\">0,5 mm<\/td>\n<td colspan=\"2\" width=\"202\">3000<\/td>\n<\/tr>\n<tr>\n<td colspan=\"2\" width=\"231\"><\/td>\n<td colspan=\"4\" width=\"231\">1mm<\/td>\n<td colspan=\"2\" width=\"202\">1800<\/td>\n<\/tr>\n<tr>\n<td colspan=\"2\" width=\"231\"><\/td>\n<td colspan=\"4\" width=\"231\">1,5 mm<\/td>\n<td colspan=\"2\" width=\"202\">1000-1200<\/td>\n<\/tr>\n<tr>\n<td colspan=\"2\" width=\"231\">Akrilik<\/td>\n<td colspan=\"4\" width=\"231\">10mm<\/td>\n<td colspan=\"2\" width=\"202\">300<\/td>\n<\/tr>\n<tr>\n<td colspan=\"2\" width=\"231\"><\/td>\n<td colspan=\"4\" width=\"231\">20mm<\/td>\n<td colspan=\"2\" width=\"202\">90-120<\/td>\n<\/tr>\n<tr>\n<td colspan=\"2\" valign=\"top\" width=\"231\">MDF<\/td>\n<td colspan=\"4\" valign=\"top\" width=\"231\">10mm<\/td>\n<td colspan=\"2\" valign=\"top\" width=\"202\">300-400<\/td>\n<\/tr>\n<\/tbody>\n<\/table>\n<table border=\"1\">\n<tbody>\n<tr class=\"firstRow\">\n<td colspan=\"2\" width=\"662\">CO2 lazer metal ametal kesme makinesinin Tan\u0131m\u0131 ve \u00d6zellikleri:<\/td>\n<\/tr>\n<tr>\n<td valign=\"top\" width=\"331\">Lazer tipi<\/td>\n<td valign=\"top\" width=\"331\">M\u00fch\u00fcrl\u00fc CO2 lazer t\u00fcp\u00fc-Reci marka<\/td>\n<\/tr>\n<tr>\n<td valign=\"top\" width=\"331\">Lazer g\u00fcc\u00fc<\/td>\n<td valign=\"top\" width=\"331\">150W reci lazer t\u00fcp\u00fc W6<\/td>\n<\/tr>\n<tr>\n<td valign=\"top\" width=\"331\">Kesim alan\u0131<\/td>\n<td valign=\"top\" width=\"331\">1300*2500mm<\/td>\n<\/tr>\n<tr>\n<td valign=\"top\" width=\"331\">Konum do\u011frulu\u011funu s\u0131f\u0131rlama<\/td>\n<td valign=\"top\" width=\"331\">+\/-0,05 mm<\/td>\n<\/tr>\n<tr>\n<td valign=\"top\" width=\"331\">\u00c7al\u0131\u015fma gerilimi<\/td>\n<td valign=\"top\" width=\"331\">AC110-220V +\/-10%.50-60HZ, 40A<\/td>\n<\/tr>\n<tr>\n<td valign=\"top\" width=\"331\">G\u00fc\u00e7<\/td>\n<td valign=\"top\" width=\"331\">Maksimum 2.000W<\/td>\n<\/tr>\n<tr>\n<td valign=\"top\" width=\"331\">\u00c7al\u0131\u015fma s\u0131cakl\u0131\u011f\u0131<\/td>\n<td valign=\"top\" width=\"331\">0-45 derece<\/td>\n<\/tr>\n<tr>\n<td valign=\"top\" width=\"331\">\u00c7al\u0131\u015fma nemi<\/td>\n<td valign=\"top\" width=\"331\">5-95%<\/td>\n<\/tr>\n<tr>\n<td valign=\"top\" width=\"331\">Minimum \u015fekillendirme karakteri<\/td>\n<td valign=\"top\" width=\"331\">\u0130ngilizce 5*5mm<\/td>\n<\/tr>\n<tr>\n<td valign=\"top\" width=\"331\">Desteklenen grafik format\u0131<\/td>\n<td valign=\"top\" width=\"331\">BMP, PLT, DST, DXF ve AI<\/td>\n<\/tr>\n<tr>\n<td valign=\"top\" width=\"331\">S\u00fcr\u00fc\u015f sistemi<\/td>\n<td valign=\"top\" width=\"331\">Step<\/td>\n<\/tr>\n<tr>\n<td valign=\"top\" width=\"331\">Kesim malzemesi<\/td>\n<td valign=\"top\" width=\"331\">Metal ve ametal<\/td>\n<\/tr>\n<tr>\n<td valign=\"top\" width=\"331\">Kesim kal\u0131nl\u0131\u011f\u0131<\/td>\n<td valign=\"top\" width=\"331\">20 mm akrilik, maksimum 1,5 mm karbon \u00e7eli\u011fi, maksimum 1,2 mm paslanmaz \u00e7elik<\/td>\n<\/tr>\n<tr>\n<td valign=\"top\" width=\"331\">Lens&amp;Ayna<\/td>\n<td valign=\"top\" width=\"331\">Makineye tak\u0131l\u0131 3 lens ile<\/td>\n<\/tr>\n<tr>\n<td valign=\"top\" width=\"331\">So\u011futma modu<\/td>\n<td valign=\"top\" width=\"331\">Su so\u011futma ve koruma sistemi<\/td>\n<\/tr>\n<tr>\n<td valign=\"top\" width=\"331\">Yard\u0131mc\u0131 ekipman<\/td>\n<td valign=\"top\" width=\"331\">Egzoz fan\u0131, hava egzoz borusu, Hava kompres\u00f6r\u00fc<\/td>\n<\/tr>\n<tr>\n<td valign=\"top\" width=\"331\">Kontrol sistemi<\/td>\n<td valign=\"top\" width=\"331\">Leetro 6595<\/td>\n<\/tr>\n<tr>\n<td valign=\"top\" width=\"331\">Uyumlu yaz\u0131l\u0131m<\/td>\n<td valign=\"top\" width=\"331\">Coreldraw otomatik CAD photoshop<\/td>\n<\/tr>\n<tr>\n<td valign=\"top\" width=\"331\">T\u00fcm makine boyutu<\/td>\n<td valign=\"top\" width=\"331\">2120*1715*1250mm<\/td>\n<\/tr>\n<tr>\n<td valign=\"top\" width=\"331\">Makine A\u011f\u0131rl\u0131\u011f\u0131<\/td>\n<td valign=\"top\" width=\"331\">500Kgs<\/td>\n<\/tr>\n<\/tbody>\n<\/table>\n<p>Uygulama:<\/p>\n<p>Esas olarak reklam end\u00fcstrisi, metal kesme end\u00fcstrisi, sanat ve el sanatlar\u0131 end\u00fcstrisi vb. i\u00e7in kullan\u0131l\u0131r.<\/p>\n<p>Uygulanabilir malzeme: Akrilik, Ah\u015fap, organik cam, deri, kristal, bambu, elektronik, Paslanmaz \u00e7elik, Karbon \u00e7eli\u011fi vb.<\/p>","protected":false},"excerpt":{"rendered":"<p>Mixed co2 laser cutting machine for metal and nonmetal<\/p>\n<p>THC Auto height controlling cutting head for metal cutting<\/p>\n<p>CW5000 water chiller<\/p>\n<p>Stepper driver<\/p>\n<p>Belt transmission<\/p>\n<p>Leetro6595 controller<\/p>","protected":false},"featured_media":3711,"template":"","meta":{"_seopress_robots_primary_cat":"","_seopress_titles_title":"","_seopress_titles_desc":"","_seopress_robots_index":"","_uag_custom_page_level_css":"","site-sidebar-layout":"default","site-content-layout":"","ast-site-content-layout":"default","site-content-style":"default","site-sidebar-style":"default","ast-global-header-display":"","ast-banner-title-visibility":"","ast-main-header-display":"","ast-hfb-above-header-display":"","ast-hfb-below-header-display":"","ast-hfb-mobile-header-display":"","site-post-title":"","ast-breadcrumbs-content":"","ast-featured-img":"","footer-sml-layout":"","ast-disable-related-posts":"","theme-transparent-header-meta":"default","adv-header-id-meta":"","stick-header-meta":"default","header-above-stick-meta":"","header-main-stick-meta":"","header-below-stick-meta":"","astra-migrate-meta-layouts":"set","ast-page-background-enabled":"default","ast-page-background-meta":{"desktop":{"background-color":"","background-image":"","background-repeat":"repeat","background-position":"center center","background-size":"auto","background-attachment":"scroll","background-type":"","background-media":"","overlay-type":"","overlay-color":"","overlay-opacity":"","overlay-gradient":""},"tablet":{"background-color":"","background-image":"","background-repeat":"repeat","background-position":"center center","background-size":"auto","background-attachment":"scroll","background-type":"","background-media":"","overlay-type":"","overlay-color":"","overlay-opacity":"","overlay-gradient":""},"mobile":{"background-color":"","background-image":"","background-repeat":"repeat","background-position":"center center","background-size":"auto","background-attachment":"scroll","background-type":"","background-media":"","overlay-type":"","overlay-color":"","overlay-opacity":"","overlay-gradient":""}},"ast-content-background-meta":{"desktop":{"background-color":"var(--ast-global-color-5)","background-image":"","background-repeat":"repeat","background-position":"center center","background-size":"auto","background-attachment":"scroll","background-type":"","background-media":"","overlay-type":"","overlay-color":"","overlay-opacity":"","overlay-gradient":""},"tablet":{"background-color":"var(--ast-global-color-5)","background-image":"","background-repeat":"repeat","background-position":"center center","background-size":"auto","background-attachment":"scroll","background-type":"","background-media":"","overlay-type":"","overlay-color":"","overlay-opacity":"","overlay-gradient":""},"mobile":{"background-color":"var(--ast-global-color-5)","background-image":"","background-repeat":"repeat","background-position":"center center","background-size":"auto","background-attachment":"scroll","background-type":"","background-media":"","overlay-type":"","overlay-color":"","overlay-opacity":"","overlay-gradient":""}}},"product_brand":[],"product_cat":[32],"product_tag":[],"class_list":{"0":"post-3708","1":"product","2":"type-product","3":"status-publish","4":"has-post-thumbnail","6":"product_cat-lasercutting","7":"desktop-align-left","8":"tablet-align-left","9":"mobile-align-left","10":"ast-product-gallery-layout-horizontal-slider","11":"ast-product-gallery-with-no-image","12":"ast-product-tabs-layout-horizontal","14":"first","15":"instock","16":"shipping-taxable","17":"product-type-simple"},"uagb_featured_image_src":{"full":["https:\/\/wisecnclaser.com\/wp-content\/uploads\/2025\/05\/762421bd462026487fdfc0a70fef3e88.jpg",500,500,false],"thumbnail":["https:\/\/wisecnclaser.com\/wp-content\/uploads\/2025\/05\/762421bd462026487fdfc0a70fef3e88-150x150.jpg",150,150,true],"medium":["https:\/\/wisecnclaser.com\/wp-content\/uploads\/2025\/05\/762421bd462026487fdfc0a70fef3e88-300x300.jpg",300,300,true],"medium_large":["https:\/\/wisecnclaser.com\/wp-content\/uploads\/2025\/05\/762421bd462026487fdfc0a70fef3e88.jpg",500,500,false],"large":["https:\/\/wisecnclaser.com\/wp-content\/uploads\/2025\/05\/762421bd462026487fdfc0a70fef3e88.jpg",500,500,false],"1536x1536":["https:\/\/wisecnclaser.com\/wp-content\/uploads\/2025\/05\/762421bd462026487fdfc0a70fef3e88.jpg",500,500,false],"2048x2048":["https:\/\/wisecnclaser.com\/wp-content\/uploads\/2025\/05\/762421bd462026487fdfc0a70fef3e88.jpg",500,500,false],"trp-custom-language-flag":["https:\/\/wisecnclaser.com\/wp-content\/uploads\/2025\/05\/762421bd462026487fdfc0a70fef3e88-12x12.jpg",12,12,true],"woocommerce_thumbnail":["https:\/\/wisecnclaser.com\/wp-content\/uploads\/2025\/05\/762421bd462026487fdfc0a70fef3e88-300x300.jpg",300,300,true],"woocommerce_single":["https:\/\/wisecnclaser.com\/wp-content\/uploads\/2025\/05\/762421bd462026487fdfc0a70fef3e88.jpg",500,500,false],"woocommerce_gallery_thumbnail":["https:\/\/wisecnclaser.com\/wp-content\/uploads\/2025\/05\/762421bd462026487fdfc0a70fef3e88-100x100.jpg",100,100,true]},"uagb_author_info":{"display_name":"jinxing6611@gmail.com","author_link":"https:\/\/wisecnclaser.com\/tr\/author\/"},"uagb_comment_info":0,"uagb_excerpt":"Mixed co2 laser cutting machine for metal and nonmetal THC Auto height controlling cutting head for metal cutting CW5000 water chiller Stepper driver Belt transmission Leetro6595 controller","_links":{"self":[{"href":"https:\/\/wisecnclaser.com\/tr\/wp-json\/wp\/v2\/product\/3708","targetHints":{"allow":["GET"]}}],"collection":[{"href":"https:\/\/wisecnclaser.com\/tr\/wp-json\/wp\/v2\/product"}],"about":[{"href":"https:\/\/wisecnclaser.com\/tr\/wp-json\/wp\/v2\/types\/product"}],"wp:featuredmedia":[{"embeddable":true,"href":"https:\/\/wisecnclaser.com\/tr\/wp-json\/wp\/v2\/media\/3711"}],"wp:attachment":[{"href":"https:\/\/wisecnclaser.com\/tr\/wp-json\/wp\/v2\/media?parent=3708"}],"wp:term":[{"taxonomy":"product_brand","embeddable":true,"href":"https:\/\/wisecnclaser.com\/tr\/wp-json\/wp\/v2\/product_brand?post=3708"},{"taxonomy":"product_cat","embeddable":true,"href":"https:\/\/wisecnclaser.com\/tr\/wp-json\/wp\/v2\/product_cat?post=3708"},{"taxonomy":"product_tag","embeddable":true,"href":"https:\/\/wisecnclaser.com\/tr\/wp-json\/wp\/v2\/product_tag?post=3708"}],"curies":[{"name":"wp","href":"https:\/\/api.w.org\/{rel}","templated":true}]}}