{"id":3727,"date":"2025-05-23T02:34:49","date_gmt":"2025-05-23T02:34:49","guid":{"rendered":"https:\/\/wisecnclaser.com\/?post_type=product&#038;p=3727"},"modified":"2026-01-26T08:12:02","modified_gmt":"2026-01-26T08:12:02","slug":"ws3300-cnc-beam-saw-with-side-aligner","status":"publish","type":"product","link":"https:\/\/wisecnclaser.com\/tr\/urun\/ws3300-cnc-beam-saw-with-side-aligner\/","title":{"rendered":"WS3300 Yan Hizalay\u0131c\u0131l\u0131 CNC I\u015f\u0131n Testere"},"content":{"rendered":"<p>Ekipman, insan-bilgisayar diyalog aray\u00fcz\u00fc ve kolay kullan\u0131m\u0131 ile end\u00fcstriyel bir bilgisayar taraf\u0131ndan kontrol edilir. Optimizasyon yaz\u0131l\u0131m\u0131 y\u00fckl\u00fcyse, malzeme listesi malzeme kesimini optimize etmek i\u00e7in do\u011frudan i\u00e7e aktar\u0131labilir. Bir ar\u0131za meydana geldi\u011finde makineyi otomatik olarak durduran bir ar\u0131za alarm cihaz\u0131 ile donat\u0131lm\u0131\u015ft\u0131r ve ar\u0131zan\u0131n nedenini kontrol etmeyi kolayla\u015ft\u0131ran otomatik bir ar\u0131za tespit fonksiyonuna sahiptir.<\/p>\n<p>\u0130letim yap\u0131s\u0131n\u0131n ana testeresi Tayvan Samsung \u00e7ok oluklu kay\u0131\u015flar\u0131 kullan\u0131r ve k\u00fc\u00e7\u00fck testere V kay\u0131\u015flar\u0131 ithal kay\u0131\u015flar\u0131 kullan\u0131r. Y\u00fcksek hassasiyetli Alman\/SLM ve raf kombinasyonlu \u015fanz\u0131man kullan\u0131r; kullan\u0131lan elektrikli cihazlar, ge\u00e7i\u015f bile\u015fenleri ve anahtar bile\u015fenlerin t\u00fcm\u00fc, \u00fcr\u00fcnlerin do\u011frulu\u011funu ve g\u00fcvenilirli\u011fini sa\u011flamak i\u00e7in uluslararas\u0131 marka \u00fcr\u00fcnlerdir; ana makine h\u0131zl\u0131 bir testere h\u0131z\u0131na sahiptir ve kesme tahtas\u0131n\u0131n kal\u0131nl\u0131\u011f\u0131na g\u00f6re kademesiz ayarlama yapabilir.<\/p>\n<p>Optimize edilmi\u015f yaz\u0131l\u0131m a\u00e7\u0131klamas\u0131 (iste\u011fe ba\u011fl\u0131), geleneksel elektronik testerelerin kesme verilerinin rastgele manuel d\u00fczenlemesinin esnekli\u011fini korur ve ak\u0131ll\u0131 veri i\u00e7e aktarma, kablosuz uzaktan kumanda ba\u015flatma ve durdurma i\u015flemi, uzaktan izleme vb. \u00f6zelliklerini geni\u015fletir ve sipari\u015f tasar\u0131m\u0131, sipari\u015f b\u00f6lme optimizasyonu, art\u0131k malzeme y\u00f6netimi, d\u00fczen optimizasyonu, barkod yazd\u0131rma vb. gibi pratik i\u015flevler ekler. Ayn\u0131 zamanda, Yuan Fang, Hua Guang, CV, 1010, Wei Lun, Hai Xun, Sanweijia, Yunxi, Shangchuan ve di\u011fer tasar\u0131m yaz\u0131l\u0131mlar\u0131 gibi t\u00fcm yaz\u0131l\u0131m ba\u011flant\u0131 noktalar\u0131na a\u00e7\u0131kt\u0131r ve g\u00fc\u00e7l\u00fc optimize edilmi\u015f d\u00fczen programlama i\u015flevi ile Microsoft Excel el yap\u0131m\u0131 malzeme listesini destekler ve ger\u00e7ek sorunlar\u0131 sim\u00fcle etmek i\u00e7in ger\u00e7ek hayat operasyonu olu\u015fturabilir. \u00c7al\u0131\u015fanlar ekipman\u0131 \u00e7al\u0131\u015ft\u0131rd\u0131klar\u0131nda, sadece i\u015f par\u00e7as\u0131n\u0131 bilgisayar aray\u00fcz\u00fcndeki istemlere g\u00f6re yerle\u015ftirmeleri gerekir ve kesim boyutu verileri bilgisayar taraf\u0131ndan ak\u0131ll\u0131 bir \u015fekilde (kodu tarayarak) yenilenerek tek t\u0131klamayla i\u015flem ger\u00e7ekle\u015ftirilir. Genel olarak, \u00e7al\u0131\u015fmaya ba\u015flamak i\u00e7in sadece 2 saatlik e\u011fitim gereklidir.<\/p>\n<p>&nbsp;<\/p>\n<table border=\"1\">\n<tbody>\n<tr class=\"firstRow\">\n<td colspan=\"2\" valign=\"top\" width=\"622\"><strong>WS3300<\/strong><strong>\u00a0Yan Hizalay\u0131c\u0131l\u0131 CNC Kiri\u015f Testere<\/strong><\/td>\n<\/tr>\n<tr>\n<td valign=\"top\" width=\"311\">Bilgisayar<\/td>\n<td valign=\"top\" width=\"311\">\u00a0 \u00a0 \u00a0 \u00a0 \u00a0 \u00a0 \u00a0 \u00a0 \u00a0Dahil<\/td>\n<\/tr>\n<tr>\n<td valign=\"top\" width=\"311\">Kesme uzunlu\u011fu\/geni\u015fli\u011fi<\/td>\n<td valign=\"top\" width=\"311\">3300mm<\/td>\n<\/tr>\n<tr>\n<td valign=\"top\" width=\"311\">Kesim kal\u0131nl\u0131\u011f\u0131<\/td>\n<td valign=\"top\" width=\"311\">100 mm<\/td>\n<\/tr>\n<tr>\n<td valign=\"top\" width=\"311\">Ana kesme testeresi \u00e7ap\u0131<\/td>\n<td valign=\"top\" width=\"311\">\u0424400mm<\/td>\n<\/tr>\n<tr>\n<td valign=\"top\" width=\"311\">Ana testere mili \u00e7ap\u0131<\/td>\n<td valign=\"top\" width=\"311\">\u042480mm<\/td>\n<\/tr>\n<tr>\n<td valign=\"top\" width=\"311\">Ana testere mili h\u0131z\u0131<\/td>\n<td valign=\"top\" width=\"311\">4800rpm<\/td>\n<\/tr>\n<tr>\n<td valign=\"top\" width=\"311\">Yuva testere b\u0131\u00e7a\u011f\u0131 \u00e7ap\u0131<\/td>\n<td valign=\"top\" width=\"311\">\u0424180mm<\/td>\n<\/tr>\n<tr>\n<td valign=\"top\" width=\"311\">Yiv testere mili \u00e7ap\u0131<\/td>\n<td valign=\"top\" width=\"311\">\u042445mm<\/td>\n<\/tr>\n<tr>\n<td valign=\"top\" width=\"311\">Yiv testere mili h\u0131z\u0131<\/td>\n<td valign=\"top\" width=\"311\">6900rpm<\/td>\n<\/tr>\n<tr>\n<td valign=\"top\" width=\"311\">Testere taban\u0131 ileri h\u0131z\u0131<\/td>\n<td valign=\"top\" width=\"311\">100m\/dak<\/td>\n<\/tr>\n<tr>\n<td valign=\"top\" width=\"311\">Testere taban\u0131 geriye do\u011fru h\u0131z<\/td>\n<td valign=\"top\" width=\"311\">120m\/dak<\/td>\n<\/tr>\n<tr>\n<td valign=\"top\" width=\"311\">Ana kesme testeresi motoru<\/td>\n<td valign=\"top\" width=\"311\">16.5kw<\/td>\n<\/tr>\n<tr>\n<td valign=\"top\" width=\"311\">Yivli testere motoru<\/td>\n<td valign=\"top\" width=\"311\">2.2kw<\/td>\n<\/tr>\n<tr>\n<td valign=\"top\" width=\"311\">Testere taban\u0131 tahrik motoru<\/td>\n<td valign=\"top\" width=\"311\">1.8kw (servo)<\/td>\n<\/tr>\n<tr>\n<td valign=\"top\" width=\"311\">Otomatik besleme motoru<\/td>\n<td valign=\"top\" width=\"311\">1.8kw (servo)<\/td>\n<\/tr>\n<tr>\n<td valign=\"top\" width=\"311\">Yan hizalay\u0131c\u0131 motoru<\/td>\n<td valign=\"top\" width=\"311\">0.55kw<\/td>\n<\/tr>\n<tr>\n<td valign=\"top\" width=\"311\">Vakum pompas\u0131 motoru<\/td>\n<td valign=\"top\" width=\"311\">4kw<\/td>\n<\/tr>\n<tr>\n<td valign=\"top\" width=\"311\">Toplam g\u00fc\u00e7<\/td>\n<td valign=\"top\" width=\"311\">26.5kw<\/td>\n<\/tr>\n<tr>\n<td valign=\"top\" width=\"311\">Otomatik besleme h\u0131z\u0131<\/td>\n<td valign=\"top\" width=\"311\">100m\/dak<\/td>\n<\/tr>\n<tr>\n<td valign=\"top\" width=\"311\">Hava bas\u0131nc\u0131<\/td>\n<td valign=\"top\" width=\"311\">5-7kg\/cm\u00b2<\/td>\n<\/tr>\n<tr>\n<td valign=\"top\" width=\"311\">Y\u00fczer masa y\u00fcksekli\u011fi<\/td>\n<td valign=\"top\" width=\"311\">950mm<\/td>\n<\/tr>\n<tr>\n<td valign=\"top\" width=\"311\">Makine toplam boyutu \uff08L*W*H\uff09<\/td>\n<td valign=\"top\" width=\"311\">5900*5800*1850mm<\/td>\n<\/tr>\n<\/tbody>\n<\/table>\n<div style=\"width: 1280px;\" class=\"wp-video\"><video class=\"wp-video-shortcode\" id=\"video-3727-1\" width=\"1280\" height=\"720\" preload=\"metadata\" controls=\"controls\"><source type=\"video\/mp4\" src=\"https:\/\/wisecnclaser.com\/wp-content\/uploads\/2025\/05\/1722321154464007.mp4?_=1\" \/><a href=\"https:\/\/wisecnclaser.com\/wp-content\/uploads\/2025\/05\/1722321154464007.mp4\">https:\/\/wisecnclaser.com\/wp-content\/uploads\/2025\/05\/1722321154464007.mp4<\/a><\/video><\/div>","protected":false},"excerpt":{"rendered":"<p>Ekipman, insan-bilgisayar diyalog aray\u00fcz\u00fc ve kolay kullan\u0131m\u0131 ile end\u00fcstriyel bir bilgisayar taraf\u0131ndan kontrol edilir. Optimizasyon yaz\u0131l\u0131m\u0131 y\u00fckl\u00fcyse, malzeme listesi malzeme kesimini optimize etmek i\u00e7in do\u011frudan i\u00e7e aktar\u0131labilir. Bir ar\u0131za meydana geldi\u011finde makineyi otomatik olarak durduran bir ar\u0131za alarm cihaz\u0131 ile donat\u0131lm\u0131\u015ft\u0131r ve ar\u0131zan\u0131n nedenini kontrol etmeyi kolayla\u015ft\u0131ran otomatik bir ar\u0131za tespit fonksiyonuna sahiptir.<\/p>","protected":false},"featured_media":4378,"template":"","meta":{"_seopress_robots_primary_cat":"none","_seopress_titles_title":"","_seopress_titles_desc":"","_seopress_robots_index":"","_uag_custom_page_level_css":"","site-sidebar-layout":"default","site-content-layout":"","ast-site-content-layout":"default","site-content-style":"default","site-sidebar-style":"default","ast-global-header-display":"","ast-banner-title-visibility":"","ast-main-header-display":"","ast-hfb-above-header-display":"","ast-hfb-below-header-display":"","ast-hfb-mobile-header-display":"","site-post-title":"","ast-breadcrumbs-content":"","ast-featured-img":"","footer-sml-layout":"","ast-disable-related-posts":"","theme-transparent-header-meta":"default","adv-header-id-meta":"","stick-header-meta":"default","header-above-stick-meta":"","header-main-stick-meta":"","header-below-stick-meta":"","astra-migrate-meta-layouts":"set","ast-page-background-enabled":"default","ast-page-background-meta":{"desktop":{"background-color":"","background-image":"","background-repeat":"repeat","background-position":"center center","background-size":"auto","background-attachment":"scroll","background-type":"","background-media":"","overlay-type":"","overlay-color":"","overlay-opacity":"","overlay-gradient":""},"tablet":{"background-color":"","background-image":"","background-repeat":"repeat","background-position":"center center","background-size":"auto","background-attachment":"scroll","background-type":"","background-media":"","overlay-type":"","overlay-color":"","overlay-opacity":"","overlay-gradient":""},"mobile":{"background-color":"","background-image":"","background-repeat":"repeat","background-position":"center center","background-size":"auto","background-attachment":"scroll","background-type":"","background-media":"","overlay-type":"","overlay-color":"","overlay-opacity":"","overlay-gradient":""}},"ast-content-background-meta":{"desktop":{"background-color":"var(--ast-global-color-5)","background-image":"","background-repeat":"repeat","background-position":"center center","background-size":"auto","background-attachment":"scroll","background-type":"","background-media":"","overlay-type":"","overlay-color":"","overlay-opacity":"","overlay-gradient":""},"tablet":{"background-color":"var(--ast-global-color-5)","background-image":"","background-repeat":"repeat","background-position":"center center","background-size":"auto","background-attachment":"scroll","background-type":"","background-media":"","overlay-type":"","overlay-color":"","overlay-opacity":"","overlay-gradient":""},"mobile":{"background-color":"var(--ast-global-color-5)","background-image":"","background-repeat":"repeat","background-position":"center center","background-size":"auto","background-attachment":"scroll","background-type":"","background-media":"","overlay-type":"","overlay-color":"","overlay-opacity":"","overlay-gradient":""}}},"product_brand":[],"product_cat":[39],"product_tag":[],"class_list":{"0":"post-3727","1":"product","2":"type-product","3":"status-publish","4":"has-post-thumbnail","6":"product_cat-cuttingsaw","7":"desktop-align-left","8":"tablet-align-left","9":"mobile-align-left","10":"ast-product-gallery-layout-horizontal-slider","11":"ast-product-gallery-with-no-image","12":"ast-product-tabs-layout-horizontal","14":"first","15":"instock","16":"shipping-taxable","17":"product-type-simple"},"uagb_featured_image_src":{"full":["https:\/\/wisecnclaser.com\/wp-content\/uploads\/2025\/05\/3300\u6807\u914d-\u524d\u4e0a\u6599\u542b\u4fa7\u9760.png",1082,1086,false],"thumbnail":["https:\/\/wisecnclaser.com\/wp-content\/uploads\/2025\/05\/3300\u6807\u914d-\u524d\u4e0a\u6599\u542b\u4fa7\u9760-150x150.png",150,150,true],"medium":["https:\/\/wisecnclaser.com\/wp-content\/uploads\/2025\/05\/3300\u6807\u914d-\u524d\u4e0a\u6599\u542b\u4fa7\u9760-300x300.png",300,300,true],"medium_large":["https:\/\/wisecnclaser.com\/wp-content\/uploads\/2025\/05\/3300\u6807\u914d-\u524d\u4e0a\u6599\u542b\u4fa7\u9760-768x771.png",768,771,true],"large":["https:\/\/wisecnclaser.com\/wp-content\/uploads\/2025\/05\/3300\u6807\u914d-\u524d\u4e0a\u6599\u542b\u4fa7\u9760-1020x1024.png",1020,1024,true],"1536x1536":["https:\/\/wisecnclaser.com\/wp-content\/uploads\/2025\/05\/3300\u6807\u914d-\u524d\u4e0a\u6599\u542b\u4fa7\u9760.png",1082,1086,false],"2048x2048":["https:\/\/wisecnclaser.com\/wp-content\/uploads\/2025\/05\/3300\u6807\u914d-\u524d\u4e0a\u6599\u542b\u4fa7\u9760.png",1082,1086,false],"trp-custom-language-flag":["https:\/\/wisecnclaser.com\/wp-content\/uploads\/2025\/05\/3300\u6807\u914d-\u524d\u4e0a\u6599\u542b\u4fa7\u9760-12x12.png",12,12,true],"woocommerce_thumbnail":["https:\/\/wisecnclaser.com\/wp-content\/uploads\/2025\/05\/3300\u6807\u914d-\u524d\u4e0a\u6599\u542b\u4fa7\u9760-300x300.png",300,300,true],"woocommerce_single":["https:\/\/wisecnclaser.com\/wp-content\/uploads\/2025\/05\/3300\u6807\u914d-\u524d\u4e0a\u6599\u542b\u4fa7\u9760-600x602.png",600,602,true],"woocommerce_gallery_thumbnail":["https:\/\/wisecnclaser.com\/wp-content\/uploads\/2025\/05\/3300\u6807\u914d-\u524d\u4e0a\u6599\u542b\u4fa7\u9760-100x100.png",100,100,true]},"uagb_author_info":{"display_name":"jinxing6611@gmail.com","author_link":"https:\/\/wisecnclaser.com\/tr\/author\/"},"uagb_comment_info":0,"uagb_excerpt":"The equipment is controlled by an industrial computer, with a friendly human-computer dialogue interface and easy operation. If the optimization software is installed, the material list can be directly imported to optimize the material cutting. It is equipped with a fault alarm device, which automatically stops the machine when a fault occurs, and has an&hellip;","_links":{"self":[{"href":"https:\/\/wisecnclaser.com\/tr\/wp-json\/wp\/v2\/product\/3727","targetHints":{"allow":["GET"]}}],"collection":[{"href":"https:\/\/wisecnclaser.com\/tr\/wp-json\/wp\/v2\/product"}],"about":[{"href":"https:\/\/wisecnclaser.com\/tr\/wp-json\/wp\/v2\/types\/product"}],"wp:featuredmedia":[{"embeddable":true,"href":"https:\/\/wisecnclaser.com\/tr\/wp-json\/wp\/v2\/media\/4378"}],"wp:attachment":[{"href":"https:\/\/wisecnclaser.com\/tr\/wp-json\/wp\/v2\/media?parent=3727"}],"wp:term":[{"taxonomy":"product_brand","embeddable":true,"href":"https:\/\/wisecnclaser.com\/tr\/wp-json\/wp\/v2\/product_brand?post=3727"},{"taxonomy":"product_cat","embeddable":true,"href":"https:\/\/wisecnclaser.com\/tr\/wp-json\/wp\/v2\/product_cat?post=3727"},{"taxonomy":"product_tag","embeddable":true,"href":"https:\/\/wisecnclaser.com\/tr\/wp-json\/wp\/v2\/product_tag?post=3727"}],"curies":[{"name":"wp","href":"https:\/\/api.w.org\/{rel}","templated":true}]}}