{"id":3745,"date":"2025-05-23T02:41:40","date_gmt":"2025-05-23T02:41:40","guid":{"rendered":"https:\/\/wisecnclaser.com\/?post_type=product&#038;p=3745"},"modified":"2025-07-16T02:17:35","modified_gmt":"2025-07-16T02:17:35","slug":"ws3300-back-feeding-cnc-beam-saw","status":"publish","type":"product","link":"https:\/\/wisecnclaser.com\/tr\/urun\/ws3300-back-feeding-cnc-beam-saw\/","title":{"rendered":"WS3300 Geri Beslemeli Otomatik Ah\u015fap Panel Kesme Bilgisayar\u0131 CNC Kiri\u015f Testere"},"content":{"rendered":"<p>\u0130letim yap\u0131s\u0131n\u0131n ana testeresi Tayvan Samsung \u00e7ok oluklu kay\u0131\u015flar\u0131 kullan\u0131r ve k\u00fc\u00e7\u00fck testere V kay\u0131\u015flar\u0131 ithal kay\u0131\u015flar\u0131 kullan\u0131r. Y\u00fcksek hassasiyetli Alman\/SLM ve raf kombinasyonlu \u015fanz\u0131man kullan\u0131r; kullan\u0131lan elektrikli cihazlar, ge\u00e7i\u015f bile\u015fenleri ve anahtar bile\u015fenlerin t\u00fcm\u00fc, \u00fcr\u00fcnlerin do\u011frulu\u011funu ve g\u00fcvenilirli\u011fini sa\u011flamak i\u00e7in uluslararas\u0131 marka \u00fcr\u00fcnlerdir; ana makine h\u0131zl\u0131 bir testere h\u0131z\u0131na sahiptir ve kesme tahtas\u0131n\u0131n kal\u0131nl\u0131\u011f\u0131na g\u00f6re kademesiz ayarlama yapabilir.<\/p>\n<p>Optimize edilmi\u015f yaz\u0131l\u0131m a\u00e7\u0131klamas\u0131 (iste\u011fe ba\u011fl\u0131), geleneksel elektronik testerelerin kesme verilerinin rastgele manuel d\u00fczenlemesinin esnekli\u011fini korur ve ak\u0131ll\u0131 veri i\u00e7e aktarma, kablosuz uzaktan kumanda ba\u015flatma ve durdurma i\u015flemi, uzaktan izleme vb. \u00f6zelliklerini geni\u015fletir ve sipari\u015f tasar\u0131m\u0131, sipari\u015f b\u00f6lme optimizasyonu, art\u0131k malzeme y\u00f6netimi, d\u00fczen optimizasyonu, barkod yazd\u0131rma vb. gibi pratik i\u015flevler ekler. Ayn\u0131 zamanda, Yuan Fang, Hua Guang, CV, 1010, Wei Lun, Hai Xun, Sanweijia, Yunxi, Shangchuan ve di\u011fer tasar\u0131m yaz\u0131l\u0131mlar\u0131 gibi t\u00fcm yaz\u0131l\u0131m ba\u011flant\u0131 noktalar\u0131na a\u00e7\u0131kt\u0131r ve g\u00fc\u00e7l\u00fc optimize edilmi\u015f d\u00fczen programlama i\u015flevi ile Microsoft Excel el yap\u0131m\u0131 malzeme listesini destekler ve ger\u00e7ek sorunlar\u0131 sim\u00fcle etmek i\u00e7in ger\u00e7ek hayat operasyonu olu\u015fturabilir. \u00c7al\u0131\u015fanlar ekipman\u0131 \u00e7al\u0131\u015ft\u0131rd\u0131klar\u0131nda, sadece i\u015f par\u00e7as\u0131n\u0131 bilgisayar aray\u00fcz\u00fcndeki istemlere g\u00f6re yerle\u015ftirmeleri gerekir ve kesim boyutu verileri bilgisayar taraf\u0131ndan ak\u0131ll\u0131 bir \u015fekilde (kodu tarayarak) yenilenerek tek t\u0131klamayla i\u015flem ger\u00e7ekle\u015ftirilir. Genel olarak, \u00e7al\u0131\u015fmaya ba\u015flamak i\u00e7in sadece 2 saatlik e\u011fitim gereklidir.<\/p>\n<p>&nbsp;<\/p>\n<table border=\"1\">\n<tbody>\n<tr class=\"firstRow\">\n<td colspan=\"2\" valign=\"top\" width=\"622\">WS3300 Geri Beslemeli CNC I\u015f\u0131n Testere<\/td>\n<\/tr>\n<tr>\n<td valign=\"top\" width=\"311\">Bilgisayar<\/td>\n<td valign=\"top\" width=\"311\">\u00a0 \u00a0 \u00a0 \u00a0 \u00a0 \u00a0 \u00a0 \u00a0 \u00a0Dahil<\/td>\n<\/tr>\n<tr>\n<td valign=\"top\" width=\"311\">Kesme uzunlu\u011fu\/geni\u015fli\u011fi<\/td>\n<td valign=\"top\" width=\"311\">3300mm<\/td>\n<\/tr>\n<tr>\n<td valign=\"top\" width=\"311\">Kesim kal\u0131nl\u0131\u011f\u0131<\/td>\n<td valign=\"top\" width=\"311\">100 mm<\/td>\n<\/tr>\n<tr>\n<td valign=\"top\" width=\"311\">Ana kesme testeresi \u00e7ap\u0131<\/td>\n<td valign=\"top\" width=\"311\">\u0424400mm<\/td>\n<\/tr>\n<tr>\n<td valign=\"top\" width=\"311\">Ana testere mili \u00e7ap\u0131<\/td>\n<td valign=\"top\" width=\"311\">\u042480mm<\/td>\n<\/tr>\n<tr>\n<td valign=\"top\" width=\"311\">Ana testere mili h\u0131z\u0131<\/td>\n<td valign=\"top\" width=\"311\">4800rpm<\/td>\n<\/tr>\n<tr>\n<td valign=\"top\" width=\"311\">Yuva testere b\u0131\u00e7a\u011f\u0131 \u00e7ap\u0131<\/td>\n<td valign=\"top\" width=\"311\">\u0424180mm<\/td>\n<\/tr>\n<tr>\n<td valign=\"top\" width=\"311\">Yiv testere mili \u00e7ap\u0131<\/td>\n<td valign=\"top\" width=\"311\">\u042445mm<\/td>\n<\/tr>\n<tr>\n<td valign=\"top\" width=\"311\">Yiv testere mili h\u0131z\u0131<\/td>\n<td valign=\"top\" width=\"311\">6900rpm<\/td>\n<\/tr>\n<tr>\n<td valign=\"top\" width=\"311\">Testere taban\u0131 ileri h\u0131z\u0131<\/td>\n<td valign=\"top\" width=\"311\">100m\/dak<\/td>\n<\/tr>\n<tr>\n<td valign=\"top\" width=\"311\">Testere taban\u0131 geriye do\u011fru h\u0131z<\/td>\n<td valign=\"top\" width=\"311\">120m\/dak<\/td>\n<\/tr>\n<tr>\n<td valign=\"top\" width=\"311\">Ana kesme testeresi motoru<\/td>\n<td valign=\"top\" width=\"311\">16.5kw<\/td>\n<\/tr>\n<tr>\n<td valign=\"top\" width=\"311\">Yivli testere motoru<\/td>\n<td valign=\"top\" width=\"311\">2.2kw<\/td>\n<\/tr>\n<tr>\n<td valign=\"top\" width=\"311\">Testere taban\u0131 tahrik motoru<\/td>\n<td valign=\"top\" width=\"311\">1.8kw (servo)<\/td>\n<\/tr>\n<tr>\n<td valign=\"top\" width=\"311\">Otomatik besleme motoru<\/td>\n<td valign=\"top\" width=\"311\">1.8kw (servo)<\/td>\n<\/tr>\n<tr>\n<td valign=\"top\" width=\"311\">Besleme Tipi<\/td>\n<td valign=\"top\" width=\"311\">geri besleme<\/td>\n<\/tr>\n<tr>\n<td valign=\"top\" width=\"311\">Vakum pompas\u0131 motoru<\/td>\n<td valign=\"top\" width=\"311\">4kw<\/td>\n<\/tr>\n<tr>\n<td valign=\"top\" width=\"311\">Toplam g\u00fc\u00e7<\/td>\n<td valign=\"top\" width=\"311\">26.5kw<\/td>\n<\/tr>\n<tr>\n<td valign=\"top\" width=\"311\">Otomatik besleme h\u0131z\u0131<\/td>\n<td valign=\"top\" width=\"311\">100m\/dak<\/td>\n<\/tr>\n<tr>\n<td valign=\"top\" width=\"311\">Hava bas\u0131nc\u0131<\/td>\n<td valign=\"top\" width=\"311\">5-7kg\/cm\u00b2<\/td>\n<\/tr>\n<tr>\n<td valign=\"top\" width=\"311\">Y\u00fczer masa y\u00fcksekli\u011fi<\/td>\n<td valign=\"top\" width=\"311\">950mm<\/td>\n<\/tr>\n<tr>\n<td valign=\"top\" width=\"311\">Makine toplam boyutu \uff08L*W*H\uff09<\/td>\n<td valign=\"top\" width=\"311\">5900*5800*1850m<\/td>\n<\/tr>\n<\/tbody>\n<\/table>\n<p>Otomatik CNC I\u015f\u0131n Testere: Ah\u015fap Panel Kesim Hassasiyeti ve Verimlili\u011finde Devrim Yarat\u0131yor<\/p>\n<p>Mobilya \u00fcretimi, marangozluk ve mimari ah\u015fap i\u015f\u00e7ili\u011finin zorlu d\u00fcnyas\u0131nda, b\u00fcy\u00fck ah\u015fap panellerin (MDF, yonga levha, kontrplak ve masif ah\u015fap plakalar gibi) verimli ve hassas bir \u015fekilde i\u015flenmesi \u00e7ok \u00f6nemlidir. Panel i\u015fleme, kesme ve optimizasyonu d\u00f6n\u00fc\u015ft\u00fcren tart\u0131\u015fmas\u0131z bir g\u00fc\u00e7 merkezi olan Otomatik CNC I\u015f\u0131n Testere'ye girin. Bu sofistike end\u00fcstriyel ah\u015fap kesme makinesi, modern \u00fcretim hatlar\u0131n\u0131n bel kemi\u011fi haline geldi ve h\u0131z, do\u011fruluk ve malzeme kullan\u0131m\u0131 i\u00e7in yeni standartlar belirledi.<\/p>\n<p>&nbsp;<\/p>\n<p>Otomatik CNC I\u015f\u0131n Testere Nedir?<\/p>\n<p>Bir kiri\u015f testere makinesinin \u00f6z\u00fcnde, makinenin uzunlu\u011fu boyunca hareket eden sa\u011flam, yatay olarak monte edilmi\u015f bir kesme kiri\u015fi (genellikle \"k\u00f6pr\u00fc\" olarak adland\u0131r\u0131l\u0131r) bulunur. Bu kiri\u015fin \u00fczerine, bir panelin t\u00fcm kal\u0131nl\u0131\u011f\u0131 boyunca dikey kesimler yapabilen bir veya daha fazla y\u00fcksek g\u00fc\u00e7l\u00fc dairesel testere monte edilmi\u015ftir. Otomatik ve CNC y\u00f6nleri bu temel konsepti geli\u015ftirmektedir:<\/p>\n<ol>\n<li>\u00a0CNC Kontrol: Geli\u015fmi\u015f bilgisayar yaz\u0131l\u0131m\u0131 taraf\u0131ndan y\u00f6nlendirilen CNC \u0131\u015f\u0131n testeresi, kesim planlar\u0131n\u0131 yorumlar (genellikle yerle\u015ftirme yaz\u0131l\u0131m\u0131 taraf\u0131ndan olu\u015fturulur). Kiri\u015fin hareketini (X ekseni), testere ta\u015f\u0131y\u0131c\u0131s\u0131n\u0131n kiri\u015f boyunca konumland\u0131r\u0131lmas\u0131n\u0131 (Y ekseni), dikey kesme strokunu (Z ekseni) ve genellikle puanlama b\u0131\u00e7aklar\u0131n\u0131n d\u00f6n\u00fc\u015f\u00fcn\u00fc hassas bir \u015fekilde kontrol eder. Bu, milimetrenin kesirleri i\u00e7inde kesimler sa\u011flayan y\u00fcksek hassasiyetli \u0131\u015f\u0131n testeresi performans\u0131 sa\u011flar.<\/li>\n<li>\u00a0Otomasyon: Ger\u00e7ek otomatik \u0131\u015f\u0131nl\u0131 testere sistemleri malzeme i\u015flemeyi entegre eder. Bu tipik olarak \u015funlar\u0131 i\u00e7erir:<\/li>\n<\/ol>\n<p>* Otomatik Y\u00fckleme: Vakum asans\u00f6rleri, konvey\u00f6r bantlar\u0131 veya robotik kollar panelleri makinenin kesim tablas\u0131na besler.<\/p>\n<p>* Otomatik Konumland\u0131rma: Servo tahrikli konumland\u0131rma pimleri, iticiler veya kay\u0131\u015flar, paneli programa g\u00f6re do\u011fru bir \u015fekilde konumland\u0131r\u0131r.<\/p>\n<p>* Otomatik Kesim: CNC, tala\u015fs\u0131z kesimler i\u00e7in iste\u011fe ba\u011fl\u0131 puanlama dahil (\u00f6zellikle melamin ve kaplamal\u0131 panellerde kritiktir) t\u00fcm kesim s\u0131ras\u0131n\u0131 ger\u00e7ekle\u015ftirir.<\/p>\n<p>* Otomatik Bo\u015faltma: Kesilen par\u00e7alar, genellikle kay\u0131\u015flar, kollar veya mekik sistemleri kullan\u0131larak otomatik olarak ayr\u0131l\u0131r ve istiflenir, b\u00f6ylece kullan\u0131labilir par\u00e7alar iskeletten ayr\u0131l\u0131r.<\/p>\n<p>&nbsp;<\/p>\n<p>Modern Panel Kesme Makinesinin Temel Avantajlar\u0131:<\/p>\n<p>* E\u015fsiz Hassasiyet ve Kalite: Y\u00fcksek hassasiyetli \u0131\u015f\u0131n testere teknolojisi, m\u00fckemmel do\u011frama ve kusursuz montaj i\u00e7in gerekli olan tutarl\u0131, kare ve temiz kesimleri garanti eder. Entegre \u00e7entik b\u0131\u00e7aklar\u0131, lamine malzemelerin her iki y\u00fcz\u00fcndeki tala\u015flar\u0131 neredeyse tamamen ortadan kald\u0131r\u0131r.<\/p>\n<p>* Ola\u011fan\u00fcst\u00fc Verimlilik ve H\u0131z: Otomasyon, manuel i\u015fleme s\u00fcresini b\u00fcy\u00fck \u00f6l\u00e7\u00fcde azalt\u0131r. Otomatik \u0131\u015f\u0131n testeresi, minimum operat\u00f6r m\u00fcdahalesi ile birden fazla paneli art arda i\u015fleyebilir ve manuel testerelere veya yar\u0131 otomatik makinelere k\u0131yasla verimi \u00f6nemli \u00f6l\u00e7\u00fcde art\u0131r\u0131r.<\/p>\n<p>* Optimum Malzeme Kullan\u0131m\u0131: Entegre yerle\u015ftirme yaz\u0131l\u0131m\u0131, israf\u0131 en aza indirmek i\u00e7in her bir paneldeki par\u00e7alar\u0131 ak\u0131ll\u0131ca d\u00fczenleyerek verimi en \u00fcst d\u00fczeye \u00e7\u0131kar\u0131r. CNC \u0131\u015f\u0131n testeresinin hassasiyeti, her kesimin tam olmas\u0131n\u0131 sa\u011flayarak hatalardan kaynaklanan malzeme kayb\u0131n\u0131 daha da azalt\u0131r.<\/p>\n<p>* Azalt\u0131lm\u0131\u015f \u0130\u015f\u00e7ilik Maliyetleri ve Operat\u00f6r Yorgunlu\u011fu: Otomasyon a\u011f\u0131r i\u015fleri ve tekrarlayan g\u00f6revleri \u00fcstlenir. Operat\u00f6rler \u00f6ncelikle yaz\u0131l\u0131m\u0131 y\u00f6netir, s\u00fcreci izler ve kalite kontrollerini ger\u00e7ekle\u015ftirerek daha g\u00fcvenli ve fiziksel olarak daha az zorlay\u0131c\u0131 bir \u00e7al\u0131\u015fma ortam\u0131 sa\u011flar.<\/p>\n<p>* Geli\u015fmi\u015f G\u00fcvenlik: Kapal\u0131 kesim alanlar\u0131, otomatik kelep\u00e7eleme ve daha az manuel panel kullan\u0131m\u0131, b\u00fcy\u00fck, a\u011f\u0131r paneller ve g\u00fc\u00e7l\u00fc testere b\u0131\u00e7aklar\u0131yla ili\u015fkili kaza riskini \u00f6nemli \u00f6l\u00e7\u00fcde azalt\u0131r.<\/p>\n<p>* \u00dcretim Esnekli\u011fi: H\u0131zl\u0131 program de\u011fi\u015fiklikleriyle farkl\u0131 panel tipleri, kal\u0131nl\u0131klar\u0131 ve kesim i\u015fleri aras\u0131nda kolayca ge\u00e7i\u015f yaparak makineyi hem y\u00fcksek hacimli seri \u00fcretim hem de daha k\u00fc\u00e7\u00fck, \u00f6zelle\u015ftirilmi\u015f sipari\u015fler i\u00e7in ideal hale getirir.<\/p>\n<p>&nbsp;<\/p>\n<p>Ma\u011fazan\u0131n En \u0130yisi: G\u00fc\u00e7 ve Dayan\u0131kl\u0131l\u0131k<\/p>\n<p>En iyi \u0131\u015f\u0131n testeresi terimi sadece bir pazarlama aldatmacas\u0131 de\u011fildir. Bu makinelerin do\u011fal \u00f6zelliklerini yans\u0131t\u0131r:<\/p>\n<p>&nbsp;<\/p>\n<p>* Sa\u011flam Yap\u0131: S\u00fcrekli end\u00fcstriyel kullan\u0131ma ve yo\u011fun malzemelerin kesilmesinde kullan\u0131lan kuvvetlere dayanacak \u015fekilde a\u011f\u0131r hizmet tipi \u00e7elik \u00e7er\u00e7eveler ve bile\u015fenlerle \u00fcretilmi\u015ftir.<\/p>\n<p>* Y\u00fcksek G\u00fc\u00e7l\u00fc Kesim: G\u00fc\u00e7l\u00fc ana motorlar (genellikle 20HP+) ve en sert sert a\u011fa\u00e7lar\u0131 ve en kal\u0131n m\u00fchendislik panellerini kolayl\u0131kla kesebilen y\u00fcksek torklu puanlama motorlar\u0131 ile donat\u0131lm\u0131\u015ft\u0131r.<\/p>\n<p>* B\u00fcy\u00fck Kapasite: Tam boyutlu (2800*2800mm, 3300*3300mm, 3800*3800mm veya daha b\u00fcy\u00fck) panelleri zahmetsizce i\u015flemek i\u00e7in tasarlanm\u0131\u015ft\u0131r, bu da onlar\u0131 ger\u00e7ek end\u00fcstriyel ah\u015fap kesme makineleri yapar.<\/p>\n<p>* Kesintisiz Performans: Zorlu \u00fcretim ortamlar\u0131nda s\u00fcrekli \u00e7al\u0131\u015fma i\u00e7in tasarlanm\u0131\u015ft\u0131r, \u00e7al\u0131\u015fma s\u00fcresini ve \u00fcretkenli\u011fi en \u00fcst d\u00fczeye \u00e7\u0131kar\u0131r.<\/p>\n<p>&nbsp;<\/p>\n<p>Sonu\u00e7<\/p>\n<p>Otomatik CNC I\u015f\u0131n Testere, bir panel kesme makinesinden \u00e7ok daha fazlas\u0131d\u0131r; modern ah\u015fap panel i\u015fleme i\u00e7in kapsaml\u0131 bir \u00e7\u00f6z\u00fcmd\u00fcr. Y\u00fcksek hassasiyetli \u0131\u015f\u0131n testeresi kesim hassasiyetini geli\u015fmi\u015f otomasyon ve en iyi \u0131\u015f\u0131n testeresinin ham g\u00fcc\u00fcyle birle\u015ftiren bu end\u00fcstriyel ah\u015fap kesme makinesi, benzersiz verimlilik, malzeme tasarrufu, kalite ve g\u00fcvenlik seviyeleri sunar. Panel i\u015flemeye odaklanan t\u00fcm ciddi ah\u015fap i\u015fleme operasyonlar\u0131 i\u00e7in otomatik \u0131\u015f\u0131n testeresine yat\u0131r\u0131m yapmak sadece bir y\u00fckseltme de\u011fil, g\u00fcn\u00fcm\u00fcz pazar\u0131nda rekabet\u00e7i, verimli ve k\u00e2rl\u0131 kalmak i\u00e7in stratejik bir zorunluluktur. I\u015f\u0131n testere makinesinin ak\u0131ll\u0131 evrimini temsil eder ve verimli panel par\u00e7alanmas\u0131n\u0131n temel ta\u015f\u0131 olarak yerini sa\u011flamla\u015ft\u0131r\u0131r.<\/p>\n<div style=\"width: 1280px;\" class=\"wp-video\"><video class=\"wp-video-shortcode\" id=\"video-3745-1\" width=\"1280\" height=\"720\" preload=\"metadata\" controls=\"controls\"><source type=\"video\/mp4\" src=\"https:\/\/wisecnclaser.com\/wp-content\/uploads\/2025\/05\/1722322237481315.mp4?_=1\" \/><a href=\"https:\/\/wisecnclaser.com\/wp-content\/uploads\/2025\/05\/1722322237481315.mp4\">https:\/\/wisecnclaser.com\/wp-content\/uploads\/2025\/05\/1722322237481315.mp4<\/a><\/video><\/div>","protected":false},"excerpt":{"rendered":"<p>Ekipman, insan-bilgisayar diyalog aray\u00fcz\u00fc ve kolay kullan\u0131m\u0131 ile end\u00fcstriyel bir bilgisayar taraf\u0131ndan kontrol edilir. Optimizasyon yaz\u0131l\u0131m\u0131 y\u00fckl\u00fcyse, malzeme listesi malzeme kesimini optimize etmek i\u00e7in do\u011frudan i\u00e7e aktar\u0131labilir. Bir ar\u0131za meydana geldi\u011finde makineyi otomatik olarak durduran bir ar\u0131za alarm cihaz\u0131 ile donat\u0131lm\u0131\u015ft\u0131r ve ar\u0131zan\u0131n nedenini kontrol etmeyi kolayla\u015ft\u0131ran otomatik bir ar\u0131za tespit fonksiyonuna sahiptir.<\/p>","protected":false},"featured_media":3748,"template":"","meta":{"_seopress_robots_primary_cat":"none","_seopress_titles_title":"","_seopress_titles_desc":"","_seopress_robots_index":"","_uag_custom_page_level_css":"","site-sidebar-layout":"default","site-content-layout":"","ast-site-content-layout":"default","site-content-style":"default","site-sidebar-style":"default","ast-global-header-display":"","ast-banner-title-visibility":"","ast-main-header-display":"","ast-hfb-above-header-display":"","ast-hfb-below-header-display":"","ast-hfb-mobile-header-display":"","site-post-title":"","ast-breadcrumbs-content":"","ast-featured-img":"","footer-sml-layout":"","ast-disable-related-posts":"","theme-transparent-header-meta":"default","adv-header-id-meta":"","stick-header-meta":"default","header-above-stick-meta":"","header-main-stick-meta":"","header-below-stick-meta":"","astra-migrate-meta-layouts":"set","ast-page-background-enabled":"default","ast-page-background-meta":{"desktop":{"background-color":"","background-image":"","background-repeat":"repeat","background-position":"center center","background-size":"auto","background-attachment":"scroll","background-type":"","background-media":"","overlay-type":"","overlay-color":"","overlay-opacity":"","overlay-gradient":""},"tablet":{"background-color":"","background-image":"","background-repeat":"repeat","background-position":"center center","background-size":"auto","background-attachment":"scroll","background-type":"","background-media":"","overlay-type":"","overlay-color":"","overlay-opacity":"","overlay-gradient":""},"mobile":{"background-color":"","background-image":"","background-repeat":"repeat","background-position":"center center","background-size":"auto","background-attachment":"scroll","background-type":"","background-media":"","overlay-type":"","overlay-color":"","overlay-opacity":"","overlay-gradient":""}},"ast-content-background-meta":{"desktop":{"background-color":"var(--ast-global-color-5)","background-image":"","background-repeat":"repeat","background-position":"center center","background-size":"auto","background-attachment":"scroll","background-type":"","background-media":"","overlay-type":"","overlay-color":"","overlay-opacity":"","overlay-gradient":""},"tablet":{"background-color":"var(--ast-global-color-5)","background-image":"","background-repeat":"repeat","background-position":"center center","background-size":"auto","background-attachment":"scroll","background-type":"","background-media":"","overlay-type":"","overlay-color":"","overlay-opacity":"","overlay-gradient":""},"mobile":{"background-color":"var(--ast-global-color-5)","background-image":"","background-repeat":"repeat","background-position":"center center","background-size":"auto","background-attachment":"scroll","background-type":"","background-media":"","overlay-type":"","overlay-color":"","overlay-opacity":"","overlay-gradient":""}}},"product_brand":[],"product_cat":[39],"product_tag":[93,100,101,91,99,102,97],"class_list":{"0":"post-3745","1":"product","2":"type-product","3":"status-publish","4":"has-post-thumbnail","6":"product_cat-cuttingsaw","7":"product_tag-cnc-beam-saw","8":"product_tag-computer-beam-saw","9":"product_tag-electric-cutting-saw","10":"product_tag-wood-cutting-saw","11":"product_tag-wood-panel-cutting-machine","12":"product_tag-wood-saw","13":"product_tag-woodworking-beam-saw","14":"desktop-align-left","15":"tablet-align-left","16":"mobile-align-left","17":"ast-product-gallery-layout-horizontal-slider","18":"ast-product-gallery-with-no-image","19":"ast-product-tabs-layout-horizontal","21":"first","22":"instock","23":"shipping-taxable","24":"product-type-simple"},"uagb_featured_image_src":{"full":["https:\/\/wisecnclaser.com\/wp-content\/uploads\/2025\/05\/d7fd0b00f508266910b70f28170c15c1.jpg",1648,1080,false],"thumbnail":["https:\/\/wisecnclaser.com\/wp-content\/uploads\/2025\/05\/d7fd0b00f508266910b70f28170c15c1-150x150.jpg",150,150,true],"medium":["https:\/\/wisecnclaser.com\/wp-content\/uploads\/2025\/05\/d7fd0b00f508266910b70f28170c15c1-300x197.jpg",300,197,true],"medium_large":["https:\/\/wisecnclaser.com\/wp-content\/uploads\/2025\/05\/d7fd0b00f508266910b70f28170c15c1-768x503.jpg",768,503,true],"large":["https:\/\/wisecnclaser.com\/wp-content\/uploads\/2025\/05\/d7fd0b00f508266910b70f28170c15c1-1024x671.jpg",1024,671,true],"1536x1536":["https:\/\/wisecnclaser.com\/wp-content\/uploads\/2025\/05\/d7fd0b00f508266910b70f28170c15c1-1536x1007.jpg",1536,1007,true],"2048x2048":["https:\/\/wisecnclaser.com\/wp-content\/uploads\/2025\/05\/d7fd0b00f508266910b70f28170c15c1.jpg",1648,1080,false],"trp-custom-language-flag":["https:\/\/wisecnclaser.com\/wp-content\/uploads\/2025\/05\/d7fd0b00f508266910b70f28170c15c1-18x12.jpg",18,12,true],"woocommerce_thumbnail":["https:\/\/wisecnclaser.com\/wp-content\/uploads\/2025\/05\/d7fd0b00f508266910b70f28170c15c1-300x300.jpg",300,300,true],"woocommerce_single":["https:\/\/wisecnclaser.com\/wp-content\/uploads\/2025\/05\/d7fd0b00f508266910b70f28170c15c1-600x393.jpg",600,393,true],"woocommerce_gallery_thumbnail":["https:\/\/wisecnclaser.com\/wp-content\/uploads\/2025\/05\/d7fd0b00f508266910b70f28170c15c1-100x100.jpg",100,100,true]},"uagb_author_info":{"display_name":"jinxing6611@gmail.com","author_link":"https:\/\/wisecnclaser.com\/tr\/author\/"},"uagb_comment_info":0,"uagb_excerpt":"The equipment is controlled by an industrial computer, with a friendly human-computer dialogue interface and easy operation. If the optimization software is installed, the material list can be directly imported to optimize the material cutting. It is equipped with a fault alarm device, which automatically stops the machine when a fault occurs, and has an&hellip;","_links":{"self":[{"href":"https:\/\/wisecnclaser.com\/tr\/wp-json\/wp\/v2\/product\/3745","targetHints":{"allow":["GET"]}}],"collection":[{"href":"https:\/\/wisecnclaser.com\/tr\/wp-json\/wp\/v2\/product"}],"about":[{"href":"https:\/\/wisecnclaser.com\/tr\/wp-json\/wp\/v2\/types\/product"}],"wp:featuredmedia":[{"embeddable":true,"href":"https:\/\/wisecnclaser.com\/tr\/wp-json\/wp\/v2\/media\/3748"}],"wp:attachment":[{"href":"https:\/\/wisecnclaser.com\/tr\/wp-json\/wp\/v2\/media?parent=3745"}],"wp:term":[{"taxonomy":"product_brand","embeddable":true,"href":"https:\/\/wisecnclaser.com\/tr\/wp-json\/wp\/v2\/product_brand?post=3745"},{"taxonomy":"product_cat","embeddable":true,"href":"https:\/\/wisecnclaser.com\/tr\/wp-json\/wp\/v2\/product_cat?post=3745"},{"taxonomy":"product_tag","embeddable":true,"href":"https:\/\/wisecnclaser.com\/tr\/wp-json\/wp\/v2\/product_tag?post=3745"}],"curies":[{"name":"wp","href":"https:\/\/api.w.org\/{rel}","templated":true}]}}