{"id":3754,"date":"2025-05-23T02:44:16","date_gmt":"2025-05-23T02:44:16","guid":{"rendered":"https:\/\/wisecnclaser.com\/?post_type=product&#038;p=3754"},"modified":"2025-05-23T02:44:16","modified_gmt":"2025-05-23T02:44:16","slug":"ws1530-4-ax-atc-cnc-router-with-180-degree-rotating-spindle","status":"publish","type":"product","link":"https:\/\/wisecnclaser.com\/tr\/urun\/ws1530-4-ax-atc-cnc-router-with-180-degree-rotating-spindle\/","title":{"rendered":"WS1530-4 Ax ATC CNC Router, 180 derece d\u00f6nen i\u015f mili ile"},"content":{"rendered":"<table>\n<tbody>\n<tr class=\"firstRow\">\n<td colspan=\"2\" valign=\"center\" width=\"662\"><strong>WS1530-4 Ax ATC CNC Router'\u0131n (wisecnclaser) Tan\u0131m\u0131 ve \u00d6zellikleri:<\/strong><\/td>\n<\/tr>\n<tr>\n<td valign=\"top\" width=\"310\">X \u00c7al\u0131\u015fma Alan\u0131<\/td>\n<td valign=\"top\" width=\"353\">1500mm<\/td>\n<\/tr>\n<tr>\n<td valign=\"top\" width=\"310\">Y \u00c7al\u0131\u015fma Alan\u0131<\/td>\n<td valign=\"top\" width=\"353\">3000mm<\/td>\n<\/tr>\n<tr>\n<td valign=\"top\" width=\"310\">Z \u00c7al\u0131\u015fma Alan\u0131<\/td>\n<td valign=\"top\" width=\"353\">450 mm<\/td>\n<\/tr>\n<tr>\n<td valign=\"top\" width=\"310\">Makine masas\u0131<\/td>\n<td valign=\"top\" width=\"353\">Vakum + T yuvas\u0131<\/td>\n<\/tr>\n<tr>\n<td valign=\"top\" width=\"310\">Seyahat Konumland\u0131rma Do\u011frulu\u011fu<\/td>\n<td valign=\"top\" width=\"353\">\u00b10,05 mm<\/td>\n<\/tr>\n<tr>\n<td valign=\"top\" width=\"310\">Yeniden Konumland\u0131rma Konumland\u0131rma Do\u011frulu\u011fu<\/td>\n<td valign=\"top\" width=\"353\">\u00b10,05 mm<\/td>\n<\/tr>\n<tr>\n<td valign=\"top\" width=\"310\">X,Y,Z Yap\u0131s\u0131<\/td>\n<td valign=\"top\" width=\"353\">XY di\u015fli \u00e7ark, Z vidal\u0131 mil. T\u00fcm Eksenler Kare K\u0131lavuz kullan\u0131r<\/td>\n<\/tr>\n<tr>\n<td valign=\"top\" width=\"310\">Maks. G\u00fc\u00e7 T\u00fcketimi (\u0130\u015f mili olmadan)<\/td>\n<td valign=\"top\" width=\"353\">1.84KW<\/td>\n<\/tr>\n<tr>\n<td valign=\"top\" width=\"310\">Maks. H\u0131zl\u0131 Seyahat H\u0131z\u0131<\/td>\n<td valign=\"top\" width=\"353\">50000mm\/dak<\/td>\n<\/tr>\n<tr>\n<td valign=\"top\" width=\"310\">Maks. \u00c7al\u0131\u015fma H\u0131z\u0131<\/td>\n<td valign=\"top\" width=\"353\">30000mm\/dak<\/td>\n<\/tr>\n<tr>\n<td colspan=\"1\" rowspan=\"2\" valign=\"top\" width=\"310\">Mil<\/td>\n<td valign=\"top\" width=\"353\">9kw hava so\u011futmal\u0131 ATC i\u015f mili<\/td>\n<\/tr>\n<tr>\n<td valign=\"top\" width=\"353\">\u0130\u015f mili +\/- 90 derece dalgalanabilir\/ d\u00f6nebilir<\/td>\n<\/tr>\n<tr>\n<td valign=\"top\" width=\"310\">\u0130\u015f Mili H\u0131z\u0131<\/td>\n<td valign=\"top\" width=\"353\">0-18000rpm<\/td>\n<\/tr>\n<tr>\n<td valign=\"top\" width=\"310\">Tahrik Motoru<\/td>\n<td valign=\"top\" width=\"353\">Tayvan Delta Servo sistemi 850W<\/td>\n<\/tr>\n<tr>\n<td valign=\"top\" width=\"310\">Frekans \u0130nvert\u00f6r\u00fc<\/td>\n<td valign=\"top\" width=\"353\">Fuling marka 11KW inverter<\/td>\n<\/tr>\n<tr>\n<td valign=\"top\" width=\"310\">Komuta<\/td>\n<td valign=\"top\" width=\"353\">G-code*.u00*.mmg*.plt<\/td>\n<\/tr>\n<tr>\n<td valign=\"top\" width=\"310\">\u00c7al\u0131\u015fma gerilimi<\/td>\n<td valign=\"top\" width=\"353\">3PH AC380V\/50Hz\/220V 1PHASE 60HZ<\/td>\n<\/tr>\n<tr>\n<td valign=\"top\" width=\"310\">Kontrol Sistemi<\/td>\n<td valign=\"top\" width=\"353\">El \u00e7arkl\u0131 LNC kontrol \u00fcnitesi<\/td>\n<\/tr>\n<tr>\n<td valign=\"top\" width=\"310\">K\u0131lavuz ray<\/td>\n<td valign=\"top\" width=\"353\">Kare ray (TAYVAN MARKASI)<\/td>\n<\/tr>\n<tr>\n<td valign=\"top\" width=\"310\">Kontrol kabini<\/td>\n<td valign=\"top\" width=\"353\">Ba\u011f\u0131ms\u0131z Kabine<\/td>\n<\/tr>\n<tr>\n<td valign=\"top\" width=\"310\">N.W.\/G.W.<\/td>\n<td valign=\"top\" width=\"353\">1600\/1800KGS<\/td>\n<\/tr>\n<tr>\n<td valign=\"top\" width=\"310\">Ambalaj Boyutu<\/td>\n<td valign=\"top\" width=\"353\">3700 X 2100X 1800MM<\/td>\n<\/tr>\n<tr>\n<td valign=\"top\" width=\"310\">Yard\u0131mc\u0131 cihaz<\/td>\n<td valign=\"top\" width=\"353\">7.5KW vakum pompas\u0131<\/p>\n<p>3KW toz toplay\u0131c\u0131<\/p>\n<p>8 Do\u011frusal ATC ara\u00e7lar\u0131<\/p>\n<p>Otomatik Ya\u011flama sistemi<\/p>\n<p>vakum pedi*6 adet<\/td>\n<\/tr>\n<\/tbody>\n<\/table>","protected":false},"excerpt":{"rendered":"<p>Description &amp; Specifications of WS1530-4 Ax ATC CNC Router (wisecnclaser): X Working Area 1500mm Y Working Area 3000mm Z Working Area 450mm Machine table Vacuum + T slot Traveling Positioning Accuracy \u00b10.05mm Repositioning Positioning Accuracy \u00b10.05mm X,Y ,Z Structure XY gear wheel, Z ball screw. All Axis use Square Guide Max. Power Consumption(Without spindle) 1.84KW [&hellip;]<\/p>\n","protected":false},"featured_media":3757,"template":"","meta":{"_seopress_robots_primary_cat":"","_seopress_titles_title":"","_seopress_titles_desc":"","_seopress_robots_index":"","_uag_custom_page_level_css":"","site-sidebar-layout":"default","site-content-layout":"","ast-site-content-layout":"default","site-content-style":"default","site-sidebar-style":"default","ast-global-header-display":"","ast-banner-title-visibility":"","ast-main-header-display":"","ast-hfb-above-header-display":"","ast-hfb-below-header-display":"","ast-hfb-mobile-header-display":"","site-post-title":"","ast-breadcrumbs-content":"","ast-featured-img":"","footer-sml-layout":"","ast-disable-related-posts":"","theme-transparent-header-meta":"default","adv-header-id-meta":"","stick-header-meta":"default","header-above-stick-meta":"","header-main-stick-meta":"","header-below-stick-meta":"","astra-migrate-meta-layouts":"set","ast-page-background-enabled":"default","ast-page-background-meta":{"desktop":{"background-color":"","background-image":"","background-repeat":"repeat","background-position":"center center","background-size":"auto","background-attachment":"scroll","background-type":"","background-media":"","overlay-type":"","overlay-color":"","overlay-opacity":"","overlay-gradient":""},"tablet":{"background-color":"","background-image":"","background-repeat":"repeat","background-position":"center center","background-size":"auto","background-attachment":"scroll","background-type":"","background-media":"","overlay-type":"","overlay-color":"","overlay-opacity":"","overlay-gradient":""},"mobile":{"background-color":"","background-image":"","background-repeat":"repeat","background-position":"center center","background-size":"auto","background-attachment":"scroll","background-type":"","background-media":"","overlay-type":"","overlay-color":"","overlay-opacity":"","overlay-gradient":""}},"ast-content-background-meta":{"desktop":{"background-color":"var(--ast-global-color-5)","background-image":"","background-repeat":"repeat","background-position":"center center","background-size":"auto","background-attachment":"scroll","background-type":"","background-media":"","overlay-type":"","overlay-color":"","overlay-opacity":"","overlay-gradient":""},"tablet":{"background-color":"var(--ast-global-color-5)","background-image":"","background-repeat":"repeat","background-position":"center center","background-size":"auto","background-attachment":"scroll","background-type":"","background-media":"","overlay-type":"","overlay-color":"","overlay-opacity":"","overlay-gradient":""},"mobile":{"background-color":"var(--ast-global-color-5)","background-image":"","background-repeat":"repeat","background-position":"center center","background-size":"auto","background-attachment":"scroll","background-type":"","background-media":"","overlay-type":"","overlay-color":"","overlay-opacity":"","overlay-gradient":""}}},"product_brand":[],"product_cat":[34],"product_tag":[],"class_list":{"0":"post-3754","1":"product","2":"type-product","3":"status-publish","4":"has-post-thumbnail","6":"product_cat-nesting","7":"desktop-align-left","8":"tablet-align-left","9":"mobile-align-left","10":"ast-product-gallery-layout-horizontal-slider","11":"ast-product-gallery-with-no-image","12":"ast-product-tabs-layout-horizontal","14":"first","15":"instock","16":"shipping-taxable","17":"product-type-simple"},"uagb_featured_image_src":{"full":["https:\/\/wisecnclaser.com\/wp-content\/uploads\/2025\/05\/cc1e03430a7bc451cfe47d3cc51dab9f.png",1082,1076,false],"thumbnail":["https:\/\/wisecnclaser.com\/wp-content\/uploads\/2025\/05\/cc1e03430a7bc451cfe47d3cc51dab9f-150x150.png",150,150,true],"medium":["https:\/\/wisecnclaser.com\/wp-content\/uploads\/2025\/05\/cc1e03430a7bc451cfe47d3cc51dab9f-300x298.png",300,298,true],"medium_large":["https:\/\/wisecnclaser.com\/wp-content\/uploads\/2025\/05\/cc1e03430a7bc451cfe47d3cc51dab9f-768x764.png",768,764,true],"large":["https:\/\/wisecnclaser.com\/wp-content\/uploads\/2025\/05\/cc1e03430a7bc451cfe47d3cc51dab9f-1024x1018.png",1024,1018,true],"1536x1536":["https:\/\/wisecnclaser.com\/wp-content\/uploads\/2025\/05\/cc1e03430a7bc451cfe47d3cc51dab9f.png",1082,1076,false],"2048x2048":["https:\/\/wisecnclaser.com\/wp-content\/uploads\/2025\/05\/cc1e03430a7bc451cfe47d3cc51dab9f.png",1082,1076,false],"trp-custom-language-flag":["https:\/\/wisecnclaser.com\/wp-content\/uploads\/2025\/05\/cc1e03430a7bc451cfe47d3cc51dab9f-12x12.png",12,12,true],"woocommerce_thumbnail":["https:\/\/wisecnclaser.com\/wp-content\/uploads\/2025\/05\/cc1e03430a7bc451cfe47d3cc51dab9f-300x300.png",300,300,true],"woocommerce_single":["https:\/\/wisecnclaser.com\/wp-content\/uploads\/2025\/05\/cc1e03430a7bc451cfe47d3cc51dab9f-600x597.png",600,597,true],"woocommerce_gallery_thumbnail":["https:\/\/wisecnclaser.com\/wp-content\/uploads\/2025\/05\/cc1e03430a7bc451cfe47d3cc51dab9f-100x100.png",100,100,true]},"uagb_author_info":{"display_name":"jinxing6611@gmail.com","author_link":"https:\/\/wisecnclaser.com\/tr\/author\/"},"uagb_comment_info":0,"uagb_excerpt":"Description &amp; Specifications of WS1530-4 Ax ATC CNC Router (wisecnclaser): X Working Area 1500mm Y Working Area 3000mm Z Working Area 450mm Machine table Vacuum + T slot Traveling Positioning Accuracy \u00b10.05mm Repositioning Positioning Accuracy \u00b10.05mm X,Y ,Z Structure XY gear wheel, Z ball screw. All Axis use Square Guide Max. Power Consumption(Without spindle) 1.84KW&hellip;","_links":{"self":[{"href":"https:\/\/wisecnclaser.com\/tr\/wp-json\/wp\/v2\/product\/3754","targetHints":{"allow":["GET"]}}],"collection":[{"href":"https:\/\/wisecnclaser.com\/tr\/wp-json\/wp\/v2\/product"}],"about":[{"href":"https:\/\/wisecnclaser.com\/tr\/wp-json\/wp\/v2\/types\/product"}],"wp:featuredmedia":[{"embeddable":true,"href":"https:\/\/wisecnclaser.com\/tr\/wp-json\/wp\/v2\/media\/3757"}],"wp:attachment":[{"href":"https:\/\/wisecnclaser.com\/tr\/wp-json\/wp\/v2\/media?parent=3754"}],"wp:term":[{"taxonomy":"product_brand","embeddable":true,"href":"https:\/\/wisecnclaser.com\/tr\/wp-json\/wp\/v2\/product_brand?post=3754"},{"taxonomy":"product_cat","embeddable":true,"href":"https:\/\/wisecnclaser.com\/tr\/wp-json\/wp\/v2\/product_cat?post=3754"},{"taxonomy":"product_tag","embeddable":true,"href":"https:\/\/wisecnclaser.com\/tr\/wp-json\/wp\/v2\/product_tag?post=3754"}],"curies":[{"name":"wp","href":"https:\/\/api.w.org\/{rel}","templated":true}]}}