{"id":3759,"date":"2025-05-23T02:45:14","date_gmt":"2025-05-23T02:45:14","guid":{"rendered":"https:\/\/wisecnclaser.com\/?post_type=product&#038;p=3759"},"modified":"2025-06-23T07:03:32","modified_gmt":"2025-06-23T07:03:32","slug":"economic-linear-atc-cnc-router","status":"publish","type":"product","link":"https:\/\/wisecnclaser.com\/tr\/urun\/economic-linear-atc-cnc-router\/","title":{"rendered":"Ekonomik Lineer Otomatik Tak\u0131m De\u011fi\u015ftirici CNC Router"},"content":{"rendered":"<h2>CNC Rotalama \u0130\u015fleminizde Devrim Yarat\u0131n<\/h2>\n<p>Y\u00f6nlendirme s\u00fcre\u00e7lerinizi kolayla\u015ft\u0131rmak i\u00e7in tasarlanm\u0131\u015f son teknoloji bir \u00e7\u00f6z\u00fcm olan Ekonomik Lineer Otomatik Tak\u0131m De\u011fi\u015ftirici CNC Router ile tan\u0131\u015f\u0131n. Geli\u015fmi\u015f otomasyon \u00f6zellikleriyle bu tak\u0131m de\u011fi\u015ftirici, \u00e7e\u015fitli uygulamalarda verimlili\u011fi ve hassasiyeti art\u0131rarak hem hobiciler hem de profesyoneller i\u00e7in ideal bir se\u00e7imdir.<\/p>\n<h2>E\u015fsiz Verimlilik ve Hassasiyet<\/h2>\n<p>Ekonomik Lineer Otomatik Tak\u0131m De\u011fi\u015ftirici, h\u0131zl\u0131 tak\u0131m de\u011fi\u015ftirme \u00f6zelli\u011fiyle duru\u015f s\u00fcrelerini azalt\u0131r ve s\u00fcrekli manuel m\u00fcdahale olmadan birden fazla g\u00f6revi yerine getirmenize olanak tan\u0131r. Bu \u00f6zellik yaln\u0131zca zaman kazand\u0131rmakla kalmaz, ayn\u0131 zamanda hata riskini de en aza indirerek her kesimin hassas olmas\u0131n\u0131 sa\u011flar. Y\u00fcksek kaliteli malzemelerle tasarlanan CNC router'\u0131m\u0131z, her t\u00fcrl\u00fc projenin taleplerini kar\u015f\u0131lamaya haz\u0131r, dayan\u0131kl\u0131l\u0131k ve g\u00fcvenilirlik vaat ediyor.<\/p>\n<h2>Esnek Tasar\u0131m ve Kullan\u0131c\u0131 Dostu Aray\u00fcz<\/h2>\n<p>CNC router'\u0131m\u0131z \u00e7ok y\u00f6nl\u00fcl\u00fck d\u00fc\u015f\u00fcn\u00fclerek tasarlanm\u0131\u015ft\u0131r. \u00c7e\u015fitli tak\u0131m tipleriyle uyumluluk sunarak farkl\u0131 kesme ve y\u00f6nlendirme g\u00f6revleri aras\u0131nda sorunsuz ge\u00e7i\u015fler sa\u011flar. Kullan\u0131c\u0131 dostu aray\u00fcz\u00fc, CNC y\u00f6nlendirmede yeni olanlar i\u00e7in bile programlamay\u0131 ve \u00e7al\u0131\u015ft\u0131rmay\u0131 kolayla\u015ft\u0131r\u0131r. Ayr\u0131ca kompakt tasar\u0131m\u0131, her t\u00fcrl\u00fc \u00e7al\u0131\u015fma alan\u0131na rahat\u00e7a s\u0131\u011fmas\u0131n\u0131 sa\u011flayarak performanstan \u00f6d\u00fcn vermeden \u00fcretim alan\u0131n\u0131z\u0131 en \u00fcst d\u00fczeye \u00e7\u0131kar\u0131r.<\/p>\n<p>\u0130ster karma\u015f\u0131k tasar\u0131mlar, ister \u00f6zel projeler veya b\u00fcy\u00fck \u00f6l\u00e7ekli \u00fcretim \u00fczerinde \u00e7al\u0131\u015f\u0131yor olun, Ekonomik Lineer Otomatik Tak\u0131m De\u011fi\u015ftirici CNC Router sizin i\u00e7in do\u011fru \u00e7\u00f6z\u00fcmd\u00fcr. \u0130\u015fleme s\u00fcre\u00e7lerinizde yeni bir verimlilik ve yarat\u0131c\u0131l\u0131k seviyesini bug\u00fcn deneyimleyin!<\/p>\n<table>\n<tbody>\n<tr>\n<td colspan=\"2\" width=\"1343\"><strong><b>\u00d6zellikler: <\/b><\/strong><\/p>\n<p>1. t\u00fcm makine g\u00f6vdesi \u00e7elik diki\u015fsiz kaynak temperleme ya\u015flanma tedavisi, sert, hi\u00e7bir deformasyon yap\u0131l\u0131r.<\/p>\n<p>2. Servo motor, y\u00fcksek hassasiyet ve y\u00fcksek h\u0131z.<\/p>\n<p>3. Tayvan 25 kare ray k\u0131lavuzu, d\u00fczg\u00fcn \u00e7al\u0131\u015fma, daha kararl\u0131 y\u00fcksek hassasiyet, uzun \u00f6m\u00fcr.<\/p>\n<p>4. 9KW hava so\u011futmal\u0131 ATC i\u015f mili, uzun g\u00fc\u00e7 \u00f6mr\u00fc, 24000 r \/ dk'ya kadar h\u0131z, oyulmu\u015f p\u00fcr\u00fczs\u00fcz y\u00fczey.<\/p>\n<p>5. Ayr\u0131 bir dolap ile donat\u0131lm\u0131\u015f geni\u015f,<\/p>\n<p>6. 8 lineer ATC aleti, servo s\u00fcr\u00fc\u015f<\/p>\n<p>7. Ah\u015fap kesme, oyma, frezeleme, delik kesme i\u00e7in kullan\u0131l\u0131r, panel mobilya, giydirme dolap ve geli\u015fmi\u015f dolap kapa\u011f\u0131 yap\u0131m\u0131nda uygulan\u0131r<\/p>\n<p>&nbsp;<\/p>\n<p>A\u011fa\u00e7 \u0130\u015fleme ATC CNC Router Uygulamas\u0131:<\/p>\n<p>Marangozluk, ah\u015fap kap\u0131lar, mobilyalar, dolaplar, kal\u0131plar vb. i\u00e7in uygundur.<\/td>\n<\/tr>\n<tr>\n<td width=\"414\">X \u00c7ALI\u015eMA ALANI<\/td>\n<td width=\"929\">1300mm<\/td>\n<\/tr>\n<tr>\n<td width=\"414\">Y \u00c7ALI\u015eMA ALANI<\/td>\n<td width=\"929\">2500mm<\/td>\n<\/tr>\n<tr>\n<td width=\"414\">Z \u00c7ALI\u015eMA ALANI<\/td>\n<td width=\"929\">200mm<\/td>\n<\/tr>\n<tr>\n<td width=\"414\">MAK\u0130NE TABLOSU<\/td>\n<td width=\"929\">Vakum adsorpsiyon masas\u0131<\/td>\n<\/tr>\n<tr>\n<td width=\"414\">KOMUTA KODU<\/td>\n<td width=\"929\">G kodu<\/td>\n<\/tr>\n<tr>\n<td width=\"414\">XYZ EKSENI YAPISI<\/td>\n<td width=\"929\">X\/Y Tayvan Raf ray\u0131 \uff0c makinenin daha istikrarl\u0131 \u00e7al\u0131\u015fmas\u0131n\u0131 sa\u011flar; Z Vida ray\u0131<\/td>\n<\/tr>\n<tr>\n<td width=\"414\">TOZ TOPLAYICI G\u00dcC\u00dc<\/td>\n<td width=\"929\">3KW \u00e7ift torba<\/td>\n<\/tr>\n<tr>\n<td width=\"414\">G\u00dc\u00c7<\/td>\n<td width=\"929\">AC380V 3 FAZ \/ 50Hz<\/td>\n<\/tr>\n<tr>\n<td width=\"414\">SPINDLE<\/td>\n<td width=\"929\">9kw hava so\u011futmal\u0131 ATC i\u015f mili, \u00c7in MARKASI<\/td>\n<\/tr>\n<tr>\n<td width=\"414\">TOPLAM \u00c7ALI\u015eMA G\u00dcC\u00dc<\/td>\n<td width=\"929\">26KW<\/td>\n<\/tr>\n<tr>\n<td width=\"414\">I\u015e MILI D\u00d6N\u00dc\u015e HIZI<\/td>\n<td width=\"929\">18000 rpm \/ dak<\/td>\n<\/tr>\n<tr>\n<td width=\"414\">\u0130NVERTER<\/td>\n<td width=\"929\">11KW invert\u00f6r<\/td>\n<\/tr>\n<tr>\n<td width=\"414\">S\u00dcR\u00dcC\u00dc MOTOR<\/td>\n<td width=\"929\">\u00c7in hibrit servo motor<\/td>\n<\/tr>\n<tr>\n<td width=\"414\">I\u015eLETIM SISTEMI<\/td>\n<td width=\"929\">NK105 G3 kontrol\u00f6r<\/td>\n<\/tr>\n<tr>\n<td width=\"414\">VAKUM POMPASI G\u00dcC\u00dc<\/td>\n<td width=\"929\">7.5KW su tipi vakum pompas\u0131<\/td>\n<\/tr>\n<tr>\n<td width=\"414\">DO\u011eRUSAL RAY<\/td>\n<td width=\"929\">Tayvan marka kare ray, daha kararl\u0131<\/td>\n<\/tr>\n<tr>\n<td width=\"414\">RED\u00dcKT\u00d6R<\/td>\n<td width=\"929\">Japonya shimpoo markas\u0131<\/td>\n<\/tr>\n<tr>\n<td width=\"414\">K\u00dcRESEL V\u0130DA<\/td>\n<td width=\"929\">Tayvan markas\u0131<\/td>\n<\/tr>\n<tr>\n<td width=\"414\">A\u011eIRLIK<\/td>\n<td width=\"929\">2000KGS<\/td>\n<\/tr>\n<tr>\n<td width=\"414\">DI\u011eER YARDIMCI PAR\u00c7ALAR<\/td>\n<td width=\"929\">3+4 a\u00e7\u0131l\u0131r pim\/silindir konumu,<\/p>\n<p>Otomatik ya\u011flama sistemi<\/p>\n<p>Alet sens\u00f6r\u00fc<\/p>\n<p>Yaz\u0131l\u0131m<\/p>\n<p>Alet kutusu 1<\/p>\n<p>Tak\u0131m aynas\u0131 8 par\u00e7a<\/p>\n<p>8 par\u00e7a toplay\u0131n<\/p>\n<p>Anahtarlar 4<\/td>\n<\/tr>\n<\/tbody>\n<\/table>","protected":false},"excerpt":{"rendered":"<p>Revolutionize Your CNC Routing Introducing the Economic Linear Automatic Tool Changer CNC Router \u2013 a cutting-edge solution designed to streamline your routing processes. With its advanced automation capabilities, this tool changer enhances efficiency and precision in various applications, making it an ideal choice for both hobbyists and professionals alike. Unmatched Efficiency and Precision The Economic [&hellip;]<\/p>\n","protected":false},"featured_media":3762,"template":"","meta":{"_seopress_robots_primary_cat":"none","_seopress_titles_title":"","_seopress_titles_desc":"","_seopress_robots_index":"","_uag_custom_page_level_css":"","site-sidebar-layout":"default","site-content-layout":"","ast-site-content-layout":"default","site-content-style":"default","site-sidebar-style":"default","ast-global-header-display":"","ast-banner-title-visibility":"","ast-main-header-display":"","ast-hfb-above-header-display":"","ast-hfb-below-header-display":"","ast-hfb-mobile-header-display":"","site-post-title":"","ast-breadcrumbs-content":"","ast-featured-img":"","footer-sml-layout":"","ast-disable-related-posts":"","theme-transparent-header-meta":"default","adv-header-id-meta":"","stick-header-meta":"default","header-above-stick-meta":"","header-main-stick-meta":"","header-below-stick-meta":"","astra-migrate-meta-layouts":"set","ast-page-background-enabled":"default","ast-page-background-meta":{"desktop":{"background-color":"","background-image":"","background-repeat":"repeat","background-position":"center center","background-size":"auto","background-attachment":"scroll","background-type":"","background-media":"","overlay-type":"","overlay-color":"","overlay-opacity":"","overlay-gradient":""},"tablet":{"background-color":"","background-image":"","background-repeat":"repeat","background-position":"center center","background-size":"auto","background-attachment":"scroll","background-type":"","background-media":"","overlay-type":"","overlay-color":"","overlay-opacity":"","overlay-gradient":""},"mobile":{"background-color":"","background-image":"","background-repeat":"repeat","background-position":"center center","background-size":"auto","background-attachment":"scroll","background-type":"","background-media":"","overlay-type":"","overlay-color":"","overlay-opacity":"","overlay-gradient":""}},"ast-content-background-meta":{"desktop":{"background-color":"var(--ast-global-color-5)","background-image":"","background-repeat":"repeat","background-position":"center center","background-size":"auto","background-attachment":"scroll","background-type":"","background-media":"","overlay-type":"","overlay-color":"","overlay-opacity":"","overlay-gradient":""},"tablet":{"background-color":"var(--ast-global-color-5)","background-image":"","background-repeat":"repeat","background-position":"center center","background-size":"auto","background-attachment":"scroll","background-type":"","background-media":"","overlay-type":"","overlay-color":"","overlay-opacity":"","overlay-gradient":""},"mobile":{"background-color":"var(--ast-global-color-5)","background-image":"","background-repeat":"repeat","background-position":"center center","background-size":"auto","background-attachment":"scroll","background-type":"","background-media":"","overlay-type":"","overlay-color":"","overlay-opacity":"","overlay-gradient":""}}},"product_brand":[],"product_cat":[34],"product_tag":[],"class_list":{"0":"post-3759","1":"product","2":"type-product","3":"status-publish","4":"has-post-thumbnail","6":"product_cat-nesting","7":"desktop-align-left","8":"tablet-align-left","9":"mobile-align-left","10":"ast-product-gallery-layout-horizontal-slider","11":"ast-product-gallery-with-no-image","12":"ast-product-tabs-layout-horizontal","14":"first","15":"instock","16":"featured","17":"shipping-taxable","18":"product-type-simple"},"uagb_featured_image_src":{"full":["https:\/\/wisecnclaser.com\/wp-content\/uploads\/2025\/05\/8d23397dcfe1e2b053ea7e237579653c.png",1084,1080,false],"thumbnail":["https:\/\/wisecnclaser.com\/wp-content\/uploads\/2025\/05\/8d23397dcfe1e2b053ea7e237579653c-150x150.png",150,150,true],"medium":["https:\/\/wisecnclaser.com\/wp-content\/uploads\/2025\/05\/8d23397dcfe1e2b053ea7e237579653c-300x300.png",300,300,true],"medium_large":["https:\/\/wisecnclaser.com\/wp-content\/uploads\/2025\/05\/8d23397dcfe1e2b053ea7e237579653c-768x765.png",768,765,true],"large":["https:\/\/wisecnclaser.com\/wp-content\/uploads\/2025\/05\/8d23397dcfe1e2b053ea7e237579653c-1024x1020.png",1024,1020,true],"1536x1536":["https:\/\/wisecnclaser.com\/wp-content\/uploads\/2025\/05\/8d23397dcfe1e2b053ea7e237579653c.png",1084,1080,false],"2048x2048":["https:\/\/wisecnclaser.com\/wp-content\/uploads\/2025\/05\/8d23397dcfe1e2b053ea7e237579653c.png",1084,1080,false],"trp-custom-language-flag":["https:\/\/wisecnclaser.com\/wp-content\/uploads\/2025\/05\/8d23397dcfe1e2b053ea7e237579653c-12x12.png",12,12,true],"woocommerce_thumbnail":["https:\/\/wisecnclaser.com\/wp-content\/uploads\/2025\/05\/8d23397dcfe1e2b053ea7e237579653c-300x300.png",300,300,true],"woocommerce_single":["https:\/\/wisecnclaser.com\/wp-content\/uploads\/2025\/05\/8d23397dcfe1e2b053ea7e237579653c-600x598.png",600,598,true],"woocommerce_gallery_thumbnail":["https:\/\/wisecnclaser.com\/wp-content\/uploads\/2025\/05\/8d23397dcfe1e2b053ea7e237579653c-100x100.png",100,100,true]},"uagb_author_info":{"display_name":"jinxing6611@gmail.com","author_link":"https:\/\/wisecnclaser.com\/tr\/author\/"},"uagb_comment_info":0,"uagb_excerpt":"Revolutionize Your CNC Routing Introducing the Economic Linear Automatic Tool Changer CNC Router \u2013 a cutting-edge solution designed to streamline your routing processes. With its advanced automation capabilities, this tool changer enhances efficiency and precision in various applications, making it an ideal choice for both hobbyists and professionals alike. Unmatched Efficiency and Precision The Economic&hellip;","_links":{"self":[{"href":"https:\/\/wisecnclaser.com\/tr\/wp-json\/wp\/v2\/product\/3759","targetHints":{"allow":["GET"]}}],"collection":[{"href":"https:\/\/wisecnclaser.com\/tr\/wp-json\/wp\/v2\/product"}],"about":[{"href":"https:\/\/wisecnclaser.com\/tr\/wp-json\/wp\/v2\/types\/product"}],"wp:featuredmedia":[{"embeddable":true,"href":"https:\/\/wisecnclaser.com\/tr\/wp-json\/wp\/v2\/media\/3762"}],"wp:attachment":[{"href":"https:\/\/wisecnclaser.com\/tr\/wp-json\/wp\/v2\/media?parent=3759"}],"wp:term":[{"taxonomy":"product_brand","embeddable":true,"href":"https:\/\/wisecnclaser.com\/tr\/wp-json\/wp\/v2\/product_brand?post=3759"},{"taxonomy":"product_cat","embeddable":true,"href":"https:\/\/wisecnclaser.com\/tr\/wp-json\/wp\/v2\/product_cat?post=3759"},{"taxonomy":"product_tag","embeddable":true,"href":"https:\/\/wisecnclaser.com\/tr\/wp-json\/wp\/v2\/product_tag?post=3759"}],"curies":[{"name":"wp","href":"https:\/\/api.w.org\/{rel}","templated":true}]}}