{"id":3763,"date":"2025-05-23T02:46:17","date_gmt":"2025-05-23T02:46:17","guid":{"rendered":"https:\/\/wisecnclaser.com\/?post_type=product&#038;p=3763"},"modified":"2025-07-07T07:00:23","modified_gmt":"2025-07-07T07:00:23","slug":"linear-atc-woodworking-cnc-router","status":"publish","type":"product","link":"https:\/\/wisecnclaser.com\/tr\/urun\/linear-atc-woodworking-cnc-router\/","title":{"rendered":"Lineer ATC A\u011fa\u00e7 \u0130\u015fleme CNC Router"},"content":{"rendered":"<table>\n<tbody>\n<tr class=\"firstRow\">\n<td colspan=\"2\" valign=\"center\" width=\"672\"><strong>\u00d6zellikler:<\/strong><\/p>\n<p>1. t\u00fcm makine g\u00f6vdesi 8MM \u00e7elik diki\u015fsiz kaynak temperleme ya\u015flanma tedavisi, sert, hi\u00e7bir deformasyon yap\u0131l\u0131r.<\/p>\n<p>2. Servo motor, y\u00fcksek hassasiyet ve y\u00fcksek h\u0131z.<\/p>\n<p>3. Tayvan kare ray k\u0131lavuzu, d\u00fczg\u00fcn \u00e7al\u0131\u015fma, daha kararl\u0131 y\u00fcksek hassasiyet, uzun \u00f6m\u00fcr.<\/p>\n<p>4. 9KW hava so\u011futmal\u0131 ATC i\u015f mili, uzun g\u00fc\u00e7 \u00f6mr\u00fc, 18000 r \/ dk'ya kadar h\u0131z, oyulmu\u015f p\u00fcr\u00fczs\u00fcz y\u00fczey.<\/p>\n<p>5. Ayr\u0131 bir kabin ile donat\u0131lm\u0131\u015f b\u00fcy\u00fck, dokunmatik ekran kullan\u0131m\u0131, basit ve kullan\u0131\u015fl\u0131, \u00f6\u011frenmesi kolay.<\/p>\n<p>6. Vakum tablas\u0131 ile, vakum tablas\u0131 \u00fczerinde \u00e7apraz kesim yap\u0131n, daha iyi emme etkisi. Vakum sistemi, masay\u0131 temiz tutmak ve ekipman\u0131n dolayl\u0131 bak\u0131m\u0131n\u0131 sa\u011flamak i\u00e7in tala\u015f ve d\u00f6k\u00fcnt\u00fclerin i\u015flenmesi s\u00fcrecinde emilebilir.<\/p>\n<p>7.8 do\u011frusal ATC ara\u00e7lar\u0131<\/p>\n<p>8. Ah\u015fap kesme, oyma, frezeleme, delik kesme i\u00e7in kullan\u0131l\u0131r, panel mobilya, giysi dolab\u0131 ve geli\u015fmi\u015f dolap kap\u0131s\u0131 yap\u0131m\u0131nda uygulan\u0131r<\/p>\n<p>&nbsp;<\/p>\n<p>Uygulama:<\/p>\n<p>Marangozluk, ah\u015fap kap\u0131lar, mobilyalar, dolaplar, kal\u0131plar vb. i\u00e7in uygundur.<\/td>\n<\/tr>\n<tr>\n<td valign=\"top\" width=\"207\">X \u00c7ALI\u015eMA ALANI<\/td>\n<td valign=\"top\" width=\"465\">1300mm 1500MM<\/td>\n<\/tr>\n<tr>\n<td valign=\"top\" width=\"207\">Y \u00c7ALI\u015eMA ALANI<\/td>\n<td valign=\"top\" width=\"465\">2500mm 3000MM<\/td>\n<\/tr>\n<tr>\n<td valign=\"top\" width=\"207\">Z \u00c7ALI\u015eMA ALANI<\/td>\n<td valign=\"top\" width=\"465\">200mm<\/td>\n<\/tr>\n<tr>\n<td valign=\"top\" width=\"207\">MAK\u0130NE TABLOSU<\/td>\n<td valign=\"top\" width=\"465\">Vakumlu adsorpsiyon masas\u0131 - \u00fczerinde \u00e7apraz bulunan \u00e7ift katmanl\u0131 vakum masas\u0131, normal vakum masas\u0131ndan daha iyi emme etkisi<\/td>\n<\/tr>\n<tr>\n<td valign=\"top\" width=\"207\">KOMUTA KODU<\/td>\n<td valign=\"top\" width=\"465\">G kodu<\/td>\n<\/tr>\n<tr>\n<td valign=\"top\" width=\"207\">XYZ EKSENI YAPISI<\/td>\n<td valign=\"top\" width=\"465\">X\/Y Tayvan Raf ray\u0131 \uff0c makinenin daha istikrarl\u0131 \u00e7al\u0131\u015fmas\u0131n\u0131 sa\u011flar; Z Vida ray\u0131<\/td>\n<\/tr>\n<tr>\n<td valign=\"top\" width=\"207\">TOZ TOPLAYICI G\u00dcC\u00dc<\/td>\n<td valign=\"top\" width=\"465\">3 \u00e7ift torba<\/td>\n<\/tr>\n<tr>\n<td valign=\"top\" width=\"207\">G\u00dc\u00c7<\/td>\n<td valign=\"top\" width=\"465\">AC220V 1FAZ \/ 50Hz<\/td>\n<\/tr>\n<tr>\n<td valign=\"top\" width=\"207\">SPINDLE<\/td>\n<td valign=\"top\" width=\"465\">9kw hava so\u011futmal\u0131 ATC i\u015f mili<\/td>\n<\/tr>\n<tr>\n<td valign=\"top\" width=\"207\">TOPLAM \u00c7ALI\u015eMA G\u00dcC\u00dc<\/td>\n<td valign=\"top\" width=\"465\">26KW<\/td>\n<\/tr>\n<tr>\n<td valign=\"top\" width=\"207\">I\u015e MILI D\u00d6N\u00dc\u015e HIZI<\/td>\n<td valign=\"top\" width=\"465\">18000 rpm \/ dak<\/td>\n<\/tr>\n<tr>\n<td valign=\"top\" width=\"207\">\u0130NVERTER<\/td>\n<td valign=\"top\" width=\"465\">11KW invert\u00f6r<\/td>\n<\/tr>\n<tr>\n<td valign=\"top\" width=\"207\">S\u00dcR\u00dcC\u00dc MOTOR<\/td>\n<td valign=\"top\" width=\"465\">\u00c7in servo motoru<\/td>\n<\/tr>\n<tr>\n<td valign=\"top\" width=\"207\">I\u015eLETIM SISTEMI<\/td>\n<td valign=\"top\" width=\"465\">Tayvan LNC dokunmatik ekran kontrol sistemi<\/td>\n<\/tr>\n<tr>\n<td valign=\"top\" width=\"207\">VAKUM POMPASI G\u00dcC\u00dc<\/td>\n<td valign=\"top\" width=\"465\">2.2KW hava tipi vakum pompas\u0131 *2 adet 220v tek faz 60hz<\/td>\n<\/tr>\n<tr>\n<td valign=\"center\" width=\"207\">DO\u011eRUSAL RAY<\/td>\n<td valign=\"top\" width=\"465\">Tayvan kare ray\u0131, daha dengeli<\/td>\n<\/tr>\n<tr>\n<td valign=\"center\" width=\"207\">RED\u00dcKT\u00d6R<\/td>\n<td valign=\"top\" width=\"465\">Japonya shimpoo markas\u0131<\/td>\n<\/tr>\n<tr>\n<td valign=\"center\" width=\"207\">K\u00dcRESEL V\u0130DA<\/td>\n<td valign=\"top\" width=\"465\">Tayvan TBI<\/td>\n<\/tr>\n<tr>\n<td valign=\"center\" width=\"207\">A\u011eIRLIK<\/td>\n<td valign=\"top\" width=\"465\">2900KGS<\/td>\n<\/tr>\n<tr>\n<td valign=\"center\" width=\"207\">DI\u011eER YARDIMCI PAR\u00c7ALAR<\/td>\n<td valign=\"top\" width=\"465\">a\u00e7\u0131l\u0131r pimler\/silindir konumu,<\/p>\n<p>Otomatik ya\u011flama sistemi<\/p>\n<p>Alet sens\u00f6r\u00fc<\/p>\n<p>Yaz\u0131l\u0131m<\/p>\n<p>Alet kutusu 1<\/p>\n<p>Tak\u0131m aynas\u0131 8 par\u00e7a<\/p>\n<p>8 par\u00e7a toplay\u0131n<\/p>\n<p>Anahtarlar 4<\/td>\n<\/tr>\n<\/tbody>\n<\/table>","protected":false},"excerpt":{"rendered":"<p>Features: 1.The whole machine body is made from 8MM steel seamless welding tempering aging treatment, rigid, no deformation. 2.Servo motor, high precision and high speed. 3. Taiwan square rail guide, smooth operation,\u00a0more\u00a0stable high precision, long life. 4.\u00a09KW air cooling\u00a0ATC spindle, long power life, speed up to\u00a018000 r \/ min, carved smooth surface. 5. Large equipped [&hellip;]<\/p>\n","protected":false},"featured_media":3766,"template":"","meta":{"_seopress_robots_primary_cat":"none","_seopress_titles_title":"","_seopress_titles_desc":"","_seopress_robots_index":"","_uag_custom_page_level_css":"","site-sidebar-layout":"default","site-content-layout":"","ast-site-content-layout":"default","site-content-style":"default","site-sidebar-style":"default","ast-global-header-display":"","ast-banner-title-visibility":"","ast-main-header-display":"","ast-hfb-above-header-display":"","ast-hfb-below-header-display":"","ast-hfb-mobile-header-display":"","site-post-title":"","ast-breadcrumbs-content":"","ast-featured-img":"","footer-sml-layout":"","ast-disable-related-posts":"","theme-transparent-header-meta":"default","adv-header-id-meta":"","stick-header-meta":"default","header-above-stick-meta":"","header-main-stick-meta":"","header-below-stick-meta":"","astra-migrate-meta-layouts":"set","ast-page-background-enabled":"default","ast-page-background-meta":{"desktop":{"background-color":"","background-image":"","background-repeat":"repeat","background-position":"center center","background-size":"auto","background-attachment":"scroll","background-type":"","background-media":"","overlay-type":"","overlay-color":"","overlay-opacity":"","overlay-gradient":""},"tablet":{"background-color":"","background-image":"","background-repeat":"repeat","background-position":"center center","background-size":"auto","background-attachment":"scroll","background-type":"","background-media":"","overlay-type":"","overlay-color":"","overlay-opacity":"","overlay-gradient":""},"mobile":{"background-color":"","background-image":"","background-repeat":"repeat","background-position":"center center","background-size":"auto","background-attachment":"scroll","background-type":"","background-media":"","overlay-type":"","overlay-color":"","overlay-opacity":"","overlay-gradient":""}},"ast-content-background-meta":{"desktop":{"background-color":"var(--ast-global-color-5)","background-image":"","background-repeat":"repeat","background-position":"center center","background-size":"auto","background-attachment":"scroll","background-type":"","background-media":"","overlay-type":"","overlay-color":"","overlay-opacity":"","overlay-gradient":""},"tablet":{"background-color":"var(--ast-global-color-5)","background-image":"","background-repeat":"repeat","background-position":"center center","background-size":"auto","background-attachment":"scroll","background-type":"","background-media":"","overlay-type":"","overlay-color":"","overlay-opacity":"","overlay-gradient":""},"mobile":{"background-color":"var(--ast-global-color-5)","background-image":"","background-repeat":"repeat","background-position":"center center","background-size":"auto","background-attachment":"scroll","background-type":"","background-media":"","overlay-type":"","overlay-color":"","overlay-opacity":"","overlay-gradient":""}}},"product_brand":[],"product_cat":[34],"product_tag":[84,72,85,73,83],"class_list":{"0":"post-3763","1":"product","2":"type-product","3":"status-publish","4":"has-post-thumbnail","6":"product_cat-nesting","7":"product_tag-3-axis-atc-cnc-router","8":"product_tag-48-atc-cnc-router","9":"product_tag-high-quality-atc-wood-router","10":"product_tag-linear-atc-cnc-router","11":"product_tag-woodworking-atc-cnc-router","12":"desktop-align-left","13":"tablet-align-left","14":"mobile-align-left","15":"ast-product-gallery-layout-horizontal-slider","16":"ast-product-gallery-with-no-image","17":"ast-product-tabs-layout-horizontal","19":"first","20":"instock","21":"shipping-taxable","22":"product-type-simple"},"uagb_featured_image_src":{"full":["https:\/\/wisecnclaser.com\/wp-content\/uploads\/2025\/05\/05253cedd86ab52701d4ff6a6fa46c26.png",1078,1076,false],"thumbnail":["https:\/\/wisecnclaser.com\/wp-content\/uploads\/2025\/05\/05253cedd86ab52701d4ff6a6fa46c26-150x150.png",150,150,true],"medium":["https:\/\/wisecnclaser.com\/wp-content\/uploads\/2025\/05\/05253cedd86ab52701d4ff6a6fa46c26-300x300.png",300,300,true],"medium_large":["https:\/\/wisecnclaser.com\/wp-content\/uploads\/2025\/05\/05253cedd86ab52701d4ff6a6fa46c26-768x767.png",768,767,true],"large":["https:\/\/wisecnclaser.com\/wp-content\/uploads\/2025\/05\/05253cedd86ab52701d4ff6a6fa46c26-1024x1022.png",1024,1022,true],"1536x1536":["https:\/\/wisecnclaser.com\/wp-content\/uploads\/2025\/05\/05253cedd86ab52701d4ff6a6fa46c26.png",1078,1076,false],"2048x2048":["https:\/\/wisecnclaser.com\/wp-content\/uploads\/2025\/05\/05253cedd86ab52701d4ff6a6fa46c26.png",1078,1076,false],"trp-custom-language-flag":["https:\/\/wisecnclaser.com\/wp-content\/uploads\/2025\/05\/05253cedd86ab52701d4ff6a6fa46c26-12x12.png",12,12,true],"woocommerce_thumbnail":["https:\/\/wisecnclaser.com\/wp-content\/uploads\/2025\/05\/05253cedd86ab52701d4ff6a6fa46c26-300x300.png",300,300,true],"woocommerce_single":["https:\/\/wisecnclaser.com\/wp-content\/uploads\/2025\/05\/05253cedd86ab52701d4ff6a6fa46c26-600x599.png",600,599,true],"woocommerce_gallery_thumbnail":["https:\/\/wisecnclaser.com\/wp-content\/uploads\/2025\/05\/05253cedd86ab52701d4ff6a6fa46c26-100x100.png",100,100,true]},"uagb_author_info":{"display_name":"jinxing6611@gmail.com","author_link":"https:\/\/wisecnclaser.com\/tr\/author\/"},"uagb_comment_info":0,"uagb_excerpt":"Features: 1.The whole machine body is made from 8MM steel seamless welding tempering aging treatment, rigid, no deformation. 2.Servo motor, high precision and high speed. 3. Taiwan square rail guide, smooth operation,\u00a0more\u00a0stable high precision, long life. 4.\u00a09KW air cooling\u00a0ATC spindle, long power life, speed up to\u00a018000 r \/ min, carved smooth surface. 5. Large equipped&hellip;","_links":{"self":[{"href":"https:\/\/wisecnclaser.com\/tr\/wp-json\/wp\/v2\/product\/3763","targetHints":{"allow":["GET"]}}],"collection":[{"href":"https:\/\/wisecnclaser.com\/tr\/wp-json\/wp\/v2\/product"}],"about":[{"href":"https:\/\/wisecnclaser.com\/tr\/wp-json\/wp\/v2\/types\/product"}],"wp:featuredmedia":[{"embeddable":true,"href":"https:\/\/wisecnclaser.com\/tr\/wp-json\/wp\/v2\/media\/3766"}],"wp:attachment":[{"href":"https:\/\/wisecnclaser.com\/tr\/wp-json\/wp\/v2\/media?parent=3763"}],"wp:term":[{"taxonomy":"product_brand","embeddable":true,"href":"https:\/\/wisecnclaser.com\/tr\/wp-json\/wp\/v2\/product_brand?post=3763"},{"taxonomy":"product_cat","embeddable":true,"href":"https:\/\/wisecnclaser.com\/tr\/wp-json\/wp\/v2\/product_cat?post=3763"},{"taxonomy":"product_tag","embeddable":true,"href":"https:\/\/wisecnclaser.com\/tr\/wp-json\/wp\/v2\/product_tag?post=3763"}],"curies":[{"name":"wp","href":"https:\/\/api.w.org\/{rel}","templated":true}]}}