{"id":4158,"date":"2025-09-05T01:00:22","date_gmt":"2025-09-05T01:00:22","guid":{"rendered":"https:\/\/wisecnclaser.com\/?post_type=product&#038;p=4158"},"modified":"2025-09-05T01:00:23","modified_gmt":"2025-09-05T01:00:23","slug":"plasma-cutting-machine","status":"publish","type":"product","link":"https:\/\/wisecnclaser.com\/tr\/urun\/plasma-cutting-machine\/","title":{"rendered":"Kal\u0131n Metal \u00c7elik Kesimi i\u00e7in Portal Tipi Plazma Kesme Makinesi"},"content":{"rendered":"<h2>Y\u00fcksek Performansl\u0131 Metal Kesme \u00c7\u00f6z\u00fcm\u00fc<\/h2>\n<p>Kal\u0131n metal kesme ve \u00e7elik imalat ihtiya\u00e7lar\u0131 i\u00e7in tasarlanm\u0131\u015f Gantry Tipi Plazma Kesme Makinemiz ile benzersiz hassasiyet ve verimlili\u011fi deneyimleyin. \u0130ster end\u00fcstriyel projelerle ister \u00f6zel i\u015flerle u\u011fra\u015f\u0131yor olun, bu makine \u00fcst\u00fcn sonu\u00e7lar sunmak i\u00e7in donat\u0131lm\u0131\u015ft\u0131r.<\/p>\n<p>200A plazma kesme kafas\u0131na sahip olan bu \u00fcr\u00fcn, 20 mm kal\u0131nl\u0131\u011fa kadar metallerin hassas bir \u015fekilde kesilmesini sa\u011flar. Daha a\u011f\u0131r hizmet gereksinimleri i\u00e7in, entegre alevli kesme kafas\u0131 300 mm'ye kadar metalleri zahmetsizce keser, bu da onu imalat ve metal i\u015fleme end\u00fcstrilerindeki \u00e7e\u015fitli uygulamalar i\u00e7in \u00f6nemli bir ara\u00e7 haline getirir.<\/p>\n<h2>Maksimum Verimlilik i\u00e7in Geli\u015fmi\u015f \u00d6zellikler<\/h2>\n<p>Bu Gantry Tipi Plazma Kesme Makinesi, sa\u011flam yap\u0131s\u0131 ve geli\u015fmi\u015f i\u015flevselli\u011fi ile \u00f6ne \u00e7\u0131kmaktad\u0131r. Portal tasar\u0131m\u0131, stabilite ve hassasiyet sa\u011flayarak en kal\u0131n metal levhalarda bile hassas kesimlere olanak tan\u0131r. G\u00fc\u00e7l\u00fc plazma kafas\u0131 ve ayarlanabilir alevli kesme aletleri olmak \u00fczere ikili kesme se\u00e7enekleriyle birlikte, s\u00fcreci malzemelerinize ve proje \u00f6zelliklerinize uyacak \u015fekilde \u00f6zelle\u015ftirebilirsiniz.<\/p>\n<p>Kullan\u0131m\u0131 kolay aray\u00fcz\u00fc, i\u015flemleri kolayla\u015ft\u0131rarak kurulum s\u00fcresini azalt\u0131r ve \u00fcretkenli\u011fi art\u0131r\u0131r. Makine, hem deneyimli profesyoneller hem de yeni ba\u015flayanlar i\u00e7in optimum performans sa\u011flayan kullan\u0131c\u0131 dostu kontrolleri korurken titiz \u00fcretim standartlar\u0131n\u0131 kar\u015f\u0131layacak \u015fekilde \u00fcretilmi\u015ftir.<\/p>\n<h2>End\u00fcstriyel ve A\u011f\u0131r Hizmet Uygulamalar\u0131 i\u00e7in \u0130deal<\/h2>\n<p>\u0130ster \u00e7elik imalat at\u00f6lyelerinde ister b\u00fcy\u00fck \u00f6l\u00e7ekli end\u00fcstriyel tesislerde olsun, bu kesme makinesi \u00e7ok y\u00f6nl\u00fcl\u00fck ve g\u00fcvenilirlik sunar. Bile\u015fenler olu\u015fturmak, yap\u0131lar\u0131 i\u015flemek ve hassasiyet ve dayan\u0131kl\u0131l\u0131k gerektiren zorlu projelerin \u00fcstesinden gelmek i\u00e7in m\u00fckemmel bir se\u00e7imdir.<\/p>\n<p>En zorlu malzemeleri kolayl\u0131kla i\u015flemek i\u00e7in \u00fcretilmi\u015f bir \u00e7\u00f6z\u00fcme yat\u0131r\u0131m yap\u0131n. Bu makine, 20 mm'den 300 mm'ye kadar kesme kapasitesiyle, s\u00fcrekli olarak do\u011fru sonu\u00e7lar verirken zamandan ve kaynaklardan tasarruf etmek i\u00e7in tasarlanm\u0131\u015ft\u0131r.<\/p>\n<p>Kal\u0131n metal kesme ve \u00e7elik imalat\u0131nda m\u00fckemmellik i\u00e7in en iyi se\u00e7im olan Gantry Tipi Plazma Kesme Makinesi ile metal kesme i\u015flemlerinizi bug\u00fcn y\u00fckseltin.<\/p>\n<p>B\u00fcy\u00fck boy portal tipi plazma kesim makinesinin Teknik Parametreleri:<\/p>\n<table>\n<tbody>\n<tr>\n<td colspan=\"2\" width=\"1324\"><strong>Tan\u0131m ve \u00d6zellikler:<\/strong><\/td>\n<\/tr>\n<tr>\n<td width=\"662\">Model<\/td>\n<td width=\"662\">WS2060<\/td>\n<\/tr>\n<tr>\n<td width=\"662\">\u00c7al\u0131\u015fma boyutu<\/td>\n<td width=\"662\">2000*6000mm<\/td>\n<\/tr>\n<tr>\n<td width=\"662\">Makine g\u00f6vdesi<\/td>\n<td width=\"662\">A\u011f\u0131r hizmet tipi yap\u0131 Su depolu kare boru<\/td>\n<\/tr>\n<tr>\n<td width=\"662\">G\u00fc\u00e7 kayna\u011f\u0131<\/td>\n<td width=\"662\">G\u00fc\u00e7 200A (20 mm'nin alt\u0131nda metal kesimi), Alev 300 mm'nin alt\u0131nda metal kesimi<\/td>\n<\/tr>\n<tr>\n<td width=\"662\">Kesim kal\u0131nl\u0131\u011f\u0131<\/td>\n<td width=\"662\">Maksimum 300 mm<\/td>\n<\/tr>\n<tr>\n<td width=\"662\">Kesim hassasiyeti<\/td>\n<td width=\"662\">\u00b10. 5mm<\/td>\n<\/tr>\n<tr>\n<td width=\"662\">Yeniden konumland\u0131rma do\u011frulu\u011fu<\/td>\n<td width=\"662\">\u00b10,05 mm<\/td>\n<\/tr>\n<tr>\n<td width=\"662\">Seyahat h\u0131z\u0131<\/td>\n<td width=\"662\">15m\/dak<\/td>\n<\/tr>\n<tr>\n<td width=\"662\">kesme h\u0131z\u0131<\/td>\n<td width=\"662\">8m\/dak<\/td>\n<\/tr>\n<tr>\n<td width=\"662\">Tor\u00e7 y\u00fckseklik kontrol\u00f6r\u00fc<\/td>\n<td width=\"662\">Start marka kontrol\u00fc-Arc voltaj kontrol\u00fc<\/td>\n<\/tr>\n<tr>\n<td width=\"662\">Br\u00fct g\u00fc\u00e7<\/td>\n<td width=\"662\">8.5-10.5KW<\/td>\n<\/tr>\n<tr>\n<td width=\"662\">Kontrol sistemi<\/td>\n<td width=\"662\">Plazma i\u00e7in \u00f6zel start kontrol sistemi<\/td>\n<\/tr>\n<tr>\n<td width=\"662\">Motor<\/td>\n<td width=\"662\">Step<\/td>\n<\/tr>\n<tr>\n<td width=\"662\"><a href=\"app:ds:consumable\">Sarf Malzemesi<\/a>\u00a0<a href=\"app:ds:items\">\u00f6\u011feler<\/a><\/td>\n<td width=\"662\">\u00c7in'in en iyi markas\u0131 (polar ve jet) 20 set<\/td>\n<\/tr>\n<tr>\n<td width=\"662\">\u0130letim modu<\/td>\n<td width=\"662\">Tayvan TBI kare k\u0131lavuz ray\u0131 ve XY ekseni i\u00e7in di\u015fli \u00e7ark<\/td>\n<\/tr>\n<tr>\n<td width=\"662\">Dosya giri\u015f modu<\/td>\n<td width=\"662\">USB<\/td>\n<\/tr>\n<tr>\n<td width=\"662\">Yaz\u0131l\u0131m<\/td>\n<td width=\"662\">Ucancam V9<\/td>\n<\/tr>\n<\/tbody>\n<\/table>\n<p>Makine Foto\u011fraflar\u0131:<\/p>\n<p><img alt=\"\" fetchpriority=\"high\" decoding=\"async\" class=\"alignnone size-full wp-image-4162\" src=\"https:\/\/wisecnclaser.com\/wp-content\/uploads\/2025\/09\/0.jpg\" width=\"800\" height=\"800\" srcset=\"https:\/\/wisecnclaser.com\/wp-content\/uploads\/2025\/09\/0.jpg 800w, https:\/\/wisecnclaser.com\/wp-content\/uploads\/2025\/09\/0-300x300.jpg 300w, https:\/\/wisecnclaser.com\/wp-content\/uploads\/2025\/09\/0-150x150.jpg 150w, https:\/\/wisecnclaser.com\/wp-content\/uploads\/2025\/09\/0-768x768.jpg 768w, https:\/\/wisecnclaser.com\/wp-content\/uploads\/2025\/09\/0-12x12.jpg 12w, https:\/\/wisecnclaser.com\/wp-content\/uploads\/2025\/09\/0-600x600.jpg 600w, https:\/\/wisecnclaser.com\/wp-content\/uploads\/2025\/09\/0-100x100.jpg 100w\" sizes=\"(max-width: 800px) 100vw, 800px\" \/><\/p>\n<p>Kesim \u00d6rnekleri:<\/p>\n<p><img alt=\"\" decoding=\"async\" class=\"alignnone size-full wp-image-4163\" src=\"https:\/\/wisecnclaser.com\/wp-content\/uploads\/2025\/09\/\u672a\u547d\u540d.jpg\" width=\"800\" height=\"800\" srcset=\"https:\/\/wisecnclaser.com\/wp-content\/uploads\/2025\/09\/\u672a\u547d\u540d.jpg 800w, https:\/\/wisecnclaser.com\/wp-content\/uploads\/2025\/09\/\u672a\u547d\u540d-300x300.jpg 300w, https:\/\/wisecnclaser.com\/wp-content\/uploads\/2025\/09\/\u672a\u547d\u540d-150x150.jpg 150w, https:\/\/wisecnclaser.com\/wp-content\/uploads\/2025\/09\/\u672a\u547d\u540d-768x768.jpg 768w, https:\/\/wisecnclaser.com\/wp-content\/uploads\/2025\/09\/\u672a\u547d\u540d-12x12.jpg 12w, https:\/\/wisecnclaser.com\/wp-content\/uploads\/2025\/09\/\u672a\u547d\u540d-600x600.jpg 600w, https:\/\/wisecnclaser.com\/wp-content\/uploads\/2025\/09\/\u672a\u547d\u540d-100x100.jpg 100w\" sizes=\"(max-width: 800px) 100vw, 800px\" \/><\/p>","protected":false},"excerpt":{"rendered":"<p>Gantry Type Plasma Cutting Machine for Thick Metal Cutting, with 200A plasma cutting head and one flame cutting head, 200A can cut 20mm max metal, flame cutting head can cut 300mm max, this machine is mainly used for thick metal cutting and metal steel fabrication.<\/p>","protected":false},"featured_media":4161,"template":"","meta":{"_seopress_robots_primary_cat":"","_seopress_titles_title":"%%post_title%%","_seopress_titles_desc":"","_seopress_robots_index":"","_uag_custom_page_level_css":"","site-sidebar-layout":"default","site-content-layout":"","ast-site-content-layout":"default","site-content-style":"default","site-sidebar-style":"default","ast-global-header-display":"","ast-banner-title-visibility":"","ast-main-header-display":"","ast-hfb-above-header-display":"","ast-hfb-below-header-display":"","ast-hfb-mobile-header-display":"","site-post-title":"","ast-breadcrumbs-content":"","ast-featured-img":"","footer-sml-layout":"","ast-disable-related-posts":"","theme-transparent-header-meta":"default","adv-header-id-meta":"","stick-header-meta":"default","header-above-stick-meta":"","header-main-stick-meta":"","header-below-stick-meta":"","astra-migrate-meta-layouts":"set","ast-page-background-enabled":"default","ast-page-background-meta":{"desktop":{"background-color":"","background-image":"","background-repeat":"repeat","background-position":"center center","background-size":"auto","background-attachment":"scroll","background-type":"","background-media":"","overlay-type":"","overlay-color":"","overlay-opacity":"","overlay-gradient":""},"tablet":{"background-color":"","background-image":"","background-repeat":"repeat","background-position":"center center","background-size":"auto","background-attachment":"scroll","background-type":"","background-media":"","overlay-type":"","overlay-color":"","overlay-opacity":"","overlay-gradient":""},"mobile":{"background-color":"","background-image":"","background-repeat":"repeat","background-position":"center center","background-size":"auto","background-attachment":"scroll","background-type":"","background-media":"","overlay-type":"","overlay-color":"","overlay-opacity":"","overlay-gradient":""}},"ast-content-background-meta":{"desktop":{"background-color":"var(--ast-global-color-5)","background-image":"","background-repeat":"repeat","background-position":"center center","background-size":"auto","background-attachment":"scroll","background-type":"","background-media":"","overlay-type":"","overlay-color":"","overlay-opacity":"","overlay-gradient":""},"tablet":{"background-color":"var(--ast-global-color-5)","background-image":"","background-repeat":"repeat","background-position":"center center","background-size":"auto","background-attachment":"scroll","background-type":"","background-media":"","overlay-type":"","overlay-color":"","overlay-opacity":"","overlay-gradient":""},"mobile":{"background-color":"var(--ast-global-color-5)","background-image":"","background-repeat":"repeat","background-position":"center center","background-size":"auto","background-attachment":"scroll","background-type":"","background-media":"","overlay-type":"","overlay-color":"","overlay-opacity":"","overlay-gradient":""}}},"product_brand":[],"product_cat":[59],"product_tag":[133,128,131,126,130,136,124,123,122,132,129,135,127,134,125],"class_list":{"0":"post-4158","1":"product","2":"type-product","3":"status-publish","4":"has-post-thumbnail","6":"product_cat-plasma","7":"product_tag-2060-plasma-cutting-machine","8":"product_tag-carbon-steel-cutting-machine","9":"product_tag-china-plasma-cutting-machine","10":"product_tag-metal-cutting-machine","11":"product_tag-metal-machine-factory","12":"product_tag-metal-plasma-cutter","13":"product_tag-metal-plasma-cutting-machine","14":"product_tag-plasma-cutter","15":"product_tag-plasma-cutting-machine","16":"product_tag-plasma-cutting-machine-factory","17":"product_tag-stainless-steel-cutting-machine","18":"product_tag-steel-cutter","19":"product_tag-steel-cutting-machine","20":"product_tag-steel-fabrication-machine","21":"product_tag-steel-plasma-cutting-machine","22":"desktop-align-left","23":"tablet-align-left","24":"mobile-align-left","25":"ast-product-gallery-layout-horizontal-slider","26":"ast-product-gallery-with-no-image","27":"ast-product-tabs-layout-horizontal","29":"first","30":"instock","31":"shipping-taxable","32":"product-type-simple"},"uagb_featured_image_src":{"full":["https:\/\/wisecnclaser.com\/wp-content\/uploads\/2025\/09\/\u5fae\u4fe1\u56fe\u7247_20250904094659_11_155.png",751,492,false],"thumbnail":["https:\/\/wisecnclaser.com\/wp-content\/uploads\/2025\/09\/\u5fae\u4fe1\u56fe\u7247_20250904094659_11_155-150x150.png",150,150,true],"medium":["https:\/\/wisecnclaser.com\/wp-content\/uploads\/2025\/09\/\u5fae\u4fe1\u56fe\u7247_20250904094659_11_155-300x197.png",300,197,true],"medium_large":["https:\/\/wisecnclaser.com\/wp-content\/uploads\/2025\/09\/\u5fae\u4fe1\u56fe\u7247_20250904094659_11_155.png",751,492,false],"large":["https:\/\/wisecnclaser.com\/wp-content\/uploads\/2025\/09\/\u5fae\u4fe1\u56fe\u7247_20250904094659_11_155.png",751,492,false],"1536x1536":["https:\/\/wisecnclaser.com\/wp-content\/uploads\/2025\/09\/\u5fae\u4fe1\u56fe\u7247_20250904094659_11_155.png",751,492,false],"2048x2048":["https:\/\/wisecnclaser.com\/wp-content\/uploads\/2025\/09\/\u5fae\u4fe1\u56fe\u7247_20250904094659_11_155.png",751,492,false],"trp-custom-language-flag":["https:\/\/wisecnclaser.com\/wp-content\/uploads\/2025\/09\/\u5fae\u4fe1\u56fe\u7247_20250904094659_11_155-18x12.png",18,12,true],"woocommerce_thumbnail":["https:\/\/wisecnclaser.com\/wp-content\/uploads\/2025\/09\/\u5fae\u4fe1\u56fe\u7247_20250904094659_11_155-300x300.png",300,300,true],"woocommerce_single":["https:\/\/wisecnclaser.com\/wp-content\/uploads\/2025\/09\/\u5fae\u4fe1\u56fe\u7247_20250904094659_11_155-600x393.png",600,393,true],"woocommerce_gallery_thumbnail":["https:\/\/wisecnclaser.com\/wp-content\/uploads\/2025\/09\/\u5fae\u4fe1\u56fe\u7247_20250904094659_11_155-100x100.png",100,100,true]},"uagb_author_info":{"display_name":"jinxing6611@gmail.com","author_link":"https:\/\/wisecnclaser.com\/tr\/author\/"},"uagb_comment_info":0,"uagb_excerpt":"Gantry Type Plasma Cutting Machine for Thick Metal Cutting, with 200A plasma cutting head and one flame cutting head, 200A can cut 20mm max metal, flame cutting head can cut 300mm max, this machine is mainly used for thick metal cutting and metal steel fabrication.","_links":{"self":[{"href":"https:\/\/wisecnclaser.com\/tr\/wp-json\/wp\/v2\/product\/4158","targetHints":{"allow":["GET"]}}],"collection":[{"href":"https:\/\/wisecnclaser.com\/tr\/wp-json\/wp\/v2\/product"}],"about":[{"href":"https:\/\/wisecnclaser.com\/tr\/wp-json\/wp\/v2\/types\/product"}],"wp:featuredmedia":[{"embeddable":true,"href":"https:\/\/wisecnclaser.com\/tr\/wp-json\/wp\/v2\/media\/4161"}],"wp:attachment":[{"href":"https:\/\/wisecnclaser.com\/tr\/wp-json\/wp\/v2\/media?parent=4158"}],"wp:term":[{"taxonomy":"product_brand","embeddable":true,"href":"https:\/\/wisecnclaser.com\/tr\/wp-json\/wp\/v2\/product_brand?post=4158"},{"taxonomy":"product_cat","embeddable":true,"href":"https:\/\/wisecnclaser.com\/tr\/wp-json\/wp\/v2\/product_cat?post=4158"},{"taxonomy":"product_tag","embeddable":true,"href":"https:\/\/wisecnclaser.com\/tr\/wp-json\/wp\/v2\/product_tag?post=4158"}],"curies":[{"name":"wp","href":"https:\/\/api.w.org\/{rel}","templated":true}]}}