{"id":4165,"date":"2025-09-09T01:43:27","date_gmt":"2025-09-09T01:43:27","guid":{"rendered":"https:\/\/wisecnclaser.com\/?post_type=product&#038;p=4165"},"modified":"2025-09-09T01:43:27","modified_gmt":"2025-09-09T01:43:27","slug":"ws48-atc-cnc-router-solution-for-sign-making-industry","status":"publish","type":"product","link":"https:\/\/wisecnclaser.com\/tr\/urun\/ws48-atc-cnc-router-solution-for-sign-making-industry\/","title":{"rendered":"Tabela Yap\u0131m\u0131 End\u00fcstrisi i\u00e7in WS48 ATC CNC Router \u00c7\u00f6z\u00fcm\u00fc"},"content":{"rendered":"<p><strong>Modern Tabela Yap\u0131m End\u00fcstrisi i\u00e7in \u00dcst\u00fcn ATC CNC Router \u00c7\u00f6z\u00fcm\u00fc<\/strong><\/p>\n<p>Tabela yap\u0131m sekt\u00f6r\u00fc, yarat\u0131c\u0131l\u0131\u011f\u0131n hassasiyet ve s\u0131k\u0131 teslim tarihleriyle bulu\u015ftu\u011fu dinamik bir aland\u0131r. Rekabet\u00e7i kalabilmek i\u00e7in at\u00f6lyelerin yaln\u0131zca \u00e7ok y\u00f6nl\u00fc ve do\u011fru de\u011fil, ayn\u0131 zamanda inan\u0131lmaz derecede verimli teknolojilere ihtiyac\u0131 vard\u0131r. \u0130\u015fte bu noktada Otomatik Tak\u0131m De\u011fi\u015ftirme (ATC) CNC router, tabelalar\u0131n tasarlanma ve \u00fcretilme bi\u00e7iminde devrim yaratan bir oyun de\u011fi\u015ftirici haline geldi.<\/p>\n<p><strong>Zorluk: Karma\u015f\u0131kl\u0131k ve Zaman K\u0131s\u0131tlamalar\u0131<\/strong><\/p>\n<p>Geleneksel tabela yap\u0131m\u0131 genellikle farkl\u0131 i\u015flemler i\u00e7in el eme\u011fi gerektiriyordu: frezeleme, delme, grav\u00fcrleme ve v-oluk a\u00e7ma. Bu i\u015flemler aras\u0131nda ge\u00e7i\u015f yapmak i\u00e7in manuel u\u00e7 de\u011fi\u015fiklikleri gerekiyordu; bu da zaman alan, insan hatas\u0131na a\u00e7\u0131k ve k\u00e2rl\u0131 bir \u015fekilde \u00fcstlenilebilecek tasar\u0131mlar\u0131n karma\u015f\u0131kl\u0131\u011f\u0131n\u0131 s\u0131n\u0131rlayan bir i\u015flemdi.<\/p>\n<p><strong>\u00c7\u00f6z\u00fcm: ATC CNC Makinesi ile Otomasyon<\/strong><\/p>\n<p>Bir ATC CNC makinesi bu engellerin \u00fcstesinden gelmek i\u00e7in \u00f6zel olarak tasarlanm\u0131\u015ft\u0131r. Entegre otomatik tak\u0131m de\u011fi\u015ftiricisi, y\u00f6nlendiricinin dijital tasar\u0131m program\u0131na dayal\u0131 olarak operat\u00f6r m\u00fcdahalesi olmadan \u00f6nceden y\u00fcklenmi\u015f bir karuselden kesme u\u00e7lar\u0131n\u0131 de\u011fi\u015ftirmesine olanak tan\u0131r.<\/p>\n<p>Bir tabela at\u00f6lyesi i\u00e7in bu, ATC'li tek bir CNC router'\u0131n eksiksiz bir i\u015fi sorunsuz bir \u015fekilde ger\u00e7ekle\u015ftirebilece\u011fi anlam\u0131na gelir: b\u00fcy\u00fck \u00e7apl\u0131 bir parmak freze kullanarak kaba i\u015fleme ge\u00e7i\u015fiyle ba\u015flayabilir, ayr\u0131nt\u0131l\u0131 3D oyma i\u00e7in otomatik olarak ince bir bilyal\u0131 burun ucuna ge\u00e7ebilir, ard\u0131ndan hassas grav\u00fcr metni i\u00e7in bir V bitine ge\u00e7ebilir ve son olarak delikleri monte etmek i\u00e7in bir matkap ucu kullanabilir - hepsi kesintisiz bir d\u00f6ng\u00fcde.<\/p>\n<p><strong>Tabela Yap\u0131m\u0131 i\u00e7in ATC Ah\u015fap Frezenin Temel Avantajlar\u0131:<\/strong><\/p>\n<p>1. E\u015fsiz \u00dcretkenlik ve Verimlilik: En \u00f6nemli fayda, duru\u015f s\u00fcresindeki dramatik azalmad\u0131r. Makineyi duraklatmaya, bir sonraki ucu bulmaya ve manuel olarak kalibre etmeye gerek yoktur. Bu, \u0131\u015f\u0131klar alt\u0131nda \u00fcretim yap\u0131lmas\u0131na, karma\u015f\u0131k i\u015flerin gece boyunca y\u00fcr\u00fct\u00fclmesine ve \u00e7\u0131kt\u0131n\u0131n \u00f6nemli \u00f6l\u00e7\u00fcde art\u0131r\u0131lmas\u0131na olanak tan\u0131r.<\/p>\n<p>2. Karma\u015f\u0131k Tasar\u0131m Yetene\u011fi: ATC ah\u015fap freze tasar\u0131mc\u0131lar\u0131 g\u00fc\u00e7lendirir. Art\u0131k tek bir projedeki tak\u0131m t\u00fcrlerinin say\u0131s\u0131na ili\u015fkin pratik bir s\u0131n\u0131rla k\u0131s\u0131tlanm\u0131yorlar. Kabartmal\u0131 harfleri, dokulu arka planlar\u0131 ve karma\u015f\u0131k konturlar\u0131 bir araya getiren karma\u015f\u0131k tabelalar yaln\u0131zca m\u00fcmk\u00fcn de\u011fil, ayn\u0131 zamanda verimli bir \u015fekilde \u00fcretilebilir hale gelir.<\/p>\n<p>3. \u00dcst\u00fcn Tutarl\u0131l\u0131k ve Do\u011fruluk: Her tak\u0131m de\u011fi\u015fimi robotik hassasiyetle ger\u00e7ekle\u015ftirilir. Bu, manuel de\u011fi\u015fikliklerde meydana gelebilecek k\u00fc\u00e7\u00fck varyasyonlar\u0131 ortadan kald\u0131rarak, bir \u00fcretim \u00e7al\u0131\u015fmas\u0131ndaki her i\u015faretin tamamen ayn\u0131 olmas\u0131n\u0131 ve farkl\u0131 i\u015fleme operasyonlar\u0131 aras\u0131nda m\u00fckemmel bir uyum olmas\u0131n\u0131 sa\u011flar.<\/p>\n<p>4. Azalt\u0131lm\u0131\u015f \u0130\u015f\u00e7ilik Maliyetleri ve Beceri Engelleri: Programlama ve denetim i\u00e7in vas\u0131fl\u0131 bir operat\u00f6r hala gerekli olsa da, karma\u015f\u0131k tak\u0131m de\u011fi\u015fikliklerini makine ger\u00e7ekle\u015ftirir. Bu, bir operat\u00f6r\u00fcn birden fazla makineyi y\u00f6netmesine olanak tan\u0131yarak ve her i\u015f i\u00e7in son derece deneyimli manuel m\u00fcdahale ihtiyac\u0131n\u0131 azaltarak i\u015f\u00e7ili\u011fi optimize eder.<\/p>\n<p><strong>Neden bir \u00c7in ATC CNC Router Kayna\u011f\u0131?<\/strong><\/p>\n<p>K\u00fcresel \u00fcretim ortam\u0131 de\u011fi\u015fti ve \u00c7in, CNC makinelerinde bir lider olarak ortaya \u00e7\u0131kt\u0131. Bir \u00c7in ATC CNC router tedarik etmek, tabela i\u015fletmeleri i\u00e7in belirgin avantajlar sunuyor:<\/p>\n<p>M\u00fckemmel De\u011fer Teklifi: \u00c7inli \u00fcreticiler, geli\u015fmi\u015f \u00f6zellikler, sa\u011flam yap\u0131 ve rekabet\u00e7i fiyatland\u0131rma aras\u0131nda cazip bir denge sa\u011flayarak \u00e7ok daha h\u0131zl\u0131 bir yat\u0131r\u0131m getirisi sunar.<br \/>\n\u0130leri Teknoloji: Bir\u00e7ok \u00f6nde gelen \u00c7inli CNC markas\u0131, y\u00fcksek performansl\u0131 i\u015f milleri, sofistike kontrol\u00f6rler (genellikle kullan\u0131c\u0131 dostu yaz\u0131l\u0131ma sahip) ve daha pahal\u0131 muadillerine rakip olan ve \u00e7o\u011fu zaman onlar\u0131 geride b\u0131rakan g\u00fcvenilir ATC mekanizmalar\u0131 ile Ar-Ge'ye b\u00fcy\u00fck yat\u0131r\u0131mlar yapmaktad\u0131r.<br \/>\n\u00d6zelle\u015ftirme ve Destek: Sayg\u0131n tedarik\u00e7iler genellikle tabela yap\u0131m\u0131 sekt\u00f6r\u00fc de dahil olmak \u00fczere belirli sekt\u00f6r ihtiya\u00e7lar\u0131na g\u00f6re uyarlanm\u0131\u015f \u00e7e\u015fitli boyut ve konfig\u00fcrasyonlarda modeller sunar. Bir\u00e7o\u011fu ayr\u0131ca kapsaml\u0131 sat\u0131\u015f sonras\u0131 destek, e\u011fitim ve d\u00fcnya \u00e7ap\u0131nda kolayca bulunabilen yedek par\u00e7alar sa\u011flar.<\/p>\n<p><strong>ATC ile Do\u011fru CNC Router'\u0131 Se\u00e7me<\/strong><\/p>\n<p>Tabela i\u015finiz i\u00e7in ATC'li bir CNC router'a yat\u0131r\u0131m yaparken \u015funlar\u0131 g\u00f6z \u00f6n\u00fcnde bulundurun:<\/p>\n<p>\u00c7al\u0131\u015fma Masas\u0131 Boyutu: Tipik malzeme sayfalar\u0131n\u0131z\u0131 (\u00f6rne\u011fin, 4\u2032 x 8\u2032, 5\u2032 x 10\u2032) ta\u015f\u0131yabildi\u011finden emin olun.<br \/>\nAlet Kapasitesi: \u00c7o\u011fu tabela i\u015fi i\u00e7in 6-12 tak\u0131ml\u0131k bir karusel genellikle yeterlidir, ancak son derece karma\u015f\u0131k projeler i\u00e7in daha b\u00fcy\u00fck kapasiteler mevcuttur.<br \/>\n\u0130\u015f Mili G\u00fcc\u00fc: G\u00fc\u00e7l\u00fc bir i\u015f mili (\u00f6rn. 7,5kW ila 15kW), akrilik ve al\u00fcminyum kompozit panelden (ACM) sert ah\u015faba kadar \u00e7e\u015fitli malzemelerde temiz kesimler sa\u011flar.<br \/>\nKontrol Sistemi ve Yaz\u0131l\u0131m: Yayg\u0131n tasar\u0131m yaz\u0131l\u0131mlar\u0131yla (AutoCAD ve Aspire gibi) sorunsuz \u00e7al\u0131\u015fan kullan\u0131c\u0131 dostu bir kontrol\u00f6r, sorunsuz bir i\u015f ak\u0131\u015f\u0131 i\u00e7in \u00e7ok \u00f6nemlidir.<\/p>\n<p><strong>Sonu\u00e7<\/strong><\/p>\n<p>Modern tabela yap\u0131m end\u00fcstrisi i\u00e7in ATC CNC router art\u0131k bir l\u00fcks de\u011fil; b\u00fcy\u00fcme, karl\u0131l\u0131k ve rekabet avantaj\u0131 i\u00e7in stratejik bir gerekliliktir. \u00dcretimi bir dizi manuel ad\u0131mdan, yeni yarat\u0131c\u0131 ve ticari olas\u0131l\u0131klar\u0131n kilidini a\u00e7an aerodinamik, otomatik bir s\u00fcrece d\u00f6n\u00fc\u015ft\u00fcr\u00fcr. \u0130\u015faret \u00fcreticileri, y\u00fcksek kaliteli bir ATC CNC makinesine, \u00f6zellikle de de\u011fer dolu bir \u00c7in ATC CNC router'a yat\u0131r\u0131m yaparak zanaatlar\u0131n\u0131 geli\u015ftirebilir, zorlu teslim tarihlerini kolayl\u0131kla kar\u015f\u0131layabilir ve pazarda bask\u0131n bir konum elde edebilirler.<\/p>\n<p><strong>\u0130\u015fte i\u015faret end\u00fcstrisi i\u00e7in s\u0131cak sat\u0131\u015f end\u00fcstriyel otomatik tak\u0131m de\u011fi\u015ftirme ah\u015fap cnc router makinemiz:<\/strong><\/p>\n<table>\n<tbody>\n<tr>\n<td width=\"414\">X \u00c7ALI\u015eMA ALANI<\/td>\n<td width=\"929\">1300mm<\/td>\n<\/tr>\n<tr>\n<td width=\"414\">Y \u00c7ALI\u015eMA ALANI<\/td>\n<td width=\"929\">2500mm<\/td>\n<\/tr>\n<tr>\n<td width=\"414\">Z \u00c7ALI\u015eMA ALANI<\/td>\n<td width=\"929\">200mm<\/td>\n<\/tr>\n<tr>\n<td width=\"414\">MAK\u0130NE TABLOSU<\/td>\n<td width=\"929\">Vakum adsorpsiyon masas\u0131<\/td>\n<\/tr>\n<tr>\n<td width=\"414\">KOMUTA KODU<\/td>\n<td width=\"929\">G kodu<\/td>\n<\/tr>\n<tr>\n<td width=\"414\">XYZ EKSENI YAPISI<\/td>\n<td width=\"929\">X\/Y Tayvan Raf ray\u0131 \uff0c makinenin daha istikrarl\u0131 \u00e7al\u0131\u015fmas\u0131n\u0131 sa\u011flar; Z Vida ray\u0131<\/td>\n<\/tr>\n<tr>\n<td width=\"414\">TOZ TOPLAYICI G\u00dcC\u00dc<\/td>\n<td width=\"929\">3KW \u00e7ift torba<\/td>\n<\/tr>\n<tr>\n<td width=\"414\">G\u00dc\u00c7<\/td>\n<td width=\"929\">AC380V 3 FAZ \/ 50Hz<\/td>\n<\/tr>\n<tr>\n<td width=\"414\">SPINDLE<\/td>\n<td width=\"929\">9kw hava so\u011futmal\u0131 ATC i\u015f mili, \u00c7in MARKASI<\/td>\n<\/tr>\n<tr>\n<td width=\"414\">TOPLAM \u00c7ALI\u015eMA G\u00dcC\u00dc<\/td>\n<td width=\"929\">26KW<\/td>\n<\/tr>\n<tr>\n<td width=\"414\">I\u015e MILI D\u00d6N\u00dc\u015e HIZI<\/td>\n<td width=\"929\">18000 rpm \/ dak<\/td>\n<\/tr>\n<tr>\n<td width=\"414\">\u0130NVERTER<\/td>\n<td width=\"929\">11KW invert\u00f6r<\/td>\n<\/tr>\n<tr>\n<td width=\"414\">S\u00dcR\u00dcC\u00dc MOTOR<\/td>\n<td width=\"929\">\u00c7in hibrit servo motor<\/td>\n<\/tr>\n<tr>\n<td width=\"414\">I\u015eLETIM SISTEMI<\/td>\n<td width=\"929\">NK105 G3 kontrol\u00f6r<\/td>\n<\/tr>\n<tr>\n<td width=\"414\">VAKUM POMPASI G\u00dcC\u00dc<\/td>\n<td width=\"929\">7.5KW su tipi vakum pompas\u0131<\/td>\n<\/tr>\n<tr>\n<td width=\"414\">DO\u011eRUSAL RAY<\/td>\n<td width=\"929\">Tayvan marka kare ray, daha kararl\u0131<\/td>\n<\/tr>\n<tr>\n<td width=\"414\">RED\u00dcKT\u00d6R<\/td>\n<td width=\"929\">Japonya shimpoo markas\u0131<\/td>\n<\/tr>\n<tr>\n<td width=\"414\">K\u00dcRESEL V\u0130DA<\/td>\n<td width=\"929\">Tayvan markas\u0131<\/td>\n<\/tr>\n<tr>\n<td width=\"414\">A\u011eIRLIK<\/td>\n<td width=\"929\">2000KGS<\/td>\n<\/tr>\n<tr>\n<td width=\"414\">DI\u011eER YARDIMCI PAR\u00c7ALAR<\/td>\n<td width=\"929\">3+4 a\u00e7\u0131l\u0131r pim\/silindir konumu,<\/p>\n<p>Otomatik ya\u011flama sistemi<\/p>\n<p>Alet sens\u00f6r\u00fc<\/p>\n<p>Yaz\u0131l\u0131m<\/p>\n<p>Alet kutusu 1<\/p>\n<p>Tak\u0131m aynas\u0131 8 par\u00e7a<\/p>\n<p>8 par\u00e7a toplay\u0131n<\/p>\n<p>Anahtarlar 4<\/td>\n<\/tr>\n<\/tbody>\n<\/table>","protected":false},"excerpt":{"rendered":"<p>An ATC CNC Router Solution for the Sign Making Industry can perform precise processing on various sign materials such as acrylic and metal, and produce various exquisite signboards, meeting the requirements of the sign &#8211; making industry for diversified and high &#8211; precision processing.<\/p>\n<p>&nbsp;<\/p>","protected":false},"featured_media":4169,"template":"","meta":{"_seopress_robots_primary_cat":"","_seopress_titles_title":"","_seopress_titles_desc":"","_seopress_robots_index":"","_uag_custom_page_level_css":"","site-sidebar-layout":"default","site-content-layout":"","ast-site-content-layout":"default","site-content-style":"default","site-sidebar-style":"default","ast-global-header-display":"","ast-banner-title-visibility":"","ast-main-header-display":"","ast-hfb-above-header-display":"","ast-hfb-below-header-display":"","ast-hfb-mobile-header-display":"","site-post-title":"","ast-breadcrumbs-content":"","ast-featured-img":"","footer-sml-layout":"","ast-disable-related-posts":"","theme-transparent-header-meta":"default","adv-header-id-meta":"","stick-header-meta":"default","header-above-stick-meta":"","header-main-stick-meta":"","header-below-stick-meta":"","astra-migrate-meta-layouts":"set","ast-page-background-enabled":"default","ast-page-background-meta":{"desktop":{"background-color":"","background-image":"","background-repeat":"repeat","background-position":"center center","background-size":"auto","background-attachment":"scroll","background-type":"","background-media":"","overlay-type":"","overlay-color":"","overlay-opacity":"","overlay-gradient":""},"tablet":{"background-color":"","background-image":"","background-repeat":"repeat","background-position":"center center","background-size":"auto","background-attachment":"scroll","background-type":"","background-media":"","overlay-type":"","overlay-color":"","overlay-opacity":"","overlay-gradient":""},"mobile":{"background-color":"","background-image":"","background-repeat":"repeat","background-position":"center center","background-size":"auto","background-attachment":"scroll","background-type":"","background-media":"","overlay-type":"","overlay-color":"","overlay-opacity":"","overlay-gradient":""}},"ast-content-background-meta":{"desktop":{"background-color":"var(--ast-global-color-5)","background-image":"","background-repeat":"repeat","background-position":"center center","background-size":"auto","background-attachment":"scroll","background-type":"","background-media":"","overlay-type":"","overlay-color":"","overlay-opacity":"","overlay-gradient":""},"tablet":{"background-color":"var(--ast-global-color-5)","background-image":"","background-repeat":"repeat","background-position":"center center","background-size":"auto","background-attachment":"scroll","background-type":"","background-media":"","overlay-type":"","overlay-color":"","overlay-opacity":"","overlay-gradient":""},"mobile":{"background-color":"var(--ast-global-color-5)","background-image":"","background-repeat":"repeat","background-position":"center center","background-size":"auto","background-attachment":"scroll","background-type":"","background-media":"","overlay-type":"","overlay-color":"","overlay-opacity":"","overlay-gradient":""}}},"product_brand":[],"product_cat":[65],"product_tag":[142,143,138,146,145,144,137,103,139,140,141],"class_list":{"0":"post-4165","1":"product","2":"type-product","3":"status-publish","4":"has-post-thumbnail","6":"product_cat-atccnc","7":"product_tag-1325-atc-cnc-router","8":"product_tag-1530-atc-cnc-router","9":"product_tag-atc-cnc-machine","10":"product_tag-atc-cnc-router-for-sale","11":"product_tag-atc-cnc-router-price","12":"product_tag-atc-cnc-routing-machine","13":"product_tag-atc-wood-router","14":"product_tag-automatic-tool-changing-cnc-router","15":"product_tag-china-atc-cnc-router","16":"product_tag-cnc-router-with-atc","17":"product_tag-industrial-atc-cnc-router","18":"desktop-align-left","19":"tablet-align-left","20":"mobile-align-left","21":"ast-product-gallery-layout-horizontal-slider","22":"ast-product-gallery-with-no-image","23":"ast-product-tabs-layout-horizontal","25":"first","26":"instock","27":"shipping-taxable","28":"product-type-simple"},"uagb_featured_image_src":{"full":["https:\/\/wisecnclaser.com\/wp-content\/uploads\/2025\/09\/\u8fc8\u5409\u514b\u540e\u7f6eNK105\u6362\u5200\u673a.png",1084,1080,false],"thumbnail":["https:\/\/wisecnclaser.com\/wp-content\/uploads\/2025\/09\/\u8fc8\u5409\u514b\u540e\u7f6eNK105\u6362\u5200\u673a-150x150.png",150,150,true],"medium":["https:\/\/wisecnclaser.com\/wp-content\/uploads\/2025\/09\/\u8fc8\u5409\u514b\u540e\u7f6eNK105\u6362\u5200\u673a-300x300.png",300,300,true],"medium_large":["https:\/\/wisecnclaser.com\/wp-content\/uploads\/2025\/09\/\u8fc8\u5409\u514b\u540e\u7f6eNK105\u6362\u5200\u673a-768x765.png",768,765,true],"large":["https:\/\/wisecnclaser.com\/wp-content\/uploads\/2025\/09\/\u8fc8\u5409\u514b\u540e\u7f6eNK105\u6362\u5200\u673a-1024x1020.png",1024,1020,true],"1536x1536":["https:\/\/wisecnclaser.com\/wp-content\/uploads\/2025\/09\/\u8fc8\u5409\u514b\u540e\u7f6eNK105\u6362\u5200\u673a.png",1084,1080,false],"2048x2048":["https:\/\/wisecnclaser.com\/wp-content\/uploads\/2025\/09\/\u8fc8\u5409\u514b\u540e\u7f6eNK105\u6362\u5200\u673a.png",1084,1080,false],"trp-custom-language-flag":["https:\/\/wisecnclaser.com\/wp-content\/uploads\/2025\/09\/\u8fc8\u5409\u514b\u540e\u7f6eNK105\u6362\u5200\u673a-12x12.png",12,12,true],"woocommerce_thumbnail":["https:\/\/wisecnclaser.com\/wp-content\/uploads\/2025\/09\/\u8fc8\u5409\u514b\u540e\u7f6eNK105\u6362\u5200\u673a-300x300.png",300,300,true],"woocommerce_single":["https:\/\/wisecnclaser.com\/wp-content\/uploads\/2025\/09\/\u8fc8\u5409\u514b\u540e\u7f6eNK105\u6362\u5200\u673a-600x598.png",600,598,true],"woocommerce_gallery_thumbnail":["https:\/\/wisecnclaser.com\/wp-content\/uploads\/2025\/09\/\u8fc8\u5409\u514b\u540e\u7f6eNK105\u6362\u5200\u673a-100x100.png",100,100,true]},"uagb_author_info":{"display_name":"jinxing6611@gmail.com","author_link":"https:\/\/wisecnclaser.com\/tr\/author\/"},"uagb_comment_info":0,"uagb_excerpt":"An ATC CNC Router Solution for the Sign Making Industry can perform precise processing on various sign materials such as acrylic and metal, and produce various exquisite signboards, meeting the requirements of the sign - making industry for diversified and high - precision processing. &nbsp;","_links":{"self":[{"href":"https:\/\/wisecnclaser.com\/tr\/wp-json\/wp\/v2\/product\/4165","targetHints":{"allow":["GET"]}}],"collection":[{"href":"https:\/\/wisecnclaser.com\/tr\/wp-json\/wp\/v2\/product"}],"about":[{"href":"https:\/\/wisecnclaser.com\/tr\/wp-json\/wp\/v2\/types\/product"}],"wp:featuredmedia":[{"embeddable":true,"href":"https:\/\/wisecnclaser.com\/tr\/wp-json\/wp\/v2\/media\/4169"}],"wp:attachment":[{"href":"https:\/\/wisecnclaser.com\/tr\/wp-json\/wp\/v2\/media?parent=4165"}],"wp:term":[{"taxonomy":"product_brand","embeddable":true,"href":"https:\/\/wisecnclaser.com\/tr\/wp-json\/wp\/v2\/product_brand?post=4165"},{"taxonomy":"product_cat","embeddable":true,"href":"https:\/\/wisecnclaser.com\/tr\/wp-json\/wp\/v2\/product_cat?post=4165"},{"taxonomy":"product_tag","embeddable":true,"href":"https:\/\/wisecnclaser.com\/tr\/wp-json\/wp\/v2\/product_tag?post=4165"}],"curies":[{"name":"wp","href":"https:\/\/api.w.org\/{rel}","templated":true}]}}