{"id":4181,"date":"2025-09-18T03:06:04","date_gmt":"2025-09-18T03:06:04","guid":{"rendered":"https:\/\/wisecnclaser.com\/?post_type=product&#038;p=4181"},"modified":"2025-09-19T00:57:57","modified_gmt":"2025-09-19T00:57:57","slug":"ws1625-computer-controlled-automatic-cnc-fabric-cutting-machine-for-apparel","status":"publish","type":"product","link":"https:\/\/wisecnclaser.com\/tr\/urun\/ws1625-computer-controlled-automatic-cnc-fabric-cutting-machine-for-apparel\/","title":{"rendered":"WS1625 Konfeksiyon i\u00e7in Bilgisayar Kontroll\u00fc Otomatik CNC Kuma\u015f Kesme Makinesi"},"content":{"rendered":"<p><strong>WS1625 CNC D\u00f6ner B\u0131\u00e7akl\u0131 Tekstil Kesici - Modern Tekstil \u00dcretimi i\u00e7in Hassasiyet, Otomasyon ve \u00c7ok Y\u00f6nl\u00fcl\u00fck<\/strong><\/p>\n<p>Haz\u0131r giyim \u00fcretiminin h\u0131zl\u0131 d\u00fcnyas\u0131nda, verimlilik ve hassasiyet sadece avantaj de\u011fil, ayn\u0131 zamanda gerekliliktir. WS1625 Bilgisayar Kontroll\u00fc Otomatik CNC Kuma\u015f Kesim Makinesi, bu talepleri do\u011frudan kar\u015f\u0131lamak \u00fczere tasarlanm\u0131\u015ft\u0131r ve \u00fcretim s\u00fcrecinizi rulodan bitmi\u015f par\u00e7alara kadar kolayla\u015ft\u0131rmak i\u00e7in tasarlanm\u0131\u015f kapsaml\u0131 ve otomatik bir kesim \u00e7\u00f6z\u00fcm\u00fc sunar.<\/p>\n<p>Bu geli\u015fmi\u015f makine, \u00fcretimi h\u0131zland\u0131rmak, malzeme israf\u0131n\u0131 en aza indirmek ve benzersiz kesim tutarl\u0131l\u0131\u011f\u0131 elde etmek isteyen haz\u0131r giyim fabrikalar\u0131, tekstil \u00fcreticileri ve d\u00f6\u015feme i\u015fletmeleri i\u00e7in ideal bir ortakt\u0131r.<\/p>\n<p><strong>E\u015fsiz \u00c7ok Y\u00f6nl\u00fcl\u00fck: D\u00f6ner Kesici ve Plotter Kalem Tek Sistemde<\/strong><\/p>\n<p>WS1625'in en \u00f6nemli \u00f6zelliklerinden biri \u00e7oklu alet kabiliyetidir. Hem d\u00f6ner kesici hem de plotter kalemi ile donat\u0131lm\u0131\u015f olarak gelir ve tek bir kurulumla \u00e7ok \u00e7e\u015fitli g\u00f6revleri yerine getirmesine olanak tan\u0131r.<\/p>\n<p>D\u00f6ner Kesici: Tek katl\u0131 veya \u00e7ok katl\u0131 (3-5 katl\u0131) kuma\u015f rulolar\u0131n\u0131n temiz, h\u0131zl\u0131 ve do\u011fru kesimi i\u00e7in m\u00fckemmeldir. Narin ipekler ve esnek \u00f6rg\u00fclerden yo\u011fun denimlere ve kal\u0131n tuvallere kadar \u00e7ok \u00e7e\u015fitli malzemeleri zahmetsizce i\u015fler.<br \/>\nPlotter Kalemi: Bu ara\u00e7, do\u011frudan malzeme \u00fczerine hassas i\u015faretler yaparak \u00e7ok \u00f6nemli bir i\u015flevsellik katman\u0131 ekler. Matkap noktalar\u0131n\u0131, \u00e7entikleri, dartlar\u0131, hizalama noktalar\u0131n\u0131 i\u015faretlemek ve hatta basit etiket ve logolar\u0131 yazd\u0131rmak i\u00e7in idealdir. Bu, manuel i\u015faretleme hatalar\u0131n\u0131 ortadan kald\u0131r\u0131r ve montaj a\u015famas\u0131nda m\u00fckemmel bile\u015fen e\u015fle\u015fmesi sa\u011flar.<\/p>\n<p><strong>Eksiksiz Otomatik \u0130\u015f Ak\u0131\u015f\u0131: Rulodan Bitmi\u015f Par\u00e7alara<\/strong><\/p>\n<p>WS1625 bir kesiciden daha fazlas\u0131d\u0131r; entegre bir \u00fcretim h\u00fccresidir. Kuma\u015f rulolar\u0131n\u0131 do\u011frudan kesme kapasitesi, otomatik bir kuma\u015f yay\u0131c\u0131 ve hizalama sisteminin (\u00e7\u00f6zme ve hizalama sistemi) dahil edilmesiyle \u00f6nemli \u00f6l\u00e7\u00fcde geli\u015ftirilmi\u015ftir.<\/p>\n<p>Bu yay\u0131c\u0131 (\u00e7\u00f6zme ve hizalama sistemi) malzemeyi s\u00fcrekli olarak kesim yata\u011f\u0131na besleyerek d\u00fczg\u00fcn ve tutarl\u0131 bir ak\u0131\u015f sa\u011flar. Entegre hizalama sistemi, herhangi bir yana kaymay\u0131 (sapma) otomatik olarak d\u00fczeltir ve kuma\u015f damar\u0131n\u0131n kesim i\u015flemi boyunca m\u00fckemmel \u015fekilde d\u00fcz olmas\u0131n\u0131 garanti eder. Bu \u00f6nemli \u00f6zellik, malzemenin bozulmas\u0131n\u0131 \u00f6nler ve kesilen her par\u00e7an\u0131n do\u011fru olmas\u0131n\u0131 sa\u011flayarak daha kaliteli bir nihai \u00fcr\u00fcn elde edilmesine ve malzeme israf\u0131n\u0131n \u00f6nemli \u00f6l\u00e7\u00fcde azalmas\u0131na yol a\u00e7ar.<\/p>\n<p><strong>\u00d6z\u00fcnde G\u00fc\u00e7l\u00fc Performans: RuiDa Kontrol\u00f6r ve Delta Servolar<\/strong><\/p>\n<p>WS1625'in \u00fcst\u00fcn performans\u0131, y\u00fcksek kaliteli bile\u015fenlerinden kaynaklanmaktad\u0131r:<\/p>\n<p><strong><em>RuiDa Kontrol Sistemi ve Yaz\u0131l\u0131m\u0131<\/em>:<\/strong> Sekt\u00f6rde kullan\u0131c\u0131 dostu aray\u00fcz\u00fc, kararl\u0131l\u0131\u011f\u0131 ve g\u00fc\u00e7l\u00fc i\u015fleme yetenekleriyle tan\u0131n\u0131r. Yaz\u0131l\u0131m, tasar\u0131mlar\u0131n (DXF, AI, PLT gibi formatlarda) kolayca i\u00e7e aktar\u0131lmas\u0131na, malzeme kullan\u0131m\u0131n\u0131 en \u00fcst d\u00fczeye \u00e7\u0131karmak i\u00e7in verimli yerle\u015ftirmeye ve kesme ve i\u015faretleme ara\u00e7lar\u0131 \u00fczerinde hassas kontrole olanak tan\u0131r. Sezgisel yap\u0131s\u0131 e\u011fitim s\u00fcresini k\u0131salt\u0131r ve operat\u00f6r verimlili\u011fini art\u0131r\u0131r.<br \/>\n<em><strong>Tayvan Delta Servo Motorlar:<\/strong> <\/em>Bunlar makineye ola\u011fan\u00fcst\u00fc hassasiyet, y\u00fcksek h\u0131z ve g\u00fcvenilir g\u00fc\u00e7 sa\u011flar. Delta servolar, her partide temiz kesimler ve keskin detaylar elde etmek i\u00e7in kritik olan yumu\u015fak hareket, minimum titre\u015fim ve tam konumland\u0131rma sa\u011flar.<\/p>\n<p><strong>Neden WS1625 CNC Kuma\u015f Kesme Makinesini Se\u00e7melisiniz?<\/strong><\/p>\n<p><em><strong>Artan \u00dcretkenlik:<\/strong> <\/em>Manuel y\u00f6ntemlerden \u00f6nemli \u00f6l\u00e7\u00fcde daha iyi performans g\u00f6stererek t\u00fcm kesme ve markalama s\u00fcrecini otomatikle\u015ftirin.<br \/>\n<em><strong>\u00dcst\u00fcn Do\u011fruluk ve Kalite:<\/strong><\/em>Her seferinde tutarl\u0131, y\u00fcksek hassasiyetli kesimler elde edin ve bitmi\u015f giysilerinizin kalitesini art\u0131r\u0131n.<br \/>\n<em><strong>B\u00fcy\u00fck Malzeme Tasarrufu:<\/strong><\/em> Geli\u015fmi\u015f yerle\u015ftirme yaz\u0131l\u0131m\u0131 ve manuel hatalar\u0131n ortadan kald\u0131r\u0131lmas\u0131, kuma\u015f israf\u0131nda do\u011frudan bir azalmaya yol a\u00e7arak karl\u0131l\u0131\u011f\u0131n\u0131z\u0131 art\u0131r\u0131r.<br \/>\n<strong><em>Azalt\u0131lm\u0131\u015f \u0130\u015f\u00e7ilik Maliyetleri:<\/em><\/strong> Tek bir operat\u00f6r t\u00fcm kesim i\u015flemini y\u00f6netebilir ve kalifiye i\u015fg\u00fcc\u00fcn\u00fc di\u011fer g\u00f6revler i\u00e7in serbest b\u0131rakabilir.<br \/>\n<em><strong>Esneklik:<\/strong> <\/em>Farkl\u0131 kesim modelleri ve i\u015fler aras\u0131nda h\u0131zla ge\u00e7i\u015f yaparak hem b\u00fcy\u00fck i\u015fler hem de k\u0131sa, \u00f6zel sipari\u015fler i\u00e7in m\u00fckemmeldir.<\/p>\n<p>WS1625'in ak\u0131ll\u0131 otomasyonu ile haz\u0131r giyim \u00fcretim hatt\u0131n\u0131z\u0131 y\u00fckseltin. Fiyat teklifi istemek ve bu \u00e7\u00f6z\u00fcm\u00fcn i\u015finizi nas\u0131l d\u00f6n\u00fc\u015ft\u00fcrebilece\u011fini g\u00f6rmek i\u00e7in bug\u00fcn bize ula\u015f\u0131n.<\/p>\n<p><strong>WS1625 ta\u015f\u0131ma masas\u0131 CNC Yuvarlak B\u0131\u00e7ak Kuma\u015f Tekstil Kesme Makinesi Teknik Parametresi:<\/strong><\/p>\n<table>\n<tbody>\n<tr>\n<td colspan=\"2\" width=\"1324\"><strong>Tan\u0131m ve \u00d6zellikler<\/strong><\/td>\n<\/tr>\n<tr>\n<td width=\"354\">X \u00e7al\u0131\u015fma boyutu<\/td>\n<td width=\"970\">1600mm<\/td>\n<\/tr>\n<tr>\n<td width=\"354\">Y \u00e7al\u0131\u015fma boyutu<\/td>\n<td width=\"970\">2500mm<\/td>\n<\/tr>\n<tr>\n<td width=\"354\">Z \u00e7al\u0131\u015fma boyutu<\/td>\n<td width=\"970\">1-5mm<\/td>\n<\/tr>\n<tr>\n<td width=\"354\">Kesme kafas\u0131<\/td>\n<td width=\"970\">Tekstil kesimi i\u00e7in yuvarlak d\u00f6ner tahrik aletleri + Baz\u0131 i\u015faretler yapmak i\u00e7in i\u015faretleme kalemi<\/td>\n<\/tr>\n<tr>\n<td width=\"354\">G\u00f6r\u00fcnt\u00fcleme yolu<\/td>\n<td width=\"970\">\u0130ngilizce LED dokunmatik ekran<\/td>\n<\/tr>\n<tr>\n<td width=\"354\">Makine yata\u011f\u0131<\/td>\n<td width=\"970\">Daha iyi emi\u015f i\u00e7in kal\u0131n al\u00fcminyum k\u00f6r\u00fck yata\u011f\u0131<\/td>\n<\/tr>\n<tr>\n<td width=\"354\">Makine masas\u0131<\/td>\n<td width=\"970\">ta\u015f\u0131ma masas\u0131<\/td>\n<\/tr>\n<tr>\n<td width=\"354\">\u00c7\u00f6zme ve hizalama cihaz\u0131<\/td>\n<td width=\"970\">ile<\/td>\n<\/tr>\n<tr>\n<td width=\"354\">Vakum pompas\u0131<\/td>\n<td width=\"970\">9KW hava tipi vakum pompas\u0131<\/td>\n<\/tr>\n<tr>\n<td width=\"354\">S\u00fcr\u00fc\u015f sistemi<\/td>\n<td width=\"970\">Tayvan delta servo s\u00fcr\u00fcc\u00fc ve motor<\/td>\n<\/tr>\n<tr>\n<td width=\"354\">Kontrol sistemi<\/td>\n<td width=\"970\">RD kontrol sistemi<\/td>\n<\/tr>\n<tr>\n<td width=\"354\">Rehberlik sistemi<\/td>\n<td width=\"970\">Tayvan TBI kare ray<\/td>\n<\/tr>\n<tr>\n<td width=\"354\">Alet sens\u00f6r\u00fc<\/td>\n<td width=\"970\">\u0130le, k\u0131rm\u0131z\u0131 nokta<\/td>\n<\/tr>\n<tr>\n<td width=\"354\">\u015eanz\u0131man<\/td>\n<td width=\"970\">Y kremayer pinyonu, XZ senkron \u00e7elik kay\u0131\u015f<\/td>\n<\/tr>\n<tr>\n<td width=\"354\">Kesme h\u0131z\u0131<\/td>\n<td width=\"970\">30m\/dak<\/td>\n<\/tr>\n<tr>\n<td width=\"354\">Seyahat h\u0131z\u0131<\/td>\n<td width=\"970\">50m\/dak<\/td>\n<\/tr>\n<tr>\n<td width=\"354\">A\u011f\u0131rl\u0131k<\/td>\n<td width=\"970\">Yakla\u015f\u0131k 600kgs<\/td>\n<\/tr>\n<tr>\n<td width=\"354\">Makine Boyutu<\/td>\n<td width=\"970\">3200*2250*1650mm<\/td>\n<\/tr>\n<tr>\n<td width=\"354\">G\u00fc\u00e7<\/td>\n<td width=\"970\">380V 3 faz 50HZ<\/td>\n<\/tr>\n<tr>\n<td width=\"354\">Yaz\u0131l\u0131m<\/td>\n<td width=\"970\">Vcutworks yaz\u0131l\u0131m\u0131<\/td>\n<\/tr>\n<\/tbody>\n<\/table>\n<p><strong><em><u><b><i>Uygulanabilir malzeme: <\/i><\/b><\/u><\/em><\/strong>Koyun kesme pazen, UV tekstil, karbon fiber, cam elyaf, flama afi\u015f, bayrak kuma\u015flar\u0131, koltuk tekstili, perde tekstili, yumu\u015fak elastik kuma\u015f, likra, polyester tafta, suni deri, pvc, pleksiglas gibi plastik, \u0131\u015f\u0131k ge\u00e7irmez kuma\u015flar ve di\u011fer tekstil t\u00fcrleri, giysi konfeksiyon end\u00fcstrisinde veya mobilya end\u00fcstrisinde kullan\u0131l\u0131r.<\/p>\n<p><strong>Makine Foto\u011fraflar\u0131:<\/strong><\/p>\n<p><img alt=\"\" fetchpriority=\"high\" decoding=\"async\" class=\"alignnone size-full wp-image-4184\" src=\"https:\/\/wisecnclaser.com\/wp-content\/uploads\/2025\/09\/\u5706\u5200\u5e26\u7ea0\u504f\u753b\u7ebf\u7b14\u62fc\u56fe.jpg\" width=\"1200\" height=\"1200\" srcset=\"https:\/\/wisecnclaser.com\/wp-content\/uploads\/2025\/09\/\u5706\u5200\u5e26\u7ea0\u504f\u753b\u7ebf\u7b14\u62fc\u56fe.jpg 1200w, https:\/\/wisecnclaser.com\/wp-content\/uploads\/2025\/09\/\u5706\u5200\u5e26\u7ea0\u504f\u753b\u7ebf\u7b14\u62fc\u56fe-300x300.jpg 300w, https:\/\/wisecnclaser.com\/wp-content\/uploads\/2025\/09\/\u5706\u5200\u5e26\u7ea0\u504f\u753b\u7ebf\u7b14\u62fc\u56fe-1024x1024.jpg 1024w, https:\/\/wisecnclaser.com\/wp-content\/uploads\/2025\/09\/\u5706\u5200\u5e26\u7ea0\u504f\u753b\u7ebf\u7b14\u62fc\u56fe-150x150.jpg 150w, https:\/\/wisecnclaser.com\/wp-content\/uploads\/2025\/09\/\u5706\u5200\u5e26\u7ea0\u504f\u753b\u7ebf\u7b14\u62fc\u56fe-768x768.jpg 768w, https:\/\/wisecnclaser.com\/wp-content\/uploads\/2025\/09\/\u5706\u5200\u5e26\u7ea0\u504f\u753b\u7ebf\u7b14\u62fc\u56fe-12x12.jpg 12w, https:\/\/wisecnclaser.com\/wp-content\/uploads\/2025\/09\/\u5706\u5200\u5e26\u7ea0\u504f\u753b\u7ebf\u7b14\u62fc\u56fe-600x600.jpg 600w, https:\/\/wisecnclaser.com\/wp-content\/uploads\/2025\/09\/\u5706\u5200\u5e26\u7ea0\u504f\u753b\u7ebf\u7b14\u62fc\u56fe-100x100.jpg 100w\" sizes=\"(max-width: 1200px) 100vw, 1200px\" \/><\/p>","protected":false},"excerpt":{"rendered":"<p>WS1625 CNC Rotary Knife Textile Cutter-Precision, Automation, and Versatility for Modern Textile Manufacturing In the fast-paced world of apparel manufacturing, efficiency and precision are not just advantages\u2014they are necessities. The WS1625 Computer Controlled Automatic CNC Fabric Cutting Machine is engineered to meet these demands head-on, offering a comprehensive and automated cutting solution designed to streamline [&hellip;]<\/p>\n","protected":false},"featured_media":4185,"template":"","meta":{"_seopress_robots_primary_cat":"none","_seopress_titles_title":"","_seopress_titles_desc":"","_seopress_robots_index":"","_uag_custom_page_level_css":"","site-sidebar-layout":"default","site-content-layout":"","ast-site-content-layout":"default","site-content-style":"default","site-sidebar-style":"default","ast-global-header-display":"","ast-banner-title-visibility":"","ast-main-header-display":"","ast-hfb-above-header-display":"","ast-hfb-below-header-display":"","ast-hfb-mobile-header-display":"","site-post-title":"","ast-breadcrumbs-content":"","ast-featured-img":"","footer-sml-layout":"","ast-disable-related-posts":"","theme-transparent-header-meta":"default","adv-header-id-meta":"","stick-header-meta":"default","header-above-stick-meta":"","header-main-stick-meta":"","header-below-stick-meta":"","astra-migrate-meta-layouts":"set","ast-page-background-enabled":"default","ast-page-background-meta":{"desktop":{"background-color":"","background-image":"","background-repeat":"repeat","background-position":"center center","background-size":"auto","background-attachment":"scroll","background-type":"","background-media":"","overlay-type":"","overlay-color":"","overlay-opacity":"","overlay-gradient":""},"tablet":{"background-color":"","background-image":"","background-repeat":"repeat","background-position":"center center","background-size":"auto","background-attachment":"scroll","background-type":"","background-media":"","overlay-type":"","overlay-color":"","overlay-opacity":"","overlay-gradient":""},"mobile":{"background-color":"","background-image":"","background-repeat":"repeat","background-position":"center center","background-size":"auto","background-attachment":"scroll","background-type":"","background-media":"","overlay-type":"","overlay-color":"","overlay-opacity":"","overlay-gradient":""}},"ast-content-background-meta":{"desktop":{"background-color":"var(--ast-global-color-5)","background-image":"","background-repeat":"repeat","background-position":"center center","background-size":"auto","background-attachment":"scroll","background-type":"","background-media":"","overlay-type":"","overlay-color":"","overlay-opacity":"","overlay-gradient":""},"tablet":{"background-color":"var(--ast-global-color-5)","background-image":"","background-repeat":"repeat","background-position":"center center","background-size":"auto","background-attachment":"scroll","background-type":"","background-media":"","overlay-type":"","overlay-color":"","overlay-opacity":"","overlay-gradient":""},"mobile":{"background-color":"var(--ast-global-color-5)","background-image":"","background-repeat":"repeat","background-position":"center center","background-size":"auto","background-attachment":"scroll","background-type":"","background-media":"","overlay-type":"","overlay-color":"","overlay-opacity":"","overlay-gradient":""}}},"product_brand":[],"product_cat":[21],"product_tag":[156,159,167,154,158,165,162,163,164,161,160,166,157,155],"class_list":{"0":"post-4181","1":"product","2":"type-product","3":"status-publish","4":"has-post-thumbnail","6":"product_cat-oscillating","7":"product_tag-automated-textile-cutting-machine","8":"product_tag-automatic-textile-cutting-line-with-roll-loading-system","9":"product_tag-cnc-cloth-cutting-machine","10":"product_tag-cnc-fabric-cutter","11":"product_tag-cnc-fabric-cutter-with-automatic-spreader","12":"product_tag-cnc-fabric-cutting-machine","13":"product_tag-cnc-knife-cutting-machine-for-apparel","14":"product_tag-cnc-knife-fabric-cutter","15":"product_tag-cnc-knife-textile-cutter","16":"product_tag-cnc-rotary-knife-fabric-cutting-machine","17":"product_tag-cnc-round-knife-textile-cutting-machine","18":"product_tag-cnc-textile-cutting-machine","19":"product_tag-computer-controlled-cloth-cutter","20":"product_tag-digital-cutter-for-apparel","21":"desktop-align-left","22":"tablet-align-left","23":"mobile-align-left","24":"ast-product-gallery-layout-horizontal-slider","25":"ast-product-gallery-with-no-image","26":"ast-product-tabs-layout-horizontal","28":"first","29":"instock","30":"shipping-taxable","31":"product-type-simple"},"uagb_featured_image_src":{"full":["https:\/\/wisecnclaser.com\/wp-content\/uploads\/2025\/09\/QQ20250915-104132.jpg",804,800,false],"thumbnail":["https:\/\/wisecnclaser.com\/wp-content\/uploads\/2025\/09\/QQ20250915-104132-150x150.jpg",150,150,true],"medium":["https:\/\/wisecnclaser.com\/wp-content\/uploads\/2025\/09\/QQ20250915-104132-300x300.jpg",300,300,true],"medium_large":["https:\/\/wisecnclaser.com\/wp-content\/uploads\/2025\/09\/QQ20250915-104132-768x764.jpg",768,764,true],"large":["https:\/\/wisecnclaser.com\/wp-content\/uploads\/2025\/09\/QQ20250915-104132.jpg",804,800,false],"1536x1536":["https:\/\/wisecnclaser.com\/wp-content\/uploads\/2025\/09\/QQ20250915-104132.jpg",804,800,false],"2048x2048":["https:\/\/wisecnclaser.com\/wp-content\/uploads\/2025\/09\/QQ20250915-104132.jpg",804,800,false],"trp-custom-language-flag":["https:\/\/wisecnclaser.com\/wp-content\/uploads\/2025\/09\/QQ20250915-104132-12x12.jpg",12,12,true],"woocommerce_thumbnail":["https:\/\/wisecnclaser.com\/wp-content\/uploads\/2025\/09\/QQ20250915-104132-300x300.jpg",300,300,true],"woocommerce_single":["https:\/\/wisecnclaser.com\/wp-content\/uploads\/2025\/09\/QQ20250915-104132-600x597.jpg",600,597,true],"woocommerce_gallery_thumbnail":["https:\/\/wisecnclaser.com\/wp-content\/uploads\/2025\/09\/QQ20250915-104132-100x100.jpg",100,100,true]},"uagb_author_info":{"display_name":"jinxing6611@gmail.com","author_link":"https:\/\/wisecnclaser.com\/tr\/author\/"},"uagb_comment_info":0,"uagb_excerpt":"WS1625 CNC Rotary Knife Textile Cutter-Precision, Automation, and Versatility for Modern Textile Manufacturing In the fast-paced world of apparel manufacturing, efficiency and precision are not just advantages\u2014they are necessities. The WS1625 Computer Controlled Automatic CNC Fabric Cutting Machine is engineered to meet these demands head-on, offering a comprehensive and automated cutting solution designed to streamline&hellip;","_links":{"self":[{"href":"https:\/\/wisecnclaser.com\/tr\/wp-json\/wp\/v2\/product\/4181","targetHints":{"allow":["GET"]}}],"collection":[{"href":"https:\/\/wisecnclaser.com\/tr\/wp-json\/wp\/v2\/product"}],"about":[{"href":"https:\/\/wisecnclaser.com\/tr\/wp-json\/wp\/v2\/types\/product"}],"wp:featuredmedia":[{"embeddable":true,"href":"https:\/\/wisecnclaser.com\/tr\/wp-json\/wp\/v2\/media\/4185"}],"wp:attachment":[{"href":"https:\/\/wisecnclaser.com\/tr\/wp-json\/wp\/v2\/media?parent=4181"}],"wp:term":[{"taxonomy":"product_brand","embeddable":true,"href":"https:\/\/wisecnclaser.com\/tr\/wp-json\/wp\/v2\/product_brand?post=4181"},{"taxonomy":"product_cat","embeddable":true,"href":"https:\/\/wisecnclaser.com\/tr\/wp-json\/wp\/v2\/product_cat?post=4181"},{"taxonomy":"product_tag","embeddable":true,"href":"https:\/\/wisecnclaser.com\/tr\/wp-json\/wp\/v2\/product_tag?post=4181"}],"curies":[{"name":"wp","href":"https:\/\/api.w.org\/{rel}","templated":true}]}}