{"id":4193,"date":"2025-09-30T06:23:32","date_gmt":"2025-09-30T06:23:32","guid":{"rendered":"https:\/\/wisecnclaser.com\/?post_type=product&#038;p=4193"},"modified":"2025-09-22T06:51:10","modified_gmt":"2025-09-22T06:51:10","slug":"ws2800-cnc-woodworking-automatic-computer-panel-beam-saw","status":"publish","type":"product","link":"https:\/\/wisecnclaser.com\/tr\/urun\/ws2800-cnc-woodworking-automatic-computer-panel-beam-saw\/","title":{"rendered":"WS2800 CNC A\u011fa\u00e7 \u0130\u015fleme Otomatik Bilgisayar Panel Kiri\u015f Testere"},"content":{"rendered":"<p>1. WS2800 CNC Kiri\u015fli Panel Testere Ekipman\u0131na Genel Bak\u0131\u015f:<br \/>\nBu makine yonga levha, \u00e7ok katmanl\u0131 levha, orta yo\u011funlukta lif levha, yo\u011funlukta lif levha, yonga levha, PVC levha, yapay ta\u015f levha, d\u0131\u015f duvar panelleri i\u00e7in kalsiyum silikat levha, karton ve al\u00fcminyum bal pete\u011fi kesmek ve i\u015flemek i\u00e7in uygundur. Hem ana testere hem de besleyici, \u00fcst\u00fcn hassasiyet sa\u011flayan do\u011frusal k\u0131lavuzlar taraf\u0131ndan y\u00f6nlendirilir. Konumland\u0131rma do\u011frulu\u011fu, \u00e7evredeki ortamdan ve manyetik alanlardan etkilenmez, bu da onu g\u00fcvenli ve istikrarl\u0131 hale getirir, bak\u0131m veya ayar gerektirmez. Testere tozu hassas bir \u015fekilde toplan\u0131r ve geleneksel a\u00e7\u0131k tip toz toplamadan farkl\u0131 olarak yakla\u015f\u0131k 1100TP3T toz toplama oran\u0131 elde edilir.<\/p>\n<p>Robotik kol minimum 30*45 mm kesme h\u0131z\u0131na ula\u015fabilir. Bir servo motor, kesme h\u0131z\u0131n\u0131 kontrol ederek \u00fcst\u00fcn kesme stabilitesi i\u00e7in \u00e7ift servolu CNC testere elde eder. Ayr\u0131ca, bir ar\u0131za durumunda makineyi otomatik olarak kapatan \u00e7evrimi\u00e7i bir ar\u0131za tespit sistemine ve h\u0131zl\u0131 sorun giderme i\u00e7in otomatik ar\u0131za tespitine sahiptir. G\u00f6rsel kesme durumu izleme, s\u00fcrekli g\u00f6rsel izleme sa\u011flar ve ak\u0131ll\u0131 kesme optimizasyon yaz\u0131l\u0131m\u0131 zamandan, malzemeden ve i\u015f\u00e7ilikten tasarruf sa\u011flar. \u00d6zellikleri otomasyon, y\u00fcksek verimlilik, y\u00fcksek hassasiyet ve estetiktir. Hem yurt i\u00e7inde hem de yurt d\u0131\u015f\u0131nda panel mobilya \u00fcreticileri taraf\u0131ndan yayg\u0131n olarak kullan\u0131lmaktad\u0131r ve y\u00fcksek performansl\u0131 \u00e7al\u0131\u015fma \u00f6zelli\u011fine sahiptir.<\/p>\n<p>&nbsp;<\/p>\n<p>WS2800 otomatik bilgisayarl\u0131 \u0131\u015f\u0131n testeresi a\u015fa\u011f\u0131daki \u00f6zelliklere de sahiptir:<br \/>\n\u2460. Elektrik bile\u015fenleri, Tayvan Yonghong System, INVT Servo ve Inverter, Schneider Electric ve Tayvan Airtek Pn\u00f6matik Solenoid Valfler gibi tan\u0131nm\u0131\u015f uluslararas\u0131 ve yerli markalar\u0131 kullanarak istikrarl\u0131 \u00e7al\u0131\u015fma sa\u011flar.<br \/>\n\u2461. Hassas \u00e7er\u00e7eve, y\u00fcksek do\u011fruluk ve g\u00fcvenilirlik i\u00e7in titizlikle i\u015flenmi\u015ftir. Elektronik \u00f6l\u00e7ek konumland\u0131rma telafisi gerekmez ve do\u011fruluk, \u00e7evredeki ortamdan ve manyetik alanlardan etkilenmez. G\u00fcvenli ve kararl\u0131d\u0131r, bak\u0131m gerektirmeden kesim hassasiyeti sa\u011flar.<br \/>\n\u2462. Hizmet \u00f6mr\u00fcn\u00fc \u00f6nemli \u00f6l\u00e7\u00fcde uzatan y\u00fcksek kaliteli esnek robotik kablolar kullan\u0131l\u0131r.<br \/>\n\u2463. \u00c7er\u00e7eve, kaynak i\u015fleminden sonra ikili bir elektromanyetik ya\u015fland\u0131rma i\u015flemine ve tavlama i\u015flemine tabi tutularak dayan\u0131kl\u0131, deforme olmayan bir \u00e7er\u00e7eve sa\u011flan\u0131r.<\/p>\n<p>&nbsp;<\/p>\n<p>2. A\u011fa\u00e7 i\u015fleme panel kiri\u015f testere makinesi Ekipman \u00c7al\u0131\u015fma S\u00fcreci:<br \/>\nOperat\u00f6r, i\u015flenecek hammaddeyi bilgisayarl\u0131 panel testerenin \u00e7al\u0131\u015fma masas\u0131na yerle\u015ftirir veya otomatik y\u00fckleme cihaz\u0131n\u0131 kullan\u0131r.<br \/>\nGerekli boyutlar\u0131 girin - Y\u00fckleyin - Kelep\u00e7eye malzemeyi s\u0131k\u0131\u015ft\u0131rma talimat\u0131 vermek i\u00e7in d\u00fc\u011fmeye bas\u0131n - Otomatik \u00e7al\u0131\u015fmay\u0131 ba\u015flat\u0131n -<br \/>\nOtomatik \u00e7al\u0131\u015fmaya giri\u015f - Otomatik konumland\u0131rma - Otomatik kenar hizalama - Otomatik kesme - Otomatik malzeme bo\u015faltma - Otomatik kod tarama - Manuel kod uygulamas\u0131 - Otomatik kesme t\u00fcm kesme i\u015flemlerini tamamlar<\/p>\n<p>3. \u0130\u015flevsel Yap\u0131land\u0131rma:<br \/>\n\u2460. INVT servo ve Tayvan KH y\u00fcksek hassasiyetli di\u015fli raf\u0131.<br \/>\n\u2461. Ana testere k\u0131lavuz raylar\u0131, yar\u0131ks\u0131z, toza dayan\u0131kl\u0131, temizlenmesi kolay ve bak\u0131m\u0131 basit olan dairesel k\u0131lavuzlar kullan\u0131r.<\/p>\n<p>\u2462. Y\u00fckleme tablas\u0131 ve testere tablas\u0131n\u0131n her ikisi de pn\u00f6matik \u015famand\u0131ralar kullan\u0131r, bu da malzeme hareketini daha kolay ve daha az emek yo\u011fun hale getirir ve i\u015f par\u00e7as\u0131 y\u00fczeyinde \u00e7izikleri \u00f6nler. \u2463. Ana ve yard\u0131mc\u0131 testereler, malzemenin kal\u0131nl\u0131\u011f\u0131na g\u00f6re testere b\u0131\u00e7a\u011f\u0131n\u0131n y\u00fcksekli\u011fini ve geni\u015fli\u011fini otomatik olarak alg\u0131layan, testere b\u0131\u00e7a\u011f\u0131n\u0131n kesme strokunun otomatik olarak konumland\u0131r\u0131lmas\u0131n\u0131 sa\u011flayan, bo\u015fa harcanan zaman\u0131 azaltan ve i\u015f verimlili\u011fini art\u0131ran ba\u011f\u0131ms\u0131z kald\u0131rma kontrol sistemleri kullan\u0131r.<br \/>\n\u2464. Kontrol sistemi, kullan\u0131m talimatlar\u0131 ve sorun giderme k\u0131lavuzlar\u0131 ile basit bir aray\u00fcze ve kolay kullan\u0131ma sahiptir. Kesim planlar\u0131n\u0131n, g\u00f6revlerin ve sim\u00fcle edilmi\u015f kesimin d\u00fczenlenmesine ve y\u00f6netilmesine olanak tan\u0131r. \u00c7e\u015fitli testere optimizasyon yaz\u0131l\u0131mlar\u0131, barkod y\u00f6netim yaz\u0131l\u0131mlar\u0131 ve fabrika otomasyon yaz\u0131l\u0131mlar\u0131 ile uyumludur.<br \/>\n\u2465. Esnek \u00e7ift kelep\u00e7eli manip\u00fclat\u00f6r\u00fcn tutma blo\u011fu, bas\u0131n\u00e7 ve a\u015f\u0131nma direnci i\u00e7in kau\u00e7uk kapl\u0131d\u0131r.<br \/>\n\u2466. Manip\u00fclat\u00f6r, servo motor kontrol\u00fc ve y\u00fcksek hassasiyetli sonsuz di\u015fli red\u00fckt\u00f6r\u00fc kullanarak \u00b10,1 mm'lik bir konumland\u0131rma hassasiyeti elde eder.<br \/>\n\u2467. B\u00fcy\u00fck ve k\u00fc\u00e7\u00fck testere kafalar\u0131 dikeydir ve bir testere kafas\u0131 ters y\u00f6nde monte edilmi\u015ftir, bu da ufalanma veya yar\u0131lma olmadan p\u00fcr\u00fczs\u00fcz, d\u00fcz bir kesim sa\u011flar.<\/p>\n<p><strong>WS2800 ah\u015fap panel bilgisayar testere makinesinin Teknik Parametresi:<\/strong><\/p>\n<table>\n<tbody>\n<tr>\n<td width=\"340\">Bilgisayar ve PLC<\/td>\n<td width=\"813\">dahil<\/td>\n<\/tr>\n<tr>\n<td width=\"340\">Yaz\u0131c\u0131<\/td>\n<td width=\"813\">Opsiyonel<\/td>\n<\/tr>\n<tr>\n<td width=\"340\">Optimize edilmi\u015f yaz\u0131l\u0131m<\/td>\n<td width=\"813\">Opsiyonel<\/td>\n<\/tr>\n<tr>\n<td width=\"340\">Yan Hizalay\u0131c\u0131<\/td>\n<td width=\"813\">Opsiyonel<\/td>\n<\/tr>\n<tr>\n<td width=\"340\">Kesme uzunlu\u011fu\/geni\u015fli\u011fi<\/td>\n<td width=\"813\">2800 mm<\/td>\n<\/tr>\n<tr>\n<td width=\"340\">Maksimum kesme y\u00fcksekli\u011fi<\/td>\n<td width=\"813\">120 mm<\/td>\n<\/tr>\n<tr>\n<td width=\"340\">Ana disk \u00e7ap\u0131<\/td>\n<td width=\"813\">\u03a6400-450mm<\/td>\n<\/tr>\n<tr>\n<td width=\"340\">Ana disk mil \u00e7ap\u0131<\/td>\n<td width=\"813\">\u03a675mm<\/td>\n<\/tr>\n<tr>\n<td width=\"340\">Min\u00f6r disk \u00e7ap\u0131<\/td>\n<td width=\"813\">\u03a6200mm<\/td>\n<\/tr>\n<tr>\n<td width=\"340\">Min\u00f6r disk mili \u00e7ap\u0131<\/td>\n<td width=\"813\">\u03a650mm<\/td>\n<\/tr>\n<tr>\n<td width=\"340\">Ana disk d\u00f6n\u00fc\u015f h\u0131z\u0131\/invert\u00f6r ayarlama h\u0131z\u0131<\/td>\n<td width=\"813\">4100r\/dak<\/td>\n<\/tr>\n<tr>\n<td width=\"340\">Min\u00f6r disk d\u00f6n\u00fc\u015f h\u0131z\u0131\/invert\u00f6r ayarlama h\u0131z\u0131<\/td>\n<td width=\"813\">6100r\/dak<\/td>\n<\/tr>\n<tr>\n<td width=\"340\">Testere ta\u015f\u0131y\u0131c\u0131 ilerleme h\u0131z\u0131<\/td>\n<td width=\"813\">100m\/dak \uff08ayarlanm\u0131\u015f\uff09<\/td>\n<\/tr>\n<tr>\n<td width=\"340\">testere ta\u015f\u0131y\u0131c\u0131 geri h\u0131z\u0131<\/td>\n<td width=\"813\">120m\/dak \uff08ayarlanm\u0131\u015f\uff09<\/td>\n<\/tr>\n<tr>\n<td width=\"340\">Ana disk motoru<\/td>\n<td width=\"813\">18.5kw<\/td>\n<\/tr>\n<tr>\n<td width=\"340\">K\u00fc\u00e7\u00fck disk motoru<\/td>\n<td width=\"813\">2.2kw<\/td>\n<\/tr>\n<tr>\n<td width=\"340\">Testere ta\u015f\u0131y\u0131c\u0131 tahrik motoru<\/td>\n<td width=\"813\">2.0kw \uff08INVT servo\uff09<\/td>\n<\/tr>\n<tr>\n<td width=\"340\">Konum sabitleme i\u00e7in besleme motoru<\/td>\n<td width=\"813\">2.0kw \uff08INVT servo\uff09<\/td>\n<\/tr>\n<tr>\n<td width=\"340\">Y\u00fcksek bas\u0131n\u00e7l\u0131 hava pompas\u0131<\/td>\n<td width=\"813\">4kw + 2.2kw<\/td>\n<\/tr>\n<tr>\n<td width=\"340\">Toplam g\u00fc\u00e7<\/td>\n<td width=\"813\">31kw<\/td>\n<\/tr>\n<tr>\n<td width=\"340\">Otomatik besleme h\u0131z\u0131<\/td>\n<td width=\"813\">100\/dak \uff08ayarlanm\u0131\u015f\uff09<\/td>\n<\/tr>\n<tr>\n<td width=\"340\">Bas\u0131n\u00e7 talep edildi<\/td>\n<td width=\"813\">5-8kg\/cm\u00b2<\/td>\n<\/tr>\n<tr>\n<td width=\"340\">\u00c7al\u0131\u015fma masas\u0131 y\u00fcksekli\u011fi<\/td>\n<td width=\"813\">950mm<\/td>\n<\/tr>\n<tr>\n<td width=\"340\">Mekanik kelep\u00e7eler<\/td>\n<td width=\"813\">12-15 adet<\/td>\n<\/tr>\n<tr>\n<td width=\"340\">Makine genel boyutu<\/td>\n<td width=\"813\">5100*6300*1900mm<\/td>\n<\/tr>\n<\/tbody>\n<\/table>","protected":false},"excerpt":{"rendered":"<p>1. WS2800 CNC Beam Panel Saw Equipment Overview: This machine is suitable for sawing and processing particle board, multilayer board, medium-density fiberboard, density fiberboard, particleboard, PVC board, artificial stone board, calcium silicate board for exterior wall panels, cardboard, and aluminum honeycomb. Both the main saw and feeder are guided by linear guides, ensuring superior precision. [&hellip;]<\/p>\n","protected":false},"featured_media":4196,"template":"","meta":{"_seopress_robots_primary_cat":"","_seopress_titles_title":"%%post_title%%","_seopress_titles_desc":"","_seopress_robots_index":"","_uag_custom_page_level_css":"","site-sidebar-layout":"default","site-content-layout":"","ast-site-content-layout":"default","site-content-style":"default","site-sidebar-style":"default","ast-global-header-display":"","ast-banner-title-visibility":"","ast-main-header-display":"","ast-hfb-above-header-display":"","ast-hfb-below-header-display":"","ast-hfb-mobile-header-display":"","site-post-title":"","ast-breadcrumbs-content":"","ast-featured-img":"","footer-sml-layout":"","ast-disable-related-posts":"","theme-transparent-header-meta":"default","adv-header-id-meta":"","stick-header-meta":"default","header-above-stick-meta":"","header-main-stick-meta":"","header-below-stick-meta":"","astra-migrate-meta-layouts":"set","ast-page-background-enabled":"default","ast-page-background-meta":{"desktop":{"background-color":"","background-image":"","background-repeat":"repeat","background-position":"center center","background-size":"auto","background-attachment":"scroll","background-type":"","background-media":"","overlay-type":"","overlay-color":"","overlay-opacity":"","overlay-gradient":""},"tablet":{"background-color":"","background-image":"","background-repeat":"repeat","background-position":"center center","background-size":"auto","background-attachment":"scroll","background-type":"","background-media":"","overlay-type":"","overlay-color":"","overlay-opacity":"","overlay-gradient":""},"mobile":{"background-color":"","background-image":"","background-repeat":"repeat","background-position":"center center","background-size":"auto","background-attachment":"scroll","background-type":"","background-media":"","overlay-type":"","overlay-color":"","overlay-opacity":"","overlay-gradient":""}},"ast-content-background-meta":{"desktop":{"background-color":"var(--ast-global-color-5)","background-image":"","background-repeat":"repeat","background-position":"center center","background-size":"auto","background-attachment":"scroll","background-type":"","background-media":"","overlay-type":"","overlay-color":"","overlay-opacity":"","overlay-gradient":""},"tablet":{"background-color":"var(--ast-global-color-5)","background-image":"","background-repeat":"repeat","background-position":"center center","background-size":"auto","background-attachment":"scroll","background-type":"","background-media":"","overlay-type":"","overlay-color":"","overlay-opacity":"","overlay-gradient":""},"mobile":{"background-color":"var(--ast-global-color-5)","background-image":"","background-repeat":"repeat","background-position":"center center","background-size":"auto","background-attachment":"scroll","background-type":"","background-media":"","overlay-type":"","overlay-color":"","overlay-opacity":"","overlay-gradient":""}}},"product_brand":[],"product_cat":[39],"product_tag":[180,179,168,170,182,183,176,169,178,101,171,172,174,173,181,177,175],"class_list":{"0":"post-4193","1":"product","2":"type-product","3":"status-publish","4":"has-post-thumbnail","6":"product_cat-cuttingsaw","7":"product_tag-auto-beam-saw-machine","8":"product_tag-automatic-cnc-beam-saw-machine","9":"product_tag-automatic-computer-panel-saw","10":"product_tag-beam-panel-saw","11":"product_tag-beam-saw-uk","12":"product_tag-best-cnc-beam-saw","13":"product_tag-cnc-computer-beam-panel-saw","14":"product_tag-cnc-panel-saw","15":"product_tag-computer-panel-saw","16":"product_tag-electric-cutting-saw","17":"product_tag-horizontal-beam-saw","18":"product_tag-panel-beam-saw","19":"product_tag-pressure-beam-saw","20":"product_tag-vertical-panel-saw","21":"product_tag-wodworking-panel-beam-saw","22":"product_tag-wood-panel-computer-saw-machine","23":"product_tag-woodworking-computer-panel-saw","24":"desktop-align-left","25":"tablet-align-left","26":"mobile-align-left","27":"ast-product-gallery-layout-horizontal-slider","28":"ast-product-gallery-with-no-image","29":"ast-product-tabs-layout-horizontal","31":"first","32":"instock","33":"shipping-taxable","34":"product-type-simple"},"uagb_featured_image_src":{"full":["https:\/\/wisecnclaser.com\/wp-content\/uploads\/2025\/09\/KH828.png",806,802,false],"thumbnail":["https:\/\/wisecnclaser.com\/wp-content\/uploads\/2025\/09\/KH828-150x150.png",150,150,true],"medium":["https:\/\/wisecnclaser.com\/wp-content\/uploads\/2025\/09\/KH828-300x300.png",300,300,true],"medium_large":["https:\/\/wisecnclaser.com\/wp-content\/uploads\/2025\/09\/KH828-768x764.png",768,764,true],"large":["https:\/\/wisecnclaser.com\/wp-content\/uploads\/2025\/09\/KH828.png",806,802,false],"1536x1536":["https:\/\/wisecnclaser.com\/wp-content\/uploads\/2025\/09\/KH828.png",806,802,false],"2048x2048":["https:\/\/wisecnclaser.com\/wp-content\/uploads\/2025\/09\/KH828.png",806,802,false],"trp-custom-language-flag":["https:\/\/wisecnclaser.com\/wp-content\/uploads\/2025\/09\/KH828-12x12.png",12,12,true],"woocommerce_thumbnail":["https:\/\/wisecnclaser.com\/wp-content\/uploads\/2025\/09\/KH828-300x300.png",300,300,true],"woocommerce_single":["https:\/\/wisecnclaser.com\/wp-content\/uploads\/2025\/09\/KH828-600x597.png",600,597,true],"woocommerce_gallery_thumbnail":["https:\/\/wisecnclaser.com\/wp-content\/uploads\/2025\/09\/KH828-100x100.png",100,100,true]},"uagb_author_info":{"display_name":"jinxing6611@gmail.com","author_link":"https:\/\/wisecnclaser.com\/tr\/author\/"},"uagb_comment_info":0,"uagb_excerpt":"1. WS2800 CNC Beam Panel Saw Equipment Overview: This machine is suitable for sawing and processing particle board, multilayer board, medium-density fiberboard, density fiberboard, particleboard, PVC board, artificial stone board, calcium silicate board for exterior wall panels, cardboard, and aluminum honeycomb. Both the main saw and feeder are guided by linear guides, ensuring superior precision.&hellip;","_links":{"self":[{"href":"https:\/\/wisecnclaser.com\/tr\/wp-json\/wp\/v2\/product\/4193","targetHints":{"allow":["GET"]}}],"collection":[{"href":"https:\/\/wisecnclaser.com\/tr\/wp-json\/wp\/v2\/product"}],"about":[{"href":"https:\/\/wisecnclaser.com\/tr\/wp-json\/wp\/v2\/types\/product"}],"wp:featuredmedia":[{"embeddable":true,"href":"https:\/\/wisecnclaser.com\/tr\/wp-json\/wp\/v2\/media\/4196"}],"wp:attachment":[{"href":"https:\/\/wisecnclaser.com\/tr\/wp-json\/wp\/v2\/media?parent=4193"}],"wp:term":[{"taxonomy":"product_brand","embeddable":true,"href":"https:\/\/wisecnclaser.com\/tr\/wp-json\/wp\/v2\/product_brand?post=4193"},{"taxonomy":"product_cat","embeddable":true,"href":"https:\/\/wisecnclaser.com\/tr\/wp-json\/wp\/v2\/product_cat?post=4193"},{"taxonomy":"product_tag","embeddable":true,"href":"https:\/\/wisecnclaser.com\/tr\/wp-json\/wp\/v2\/product_tag?post=4193"}],"curies":[{"name":"wp","href":"https:\/\/api.w.org\/{rel}","templated":true}]}}