{"id":4198,"date":"2025-10-09T07:42:59","date_gmt":"2025-10-09T07:42:59","guid":{"rendered":"https:\/\/wisecnclaser.com\/?post_type=product&#038;p=4198"},"modified":"2025-10-09T07:42:59","modified_gmt":"2025-10-09T07:42:59","slug":"ws2025-convey-table-cnc-oscillating-knife-cutting-machine-for-sale","status":"publish","type":"product","link":"https:\/\/wisecnclaser.com\/tr\/urun\/ws2025-convey-table-cnc-oscillating-knife-cutting-machine-for-sale\/","title":{"rendered":"WS2025 Konvey\u00f6r Tablal\u0131 CNC Sal\u0131n\u0131ml\u0131 B\u0131\u00e7ak Kesme Makinesi Sat\u0131l\u0131k"},"content":{"rendered":"<p><strong>WS2025 CNC Sal\u0131n\u0131ml\u0131 B\u0131\u00e7ak Kesme Makinesi, Entegre CCD Kamera ve Sal\u0131n\u0131ml\u0131 B\u0131\u00e7ak S\u00fcr\u00fckleme B\u0131\u00e7a\u011f\u0131 ile<\/strong><\/p>\n<p>Dijital \u00fcretim d\u00fcnyas\u0131nda hassasiyet, h\u0131z ve \u00e7ok y\u00f6nl\u00fcl\u00fck her \u015feyden \u00f6nemlidir. \u00c7ok \u00e7e\u015fitli orta yo\u011funluklu malzemelerin kesimi i\u00e7in yeni standartlar belirlemek \u00fczere tasarlanm\u0131\u015f son teknoloji CNC sal\u0131n\u0131ml\u0131 b\u0131\u00e7ak kesme makinemizle tan\u0131\u015f\u0131n. Bu makine, sal\u0131n\u0131ml\u0131 b\u0131\u00e7akl\u0131 CNC sisteminin ham g\u00fcc\u00fcn\u00fc y\u00fcksek \u00e7\u00f6z\u00fcn\u00fcrl\u00fckl\u00fc CCD kameran\u0131n ak\u0131ll\u0131 g\u00f6r\u00fc\u015f\u00fcyle sorunsuz bir \u015fekilde entegre ederek modern \u00fcretim ortamlar\u0131 i\u00e7in benzersiz bir do\u011fruluk ve verimlilik sunar.<\/p>\n<p><strong>Sal\u0131n\u0131ml\u0131 B\u0131\u00e7ak Kesicinin G\u00fcc\u00fcn\u00fc Ortaya \u00c7\u0131kar\u0131n<\/strong><\/p>\n<p>Bu makinenin kalbinde y\u00fcksek performansl\u0131 sal\u0131n\u0131ml\u0131 b\u0131\u00e7ak kesici kafas\u0131 bulunmaktad\u0131r. Geleneksel d\u00f6ner b\u0131\u00e7aklar\u0131n veya lazer kesicilerin aksine, b\u0131\u00e7ak y\u00fcksek frekansta yukar\u0131 ve a\u015fa\u011f\u0131 hareket ederek kenarlar\u0131 y\u0131pratmadan, yakmadan veya eritmeden \u00e7e\u015fitli malzemelerde inan\u0131lmaz derecede temiz, dikey kesimler yapmas\u0131n\u0131 sa\u011flar. Bu da onu hassas kal\u0131p kesim par\u00e7alar\u0131 gerektiren end\u00fcstriler i\u00e7in ideal \u00e7\u00f6z\u00fcm haline getirir.<\/p>\n<p><strong><em>Sal\u0131n\u0131ml\u0131 b\u0131\u00e7ak kesicimiz i\u00e7in ideal malzemeler \u015funlard\u0131r:<\/em><\/strong><br \/>\nKau\u00e7uk ve Deri<br \/>\nConta malzemeleri<br \/>\nKarton ve Oluklu Mukavva<br \/>\nPVC ve Kompozit Plastikler<br \/>\nT\u00fcm yo\u011funluklarda k\u00f6p\u00fck<br \/>\nKa\u011f\u0131t ve Kart Sto\u011fu<\/p>\n<p>Karma\u015f\u0131k contalar ve \u00f6zel deri \u00fcr\u00fcnlerden ayr\u0131nt\u0131l\u0131 ambalaj prototiplerine ve k\u00f6p\u00fck eklere kadar, bu CNC b\u0131\u00e7ak kesme makinesi her \u015feyi kolayl\u0131kla ve ola\u011fan\u00fcst\u00fc bir h\u0131zla halleder.<\/p>\n<p><strong>Kusursuz Uygulama i\u00e7in Ak\u0131ll\u0131 G\u00f6r\u00fc\u015f: Titre\u015fimli B\u0131\u00e7ak Kesicinin Entegre CCD Kameras\u0131<\/strong><\/p>\n<p>\u00d6nceden bas\u0131lm\u0131\u015f desenler, logolar veya karma\u015f\u0131k \u00e7ok katmanl\u0131 montajlar i\u00e7eren projeler i\u00e7in hassas hizalama tart\u0131\u015f\u0131lmazd\u0131r. Makinemiz, kay\u0131t i\u015faretlerini (fiducial marks) otomatik olarak tarayan ve tan\u0131yan geli\u015fmi\u015f bir CCD kamera sistemi ile donat\u0131lm\u0131\u015ft\u0131r.<\/p>\n<p>Bu g\u00fc\u00e7l\u00fc \u00f6zellik makinenin \u015funlar\u0131 yapmas\u0131n\u0131 sa\u011flar:<br \/>\nKesim yolunu bas\u0131l\u0131 grafiklerle otomatik olarak hizalayarak insan hatas\u0131n\u0131 ortadan kald\u0131r\u0131r.<br \/>\nKesme yata\u011f\u0131ndaki malzeme esnemesi, e\u011frilmesi veya yanl\u0131\u015f yerle\u015ftirilmesini telafi edin.<br \/>\nHer seferinde m\u00fckemmel kontur kesimi sa\u011flayarak nihai kesimin bas\u0131l\u0131 tasar\u0131ma m\u00fckemmel \u015fekilde uymas\u0131n\u0131 garanti eder.<\/p>\n<p>Bu, \u00f6zel \u00e7\u0131kartmalar, bask\u0131l\u0131 giysiler, tabelalar ve bask\u0131 ve kesim do\u011frulu\u011funun kritik oldu\u011fu t\u00fcm projeler gibi uygulamalar i\u00e7in vazge\u00e7ilmezdir.<\/p>\n<p><strong>Temel \u00d6zellikler ve Faydalar:<\/strong><\/p>\n<p>\u00c7ift Fonksiyonlu Tak\u0131m Kafas\u0131: Sa\u011flam bir sal\u0131n\u0131ml\u0131 b\u0131\u00e7ak a\u011fz\u0131 CNC kafas\u0131 ve y\u00fcksek hassasiyetli bir CCD kameran\u0131n tek bir platformda birle\u015fimi.<br \/>\n\u00dcst\u00fcn Kesim Kalitesi: Titre\u015fim ve kesim hareketi, k\u00f6p\u00fck, deri ve kau\u00e7uk \u00fczerinde termal hasar olmadan temiz, s\u0131zd\u0131rmaz kenarlar sa\u011flar.<br \/>\nY\u00fcksek Verimlilik: Y\u00fcksek kesme h\u0131zlar\u0131 ve otomatik kay\u0131t, kurulum s\u00fcrelerini azalt\u0131r ve verimi art\u0131r\u0131r.<br \/>\nKullan\u0131c\u0131 Dostu Yaz\u0131l\u0131m: Sezgisel kontrol yaz\u0131l\u0131m\u0131 kolay dosya i\u00e7e aktar\u0131m\u0131 sa\u011flar.<br \/>\nOla\u011fan\u00fcst\u00fc \u00c7ok Y\u00f6nl\u00fcl\u00fck: Basit bir alet de\u011fi\u015fikli\u011fi ile conta, karton, PVC ve karma\u015f\u0131k ka\u011f\u0131t tasar\u0131mlar\u0131n\u0131 kesmek aras\u0131nda zahmetsizce ge\u00e7i\u015f yap\u0131n.<\/p>\n<p>Bu sadece bir CNC sal\u0131n\u0131ml\u0131 b\u0131\u00e7ak kesme makinesinden daha fazlas\u0131d\u0131r; kapsaml\u0131 bir ak\u0131ll\u0131 kesme \u00e7\u00f6z\u00fcm\u00fcd\u00fcr. Bir sal\u0131n\u0131ml\u0131 b\u0131\u00e7akl\u0131 kesicinin fiziksel kesme becerisini bir CCD kameran\u0131n dijital hassasiyeti ile birle\u015ftirerek, \u00fcretkenli\u011fi art\u0131ran, israf\u0131 azaltan ve s\u00fcrekli olarak m\u00fckemmel sonu\u00e7lar veren bir sistem sunuyoruz.<\/p>\n<p>\u00dcretim hatt\u0131n\u0131z\u0131 y\u00fckseltin. Dijital kesimin gelece\u011fini kucaklay\u0131n.<\/p>\n<p>Daha fazla bilgi edinmek ve bir demo planlamak i\u00e7in bug\u00fcn bize ula\u015f\u0131n!<\/p>\n<p><strong>WS2025 ta\u015f\u0131ma masas\u0131 en iyi sal\u0131n\u0131ml\u0131 b\u0131\u00e7ak kesme makinesinin Teknik Parametreleri:<\/strong><\/p>\n<table>\n<tbody>\n<tr>\n<td colspan=\"2\" width=\"1324\"><strong>Tan\u0131m ve \u00d6zellikler:<\/strong><\/td>\n<\/tr>\n<tr>\n<td width=\"316\">X \u00e7al\u0131\u015fma boyutu<\/td>\n<td width=\"1008\">2000mm (\u00e7al\u0131\u015fma geni\u015fli\u011fi)<\/td>\n<\/tr>\n<tr>\n<td width=\"316\">Y \u00e7al\u0131\u015fma boyutu<\/td>\n<td width=\"1008\">2500mm (\u00e7al\u0131\u015fma uzunlu\u011fu)<\/td>\n<\/tr>\n<tr>\n<td width=\"316\">Z \u00e7al\u0131\u015fma boyutu<\/td>\n<td width=\"1008\">30mm<\/td>\n<\/tr>\n<tr>\n<td width=\"316\">Kesme kafas\u0131<\/td>\n<td width=\"1008\">cnc sal\u0131n\u0131ml\u0131 b\u0131\u00e7ak kesme kafas\u0131 +CCD Kamera<\/td>\n<\/tr>\n<tr>\n<td width=\"316\">G\u00f6r\u00fcnt\u00fcleme yolu<\/td>\n<td width=\"1008\">\u0130ngilizce LED dokunmatik ekran<\/td>\n<\/tr>\n<tr>\n<td width=\"316\">Makine masas\u0131<\/td>\n<td width=\"1008\">Al\u00fcminyum K\u00f6r\u00fckl\u00fc Emme Tablas\u0131 + Rulo malzeme kesimi i\u00e7in konvey\u00f6r tablas\u0131<\/td>\n<\/tr>\n<tr>\n<td width=\"316\">Veri aktar\u0131m yolu<\/td>\n<td width=\"1008\">Intel<\/td>\n<\/tr>\n<tr>\n<td width=\"316\">Vakum pompas\u0131<\/td>\n<td width=\"1008\">9KW hava tipi vakum pompas\u0131<\/td>\n<\/tr>\n<tr>\n<td width=\"316\">S\u00fcr\u00fc\u015f sistemi<\/td>\n<td width=\"1008\">Tayvan delta servo s\u00fcr\u00fcc\u00fc ve motor<\/td>\n<\/tr>\n<tr>\n<td width=\"316\">Kontrol sistemi<\/td>\n<td width=\"1008\">RD kontrol sistemi<\/td>\n<\/tr>\n<tr>\n<td width=\"316\">Rehberlik sistemi<\/td>\n<td width=\"1008\">Tayvan TBI kare ray<\/td>\n<\/tr>\n<tr>\n<td width=\"316\">Alet sens\u00f6r\u00fc<\/td>\n<td width=\"1008\">\u0130le, k\u0131rm\u0131z\u0131 nokta<\/td>\n<\/tr>\n<tr>\n<td width=\"316\">\u015eanz\u0131man<\/td>\n<td width=\"1008\">Y kremayer pinyonu, XZ senkron \u00e7elik kay\u0131\u015f<\/td>\n<\/tr>\n<tr>\n<td width=\"316\">Kesme h\u0131z\u0131<\/td>\n<td width=\"1008\">30m\/dak<\/td>\n<\/tr>\n<tr>\n<td width=\"316\">Seyahat h\u0131z\u0131<\/td>\n<td width=\"1008\">50m\/dak<\/td>\n<\/tr>\n<tr>\n<td width=\"316\">A\u011f\u0131rl\u0131k<\/td>\n<td width=\"1008\">Yakla\u015f\u0131k 1300kgs<\/td>\n<\/tr>\n<tr>\n<td width=\"316\">Boyut<\/td>\n<td width=\"1008\">2250*3300*1650mm<\/td>\n<\/tr>\n<tr>\n<td width=\"316\">G\u00fc\u00e7<\/td>\n<td width=\"1008\">380V 50HZ<\/td>\n<\/tr>\n<tr>\n<td width=\"316\">Yaz\u0131l\u0131m<\/td>\n<td width=\"1008\">vcutsoftware<\/td>\n<\/tr>\n<\/tbody>\n<\/table>\n<p><strong>Sal\u0131n\u0131ml\u0131 Te\u011fetsel B\u0131\u00e7ak Kesme Makinesi Foto\u011fraflar\u0131:<\/strong><\/p>\n<p><img alt=\"\" fetchpriority=\"high\" decoding=\"async\" class=\"alignnone size-full wp-image-4202\" src=\"https:\/\/wisecnclaser.com\/wp-content\/uploads\/2025\/10\/\u672a\u547d\u540d.jpg\" width=\"1200\" height=\"1200\" srcset=\"https:\/\/wisecnclaser.com\/wp-content\/uploads\/2025\/10\/\u672a\u547d\u540d.jpg 1200w, https:\/\/wisecnclaser.com\/wp-content\/uploads\/2025\/10\/\u672a\u547d\u540d-300x300.jpg 300w, https:\/\/wisecnclaser.com\/wp-content\/uploads\/2025\/10\/\u672a\u547d\u540d-1024x1024.jpg 1024w, https:\/\/wisecnclaser.com\/wp-content\/uploads\/2025\/10\/\u672a\u547d\u540d-150x150.jpg 150w, https:\/\/wisecnclaser.com\/wp-content\/uploads\/2025\/10\/\u672a\u547d\u540d-768x768.jpg 768w, https:\/\/wisecnclaser.com\/wp-content\/uploads\/2025\/10\/\u672a\u547d\u540d-12x12.jpg 12w, https:\/\/wisecnclaser.com\/wp-content\/uploads\/2025\/10\/\u672a\u547d\u540d-600x600.jpg 600w, https:\/\/wisecnclaser.com\/wp-content\/uploads\/2025\/10\/\u672a\u547d\u540d-100x100.jpg 100w\" sizes=\"(max-width: 1200px) 100vw, 1200px\" \/><\/p>\n<p><strong>CNC Sal\u0131n\u0131ml\u0131 B\u0131\u00e7ak Kesici Makine Yedek Par\u00e7alar\u0131:<\/strong><\/p>\n<p><img alt=\"\" decoding=\"async\" class=\"alignnone size-full wp-image-4203\" src=\"https:\/\/wisecnclaser.com\/wp-content\/uploads\/2025\/10\/cnc-knife-cutting-machine.jpg\" width=\"1200\" height=\"1200\" srcset=\"https:\/\/wisecnclaser.com\/wp-content\/uploads\/2025\/10\/cnc-knife-cutting-machine.jpg 1200w, https:\/\/wisecnclaser.com\/wp-content\/uploads\/2025\/10\/cnc-knife-cutting-machine-300x300.jpg 300w, https:\/\/wisecnclaser.com\/wp-content\/uploads\/2025\/10\/cnc-knife-cutting-machine-1024x1024.jpg 1024w, https:\/\/wisecnclaser.com\/wp-content\/uploads\/2025\/10\/cnc-knife-cutting-machine-150x150.jpg 150w, https:\/\/wisecnclaser.com\/wp-content\/uploads\/2025\/10\/cnc-knife-cutting-machine-768x768.jpg 768w, https:\/\/wisecnclaser.com\/wp-content\/uploads\/2025\/10\/cnc-knife-cutting-machine-12x12.jpg 12w, https:\/\/wisecnclaser.com\/wp-content\/uploads\/2025\/10\/cnc-knife-cutting-machine-600x600.jpg 600w, https:\/\/wisecnclaser.com\/wp-content\/uploads\/2025\/10\/cnc-knife-cutting-machine-100x100.jpg 100w\" sizes=\"(max-width: 1200px) 100vw, 1200px\" \/><\/p>\n<p><strong>CNC B\u0131\u00e7ak Kesme Makinesi \u00d6rnekleri:<\/strong><\/p>\n<p><img alt=\"\" decoding=\"async\" class=\"alignnone size-full wp-image-4204\" src=\"https:\/\/wisecnclaser.com\/wp-content\/uploads\/2025\/10\/oscillating-knife-cutter-sample.jpg\" width=\"1200\" height=\"1200\" srcset=\"https:\/\/wisecnclaser.com\/wp-content\/uploads\/2025\/10\/oscillating-knife-cutter-sample.jpg 1200w, https:\/\/wisecnclaser.com\/wp-content\/uploads\/2025\/10\/oscillating-knife-cutter-sample-300x300.jpg 300w, https:\/\/wisecnclaser.com\/wp-content\/uploads\/2025\/10\/oscillating-knife-cutter-sample-1024x1024.jpg 1024w, https:\/\/wisecnclaser.com\/wp-content\/uploads\/2025\/10\/oscillating-knife-cutter-sample-150x150.jpg 150w, https:\/\/wisecnclaser.com\/wp-content\/uploads\/2025\/10\/oscillating-knife-cutter-sample-768x768.jpg 768w, https:\/\/wisecnclaser.com\/wp-content\/uploads\/2025\/10\/oscillating-knife-cutter-sample-12x12.jpg 12w, https:\/\/wisecnclaser.com\/wp-content\/uploads\/2025\/10\/oscillating-knife-cutter-sample-600x600.jpg 600w, https:\/\/wisecnclaser.com\/wp-content\/uploads\/2025\/10\/oscillating-knife-cutter-sample-100x100.jpg 100w\" sizes=\"(max-width: 1200px) 100vw, 1200px\" \/><\/p>","protected":false},"excerpt":{"rendered":"<p>WS2025 CNC Oscillating Knife Cutting Machine with Integrated CCD Camera and Oscillating Knife Drag Knife In the world of digital fabrication, precision, speed, and versatility are paramount. Introducing our state-of-the-art CNC oscillating knife cutting machine, engineered to set new standards for cutting a wide array of medium-density materials. This machine seamlessly integrates the raw power [&hellip;]<\/p>\n","protected":false},"featured_media":4201,"template":"","meta":{"_seopress_robots_primary_cat":"","_seopress_titles_title":"","_seopress_titles_desc":"","_seopress_robots_index":"","_uag_custom_page_level_css":"","site-sidebar-layout":"default","site-content-layout":"","ast-site-content-layout":"default","site-content-style":"default","site-sidebar-style":"default","ast-global-header-display":"","ast-banner-title-visibility":"","ast-main-header-display":"","ast-hfb-above-header-display":"","ast-hfb-below-header-display":"","ast-hfb-mobile-header-display":"","site-post-title":"","ast-breadcrumbs-content":"","ast-featured-img":"","footer-sml-layout":"","ast-disable-related-posts":"","theme-transparent-header-meta":"default","adv-header-id-meta":"","stick-header-meta":"default","header-above-stick-meta":"","header-main-stick-meta":"","header-below-stick-meta":"","astra-migrate-meta-layouts":"set","ast-page-background-enabled":"default","ast-page-background-meta":{"desktop":{"background-color":"","background-image":"","background-repeat":"repeat","background-position":"center center","background-size":"auto","background-attachment":"scroll","background-type":"","background-media":"","overlay-type":"","overlay-color":"","overlay-opacity":"","overlay-gradient":""},"tablet":{"background-color":"","background-image":"","background-repeat":"repeat","background-position":"center center","background-size":"auto","background-attachment":"scroll","background-type":"","background-media":"","overlay-type":"","overlay-color":"","overlay-opacity":"","overlay-gradient":""},"mobile":{"background-color":"","background-image":"","background-repeat":"repeat","background-position":"center center","background-size":"auto","background-attachment":"scroll","background-type":"","background-media":"","overlay-type":"","overlay-color":"","overlay-opacity":"","overlay-gradient":""}},"ast-content-background-meta":{"desktop":{"background-color":"var(--ast-global-color-5)","background-image":"","background-repeat":"repeat","background-position":"center center","background-size":"auto","background-attachment":"scroll","background-type":"","background-media":"","overlay-type":"","overlay-color":"","overlay-opacity":"","overlay-gradient":""},"tablet":{"background-color":"var(--ast-global-color-5)","background-image":"","background-repeat":"repeat","background-position":"center center","background-size":"auto","background-attachment":"scroll","background-type":"","background-media":"","overlay-type":"","overlay-color":"","overlay-opacity":"","overlay-gradient":""},"mobile":{"background-color":"var(--ast-global-color-5)","background-image":"","background-repeat":"repeat","background-position":"center center","background-size":"auto","background-attachment":"scroll","background-type":"","background-media":"","overlay-type":"","overlay-color":"","overlay-opacity":"","overlay-gradient":""}}},"product_brand":[],"product_cat":[21],"product_tag":[199,194,188,195,198,197,189,184,196,186,185,187,191,193,192,190],"class_list":{"0":"post-4198","1":"product","2":"type-product","3":"status-publish","4":"has-post-thumbnail","6":"product_cat-oscillating","7":"product_tag-best-cnc-knife-cutting-machine","8":"product_tag-best-oscillating-knife-cutting-machine","9":"product_tag-cnc-drag-knife","10":"product_tag-cnc-knife-cutting-machine","11":"product_tag-cnc-knife-cutting-machine-for-sale","12":"product_tag-cnc-knife-cutting-machine-price","13":"product_tag-cnc-tangential-knife","14":"product_tag-flatbed-digital-plotter","15":"product_tag-oscillating-knife","16":"product_tag-oscillating-knife-blade-cnc","17":"product_tag-oscillating-knife-cutter","18":"product_tag-oscillating-knife-cutter-for-sale","19":"product_tag-oscillating-knife-cutting-machine","20":"product_tag-oscillating-knife-cutting-machine-for-sale","21":"product_tag-oscillating-knife-cutting-machine-price","22":"product_tag-oscillating-tangential-knife","23":"desktop-align-left","24":"tablet-align-left","25":"mobile-align-left","26":"ast-product-gallery-layout-horizontal-slider","27":"ast-product-gallery-with-no-image","28":"ast-product-tabs-layout-horizontal","30":"first","31":"instock","32":"shipping-taxable","33":"product-type-simple"},"uagb_featured_image_src":{"full":["https:\/\/wisecnclaser.com\/wp-content\/uploads\/2025\/10\/2025.png",1072,1072,false],"thumbnail":["https:\/\/wisecnclaser.com\/wp-content\/uploads\/2025\/10\/2025-150x150.png",150,150,true],"medium":["https:\/\/wisecnclaser.com\/wp-content\/uploads\/2025\/10\/2025-300x300.png",300,300,true],"medium_large":["https:\/\/wisecnclaser.com\/wp-content\/uploads\/2025\/10\/2025-768x768.png",768,768,true],"large":["https:\/\/wisecnclaser.com\/wp-content\/uploads\/2025\/10\/2025-1024x1024.png",1024,1024,true],"1536x1536":["https:\/\/wisecnclaser.com\/wp-content\/uploads\/2025\/10\/2025.png",1072,1072,false],"2048x2048":["https:\/\/wisecnclaser.com\/wp-content\/uploads\/2025\/10\/2025.png",1072,1072,false],"trp-custom-language-flag":["https:\/\/wisecnclaser.com\/wp-content\/uploads\/2025\/10\/2025-12x12.png",12,12,true],"woocommerce_thumbnail":["https:\/\/wisecnclaser.com\/wp-content\/uploads\/2025\/10\/2025-300x300.png",300,300,true],"woocommerce_single":["https:\/\/wisecnclaser.com\/wp-content\/uploads\/2025\/10\/2025-600x600.png",600,600,true],"woocommerce_gallery_thumbnail":["https:\/\/wisecnclaser.com\/wp-content\/uploads\/2025\/10\/2025-100x100.png",100,100,true]},"uagb_author_info":{"display_name":"jinxing6611@gmail.com","author_link":"https:\/\/wisecnclaser.com\/tr\/author\/"},"uagb_comment_info":0,"uagb_excerpt":"WS2025 CNC Oscillating Knife Cutting Machine with Integrated CCD Camera and Oscillating Knife Drag Knife In the world of digital fabrication, precision, speed, and versatility are paramount. Introducing our state-of-the-art CNC oscillating knife cutting machine, engineered to set new standards for cutting a wide array of medium-density materials. This machine seamlessly integrates the raw power&hellip;","_links":{"self":[{"href":"https:\/\/wisecnclaser.com\/tr\/wp-json\/wp\/v2\/product\/4198","targetHints":{"allow":["GET"]}}],"collection":[{"href":"https:\/\/wisecnclaser.com\/tr\/wp-json\/wp\/v2\/product"}],"about":[{"href":"https:\/\/wisecnclaser.com\/tr\/wp-json\/wp\/v2\/types\/product"}],"wp:featuredmedia":[{"embeddable":true,"href":"https:\/\/wisecnclaser.com\/tr\/wp-json\/wp\/v2\/media\/4201"}],"wp:attachment":[{"href":"https:\/\/wisecnclaser.com\/tr\/wp-json\/wp\/v2\/media?parent=4198"}],"wp:term":[{"taxonomy":"product_brand","embeddable":true,"href":"https:\/\/wisecnclaser.com\/tr\/wp-json\/wp\/v2\/product_brand?post=4198"},{"taxonomy":"product_cat","embeddable":true,"href":"https:\/\/wisecnclaser.com\/tr\/wp-json\/wp\/v2\/product_cat?post=4198"},{"taxonomy":"product_tag","embeddable":true,"href":"https:\/\/wisecnclaser.com\/tr\/wp-json\/wp\/v2\/product_tag?post=4198"}],"curies":[{"name":"wp","href":"https:\/\/api.w.org\/{rel}","templated":true}]}}