{"id":4227,"date":"2025-11-10T02:00:13","date_gmt":"2025-11-10T02:00:13","guid":{"rendered":"https:\/\/wisecnclaser.com\/?post_type=product&#038;p=4227"},"modified":"2025-12-12T06:32:59","modified_gmt":"2025-12-12T06:32:59","slug":"wide-format-digital-die-cutting-machine-for-printing-signage-shop-cnc-knife-cutter-with-multi-tools","status":"publish","type":"product","link":"https:\/\/wisecnclaser.com\/tr\/urun\/wide-format-digital-die-cutting-machine-for-printing-signage-shop-cnc-knife-cutter-with-multi-tools\/","title":{"rendered":"Bask\u0131 ve Tabela Ma\u011fazas\u0131 i\u00e7in Geni\u015f Format Dijital Kal\u0131p Kesme Makinesi-\u00c7ok Aletli CNC B\u0131\u00e7ak Kesici"},"content":{"rendered":"<p><strong>\u00a0Tabela ve Bask\u0131 At\u00f6lyeleri i\u00e7in \u00c7\u00f6z\u00fcm: <\/strong><strong>\u00c7ok Y\u00f6nl\u00fc WS1530 Titre\u015fimli B\u0131\u00e7akl\u0131 CNC Kesici<\/strong><\/p>\n<p>Reklam ve bask\u0131n\u0131n h\u0131zl\u0131 d\u00fcnyas\u0131nda hassasiyet, h\u0131z ve \u00e7ok y\u00f6nl\u00fcl\u00fck sadece avantaj de\u011fil, ayn\u0131 zamanda gerekliliktir. M\u00fc\u015fterilerin farkl\u0131 taleplerini kar\u015f\u0131lamak i\u00e7in karma\u015f\u0131k \u00e7\u0131kartmalardan sa\u011flam PVC levhalara kadar her \u015feyin \u00fcstesinden gelebilecek ekipmanlar gerekir. \u00dcretim alan\u0131n\u0131z\u0131n en \u00f6nemli par\u00e7as\u0131 olmak \u00fczere tasarlanm\u0131\u015f g\u00fc\u00e7l\u00fc bir makine olan yeni nesil titre\u015fimli b\u0131\u00e7akl\u0131 CNC kesiciye girin.<\/p>\n<p>Bu geli\u015fmi\u015f kesme sistemi, \u00e7al\u0131\u015ft\u0131\u011f\u0131n\u0131z hemen hemen her malzemenin \u00fcstesinden gelmek i\u00e7in birden fazla arac\u0131 bir araya getirir. Temelinde vinil, film ve hal\u0131 gibi esnek malzemelerin yan\u0131 s\u0131ra daha kal\u0131n, \u00e7ok katmanl\u0131 kompozitleri zahmetsizce kesen y\u00fcksek frekansl\u0131 sal\u0131n\u0131ml\u0131 b\u0131\u00e7ak kesici bulunur. B\u0131\u00e7ak h\u0131zla yukar\u0131 ve a\u015fa\u011f\u0131 hareket ederek en karma\u015f\u0131k konturlarda bile temiz, y\u0131pranmam\u0131\u015f kenarlar sa\u011flar.<\/p>\n<p>Ancak makinenin yetenekleri bununla s\u0131n\u0131rl\u0131 de\u011fil. Kapsaml\u0131 bir ara\u00e7 paketi i\u00e7eren ger\u00e7ek bir hepsi bir arada i\u015f istasyonudur:<\/p>\n<p>&nbsp;<\/p>\n<p>Sal\u0131n\u0131ml\u0131 B\u0131\u00e7ak Kesme Makinesi \u00c7ekirde\u011fi: \u00c7\u0131kartmalar\u0131 ve \u00e7\u0131kartmalar\u0131 \u00f6p\u00fcc\u00fck \u015feklinde kesmek i\u00e7in m\u00fckemmeldir ve destek ka\u011f\u0131d\u0131n\u0131 tamamen sa\u011flam b\u0131rak\u0131r.<br \/>\nTe\u011fetsel B\u0131\u00e7ak Kesici: Karton, k\u00f6p\u00fck levha ve akrilik gibi daha kal\u0131n, daha sert malzemelerde bozulmam\u0131\u015f, keskin k\u00f6\u015feler elde etmek i\u00e7in gereklidir. Te\u011fetsel b\u0131\u00e7ak kesme sistemi, kesme yolunu takip etmek i\u00e7in b\u0131\u00e7a\u011f\u0131 otomatik olarak d\u00f6nd\u00fcrerek her ayr\u0131nt\u0131da e\u015fsiz do\u011frulu\u011fu garanti eder.<br \/>\nS\u00fcr\u00fckleme B\u0131\u00e7a\u011f\u0131: Vinil ve ka\u011f\u0131t gibi daha yumu\u015fak malzemelerin y\u00fcksek h\u0131zda kesilmesi i\u00e7in kullan\u0131lan alet.<br \/>\nFrezeleme Aleti: Al\u00fcminyum kompozit paneller, plastik ve ah\u015fap gibi malzemeler \u00fczerinde delme, kaz\u0131ma ve hassas y\u00f6nlendirme yollar\u0131 olu\u015fturman\u0131za olanak tan\u0131yarak hizmet tekliflerinizi geni\u015fletir.<br \/>\nE\u011fim Verme Aleti \/ Kesme Aleti: Tabela harfleri \u00fczerinde m\u00fckemmel, profesyonel kalitede e\u011fimli kenarlar olu\u015fturmak i\u00e7in \u00f6zel olarak tasarlanm\u0131\u015ft\u0131r.<br \/>\nBas\u0131n\u00e7 Silindiri\/K\u0131rma Tekerle\u011fi: Ambalaj prototipleri ve te\u015fhirler i\u00e7in gerekli olan oluklu plastik veya karton \u00fczerinde kesmeden \u00e7izik atmak veya k\u0131r\u0131\u015f\u0131k \u00e7izgiler olu\u015fturmak i\u00e7in idealdir.<\/p>\n<p>Her seferinde kusursuz kay\u0131t sa\u011flamak i\u00e7in, entegre bir CCD kamera \u00f6nceden bas\u0131lm\u0131\u015f kay\u0131t i\u015faretlerini otomatik olarak tarar. Bu, yazd\u0131rma ve kesme i\u015flerinizin m\u00fckemmel \u015fekilde hizalanmas\u0131, israf\u0131n b\u00fcy\u00fck \u00f6l\u00e7\u00fcde azalt\u0131lmas\u0131 ve maliyetli yanl\u0131\u015f hizalama hatalar\u0131n\u0131n ortadan kald\u0131r\u0131lmas\u0131 anlam\u0131na gelir.<\/p>\n<p><strong>Neden Bu \u00c7ok Aletli Geni\u015f Format Dijital Kesim Makinesini Se\u00e7melisiniz?<\/strong><\/p>\n<p>E\u015fsiz \u00c7ok Y\u00f6nl\u00fcl\u00fck: Sal\u0131n\u0131ml\u0131 b\u0131\u00e7ak kesici, te\u011fetsel b\u0131\u00e7ak kesici ve di\u011fer aletler aras\u0131nda kolayl\u0131kla ge\u00e7i\u015f yap\u0131n. Bir makine birka\u00e7 makinenin yerini alarak yerden ve sermaye yat\u0131r\u0131m\u0131ndan tasarruf sa\u011flar.<br \/>\n\u00dcst\u00fcn Hassasiyet ve Kalite: Titre\u015fimli b\u0131\u00e7a\u011f\u0131n i\u015fledi\u011fi ince detaylardan te\u011fetsel sistemin keskin k\u00f6\u015felerine kadar, i\u015finizi di\u011ferlerinden ay\u0131ran bir kalite seviyesine ula\u015f\u0131n.<br \/>\nArtan K\u00e2rl\u0131l\u0131k: Ara\u00e7 grafikleri ve zemin \u00e7\u0131kartmalar\u0131ndan \u00f6zel tabela ve paketlemeye kadar daha geni\u015f bir yelpazedeki i\u015fleri benzersiz bir verimlilikle \u00fcstlenin.<\/p>\n<p><strong>WS1530 CNC Sal\u0131n\u0131ml\u0131 B\u0131\u00e7ak Kesme Makinesi Teknik Parametresi:<\/strong><\/p>\n<table>\n<tbody>\n<tr>\n<td colspan=\"2\" width=\"1324\"><strong>Tan\u0131m ve \u00d6zellikler:<\/strong><\/p>\n<p><strong>\u00a0<\/strong><\/td>\n<\/tr>\n<tr>\n<td width=\"316\">X \u00e7al\u0131\u015fma boyutu<\/td>\n<td width=\"1008\">1500mm<\/td>\n<\/tr>\n<tr>\n<td width=\"316\">Y \u00e7al\u0131\u015fma boyutu<\/td>\n<td width=\"1008\">3000mm<\/td>\n<\/tr>\n<tr>\n<td width=\"316\">Z \u00e7al\u0131\u015fma boyutu<\/td>\n<td width=\"1008\">10mm<\/td>\n<\/tr>\n<tr>\n<td width=\"316\">Kesme kafas\u0131<\/p>\n<p>&nbsp;<\/td>\n<td width=\"1008\">\u00c7IFT KAFA MOD\u00dcL\u00dc + CCD KAMERA + FREZE MILI (\u00c7IFT KAFA MOD\u00dcL\u00dc, \u00d6P\u00dcC\u00dcK KESME ALETI, TAM KESIM TITRE\u015eIMLI ALET, KIRMA TEKERLE\u011eI, YUVARLAK BI\u00c7AK, V KESME ALETI, S\u00dcR\u00dcKLEME BI\u00c7A\u011eI TAKABILIR)<\/td>\n<\/tr>\n<tr>\n<td width=\"316\">G\u00f6r\u00fcnt\u00fcleme yolu<\/td>\n<td width=\"1008\">\u0130ngilizce LED dokunmatik ekran, \u0130spanyolca dil deste\u011fi<\/td>\n<\/tr>\n<tr>\n<td width=\"316\">Makine masas\u0131<\/td>\n<td width=\"1008\">Kal\u0131n Al\u00fcminyum k\u00f6r\u00fckl\u00fc masa,<\/td>\n<\/tr>\n<tr>\n<td width=\"316\">Veri aktar\u0131m yolu<\/td>\n<td width=\"1008\">Intel<\/td>\n<\/tr>\n<tr>\n<td width=\"316\">Vakum pompas\u0131<\/td>\n<td width=\"1008\">9KW hava tipi vakum pompas\u0131<\/td>\n<\/tr>\n<tr>\n<td width=\"316\">S\u00fcr\u00fc\u015f sistemi<\/td>\n<td width=\"1008\">Tayvan delta servo s\u00fcr\u00fcc\u00fc ve motor<\/td>\n<\/tr>\n<tr>\n<td width=\"316\">Kontrol sistemi<\/td>\n<td width=\"1008\">RD 8 eksenli kontrol sistemi<\/td>\n<\/tr>\n<tr>\n<td width=\"316\">Rehberlik sistemi<\/td>\n<td width=\"1008\">Tayvan TBI kare ray<\/td>\n<\/tr>\n<tr>\n<td width=\"316\">Alet sens\u00f6r\u00fc<\/td>\n<td width=\"1008\">\u0130le, k\u0131rm\u0131z\u0131 nokta<\/td>\n<\/tr>\n<tr>\n<td width=\"316\">\u015eanz\u0131man<\/td>\n<td width=\"1008\">Y kremayer pinyonu, XZ senkron \u00e7elik kay\u0131\u015f<\/td>\n<\/tr>\n<tr>\n<td width=\"316\">Kesme h\u0131z\u0131<\/td>\n<td width=\"1008\">30m\/dak<\/td>\n<\/tr>\n<tr>\n<td width=\"316\">Seyahat h\u0131z\u0131<\/td>\n<td width=\"1008\">50m\/dak<\/td>\n<\/tr>\n<tr>\n<td width=\"316\">A\u011f\u0131rl\u0131k<\/td>\n<td width=\"1008\">Yakla\u015f\u0131k 600kgs<\/td>\n<\/tr>\n<tr>\n<td width=\"316\">Boyut<\/td>\n<td width=\"1008\">2250*4100*1650mm<\/td>\n<\/tr>\n<tr>\n<td width=\"316\">G\u00fc\u00e7<\/td>\n<td width=\"1008\">380v 50HZ 1 faz<\/td>\n<\/tr>\n<tr>\n<td width=\"316\">Yaz\u0131l\u0131m<\/td>\n<td width=\"1008\">Vcutworks<\/td>\n<\/tr>\n<\/tbody>\n<\/table>\n<p><strong>Flatbed Dijital Kesim Makinesi Foto\u011fraflar\u0131:<\/strong><\/p>\n<p><img alt=\"\" fetchpriority=\"high\" decoding=\"async\" class=\"alignnone size-full wp-image-4231\" src=\"https:\/\/wisecnclaser.com\/wp-content\/uploads\/2025\/11\/1530-digital-cutter.jpg\" width=\"1200\" height=\"1200\" srcset=\"https:\/\/wisecnclaser.com\/wp-content\/uploads\/2025\/11\/1530-digital-cutter.jpg 1200w, https:\/\/wisecnclaser.com\/wp-content\/uploads\/2025\/11\/1530-digital-cutter-300x300.jpg 300w, https:\/\/wisecnclaser.com\/wp-content\/uploads\/2025\/11\/1530-digital-cutter-1024x1024.jpg 1024w, https:\/\/wisecnclaser.com\/wp-content\/uploads\/2025\/11\/1530-digital-cutter-150x150.jpg 150w, https:\/\/wisecnclaser.com\/wp-content\/uploads\/2025\/11\/1530-digital-cutter-768x768.jpg 768w, https:\/\/wisecnclaser.com\/wp-content\/uploads\/2025\/11\/1530-digital-cutter-12x12.jpg 12w, https:\/\/wisecnclaser.com\/wp-content\/uploads\/2025\/11\/1530-digital-cutter-600x600.jpg 600w, https:\/\/wisecnclaser.com\/wp-content\/uploads\/2025\/11\/1530-digital-cutter-100x100.jpg 100w\" sizes=\"(max-width: 1200px) 100vw, 1200px\" \/> <img alt=\"\" decoding=\"async\" class=\"alignnone size-full wp-image-4232\" src=\"https:\/\/wisecnclaser.com\/wp-content\/uploads\/2025\/11\/flatbed-cutting-plotter-spare-parts.jpg\" width=\"1200\" height=\"1200\" srcset=\"https:\/\/wisecnclaser.com\/wp-content\/uploads\/2025\/11\/flatbed-cutting-plotter-spare-parts.jpg 1200w, https:\/\/wisecnclaser.com\/wp-content\/uploads\/2025\/11\/flatbed-cutting-plotter-spare-parts-300x300.jpg 300w, https:\/\/wisecnclaser.com\/wp-content\/uploads\/2025\/11\/flatbed-cutting-plotter-spare-parts-1024x1024.jpg 1024w, https:\/\/wisecnclaser.com\/wp-content\/uploads\/2025\/11\/flatbed-cutting-plotter-spare-parts-150x150.jpg 150w, https:\/\/wisecnclaser.com\/wp-content\/uploads\/2025\/11\/flatbed-cutting-plotter-spare-parts-768x768.jpg 768w, https:\/\/wisecnclaser.com\/wp-content\/uploads\/2025\/11\/flatbed-cutting-plotter-spare-parts-12x12.jpg 12w, https:\/\/wisecnclaser.com\/wp-content\/uploads\/2025\/11\/flatbed-cutting-plotter-spare-parts-600x600.jpg 600w, https:\/\/wisecnclaser.com\/wp-content\/uploads\/2025\/11\/flatbed-cutting-plotter-spare-parts-100x100.jpg 100w\" sizes=\"(max-width: 1200px) 100vw, 1200px\" \/><\/p>\n<p><strong>CNC B\u0131\u00e7ak Kesme Makinesi \u00d6rnekleri:<\/strong><\/p>\n<p><img alt=\"\" decoding=\"async\" class=\"alignnone size-full wp-image-4233\" src=\"https:\/\/wisecnclaser.com\/wp-content\/uploads\/2025\/11\/cnc-knife-cutter-sample.jpg\" width=\"1200\" height=\"1200\" srcset=\"https:\/\/wisecnclaser.com\/wp-content\/uploads\/2025\/11\/cnc-knife-cutter-sample.jpg 1200w, https:\/\/wisecnclaser.com\/wp-content\/uploads\/2025\/11\/cnc-knife-cutter-sample-300x300.jpg 300w, https:\/\/wisecnclaser.com\/wp-content\/uploads\/2025\/11\/cnc-knife-cutter-sample-1024x1024.jpg 1024w, https:\/\/wisecnclaser.com\/wp-content\/uploads\/2025\/11\/cnc-knife-cutter-sample-150x150.jpg 150w, https:\/\/wisecnclaser.com\/wp-content\/uploads\/2025\/11\/cnc-knife-cutter-sample-768x768.jpg 768w, https:\/\/wisecnclaser.com\/wp-content\/uploads\/2025\/11\/cnc-knife-cutter-sample-12x12.jpg 12w, https:\/\/wisecnclaser.com\/wp-content\/uploads\/2025\/11\/cnc-knife-cutter-sample-600x600.jpg 600w, https:\/\/wisecnclaser.com\/wp-content\/uploads\/2025\/11\/cnc-knife-cutter-sample-100x100.jpg 100w\" sizes=\"(max-width: 1200px) 100vw, 1200px\" \/> <img alt=\"\" loading=\"lazy\" decoding=\"async\" class=\"alignnone size-full wp-image-4234\" src=\"https:\/\/wisecnclaser.com\/wp-content\/uploads\/2025\/11\/oscillating-knife-cutter-sample.jpg\" width=\"1200\" height=\"1200\" srcset=\"https:\/\/wisecnclaser.com\/wp-content\/uploads\/2025\/11\/oscillating-knife-cutter-sample.jpg 1200w, https:\/\/wisecnclaser.com\/wp-content\/uploads\/2025\/11\/oscillating-knife-cutter-sample-300x300.jpg 300w, https:\/\/wisecnclaser.com\/wp-content\/uploads\/2025\/11\/oscillating-knife-cutter-sample-1024x1024.jpg 1024w, https:\/\/wisecnclaser.com\/wp-content\/uploads\/2025\/11\/oscillating-knife-cutter-sample-150x150.jpg 150w, https:\/\/wisecnclaser.com\/wp-content\/uploads\/2025\/11\/oscillating-knife-cutter-sample-768x768.jpg 768w, https:\/\/wisecnclaser.com\/wp-content\/uploads\/2025\/11\/oscillating-knife-cutter-sample-12x12.jpg 12w, https:\/\/wisecnclaser.com\/wp-content\/uploads\/2025\/11\/oscillating-knife-cutter-sample-600x600.jpg 600w, https:\/\/wisecnclaser.com\/wp-content\/uploads\/2025\/11\/oscillating-knife-cutter-sample-100x100.jpg 100w\" sizes=\"(max-width: 1200px) 100vw, 1200px\" \/><\/p>\n<p>At\u00f6lyenizin yeteneklerini y\u00fckseltin ve yeni gelir ak\u0131\u015flar\u0131n\u0131n kilidini a\u00e7\u0131n. Reklam \u00fcretiminin gelece\u011fi burada.<\/p>\n<p>Titre\u015fimli b\u0131\u00e7ak CNC kesicimizin i\u015finizi nas\u0131l d\u00f6n\u00fc\u015ft\u00fcrebilece\u011fini ke\u015ffetmek i\u00e7in bug\u00fcn bize ula\u015f\u0131n!<\/p>","protected":false},"excerpt":{"rendered":"<p>\u00a0Solution for Signage and Print Shops: The Versatile WS1530 Vibrating Knife CNC Cutter In the fast-paced world of advertising and print, precision, speed, and versatility are not just advantages\u2014they are necessities. Meeting the diverse demands of clients requires equipment that can handle everything from intricate decals to robust PVC boards. Enter the next-generation vibrating knife [&hellip;]<\/p>\n","protected":false},"featured_media":4230,"template":"","meta":{"_seopress_robots_primary_cat":"none","_seopress_titles_title":"","_seopress_titles_desc":"","_seopress_robots_index":"","_uag_custom_page_level_css":"","site-sidebar-layout":"default","site-content-layout":"","ast-site-content-layout":"default","site-content-style":"default","site-sidebar-style":"default","ast-global-header-display":"","ast-banner-title-visibility":"","ast-main-header-display":"","ast-hfb-above-header-display":"","ast-hfb-below-header-display":"","ast-hfb-mobile-header-display":"","site-post-title":"","ast-breadcrumbs-content":"","ast-featured-img":"","footer-sml-layout":"","ast-disable-related-posts":"","theme-transparent-header-meta":"default","adv-header-id-meta":"","stick-header-meta":"default","header-above-stick-meta":"","header-main-stick-meta":"","header-below-stick-meta":"","astra-migrate-meta-layouts":"set","ast-page-background-enabled":"default","ast-page-background-meta":{"desktop":{"background-color":"","background-image":"","background-repeat":"repeat","background-position":"center center","background-size":"auto","background-attachment":"scroll","background-type":"","background-media":"","overlay-type":"","overlay-color":"","overlay-opacity":"","overlay-gradient":""},"tablet":{"background-color":"","background-image":"","background-repeat":"repeat","background-position":"center center","background-size":"auto","background-attachment":"scroll","background-type":"","background-media":"","overlay-type":"","overlay-color":"","overlay-opacity":"","overlay-gradient":""},"mobile":{"background-color":"","background-image":"","background-repeat":"repeat","background-position":"center center","background-size":"auto","background-attachment":"scroll","background-type":"","background-media":"","overlay-type":"","overlay-color":"","overlay-opacity":"","overlay-gradient":""}},"ast-content-background-meta":{"desktop":{"background-color":"var(--ast-global-color-5)","background-image":"","background-repeat":"repeat","background-position":"center center","background-size":"auto","background-attachment":"scroll","background-type":"","background-media":"","overlay-type":"","overlay-color":"","overlay-opacity":"","overlay-gradient":""},"tablet":{"background-color":"var(--ast-global-color-5)","background-image":"","background-repeat":"repeat","background-position":"center center","background-size":"auto","background-attachment":"scroll","background-type":"","background-media":"","overlay-type":"","overlay-color":"","overlay-opacity":"","overlay-gradient":""},"mobile":{"background-color":"var(--ast-global-color-5)","background-image":"","background-repeat":"repeat","background-position":"center center","background-size":"auto","background-attachment":"scroll","background-type":"","background-media":"","overlay-type":"","overlay-color":"","overlay-opacity":"","overlay-gradient":""}}},"product_brand":[],"product_cat":[21],"product_tag":[185,191,212,214,213],"class_list":{"0":"post-4227","1":"product","2":"type-product","3":"status-publish","4":"has-post-thumbnail","6":"product_cat-oscillating","7":"product_tag-oscillating-knife-cutter","8":"product_tag-oscillating-knife-cutting-machine","9":"product_tag-tangential-knife-cutter","10":"product_tag-tangential-knife-cutting-system","11":"product_tag-vibrating-knife-cnc-cutter","12":"desktop-align-left","13":"tablet-align-left","14":"mobile-align-left","15":"ast-product-gallery-layout-horizontal-slider","16":"ast-product-gallery-with-no-image","17":"ast-product-tabs-layout-horizontal","19":"first","20":"instock","21":"featured","22":"shipping-taxable","23":"product-type-simple"},"uagb_featured_image_src":{"full":["https:\/\/wisecnclaser.com\/wp-content\/uploads\/2025\/11\/wide-format-digital-cutting-machine.jpg",1080,1070,false],"thumbnail":["https:\/\/wisecnclaser.com\/wp-content\/uploads\/2025\/11\/wide-format-digital-cutting-machine-150x150.jpg",150,150,true],"medium":["https:\/\/wisecnclaser.com\/wp-content\/uploads\/2025\/11\/wide-format-digital-cutting-machine-300x297.jpg",300,297,true],"medium_large":["https:\/\/wisecnclaser.com\/wp-content\/uploads\/2025\/11\/wide-format-digital-cutting-machine-768x761.jpg",768,761,true],"large":["https:\/\/wisecnclaser.com\/wp-content\/uploads\/2025\/11\/wide-format-digital-cutting-machine-1024x1015.jpg",1024,1015,true],"1536x1536":["https:\/\/wisecnclaser.com\/wp-content\/uploads\/2025\/11\/wide-format-digital-cutting-machine.jpg",1080,1070,false],"2048x2048":["https:\/\/wisecnclaser.com\/wp-content\/uploads\/2025\/11\/wide-format-digital-cutting-machine.jpg",1080,1070,false],"trp-custom-language-flag":["https:\/\/wisecnclaser.com\/wp-content\/uploads\/2025\/11\/wide-format-digital-cutting-machine-12x12.jpg",12,12,true],"woocommerce_thumbnail":["https:\/\/wisecnclaser.com\/wp-content\/uploads\/2025\/11\/wide-format-digital-cutting-machine-300x300.jpg",300,300,true],"woocommerce_single":["https:\/\/wisecnclaser.com\/wp-content\/uploads\/2025\/11\/wide-format-digital-cutting-machine-600x594.jpg",600,594,true],"woocommerce_gallery_thumbnail":["https:\/\/wisecnclaser.com\/wp-content\/uploads\/2025\/11\/wide-format-digital-cutting-machine-100x100.jpg",100,100,true]},"uagb_author_info":{"display_name":"jinxing6611@gmail.com","author_link":"https:\/\/wisecnclaser.com\/tr\/author\/"},"uagb_comment_info":0,"uagb_excerpt":"\u00a0Solution for Signage and Print Shops: The Versatile WS1530 Vibrating Knife CNC Cutter In the fast-paced world of advertising and print, precision, speed, and versatility are not just advantages\u2014they are necessities. Meeting the diverse demands of clients requires equipment that can handle everything from intricate decals to robust PVC boards. Enter the next-generation vibrating knife&hellip;","_links":{"self":[{"href":"https:\/\/wisecnclaser.com\/tr\/wp-json\/wp\/v2\/product\/4227","targetHints":{"allow":["GET"]}}],"collection":[{"href":"https:\/\/wisecnclaser.com\/tr\/wp-json\/wp\/v2\/product"}],"about":[{"href":"https:\/\/wisecnclaser.com\/tr\/wp-json\/wp\/v2\/types\/product"}],"wp:featuredmedia":[{"embeddable":true,"href":"https:\/\/wisecnclaser.com\/tr\/wp-json\/wp\/v2\/media\/4230"}],"wp:attachment":[{"href":"https:\/\/wisecnclaser.com\/tr\/wp-json\/wp\/v2\/media?parent=4227"}],"wp:term":[{"taxonomy":"product_brand","embeddable":true,"href":"https:\/\/wisecnclaser.com\/tr\/wp-json\/wp\/v2\/product_brand?post=4227"},{"taxonomy":"product_cat","embeddable":true,"href":"https:\/\/wisecnclaser.com\/tr\/wp-json\/wp\/v2\/product_cat?post=4227"},{"taxonomy":"product_tag","embeddable":true,"href":"https:\/\/wisecnclaser.com\/tr\/wp-json\/wp\/v2\/product_tag?post=4227"}],"curies":[{"name":"wp","href":"https:\/\/api.w.org\/{rel}","templated":true}]}}