{"id":4302,"date":"2026-01-12T05:55:40","date_gmt":"2026-01-12T05:55:40","guid":{"rendered":"https:\/\/wisecnclaser.com\/?post_type=product&#038;p=4302"},"modified":"2026-01-12T05:55:41","modified_gmt":"2026-01-12T05:55:41","slug":"ws4500-automatic-computer-cnc-panel-saw-your-best-cnc-wood-cutting-saw-for-automated-panel-processing","status":"publish","type":"product","link":"https:\/\/wisecnclaser.com\/tr\/urun\/ws4500-automatic-computer-cnc-panel-saw-your-best-cnc-wood-cutting-saw-for-automated-panel-processing\/","title":{"rendered":"WS4500 Otomatik Bilgisayar CNC Panel Testere-Otomatik Panel \u0130\u015fleme i\u00e7in En \u0130yi CNC Ah\u015fap Kesme Testereniz"},"content":{"rendered":"<p>WS4500 Bilgisayarl\u0131 Panel Testere: Panel Testerede Hassasiyeti ve Verimlili\u011fi Ke\u015ffedin<\/p>\n<p>&nbsp;<\/p>\n<p>4500 Serisi Bilgisayarl\u0131 Panel Testere, ah\u015fap i\u015fleme profesyonelleri i\u00e7in otomatik kesim teknolojisinin zirvesini temsil eder. Y\u00fcksek hacimli \u00fcretim ortamlar\u0131 i\u00e7in tasarlanan bu \u0131\u015f\u0131n testeresi makinesi, kontrplak, MDF, yonga levha ve laminatlar gibi panel malzemelerinde kusursuz, tekrarlanabilir kesimler sunmak i\u00e7in sa\u011flam yap\u0131y\u0131 ak\u0131ll\u0131 yaz\u0131l\u0131mla b\u00fct\u00fcnle\u015ftirir. Milimetrenin kesirleriyle \u00f6l\u00e7\u00fclen hassasiyet ve \u00fcretim s\u00fcresini k\u0131saltan verimlilik talep ediyorsan\u0131z 4500 Serisi sizin i\u00e7in tasarland\u0131.<\/p>\n<p>&nbsp;<\/p>\n<p>4500 Serisi Neden En \u0130yi CNC A\u011fa\u00e7 Kesme Testeresi Olarak Kabul Edilir?<\/p>\n<p>&nbsp;<\/p>\n<ol>\n<li>\u00a0E\u015fsiz Kesme Hassasiyeti ve Temiz Son \u0130\u015flem: Geli\u015fmi\u015f servo s\u00fcr\u00fcc\u00fc sistemimiz ve sert k\u0131lavuz mekanizmam\u0131z, her kesimin m\u00fckemmel kare ve tala\u015fs\u0131z olmas\u0131n\u0131 sa\u011flar. Otomatik bilgisayar \u0131\u015f\u0131nl\u0131 testere kontrol\u00fc, insan hatas\u0131n\u0131 ortadan kald\u0131r\u0131r, partiden partiye tutarl\u0131 par\u00e7a boyutlar\u0131n\u0131 garanti eder, malzeme israf\u0131n\u0131 ve yeniden \u00e7al\u0131\u015fmay\u0131 en aza indirir.<\/li>\n<\/ol>\n<p>&nbsp;<\/p>\n<ol start=\"2\">\n<li>\u00a0Tam Otomatik, Y\u00fcksek H\u0131zl\u0131 \u00c7al\u0131\u015fma: Otomatik y\u00fckleme ve konumland\u0131rmadan optimize edilmi\u015f kesme ve ay\u0131rmaya kadar 4500 Serisi t\u00fcm i\u015f ak\u0131\u015f\u0131n\u0131 kolayla\u015ft\u0131r\u0131r. Bu otomatik bilgisayarl\u0131 \u0131\u015f\u0131n testeresi, her tabakadan elde edilen verimi en \u00fcst d\u00fczeye \u00e7\u0131karmak i\u00e7in par\u00e7alar\u0131 i\u00e7 i\u00e7e yerle\u015ftiren, veriminizi ve karl\u0131l\u0131\u011f\u0131n\u0131z\u0131 \u00f6nemli \u00f6l\u00e7\u00fcde art\u0131ran ak\u0131ll\u0131 kesme yaz\u0131l\u0131m\u0131na sahiptir.<\/li>\n<\/ol>\n<p>&nbsp;<\/p>\n<ol start=\"3\">\n<li>\u00a0Sa\u011flam ve G\u00fcvenilir Kiri\u015f Testere Yap\u0131s\u0131: A\u011f\u0131r hizmet tipi \u00e7elik \u00e7er\u00e7eve ve hassas bile\u015fenlerle \u00fcretilen 4500 kiri\u015f testere makinesi, 7\/24 end\u00fcstriyel i\u015fler i\u00e7in tasarlanm\u0131\u015ft\u0131r. Uzun s\u00fcreli stabilite ve dayan\u0131kl\u0131l\u0131k sa\u011flayarak \u00fcretim hatt\u0131n\u0131z i\u00e7in g\u00fcvenilir bir omurga sa\u011flar.<\/li>\n<\/ol>\n<p>&nbsp;<\/p>\n<ol start=\"4\">\n<li>Kullan\u0131c\u0131 Dostu Bilgisayar Kontrol\u00fc: Sezgisel dokunmatik ekran aray\u00fcz\u00fc, karma\u015f\u0131k kesim programlar\u0131n\u0131n ayarlanmas\u0131n\u0131 ve y\u00fcr\u00fct\u00fclmesini kolayla\u015ft\u0131r\u0131r. Operat\u00f6rlerin sipari\u015fleri kolayca y\u00f6netebilmesi, kesim modellerini g\u00f6rselle\u015ftirebilmesi ve makine durumunu izleyebilmesi, bilgisayar paneli testeresini eri\u015filebilir ve g\u00fc\u00e7l\u00fc hale getirir.<\/li>\n<\/ol>\n<p>\u0130deal Uygulamalar:<\/p>\n<p>Dolap ve Vanity \u0130malat\u0131: Hassas dolap kenarlar\u0131, kap\u0131lar ve raflar\u0131 verimli bir \u015fekilde \u00fcretin.<\/p>\n<p>\u00d6zel Mobilya ve Ankastreler: Konut ve ticari projeler i\u00e7in karma\u015f\u0131k kesim listelerinin \u00fcstesinden gelin.<\/p>\n<p>Ofis ve Ma\u011faza Fikst\u00fcrleri: Te\u015fhir \u00fcniteleri ve b\u00f6lme sistemleri i\u00e7in m\u00fckemmel kesimler elde edin.<\/p>\n<p>Tabela ve End\u00fcstriyel Bile\u015fenler: \u00c7ok \u00e7e\u015fitli sac malzemeleri g\u00fcvenilir bir \u015fekilde i\u015fleyin.<\/p>\n<p>&nbsp;<\/p>\n<p>Teknik \u00d6zellikler:<\/p>\n<p>Model 4500 Serisi Otomatik Bilgisayar Panel Testere<\/p>\n<p>Kesim Kapasitesi: Standart ve b\u00fcy\u00fck boyutlu panellere uygun y\u00fcksek performansl\u0131 kesme geni\u015fli\u011fi ve uzunlu\u011fu.<\/p>\n<p>Tahrik Sistemi: Y\u00fcksek hassasiyetli servo motorlar ve vidal\u0131 miller.<\/p>\n<p>Kontrol Sistemi: Optimize edilmi\u015f kesme ve yerle\u015ftirme yaz\u0131l\u0131m\u0131na sahip end\u00fcstriyel PC.<\/p>\n<p>G\u00fcvenlik \u00d6zellikleri: Kapsaml\u0131 koruma, acil durdurma ve g\u00fcvenlik sens\u00f6rleri.<\/p>\n<p>&nbsp;<\/p>\n<p>Ah\u015fap CNC Kesme Testeresi Teknik Parametresi:<\/p>\n<table>\n<tbody>\n<tr>\n<td width=\"769\">Maks. kesme uzunlu\u011fu<\/td>\n<td width=\"475\">4500 mm<\/td>\n<\/tr>\n<tr>\n<td width=\"769\">Maks. kesme y\u00fcksekli\u011fi<\/td>\n<td width=\"475\">100 mm<\/td>\n<\/tr>\n<tr>\n<td width=\"769\">Min. kesim boyutu<\/td>\n<td width=\"475\">100*100mm<\/td>\n<\/tr>\n<tr>\n<td width=\"769\">Ana testere b\u0131\u00e7a\u011f\u0131 motor g\u00fcc\u00fc<\/td>\n<td width=\"475\">16.5kw<\/td>\n<\/tr>\n<tr>\n<td width=\"769\">Ana testere b\u0131\u00e7a\u011f\u0131 \u00e7ap\u0131<\/td>\n<td width=\"475\">400mm<\/td>\n<\/tr>\n<tr>\n<td width=\"769\">Ana mil \u00e7ap\u0131<\/td>\n<td width=\"475\">75 mm<\/td>\n<\/tr>\n<tr>\n<td width=\"769\">Ana testere b\u0131\u00e7a\u011f\u0131 h\u0131z\u0131<\/td>\n<td width=\"475\">4000r\/dak<\/td>\n<\/tr>\n<tr>\n<td width=\"769\">Puanlama testeresi motor g\u00fcc\u00fc<\/td>\n<td width=\"475\">2.2kw<\/td>\n<\/tr>\n<tr>\n<td width=\"769\">Testere \u00e7ap\u0131n\u0131 \u00e7izme<\/td>\n<td width=\"475\">180 mm<\/td>\n<\/tr>\n<tr>\n<td width=\"769\">Skorlama mili \u00e7ap\u0131<\/td>\n<td width=\"475\">50mm<\/td>\n<\/tr>\n<tr>\n<td width=\"769\">Testere h\u0131z\u0131n\u0131 puanlama<\/td>\n<td width=\"475\">6000r\/dak<\/td>\n<\/tr>\n<tr>\n<td width=\"769\">\u0130tici sistem tahrik motoru<\/td>\n<td width=\"475\">2.4kw<\/td>\n<\/tr>\n<tr>\n<td width=\"769\">Y\u00fcksek bas\u0131n\u00e7l\u0131 fan motoru<\/td>\n<td width=\"475\">3kw<\/td>\n<\/tr>\n<tr>\n<td width=\"769\">\u00e7al\u0131\u015fma hava bas\u0131nc\u0131<\/td>\n<td width=\"475\">6-7kg\/c\u33a1<\/td>\n<\/tr>\n<tr>\n<td width=\"769\">testere ta\u015f\u0131y\u0131c\u0131 tahrik motoru<\/td>\n<td width=\"475\">3.8kw<\/td>\n<\/tr>\n<tr>\n<td width=\"769\">Yan motor g\u00fcc\u00fc<\/td>\n<td width=\"475\">90W<\/td>\n<\/tr>\n<tr>\n<td width=\"769\">Tutucular<\/td>\n<td width=\"475\">12<\/td>\n<\/tr>\n<tr>\n<td width=\"769\">Gerilim<\/td>\n<td width=\"475\">380V, 50HZ, 3 faz<\/td>\n<\/tr>\n<tr>\n<td width=\"769\">Makine boyutu<\/td>\n<td width=\"475\">6900*4600*2180mm<\/td>\n<\/tr>\n<tr>\n<td width=\"769\">a\u011f\u0131rl\u0131k<\/td>\n<td width=\"475\">6.2T<\/td>\n<\/tr>\n<\/tbody>\n<\/table>\n<p>&nbsp;<\/p>\n<p>\u00dcretiminizi Bug\u00fcn Y\u00fckseltin<\/p>\n<p>H\u0131z, hassasiyet veya malzeme veriminden \u00f6d\u00fcn vermeyi b\u0131rak\u0131n. 4500 Serisi bilgisayarl\u0131 panel testere, operasyonlar\u0131n\u0131 g\u00fcvenle \u00f6l\u00e7eklendirmeyi ama\u00e7layan at\u00f6lyeler ve fabrikalar i\u00e7in eksiksiz bir \u00e7\u00f6z\u00fcmd\u00fcr.<\/p>\n<p>&nbsp;<\/p>\n<p>Teklif, Ayr\u0131nt\u0131l\u0131 Teknik \u00d6zellikler \u0130steyin veya Bug\u00fcn Sanal Bir Demo Planlay\u0131n!<\/p>\n<div class=\"ast-oembed-container\" style=\"height: 100%;\"><iframe title=\"Cnc \u0131\u015f\u0131n testeresi, elektrikli testere, bilgisayarl\u0131 cnc \u0131\u015f\u0131n testeresi, ah\u015fap kesme testeresi, jinan wise cnc lazer makinesi\" width=\"500\" height=\"281\" src=\"https:\/\/www.youtube.com\/embed\/F3wZ9P1rqRY?feature=oembed\" frameborder=\"0\" allow=\"accelerometer; autoplay; clipboard-write; encrypted-media; gyroscope; picture-in-picture; web-share\" referrerpolicy=\"strict-origin-when-cross-origin\" allowfullscreen><\/iframe><\/div>","protected":false},"excerpt":{"rendered":"<p>Explore the 4500 Series automatic computer beam saw. Designed as the ultimate beam saw machine for cabinets, furniture, and fixtures, it delivers unmatched precision, speed, and reliability for modern wood\u00a0shops.<\/p>","protected":false},"featured_media":4305,"template":"","meta":{"_seopress_robots_primary_cat":"","_seopress_titles_title":"","_seopress_titles_desc":"","_seopress_robots_index":"","_uag_custom_page_level_css":"","site-sidebar-layout":"default","site-content-layout":"","ast-site-content-layout":"default","site-content-style":"default","site-sidebar-style":"default","ast-global-header-display":"","ast-banner-title-visibility":"","ast-main-header-display":"","ast-hfb-above-header-display":"","ast-hfb-below-header-display":"","ast-hfb-mobile-header-display":"","site-post-title":"","ast-breadcrumbs-content":"","ast-featured-img":"","footer-sml-layout":"","ast-disable-related-posts":"","theme-transparent-header-meta":"default","adv-header-id-meta":"","stick-header-meta":"default","header-above-stick-meta":"","header-main-stick-meta":"","header-below-stick-meta":"","astra-migrate-meta-layouts":"set","ast-page-background-enabled":"default","ast-page-background-meta":{"desktop":{"background-color":"","background-image":"","background-repeat":"repeat","background-position":"center center","background-size":"auto","background-attachment":"scroll","background-type":"","background-media":"","overlay-type":"","overlay-color":"","overlay-opacity":"","overlay-gradient":""},"tablet":{"background-color":"","background-image":"","background-repeat":"repeat","background-position":"center center","background-size":"auto","background-attachment":"scroll","background-type":"","background-media":"","overlay-type":"","overlay-color":"","overlay-opacity":"","overlay-gradient":""},"mobile":{"background-color":"","background-image":"","background-repeat":"repeat","background-position":"center center","background-size":"auto","background-attachment":"scroll","background-type":"","background-media":"","overlay-type":"","overlay-color":"","overlay-opacity":"","overlay-gradient":""}},"ast-content-background-meta":{"desktop":{"background-color":"var(--ast-global-color-5)","background-image":"","background-repeat":"repeat","background-position":"center center","background-size":"auto","background-attachment":"scroll","background-type":"","background-media":"","overlay-type":"","overlay-color":"","overlay-opacity":"","overlay-gradient":""},"tablet":{"background-color":"var(--ast-global-color-5)","background-image":"","background-repeat":"repeat","background-position":"center center","background-size":"auto","background-attachment":"scroll","background-type":"","background-media":"","overlay-type":"","overlay-color":"","overlay-opacity":"","overlay-gradient":""},"mobile":{"background-color":"var(--ast-global-color-5)","background-image":"","background-repeat":"repeat","background-position":"center center","background-size":"auto","background-attachment":"scroll","background-type":"","background-media":"","overlay-type":"","overlay-color":"","overlay-opacity":"","overlay-gradient":""}}},"product_brand":[],"product_cat":[39],"product_tag":[231,230,95,229,235,232,178,236,237,234,233],"class_list":{"0":"post-4302","1":"product","2":"type-product","3":"status-publish","4":"has-post-thumbnail","6":"product_cat-cuttingsaw","7":"product_tag-automated-panel-saw","8":"product_tag-automatic-computer-beam-saw","9":"product_tag-beam-saw-machine","10":"product_tag-best-cnc-wood-cutting-saw","11":"product_tag-cabinet-production-saw","12":"product_tag-cnc-beamsaw","13":"product_tag-computer-panel-saw","14":"product_tag-high-precision-cutting","15":"product_tag-industrial-panel-saw","16":"product_tag-panel-processing","17":"product_tag-woodworking-machinery","18":"desktop-align-left","19":"tablet-align-left","20":"mobile-align-left","21":"ast-product-gallery-layout-horizontal-slider","22":"ast-product-gallery-with-no-image","23":"ast-product-tabs-layout-horizontal","25":"first","26":"instock","27":"shipping-taxable","28":"product-type-simple"},"uagb_featured_image_src":{"full":["https:\/\/wisecnclaser.com\/wp-content\/uploads\/2026\/01\/4500.png",1082,1082,false],"thumbnail":["https:\/\/wisecnclaser.com\/wp-content\/uploads\/2026\/01\/4500-150x150.png",150,150,true],"medium":["https:\/\/wisecnclaser.com\/wp-content\/uploads\/2026\/01\/4500-300x300.png",300,300,true],"medium_large":["https:\/\/wisecnclaser.com\/wp-content\/uploads\/2026\/01\/4500-768x768.png",768,768,true],"large":["https:\/\/wisecnclaser.com\/wp-content\/uploads\/2026\/01\/4500-1024x1024.png",1024,1024,true],"1536x1536":["https:\/\/wisecnclaser.com\/wp-content\/uploads\/2026\/01\/4500.png",1082,1082,false],"2048x2048":["https:\/\/wisecnclaser.com\/wp-content\/uploads\/2026\/01\/4500.png",1082,1082,false],"trp-custom-language-flag":["https:\/\/wisecnclaser.com\/wp-content\/uploads\/2026\/01\/4500-12x12.png",12,12,true],"woocommerce_thumbnail":["https:\/\/wisecnclaser.com\/wp-content\/uploads\/2026\/01\/4500-300x300.png",300,300,true],"woocommerce_single":["https:\/\/wisecnclaser.com\/wp-content\/uploads\/2026\/01\/4500-600x600.png",600,600,true],"woocommerce_gallery_thumbnail":["https:\/\/wisecnclaser.com\/wp-content\/uploads\/2026\/01\/4500-100x100.png",100,100,true]},"uagb_author_info":{"display_name":"jinxing6611@gmail.com","author_link":"https:\/\/wisecnclaser.com\/tr\/author\/"},"uagb_comment_info":0,"uagb_excerpt":"Explore the 4500 Series automatic computer beam saw. Designed as the ultimate beam saw machine for cabinets, furniture, and fixtures, it delivers unmatched precision, speed, and reliability for modern wood\u00a0shops.","_links":{"self":[{"href":"https:\/\/wisecnclaser.com\/tr\/wp-json\/wp\/v2\/product\/4302","targetHints":{"allow":["GET"]}}],"collection":[{"href":"https:\/\/wisecnclaser.com\/tr\/wp-json\/wp\/v2\/product"}],"about":[{"href":"https:\/\/wisecnclaser.com\/tr\/wp-json\/wp\/v2\/types\/product"}],"wp:featuredmedia":[{"embeddable":true,"href":"https:\/\/wisecnclaser.com\/tr\/wp-json\/wp\/v2\/media\/4305"}],"wp:attachment":[{"href":"https:\/\/wisecnclaser.com\/tr\/wp-json\/wp\/v2\/media?parent=4302"}],"wp:term":[{"taxonomy":"product_brand","embeddable":true,"href":"https:\/\/wisecnclaser.com\/tr\/wp-json\/wp\/v2\/product_brand?post=4302"},{"taxonomy":"product_cat","embeddable":true,"href":"https:\/\/wisecnclaser.com\/tr\/wp-json\/wp\/v2\/product_cat?post=4302"},{"taxonomy":"product_tag","embeddable":true,"href":"https:\/\/wisecnclaser.com\/tr\/wp-json\/wp\/v2\/product_tag?post=4302"}],"curies":[{"name":"wp","href":"https:\/\/api.w.org\/{rel}","templated":true}]}}